{"id":13302,"date":"2025-05-11T08:52:47","date_gmt":"2025-05-11T11:52:47","guid":{"rendered":"https:\/\/bradescobank.com\/bradesco-investments-app-2\/"},"modified":"2026-01-30T13:58:28","modified_gmt":"2026-01-30T16:58:28","slug":"bradesco-investments-app","status":"publish","type":"page","link":"https:\/\/bradescobank.com\/es\/guia-inversiones\/bradesco-investments-app\/","title":{"rendered":"Bradesco Investments App"},"content":{"rendered":"\t\t<div data-elementor-type=\"wp-post\" data-elementor-id=\"13302\" class=\"elementor elementor-13302 elementor-12803\" data-elementor-post-type=\"page\">\n\t\t\t\t<div class=\"elementor-element elementor-element-72971f4 e-flex e-con-boxed e-con e-parent\" data-id=\"72971f4\" data-element_type=\"container\" data-settings=\"{&quot;background_background&quot;:&quot;classic&quot;}\">\n\t\t\t\t\t<div class=\"e-con-inner\">\n\t\t<div class=\"elementor-element elementor-element-8e63965 e-con-full e-flex e-con e-child\" data-id=\"8e63965\" data-element_type=\"container\">\n\t\t\t\t<div class=\"elementor-element elementor-element-b251ef1 elementor-widget elementor-widget-text-editor\" data-id=\"b251ef1\" data-element_type=\"widget\" data-widget_type=\"text-editor.default\">\n\t\t\t\t<div class=\"elementor-widget-container\">\n\t\t\t\t\t\t\t\t\t<p>Tu Portal para Inversiones Globales<\/p>\t\t\t\t\t\t\t\t<\/div>\n\t\t\t\t<\/div>\n\t\t\t\t<div class=\"elementor-element elementor-element-a9b7ad3 elementor-widget elementor-widget-text-editor\" data-id=\"a9b7ad3\" data-element_type=\"widget\" data-widget_type=\"text-editor.default\">\n\t\t\t\t<div class=\"elementor-widget-container\">\n\t\t\t\t\t\t\t\t\t<p>100% Digital, <br \/>100% Tuyo<\/p>\t\t\t\t\t\t\t\t<\/div>\n\t\t\t\t<\/div>\n\t\t\t\t<\/div>\n\t\t<div class=\"elementor-element elementor-element-b09c609 elementor-hidden-tablet elementor-hidden-mobile e-flex e-con-boxed e-con e-child\" data-id=\"b09c609\" data-element_type=\"container\">\n\t\t\t\t\t<div class=\"e-con-inner\">\n\t\t\t\t\t<\/div>\n\t\t\t\t<\/div>\n\t\t\t\t\t<\/div>\n\t\t\t\t<\/div>\n\t\t<div class=\"elementor-element elementor-element-64988fd e-flex e-con-boxed e-con e-parent\" data-id=\"64988fd\" data-element_type=\"container\">\n\t\t\t\t\t<div class=\"e-con-inner\">\n\t\t\t\t<div class=\"elementor-element elementor-element-0bde5ea elementor-widget__width-initial elementor-widget elementor-widget-text-editor\" data-id=\"0bde5ea\" data-element_type=\"widget\" data-widget_type=\"text-editor.default\">\n\t\t\t\t<div class=\"elementor-widget-container\">\n\t\t\t\t\t\t\t\t\t<p>Bradesco Investments App hace que invertir a nivel global sea simple y seguro. Dise\u00f1ada exclusivamente para clientes elegibles del Bradesco Bank, nuestra plataforma ofrece acceso directo a los mercados internacionales, incluyendo acciones en las bolsas de EE. UU. y otros activos globales<\/p>\t\t\t\t\t\t\t\t<\/div>\n\t\t\t\t<\/div>\n\t\t\t\t\t<\/div>\n\t\t\t\t<\/div>\n\t\t<div class=\"elementor-element elementor-element-cb9b4cd e-flex e-con-boxed e-con e-parent\" data-id=\"cb9b4cd\" data-element_type=\"container\" data-settings=\"{&quot;background_background&quot;:&quot;classic&quot;}\">\n\t\t\t\t\t<div class=\"e-con-inner\">\n\t\t<div class=\"elementor-element elementor-element-3832d02 e-con-full e-flex e-con e-child\" data-id=\"3832d02\" data-element_type=\"container\">\n\t\t\t\t<div class=\"elementor-element elementor-element-71d92f6 elementor-widget elementor-widget-text-editor\" data-id=\"71d92f6\" data-element_type=\"widget\" data-widget_type=\"text-editor.default\">\n\t\t\t\t<div class=\"elementor-widget-container\">\n\t\t\t\t\t\t\t\t\t<p>\u00bfPor qu\u00e9 invertir con Bradesco Investments?<\/p>\t\t\t\t\t\t\t\t<\/div>\n\t\t\t\t<\/div>\n\t\t\t\t<\/div>\n\t\t\t\t\t<\/div>\n\t\t\t\t<\/div>\n\t\t<div class=\"elementor-element elementor-element-66369c7 e-flex e-con-boxed e-con e-parent\" data-id=\"66369c7\" data-element_type=\"container\" data-settings=\"{&quot;background_background&quot;:&quot;classic&quot;}\">\n\t\t\t\t\t<div class=\"e-con-inner\">\n\t\t<div class=\"elementor-element elementor-element-c981e59 e-con-full e-flex e-con e-child\" data-id=\"c981e59\" data-element_type=\"container\">\n\t\t\t\t<div class=\"elementor-element elementor-element-053515e elementor-widget elementor-widget-image\" data-id=\"053515e\" data-element_type=\"widget\" data-widget_type=\"image.default\">\n\t\t\t\t<div class=\"elementor-widget-container\">\n\t\t\t\t\t\t\t\t\t\t\t\t\t\t\t<img fetchpriority=\"high\" decoding=\"async\" width=\"565\" height=\"654\" src=\"https:\/\/bradescobank.com\/wp-content\/uploads\/2025\/10\/tel-copiar-1.webp?wsr\" class=\"attachment-large size-large wp-image-12847\" alt=\"Tel copiar\" srcset=\"https:\/\/bradescobank.com\/wp-content\/uploads\/2025\/10\/tel-copiar-1.webp 565w, https:\/\/bradescobank.com\/wp-content\/uploads\/2025\/10\/tel-copiar-1-259x300.webp 259w\" sizes=\"(max-width: 565px) 100vw, 565px\" loading=\"eager\" \/>\t\t\t\t\t\t\t\t\t\t\t\t\t\t\t<\/div>\n\t\t\t\t<\/div>\n\t\t\t\t<\/div>\n\t\t<div class=\"elementor-element elementor-element-fd074aa e-con-full e-flex e-con e-child\" data-id=\"fd074aa\" data-element_type=\"container\">\n\t\t\t\t<div class=\"elementor-element elementor-element-a833381 elementor-widget elementor-widget-text-editor\" data-id=\"a833381\" data-element_type=\"widget\" data-widget_type=\"text-editor.default\">\n\t\t\t\t<div class=\"elementor-widget-container\">\n\t\t\t\t\t\t\t\t\t<p>El Bradesco que ya conoces<\/p>\t\t\t\t\t\t\t\t<\/div>\n\t\t\t\t<\/div>\n\t\t\t\t<div class=\"elementor-element elementor-element-9c532c1 elementor-widget elementor-widget-text-editor\" data-id=\"9c532c1\" data-element_type=\"widget\" data-widget_type=\"text-editor.default\">\n\t\t\t\t<div class=\"elementor-widget-container\">\n\t\t\t\t\t\t\t\t\t<p>Apertura de cuenta simplificada, dep\u00f3sitos instant\u00e1neos y transferencias r\u00e1pidas \u2014 con la seguridad y confianza de siempre.<\/p>\t\t\t\t\t\t\t\t<\/div>\n\t\t\t\t<\/div>\n\t\t\t\t<div class=\"elementor-element elementor-element-4359590 elementor-widget elementor-widget-text-editor\" data-id=\"4359590\" data-element_type=\"widget\" data-widget_type=\"text-editor.default\">\n\t\t\t\t<div class=\"elementor-widget-container\">\n\t\t\t\t\t\t\t\t\t<p>Inversiones desde $100 USD<\/p>\t\t\t\t\t\t\t\t<\/div>\n\t\t\t\t<\/div>\n\t\t\t\t<div class=\"elementor-element elementor-element-00bab12 elementor-widget elementor-widget-text-editor\" data-id=\"00bab12\" data-element_type=\"widget\" data-widget_type=\"text-editor.default\">\n\t\t\t\t<div class=\"elementor-widget-container\">\n\t\t\t\t\t\t\t\t\t<p>Comienza tu camino en el mundo de las inversiones y descubre lo f\u00e1cil que es construir tu porfolio con Bradesco Investments<\/p>\t\t\t\t\t\t\t\t<\/div>\n\t\t\t\t<\/div>\n\t\t\t\t<div class=\"elementor-element elementor-element-83b57aa elementor-widget elementor-widget-text-editor\" data-id=\"83b57aa\" data-element_type=\"widget\" data-widget_type=\"text-editor.default\">\n\t\t\t\t<div class=\"elementor-widget-container\">\n\t\t\t\t\t\t\t\t\t<p>Diversidad de productos<\/p>\t\t\t\t\t\t\t\t<\/div>\n\t\t\t\t<\/div>\n\t\t\t\t<div class=\"elementor-element elementor-element-26fd054 elementor-widget elementor-widget-text-editor\" data-id=\"26fd054\" data-element_type=\"widget\" data-widget_type=\"text-editor.default\">\n\t\t\t\t<div class=\"elementor-widget-container\">\n\t\t\t\t\t\t\t\t\t<p>Elige inversiones en el mercado de acciones y ETFs, incluyendo REITs y ADRs<\/p>\t\t\t\t\t\t\t\t<\/div>\n\t\t\t\t<\/div>\n\t\t\t\t<div class=\"elementor-element elementor-element-bb2affb elementor-widget elementor-widget-text-editor\" data-id=\"bb2affb\" data-element_type=\"widget\" data-widget_type=\"text-editor.default\">\n\t\t\t\t<div class=\"elementor-widget-container\">\n\t\t\t\t\t\t\t\t\t<p>Crea y sigue tu portafolio en tiempo real<\/p>\t\t\t\t\t\t\t\t<\/div>\n\t\t\t\t<\/div>\n\t\t\t\t<div class=\"elementor-element elementor-element-80141c0 elementor-widget elementor-widget-text-editor\" data-id=\"80141c0\" data-element_type=\"widget\" data-widget_type=\"text-editor.default\">\n\t\t\t\t<div class=\"elementor-widget-container\">\n\t\t\t\t\t\t\t\t\t<p>Busca inversiones mediante filtros interactivos y monitorea la evoluci\u00f3n de tu cartera de inversiones<\/p>\t\t\t\t\t\t\t\t<\/div>\n\t\t\t\t<\/div>\n\t\t\t\t<\/div>\n\t\t\t\t\t<\/div>\n\t\t\t\t<\/div>\n\t\t<div class=\"elementor-element elementor-element-130823e e-flex e-con-boxed e-con e-parent\" data-id=\"130823e\" data-element_type=\"container\" id=\"productos\" data-settings=\"{&quot;background_background&quot;:&quot;classic&quot;}\">\n\t\t\t\t\t<div class=\"e-con-inner\">\n\t\t\t\t<div class=\"elementor-element elementor-element-1e5d76e elementor-widget elementor-widget-text-editor\" data-id=\"1e5d76e\" data-element_type=\"widget\" data-widget_type=\"text-editor.default\">\n\t\t\t\t<div class=\"elementor-widget-container\">\n\t\t\t\t\t\t\t\t\t<p>Productos<\/p>\t\t\t\t\t\t\t\t<\/div>\n\t\t\t\t<\/div>\n\t\t\t\t\t<\/div>\n\t\t\t\t<\/div>\n\t\t<div class=\"elementor-element elementor-element-5edeb97 e-flex e-con-boxed e-con e-parent\" data-id=\"5edeb97\" data-element_type=\"container\">\n\t\t\t\t\t<div class=\"e-con-inner\">\n\t\t<div class=\"elementor-element elementor-element-931ab26 e-con-full e-flex e-con e-child\" data-id=\"931ab26\" data-element_type=\"container\" data-settings=\"{&quot;background_background&quot;:&quot;classic&quot;}\">\n\t\t\t\t<div class=\"elementor-element elementor-element-9a2235f elementor-widget elementor-widget-image\" data-id=\"9a2235f\" data-element_type=\"widget\" data-widget_type=\"image.default\">\n\t\t\t\t<div class=\"elementor-widget-container\">\n\t\t\t\t\t\t\t\t\t\t\t\t\t\t\t<img decoding=\"async\" width=\"54\" height=\"54\" src=\"https:\/\/bradescobank.com\/wp-content\/uploads\/2024\/10\/usa.webp?wsr\" class=\"attachment-large size-large wp-image-9234\" alt=\"Usa\" loading=\"eager\" \/>\t\t\t\t\t\t\t\t\t\t\t\t\t\t\t<\/div>\n\t\t\t\t<\/div>\n\t\t\t\t<div class=\"elementor-element elementor-element-db06659 elementor-widget elementor-widget-text-editor\" data-id=\"db06659\" data-element_type=\"widget\" data-widget_type=\"text-editor.default\">\n\t\t\t\t<div class=\"elementor-widget-container\">\n\t\t\t\t\t\t\t\t\t<p>Acciones<\/p>\t\t\t\t\t\t\t\t<\/div>\n\t\t\t\t<\/div>\n\t\t\t\t<div class=\"elementor-element elementor-element-dc3009e elementor-widget elementor-widget-text-editor\" data-id=\"dc3009e\" data-element_type=\"widget\" data-widget_type=\"text-editor.default\">\n\t\t\t\t<div class=\"elementor-widget-container\">\n\t\t\t\t\t\t\t\t\t<p>Invierte en activos negociados en las principales bolsas de EE. UU., incluyendo ADRs de empresas extranjeras y REITs enfocados en el sector inmobiliario<\/p>\t\t\t\t\t\t\t\t<\/div>\n\t\t\t\t<\/div>\n\t\t\t\t<\/div>\n\t\t<div class=\"elementor-element elementor-element-7799e68 e-con-full e-flex e-con e-child\" data-id=\"7799e68\" data-element_type=\"container\" data-settings=\"{&quot;background_background&quot;:&quot;classic&quot;}\">\n\t\t\t\t<div class=\"elementor-element elementor-element-954f768 elementor-widget elementor-widget-image\" data-id=\"954f768\" data-element_type=\"widget\" data-widget_type=\"image.default\">\n\t\t\t\t<div class=\"elementor-widget-container\">\n\t\t\t\t\t\t\t\t\t\t\t\t\t\t\t<img decoding=\"async\" width=\"54\" height=\"54\" src=\"https:\/\/bradescobank.com\/wp-content\/uploads\/2024\/10\/worldgrid_80392.webp?wsr\" class=\"attachment-large size-large wp-image-9235\" alt=\"Worldgrid\" loading=\"eager\" \/>\t\t\t\t\t\t\t\t\t\t\t\t\t\t\t<\/div>\n\t\t\t\t<\/div>\n\t\t\t\t<div class=\"elementor-element elementor-element-ebb54e1 elementor-widget elementor-widget-text-editor\" data-id=\"ebb54e1\" data-element_type=\"widget\" data-widget_type=\"text-editor.default\">\n\t\t\t\t<div class=\"elementor-widget-container\">\n\t\t\t\t\t\t\t\t\t<p>ETFs<\/p>\t\t\t\t\t\t\t\t<\/div>\n\t\t\t\t<\/div>\n\t\t\t\t<div class=\"elementor-element elementor-element-f274471 elementor-widget elementor-widget-text-editor\" data-id=\"f274471\" data-element_type=\"widget\" data-widget_type=\"text-editor.default\">\n\t\t\t\t<div class=\"elementor-widget-container\">\n\t\t\t\t\t\t\t\t\t<p>Accede a fondos que siguen los principales \u00edndices globales y combinan distintos tipos de activos<\/p>\t\t\t\t\t\t\t\t<\/div>\n\t\t\t\t<\/div>\n\t\t\t\t<\/div>\n\t\t<div class=\"elementor-element elementor-element-ef299b5 e-con-full e-flex e-con e-child\" data-id=\"ef299b5\" data-element_type=\"container\" data-settings=\"{&quot;background_background&quot;:&quot;classic&quot;}\">\n\t\t\t\t<div class=\"elementor-element elementor-element-50dbb41 elementor-widget elementor-widget-image\" data-id=\"50dbb41\" data-element_type=\"widget\" data-widget_type=\"image.default\">\n\t\t\t\t<div class=\"elementor-widget-container\">\n\t\t\t\t\t\t\t\t\t\t\t\t\t\t\t<img decoding=\"async\" width=\"54\" height=\"54\" src=\"https:\/\/bradescobank.com\/wp-content\/uploads\/2024\/10\/Settings-1-1.webp?wsr\" class=\"attachment-large size-large wp-image-9238\" alt=\"Settings 1\" loading=\"eager\" \/>\t\t\t\t\t\t\t\t\t\t\t\t\t\t\t<\/div>\n\t\t\t\t<\/div>\n\t\t\t\t<div class=\"elementor-element elementor-element-7a4fd18 elementor-widget elementor-widget-text-editor\" data-id=\"7a4fd18\" data-element_type=\"widget\" data-widget_type=\"text-editor.default\">\n\t\t\t\t<div class=\"elementor-widget-container\">\n\t\t\t\t\t\t\t\t\t<p>Fondos Mutuos<\/p>\t\t\t\t\t\t\t\t<\/div>\n\t\t\t\t<\/div>\n\t\t\t\t<div class=\"elementor-element elementor-element-a0c825f elementor-widget elementor-widget-text-editor\" data-id=\"a0c825f\" data-element_type=\"widget\" data-widget_type=\"text-editor.default\">\n\t\t\t\t<div class=\"elementor-widget-container\">\n\t\t\t\t\t\t\t\t\t<p>\u00a0<\/p><p>Descubra e invierta en fondos globales gestionados, con acceso a una amplia gama de estrategias de mercado<\/p>\t\t\t\t\t\t\t\t<\/div>\n\t\t\t\t<\/div>\n\t\t\t\t<\/div>\n\t\t<div class=\"elementor-element elementor-element-e08c055 e-con-full e-flex e-con e-child\" data-id=\"e08c055\" data-element_type=\"container\" data-settings=\"{&quot;background_background&quot;:&quot;classic&quot;}\">\n\t\t\t\t<div class=\"elementor-element elementor-element-86856f1 elementor-widget elementor-widget-image\" data-id=\"86856f1\" data-element_type=\"widget\" data-widget_type=\"image.default\">\n\t\t\t\t<div class=\"elementor-widget-container\">\n\t\t\t\t\t\t\t\t\t\t\t\t\t\t\t<img decoding=\"async\" width=\"54\" height=\"54\" src=\"https:\/\/bradescobank.com\/wp-content\/uploads\/2024\/10\/Chart-Statistic-2-copiar.webp?wsr\" class=\"attachment-large size-large wp-image-9237\" alt=\"Chart Statistic 2 copiar\" loading=\"eager\" \/>\t\t\t\t\t\t\t\t\t\t\t\t\t\t\t<\/div>\n\t\t\t\t<\/div>\n\t\t\t\t<div class=\"elementor-element elementor-element-7758442 elementor-widget elementor-widget-text-editor\" data-id=\"7758442\" data-element_type=\"widget\" data-widget_type=\"text-editor.default\">\n\t\t\t\t<div class=\"elementor-widget-container\">\n\t\t\t\t\t\t\t\t\t<p>Renta Fija<\/p>\t\t\t\t\t\t\t\t<\/div>\n\t\t\t\t<\/div>\n\t\t\t\t<div class=\"elementor-element elementor-element-5cd19e5 elementor-widget elementor-widget-text-editor\" data-id=\"5cd19e5\" data-element_type=\"widget\" data-widget_type=\"text-editor.default\">\n\t\t\t\t<div class=\"elementor-widget-container\">\n\t\t\t\t\t\t\t\t\t<p>(pr\u00f3ximamente)<\/p>\t\t\t\t\t\t\t\t<\/div>\n\t\t\t\t<\/div>\n\t\t\t\t<div class=\"elementor-element elementor-element-2cf13fb elementor-widget elementor-widget-text-editor\" data-id=\"2cf13fb\" data-element_type=\"widget\" data-widget_type=\"text-editor.default\">\n\t\t\t\t<div class=\"elementor-widget-container\">\n\t\t\t\t\t\t\t\t\t<p>Explora oportunidades de inversi\u00f3n que pueden ofrecer mayor previsibilidad en los rendimientos<\/p>\t\t\t\t\t\t\t\t<\/div>\n\t\t\t\t<\/div>\n\t\t\t\t<\/div>\n\t\t\t\t\t<\/div>\n\t\t\t\t<\/div>\n\t\t\t\t<\/div>\n\t\t","protected":false},"excerpt":{"rendered":"<p>Tu Portal para Inversiones Globales 100% Digital, 100% Tuyo Bradesco Investments App hace que invertir a nivel global sea simple y seguro. Dise\u00f1ada exclusivamente para clientes elegibles del Bradesco Bank, nuestra plataforma ofrece acceso directo a los mercados internacionales, incluyendo acciones en las bolsas de EE. UU. y otros activos globales \u00bfPor qu\u00e9 invertir con [&hellip;]<\/p>\n","protected":false},"author":3,"featured_media":13641,"parent":13205,"menu_order":0,"comment_status":"closed","ping_status":"closed","template":"elementor_header_footer","meta":{"_acf_changed":false,"slim_seo":{"title":"Bradesco Investments App - Bradesco Bank","description":"Tu Portal para Inversiones Globales 100% Digital, 100% Tuyo Bradesco Investments App hace que invertir a nivel global sea simple y seguro. Dise\u00f1ada exclusivamen"},"footnotes":""},"class_list":["post-13302","page","type-page","status-publish","has-post-thumbnail","hentry"],"blocksy_meta":[],"acf":[],"_links":{"self":[{"href":"https:\/\/bradescobank.com\/es\/wp-json\/wp\/v2\/pages\/13302","targetHints":{"allow":["GET"]}}],"collection":[{"href":"https:\/\/bradescobank.com\/es\/wp-json\/wp\/v2\/pages"}],"about":[{"href":"https:\/\/bradescobank.com\/es\/wp-json\/wp\/v2\/types\/page"}],"author":[{"embeddable":true,"href":"https:\/\/bradescobank.com\/es\/wp-json\/wp\/v2\/users\/3"}],"replies":[{"embeddable":true,"href":"https:\/\/bradescobank.com\/es\/wp-json\/wp\/v2\/comments?post=13302"}],"version-history":[{"count":34,"href":"https:\/\/bradescobank.com\/es\/wp-json\/wp\/v2\/pages\/13302\/revisions"}],"predecessor-version":[{"id":16840,"href":"https:\/\/bradescobank.com\/es\/wp-json\/wp\/v2\/pages\/13302\/revisions\/16840"}],"up":[{"embeddable":true,"href":"https:\/\/bradescobank.com\/es\/wp-json\/wp\/v2\/pages\/13205"}],"wp:featuredmedia":[{"embeddable":true,"href":"https:\/\/bradescobank.com\/es\/wp-json\/wp\/v2\/media\/13641"}],"wp:attachment":[{"href":"https:\/\/bradescobank.com\/es\/wp-json\/wp\/v2\/media?parent=13302"}],"curies":[{"name":"wp","href":"https:\/\/api.w.org\/{rel}","templated":true}]}}