{"id":9088,"date":"2024-06-05T15:03:56","date_gmt":"2024-06-05T18:03:56","guid":{"rendered":"https:\/\/bradescobank.com\/security\/"},"modified":"2025-10-29T12:50:34","modified_gmt":"2025-10-29T15:50:34","slug":"seguridad","status":"publish","type":"page","link":"https:\/\/bradescobank.com\/es\/seguridad\/","title":{"rendered":"Seguridad"},"content":{"rendered":"\t\t<div data-elementor-type=\"wp-page\" data-elementor-id=\"9088\" class=\"elementor elementor-9088 elementor-1178\" data-elementor-post-type=\"page\">\n\t\t\t\t<div class=\"elementor-element elementor-element-8ea493e e-con-full e-flex e-con e-parent\" data-id=\"8ea493e\" data-element_type=\"container\" data-settings=\"{&quot;background_background&quot;:&quot;classic&quot;}\">\n\t\t\t\t<div class=\"elementor-element elementor-element-50d9339 elementor-widget elementor-widget-text-editor\" data-id=\"50d9339\" data-element_type=\"widget\" data-widget_type=\"text-editor.default\">\n\t\t\t\t<div class=\"elementor-widget-container\">\n\t\t\t\t\t\t\t\t\t<h1>Seguridad<\/h1>\t\t\t\t\t\t\t\t<\/div>\n\t\t\t\t<\/div>\n\t\t\t\t<\/div>\n\t\t<div class=\"elementor-element elementor-element-e4fccae e-con-full e-flex e-con e-parent\" data-id=\"e4fccae\" data-element_type=\"container\" data-settings=\"{&quot;background_background&quot;:&quot;classic&quot;}\">\n\t\t\t\t<\/div>\n\t\t<div class=\"elementor-element elementor-element-985c385 e-flex e-con-boxed e-con e-parent\" data-id=\"985c385\" data-element_type=\"container\">\n\t\t\t\t\t<div class=\"e-con-inner\">\n\t\t\t\t<div class=\"elementor-element elementor-element-f3490dc elementor-widget elementor-widget-text-editor\" data-id=\"f3490dc\" data-element_type=\"widget\" data-widget_type=\"text-editor.default\">\n\t\t\t\t<div class=\"elementor-widget-container\">\n\t\t\t\t\t\t\t\t\t<h2>C\u00f3mo Bradesco Bank protege su cuenta e identidad<\/h2>\n\t\t\t\t\t\t\t\t<\/div>\n\t\t\t\t<\/div>\n\t\t\t\t\t<\/div>\n\t\t\t\t<\/div>\n\t\t<div class=\"elementor-element elementor-element-a2edf52 e-flex e-con-boxed e-con e-parent\" data-id=\"a2edf52\" data-element_type=\"container\">\n\t\t\t\t\t<div class=\"e-con-inner\">\n\t\t<div class=\"elementor-element elementor-element-bdb1227 protect-account e-flex e-con-boxed e-con e-child\" data-id=\"bdb1227\" data-element_type=\"container\">\n\t\t\t\t\t<div class=\"e-con-inner\">\n\t\t\t\t<div class=\"elementor-element elementor-element-281f729 elementor-widget__width-initial elementor-widget elementor-widget-text-editor\" data-id=\"281f729\" data-element_type=\"widget\" data-widget_type=\"text-editor.default\">\n\t\t\t\t<div class=\"elementor-widget-container\">\n\t\t\t\t\t\t\t\t\t<p>La seguridad de nuestros clientes es nuestra m\u00e1xima prioridad. Protegemos su informaci\u00f3n manteniendo salvaguardias f\u00edsicas, electr\u00f3nicas y procedimentales que cumplen con la legislaci\u00f3n aplicable. <\/p>\n\t\t\t\t\t\t\t\t<\/div>\n\t\t\t\t<\/div>\n\t\t\t\t\t<\/div>\n\t\t\t\t<\/div>\n\t\t<div class=\"elementor-element elementor-element-ce1c305 protect-account e-flex e-con-boxed e-con e-child\" data-id=\"ce1c305\" data-element_type=\"container\">\n\t\t\t\t\t<div class=\"e-con-inner\">\n\t\t\t\t<div class=\"elementor-element elementor-element-584d68b elementor-widget__width-initial elementor-widget elementor-widget-text-editor\" data-id=\"584d68b\" data-element_type=\"widget\" data-widget_type=\"text-editor.default\">\n\t\t\t\t<div class=\"elementor-widget-container\">\n\t\t\t\t\t\t\t\t\t<p>Autenticamos todos nuestros correos electr\u00f3nicos. Aseg\u00farese de que la direcci\u00f3n de correo electr\u00f3nico que tenemos registrada suya no sea un correo reenviado. Por ejemplo, podr\u00eda reenviar correos desde su direcci\u00f3n college.edu a su cuenta gmail.com.  <\/p>\n\t\t\t\t\t\t\t\t<\/div>\n\t\t\t\t<\/div>\n\t\t\t\t\t<\/div>\n\t\t\t\t<\/div>\n\t\t\t\t\t<\/div>\n\t\t\t\t<\/div>\n\t\t<div class=\"elementor-element elementor-element-ebf86a1 e-flex e-con-boxed e-con e-parent\" data-id=\"ebf86a1\" data-element_type=\"container\">\n\t\t\t\t\t<div class=\"e-con-inner\">\n\t\t<div class=\"elementor-element elementor-element-556ea62 protect-account e-flex e-con-boxed e-con e-child\" data-id=\"556ea62\" data-element_type=\"container\">\n\t\t\t\t\t<div class=\"e-con-inner\">\n\t\t\t\t<div class=\"elementor-element elementor-element-487ece0 elementor-widget__width-initial elementor-widget elementor-widget-text-editor\" data-id=\"487ece0\" data-element_type=\"widget\" data-widget_type=\"text-editor.default\">\n\t\t\t\t<div class=\"elementor-widget-container\">\n\t\t\t\t\t\t\t\t\t<p>Nuestro equipo de Seguridad de la Informaci\u00f3n monitorea diligentemente la seguridad de nuestro sitio web para detectar posibles amenazas y vulnerabilidades.<\/p>\n\t\t\t\t\t\t\t\t<\/div>\n\t\t\t\t<\/div>\n\t\t\t\t\t<\/div>\n\t\t\t\t<\/div>\n\t\t\t\t\t<\/div>\n\t\t\t\t<\/div>\n\t\t<div class=\"elementor-element elementor-element-14b83e7 e-flex e-con-boxed e-con e-parent\" data-id=\"14b83e7\" data-element_type=\"container\" data-settings=\"{&quot;background_background&quot;:&quot;classic&quot;}\">\n\t\t\t\t\t<div class=\"e-con-inner\">\n\t\t\t\t<div class=\"elementor-element elementor-element-ee12537 titulo-things elementor-widget elementor-widget-text-editor\" data-id=\"ee12537\" data-element_type=\"widget\" data-widget_type=\"text-editor.default\">\n\t\t\t\t<div class=\"elementor-widget-container\">\n\t\t\t\t\t\t\t\t\t<h2>Cosas que puede hacer para protegerse<\/h2>\n\t\t\t\t\t\t\t\t<\/div>\n\t\t\t\t<\/div>\n\t\t<div class=\"elementor-element elementor-element-61e9c9c e-flex e-con-boxed e-con e-child\" data-id=\"61e9c9c\" data-element_type=\"container\">\n\t\t\t\t\t<div class=\"e-con-inner\">\n\t\t\t\t<div class=\"elementor-element elementor-element-349fe54 yourself-protect elementor-widget elementor-widget-accordion\" data-id=\"349fe54\" data-element_type=\"widget\" data-widget_type=\"accordion.default\">\n\t\t\t\t<div class=\"elementor-widget-container\">\n\t\t\t\t\t\t\t<div class=\"elementor-accordion\">\n\t\t\t\t\t\t\t<div class=\"elementor-accordion-item\">\n\t\t\t\t\t<div id=\"elementor-tab-title-5511\" class=\"elementor-tab-title\" data-tab=\"1\" role=\"button\" aria-controls=\"elementor-tab-content-5511\" aria-expanded=\"false\">\n\t\t\t\t\t\t\t\t\t\t\t\t\t<span class=\"elementor-accordion-icon elementor-accordion-icon-right\" aria-hidden=\"true\">\n\t\t\t\t\t\t\t\t\t\t\t\t\t\t\t<span class=\"elementor-accordion-icon-closed\"><svg class=\"e-font-icon-svg e-fas-chevron-down\" viewBox=\"0 0 448 512\" xmlns=\"http:\/\/www.w3.org\/2000\/svg\"><path d=\"M207.029 381.476L12.686 187.132c-9.373-9.373-9.373-24.569 0-33.941l22.667-22.667c9.357-9.357 24.522-9.375 33.901-.04L224 284.505l154.745-154.021c9.379-9.335 24.544-9.317 33.901.04l22.667 22.667c9.373 9.373 9.373 24.569 0 33.941L240.971 381.476c-9.373 9.372-24.569 9.372-33.942 0z\"><\/path><\/svg><\/span>\n\t\t\t\t\t\t\t\t<span class=\"elementor-accordion-icon-opened\"><svg class=\"e-font-icon-svg e-fas-chevron-up\" viewBox=\"0 0 448 512\" xmlns=\"http:\/\/www.w3.org\/2000\/svg\"><path d=\"M240.971 130.524l194.343 194.343c9.373 9.373 9.373 24.569 0 33.941l-22.667 22.667c-9.357 9.357-24.522 9.375-33.901.04L224 227.495 69.255 381.516c-9.379 9.335-24.544 9.317-33.901-.04l-22.667-22.667c-9.373-9.373-9.373-24.569 0-33.941L207.03 130.525c9.372-9.373 24.568-9.373 33.941-.001z\"><\/path><\/svg><\/span>\n\t\t\t\t\t\t\t\t\t\t\t\t\t\t<\/span>\n\t\t\t\t\t\t\t\t\t\t\t\t<a class=\"elementor-accordion-title\" tabindex=\"0\">Su identidad<\/a>\n\t\t\t\t\t<\/div>\n\t\t\t\t\t<div id=\"elementor-tab-content-5511\" class=\"elementor-tab-content elementor-clearfix\" data-tab=\"1\" role=\"region\" aria-labelledby=\"elementor-tab-title-5511\"><p><strong>\u00bfQu\u00e9 es el robo de identidad?<\/strong><\/p><p>El robo de identidad ocurre cuando alguien usa su informaci\u00f3n personal para cometer actos fraudulentos, como retirar dinero de su cuenta, abrir nuevas tarjetas de cr\u00e9dito o solicitar pr\u00e9stamos o empleo.<\/p><p><strong>Signos comunes de robo de identidad incluyen:<\/strong><\/p><p>Retiros no autorizados de su cuenta. Facturas por deudas desconocidas o no recibir facturas. Cargos sospechosos en su cuenta. Nuevas cuentas o pr\u00e9stamos que no solicit\u00f3. Negativa de cr\u00e9dito inesperadamente. El IRS notific\u00e1ndole que se present\u00f3 m\u00e1s de una declaraci\u00f3n de impuestos a su nombre, o que tiene ingresos de un empleador con el que no trabaja.<\/p><p><em><strong>Recomendaciones:<\/strong><\/em><\/p><ul><li>Revise sus estados de cuenta en busca de transacciones inusuales o cargos sospechosos.<\/li><li>Cambie el ID predeterminado de su enrutador de internet para que sea \u00fanico para usted; modifique la contrase\u00f1a para dificultar<br \/>el acceso de hackers a su red.<\/li><li>Aseg\u00farese de mantener segura su informaci\u00f3n de contacto, especialmente su n\u00famero de celular y direcci\u00f3n de correo electr\u00f3nico.<\/li><li>Si usa la aplicaci\u00f3n de Banca M\u00f3vil Bradesco Bank\/My-eBanc, permita alertas push y aseg\u00farese de revisar y responder a las alertas de manera oportuna.<\/li><\/ul><\/div>\n\t\t\t\t<\/div>\n\t\t\t\t\t\t\t<div class=\"elementor-accordion-item\">\n\t\t\t\t\t<div id=\"elementor-tab-title-5512\" class=\"elementor-tab-title\" data-tab=\"2\" role=\"button\" aria-controls=\"elementor-tab-content-5512\" aria-expanded=\"false\">\n\t\t\t\t\t\t\t\t\t\t\t\t\t<span class=\"elementor-accordion-icon elementor-accordion-icon-right\" aria-hidden=\"true\">\n\t\t\t\t\t\t\t\t\t\t\t\t\t\t\t<span class=\"elementor-accordion-icon-closed\"><svg class=\"e-font-icon-svg e-fas-chevron-down\" viewBox=\"0 0 448 512\" xmlns=\"http:\/\/www.w3.org\/2000\/svg\"><path d=\"M207.029 381.476L12.686 187.132c-9.373-9.373-9.373-24.569 0-33.941l22.667-22.667c9.357-9.357 24.522-9.375 33.901-.04L224 284.505l154.745-154.021c9.379-9.335 24.544-9.317 33.901.04l22.667 22.667c9.373 9.373 9.373 24.569 0 33.941L240.971 381.476c-9.373 9.372-24.569 9.372-33.942 0z\"><\/path><\/svg><\/span>\n\t\t\t\t\t\t\t\t<span class=\"elementor-accordion-icon-opened\"><svg class=\"e-font-icon-svg e-fas-chevron-up\" viewBox=\"0 0 448 512\" xmlns=\"http:\/\/www.w3.org\/2000\/svg\"><path d=\"M240.971 130.524l194.343 194.343c9.373 9.373 9.373 24.569 0 33.941l-22.667 22.667c-9.357 9.357-24.522 9.375-33.901.04L224 227.495 69.255 381.516c-9.379 9.335-24.544 9.317-33.901-.04l-22.667-22.667c-9.373-9.373-9.373-24.569 0-33.941L207.03 130.525c9.372-9.373 24.568-9.373 33.941-.001z\"><\/path><\/svg><\/span>\n\t\t\t\t\t\t\t\t\t\t\t\t\t\t<\/span>\n\t\t\t\t\t\t\t\t\t\t\t\t<a class=\"elementor-accordion-title\" tabindex=\"0\">Tu computadora<\/a>\n\t\t\t\t\t<\/div>\n\t\t\t\t\t<div id=\"elementor-tab-content-5512\" class=\"elementor-tab-content elementor-clearfix\" data-tab=\"2\" role=\"region\" aria-labelledby=\"elementor-tab-title-5512\"><ul><li>Use una contrase\u00f1a fuerte y \u00fanica para cada una de sus cuentas. Memor\u00edcela y utilice la autenticaci\u00f3n multifactor cuando est\u00e9 disponible.<\/li><li>Solo descarga software o aplicaciones de fuentes conocidas o reputables, como Apple, Google Play o Microsoft. Revise logotipos, nombres de desarrolladores y rese\u00f1as para detectar aplicaciones falsas. Los estafadores cuentan con que los usuarios est\u00e1n demasiado ocupados para notar las diferencias que pueden hacer que el software falso sea m\u00e1s f\u00e1cil de identificar.<\/li><li>Instale actualizaciones del sistema y software, a veces llamadas parches o paquetes de servicio.<\/li><li>Apague los servicios de Wi-Fi y Bluetooth cuando no los est\u00e9 usando y evite usar Wi-Fi p\u00fablico para transacciones financieras, a menos que utilice una conexi\u00f3n segura y privada, como software de Red Privada Virtual (VPN).<\/li><li>Haga copias de seguridad de sus datos regularmente. Si usa almacenamiento en l\u00ednea o en la nube, aseg\u00farese de entender las pol\u00edticas de privacidad y seguridad de su proveedor y mant\u00e9n sus c\u00f3digos de acceso seguros.<\/li><\/ul><\/div>\n\t\t\t\t<\/div>\n\t\t\t\t\t\t\t<div class=\"elementor-accordion-item\">\n\t\t\t\t\t<div id=\"elementor-tab-title-5513\" class=\"elementor-tab-title\" data-tab=\"3\" role=\"button\" aria-controls=\"elementor-tab-content-5513\" aria-expanded=\"false\">\n\t\t\t\t\t\t\t\t\t\t\t\t\t<span class=\"elementor-accordion-icon elementor-accordion-icon-right\" aria-hidden=\"true\">\n\t\t\t\t\t\t\t\t\t\t\t\t\t\t\t<span class=\"elementor-accordion-icon-closed\"><svg class=\"e-font-icon-svg e-fas-chevron-down\" viewBox=\"0 0 448 512\" xmlns=\"http:\/\/www.w3.org\/2000\/svg\"><path d=\"M207.029 381.476L12.686 187.132c-9.373-9.373-9.373-24.569 0-33.941l22.667-22.667c9.357-9.357 24.522-9.375 33.901-.04L224 284.505l154.745-154.021c9.379-9.335 24.544-9.317 33.901.04l22.667 22.667c9.373 9.373 9.373 24.569 0 33.941L240.971 381.476c-9.373 9.372-24.569 9.372-33.942 0z\"><\/path><\/svg><\/span>\n\t\t\t\t\t\t\t\t<span class=\"elementor-accordion-icon-opened\"><svg class=\"e-font-icon-svg e-fas-chevron-up\" viewBox=\"0 0 448 512\" xmlns=\"http:\/\/www.w3.org\/2000\/svg\"><path d=\"M240.971 130.524l194.343 194.343c9.373 9.373 9.373 24.569 0 33.941l-22.667 22.667c-9.357 9.357-24.522 9.375-33.901.04L224 227.495 69.255 381.516c-9.379 9.335-24.544 9.317-33.901-.04l-22.667-22.667c-9.373-9.373-9.373-24.569 0-33.941L207.03 130.525c9.372-9.373 24.568-9.373 33.941-.001z\"><\/path><\/svg><\/span>\n\t\t\t\t\t\t\t\t\t\t\t\t\t\t<\/span>\n\t\t\t\t\t\t\t\t\t\t\t\t<a class=\"elementor-accordion-title\" tabindex=\"0\">Su smartphone<\/a>\n\t\t\t\t\t<\/div>\n\t\t\t\t\t<div id=\"elementor-tab-content-5513\" class=\"elementor-tab-content elementor-clearfix\" data-tab=\"3\" role=\"region\" aria-labelledby=\"elementor-tab-title-5513\"><ul><li>Si usa la aplicaci\u00f3n de Banca M\u00f3vil Bradesco Bank\/My eBanc, active las alertas push y aseg\u00farese de revisar y responder<br \/>a las alertas r\u00e1pidamente.<\/li><li>Solo descargue software o aplicaciones de fuentes conocidas o de confianza. Nunca haga clic en un enlace de una fuente o remitente desconocido.<\/li><li>Instale actualizaciones del sistema y software, a veces llamadas parches o paquetes de servicio.<\/li><li>Solo descarga software o aplicaciones de fuentes conocidas o reputables, como Apple, Google Play o Microsoft. Revise logotipos, nombres de desarrolladores y rese\u00f1as para detectar aplicaciones falsas. Los estafadores cuentan con que los usuarios est\u00e1n demasiado ocupados para notar las diferencias que pueden hacer que el software falso sea m\u00e1s f\u00e1cil de identificar.<\/li><li>Apague los servicios de Wi-Fi y Bluetooth cuando no los est\u00e9 usando y evite usar Wi-Fi p\u00fablico para transacciones financieras, a menos que utilice una conexi\u00f3n segura y privada, como software de Red Privada Virtual (VPN).<\/li><li>Nunca haga \u00abroot\u00bb o \u00abjailbreak\u00bb a su propio dispositivo m\u00f3vil para acceder a aplicaciones no oficiales. Esta pr\u00e1ctica puede provocar vulnerabilidades de seguridad y la incapacidad de aplicar futuras actualizaciones de software del proveedor.<\/li><\/ul><\/div>\n\t\t\t\t<\/div>\n\t\t\t\t\t\t\t<div class=\"elementor-accordion-item\">\n\t\t\t\t\t<div id=\"elementor-tab-title-5514\" class=\"elementor-tab-title\" data-tab=\"4\" role=\"button\" aria-controls=\"elementor-tab-content-5514\" aria-expanded=\"false\">\n\t\t\t\t\t\t\t\t\t\t\t\t\t<span class=\"elementor-accordion-icon elementor-accordion-icon-right\" aria-hidden=\"true\">\n\t\t\t\t\t\t\t\t\t\t\t\t\t\t\t<span class=\"elementor-accordion-icon-closed\"><svg class=\"e-font-icon-svg e-fas-chevron-down\" viewBox=\"0 0 448 512\" xmlns=\"http:\/\/www.w3.org\/2000\/svg\"><path d=\"M207.029 381.476L12.686 187.132c-9.373-9.373-9.373-24.569 0-33.941l22.667-22.667c9.357-9.357 24.522-9.375 33.901-.04L224 284.505l154.745-154.021c9.379-9.335 24.544-9.317 33.901.04l22.667 22.667c9.373 9.373 9.373 24.569 0 33.941L240.971 381.476c-9.373 9.372-24.569 9.372-33.942 0z\"><\/path><\/svg><\/span>\n\t\t\t\t\t\t\t\t<span class=\"elementor-accordion-icon-opened\"><svg class=\"e-font-icon-svg e-fas-chevron-up\" viewBox=\"0 0 448 512\" xmlns=\"http:\/\/www.w3.org\/2000\/svg\"><path d=\"M240.971 130.524l194.343 194.343c9.373 9.373 9.373 24.569 0 33.941l-22.667 22.667c-9.357 9.357-24.522 9.375-33.901.04L224 227.495 69.255 381.516c-9.379 9.335-24.544 9.317-33.901-.04l-22.667-22.667c-9.373-9.373-9.373-24.569 0-33.941L207.03 130.525c9.372-9.373 24.568-9.373 33.941-.001z\"><\/path><\/svg><\/span>\n\t\t\t\t\t\t\t\t\t\t\t\t\t\t<\/span>\n\t\t\t\t\t\t\t\t\t\t\t\t<a class=\"elementor-accordion-title\" tabindex=\"0\">Su negocio<\/a>\n\t\t\t\t\t<\/div>\n\t\t\t\t\t<div id=\"elementor-tab-content-5514\" class=\"elementor-tab-content elementor-clearfix\" data-tab=\"4\" role=\"region\" aria-labelledby=\"elementor-tab-title-5514\"><p>El fraude de identidad empresarial se ha vuelto sorprendentemente com\u00fan debido a la disponibilidad de informaci\u00f3n empresarial, incluyendo datos de sitios web, nombres de empresas y listas de personal.<\/p><p><strong>Qu\u00e9 se recomienda hacer:<\/strong><\/p><ul><li>Minimice los riesgos utilizando su computadora de trabajo para actividades empresariales, revisando regularmente el nombre de su dominio y su informe de cr\u00e9dito empresarial.<\/li><li>Conozca los h\u00e1bitos de sus clientes, incluyendo los montos de pago, razones y detalles. Preste atenci\u00f3n a cualquier cambio significativo en esos h\u00e1bitos; podr\u00edan se\u00f1alar un problema de fraude.<\/li><li>Aseg\u00farese de que todos los datos empresariales est\u00e9n respaldados de manera segura y regular. Pruebe la funci\u00f3n de recuperaci\u00f3n de sus procedimientos de respaldo de manera regular para asegurarse de que sus datos siempre sean recuperables.<\/li><li>Desarrolle un plan para la ciberseguridad y la recuperaci\u00f3n ante desastres relacionados con el fraude.<\/li><li>Contrate a un asesor de confianza para revisar sus controles y pol\u00edticas de seguridad, al menos una vez al a\u00f1o.<\/li><\/ul><\/div>\n\t\t\t\t<\/div>\n\t\t\t\t\t\t\t\t<\/div>\n\t\t\t\t\t\t<\/div>\n\t\t\t\t<\/div>\n\t\t\t\t\t<\/div>\n\t\t\t\t<\/div>\n\t\t\t\t\t<\/div>\n\t\t\t\t<\/div>\n\t\t<div class=\"elementor-element elementor-element-60799a5 e-flex e-con-boxed e-con e-parent\" data-id=\"60799a5\" data-element_type=\"container\">\n\t\t\t\t\t<div class=\"e-con-inner\">\n\t\t\t\t<div class=\"elementor-element elementor-element-6576b90 elementor-widget elementor-widget-text-editor\" data-id=\"6576b90\" data-element_type=\"widget\" data-widget_type=\"text-editor.default\">\n\t\t\t\t<div class=\"elementor-widget-container\">\n\t\t\t\t\t\t\t\t\t<h2>Consejos de Seguridad<\/h2>\n\t\t\t\t\t\t\t\t<\/div>\n\t\t\t\t<\/div>\n\t\t\t\t\t<\/div>\n\t\t\t\t<\/div>\n\t\t<div class=\"elementor-element elementor-element-5358476 e-con-full e-flex e-con e-parent\" data-id=\"5358476\" data-element_type=\"container\">\n\t\t<div class=\"elementor-element elementor-element-98d6419 e-con-full e-flex e-con e-child\" data-id=\"98d6419\" data-element_type=\"container\" data-settings=\"{&quot;background_background&quot;:&quot;classic&quot;}\">\n\t\t\t\t<\/div>\n\t\t<div class=\"elementor-element elementor-element-a35c121 e-con-full e-flex e-con e-child\" data-id=\"a35c121\" data-element_type=\"container\">\n\t\t\t\t<div class=\"elementor-element elementor-element-971f826 elementor-widget elementor-widget-text-editor\" data-id=\"971f826\" data-element_type=\"widget\" data-widget_type=\"text-editor.default\">\n\t\t\t\t<div class=\"elementor-widget-container\">\n\t\t\t\t\t\t\t\t\t<p>Evita el fraude<\/p>\n\t\t\t\t\t\t\t\t<\/div>\n\t\t\t\t<\/div>\n\t\t\t\t<div class=\"elementor-element elementor-element-004c8f1 elementor-widget__width-initial elementor-widget elementor-widget-text-editor\" data-id=\"004c8f1\" data-element_type=\"widget\" data-widget_type=\"text-editor.default\">\n\t\t\t\t<div class=\"elementor-widget-container\">\n\t\t\t\t\t\t\t\t\t<p>Trabajamos arduamente para asegurarnos de que cualquier contenido de Bradesco Bank\/My eBanc que reciba sea realmente de Bradesco Bank\/My eBanc.<\/p>\n<p>Nunca le pediremos que nos env\u00ede informaci\u00f3n personal, como un n\u00famero de cuenta, PIN de tarjeta o n\u00famero de Seguro Social o ID fiscal, a trav\u00e9s de mensajes de texto o correo electr\u00f3nico.<\/p>\t\t\t\t\t\t\t\t<\/div>\n\t\t\t\t<\/div>\n\t\t\t\t<\/div>\n\t\t\t\t<\/div>\n\t\t<div class=\"elementor-element elementor-element-ba0258e e-flex e-con-boxed e-con e-parent\" data-id=\"ba0258e\" data-element_type=\"container\">\n\t\t\t\t\t<div class=\"e-con-inner\">\n\t\t<div class=\"elementor-element elementor-element-cb10e3d protect-account e-flex e-con-boxed e-con e-child\" data-id=\"cb10e3d\" data-element_type=\"container\">\n\t\t\t\t\t<div class=\"e-con-inner\">\n\t\t<div class=\"elementor-element elementor-element-9cde75b e-con-full e-flex e-con e-child\" data-id=\"9cde75b\" data-element_type=\"container\">\n\t\t\t\t<div class=\"elementor-element elementor-element-278ab47 elementor-widget elementor-widget-image\" data-id=\"278ab47\" data-element_type=\"widget\" data-widget_type=\"image.default\">\n\t\t\t\t<div class=\"elementor-widget-container\">\n\t\t\t\t\t\t\t\t\t\t\t\t\t\t\t<img decoding=\"async\" width=\"47\" height=\"49\" src=\"https:\/\/bradescobank.com\/wp-content\/uploads\/2024\/06\/icon-security-5.png\" class=\"attachment-full size-full wp-image-1048\" alt=\"Icon security\" loading=\"eager\" \/>\t\t\t\t\t\t\t\t\t\t\t\t\t\t\t<\/div>\n\t\t\t\t<\/div>\n\t\t\t\t<\/div>\n\t\t<div class=\"elementor-element elementor-element-f13d768 e-con-full e-flex e-con e-child\" data-id=\"f13d768\" data-element_type=\"container\">\n\t\t\t\t<div class=\"elementor-element elementor-element-ac72ae6 elementor-widget elementor-widget-text-editor\" data-id=\"ac72ae6\" data-element_type=\"widget\" data-widget_type=\"text-editor.default\">\n\t\t\t\t<div class=\"elementor-widget-container\">\n\t\t\t\t\t\t\t\t\t<p><a href=\"mailto:contact@bradescobank.com\">Si recibe una solicitud como esta o cualquier otro correo electr\u00f3nico de phishing sospechoso, por favor reenv\u00edalo a contact@bradescobank.com<\/a><\/p>\n\t\t\t\t\t\t\t\t<\/div>\n\t\t\t\t<\/div>\n\t\t\t\t<\/div>\n\t\t\t\t\t<\/div>\n\t\t\t\t<\/div>\n\t\t<div class=\"elementor-element elementor-element-a5d4b9f protect-account e-flex e-con-boxed e-con e-child\" data-id=\"a5d4b9f\" data-element_type=\"container\">\n\t\t\t\t\t<div class=\"e-con-inner\">\n\t\t<div class=\"elementor-element elementor-element-13249b2 e-con-full e-flex e-con e-child\" data-id=\"13249b2\" data-element_type=\"container\">\n\t\t\t\t<div class=\"elementor-element elementor-element-e0584aa elementor-widget elementor-widget-image\" data-id=\"e0584aa\" data-element_type=\"widget\" data-widget_type=\"image.default\">\n\t\t\t\t<div class=\"elementor-widget-container\">\n\t\t\t\t\t\t\t\t\t\t\t\t\t\t\t<img decoding=\"async\" width=\"120\" height=\"120\" src=\"https:\/\/bradescobank.com\/wp-content\/uploads\/2024\/06\/icon-security-6.png\" class=\"attachment-full size-full wp-image-1047\" alt=\"Icon security\" loading=\"eager\" \/>\t\t\t\t\t\t\t\t\t\t\t\t\t\t\t<\/div>\n\t\t\t\t<\/div>\n\t\t\t\t<\/div>\n\t\t<div class=\"elementor-element elementor-element-5e80555 e-con-full e-flex e-con e-child\" data-id=\"5e80555\" data-element_type=\"container\">\n\t\t\t\t<div class=\"elementor-element elementor-element-2246673 elementor-widget__width-initial elementor-widget elementor-widget-text-editor\" data-id=\"2246673\" data-element_type=\"widget\" data-widget_type=\"text-editor.default\">\n\t\t\t\t<div class=\"elementor-widget-container\">\n\t\t\t\t\t\t\t\t\t<p>Si recibe una llamada, mensaje de texto o correo electr\u00f3nico sospechoso de alguien que dice ser de Bradesco Bank\/My eBanc, no responda, no haga clic en enlaces ni abra archivos adjuntos. Si esto le ha sucedido, cont\u00e1ctenos de inmediato al 305.789.8077. <\/p>\n\t\t\t\t\t\t\t\t<\/div>\n\t\t\t\t<\/div>\n\t\t\t\t<\/div>\n\t\t\t\t\t<\/div>\n\t\t\t\t<\/div>\n\t\t<div class=\"elementor-element elementor-element-67b7f29 protect-account e-con-full e-flex e-con e-child\" data-id=\"67b7f29\" data-element_type=\"container\">\n\t\t<div class=\"elementor-element elementor-element-befaa7b e-con-full e-flex e-con e-child\" data-id=\"befaa7b\" data-element_type=\"container\">\n\t\t\t\t<div class=\"elementor-element elementor-element-47ff133 elementor-widget elementor-widget-image\" data-id=\"47ff133\" data-element_type=\"widget\" data-widget_type=\"image.default\">\n\t\t\t\t<div class=\"elementor-widget-container\">\n\t\t\t\t\t\t\t\t\t\t\t\t\t\t\t<img decoding=\"async\" width=\"52\" height=\"40\" src=\"https:\/\/bradescobank.com\/wp-content\/uploads\/2025\/10\/icon-alert-1.webp\" class=\"attachment-full size-full wp-image-13542\" alt=\"Icon alert\" loading=\"eager\" \/>\t\t\t\t\t\t\t\t\t\t\t\t\t\t\t<\/div>\n\t\t\t\t<\/div>\n\t\t\t\t<\/div>\n\t\t<div class=\"elementor-element elementor-element-0963fde e-con-full e-flex e-con e-child\" data-id=\"0963fde\" data-element_type=\"container\">\n\t\t\t\t<div class=\"elementor-element elementor-element-dacfcd2 elementor-widget__width-initial elementor-widget elementor-widget-text-editor\" data-id=\"dacfcd2\" data-element_type=\"widget\" data-widget_type=\"text-editor.default\">\n\t\t\t\t<div class=\"elementor-widget-container\">\n\t\t\t\t\t\t\t\t\t<p>Para su protecci\u00f3n, cuando se comunique con nosotros por correo electr\u00f3nico, NO incluya ninguna informaci\u00f3n confidencial<\/p>\t\t\t\t\t\t\t\t<\/div>\n\t\t\t\t<\/div>\n\t\t\t\t<\/div>\n\t\t\t\t<\/div>\n\t\t\t\t\t<\/div>\n\t\t\t\t<\/div>\n\t\t\t\t<\/div>\n\t\t","protected":false},"excerpt":{"rendered":"<p>Seguridad C\u00f3mo Bradesco Bank protege su cuenta e identidad La seguridad de nuestros clientes es nuestra m\u00e1xima prioridad. Protegemos su informaci\u00f3n manteniendo salvaguardias f\u00edsicas, electr\u00f3nicas y procedimentales que cumplen con la legislaci\u00f3n aplicable. Autenticamos todos nuestros correos electr\u00f3nicos. Aseg\u00farese de que la direcci\u00f3n de correo electr\u00f3nico que tenemos registrada suya no sea un correo reenviado. [&hellip;]<\/p>\n","protected":false},"author":2,"featured_media":0,"parent":0,"menu_order":0,"comment_status":"closed","ping_status":"closed","template":"","meta":{"_acf_changed":false,"slim_seo":{"title":"Seguridad - Bradesco Bank","description":"Seguridad C\u00f3mo Bradesco Bank protege su cuenta e identidad La seguridad de nuestros clientes es nuestra m\u00e1xima prioridad. Protegemos su informaci\u00f3n manteniendo"},"footnotes":""},"class_list":["post-9088","page","type-page","status-publish","hentry"],"blocksy_meta":[],"acf":[],"_links":{"self":[{"href":"https:\/\/bradescobank.com\/es\/wp-json\/wp\/v2\/pages\/9088","targetHints":{"allow":["GET"]}}],"collection":[{"href":"https:\/\/bradescobank.com\/es\/wp-json\/wp\/v2\/pages"}],"about":[{"href":"https:\/\/bradescobank.com\/es\/wp-json\/wp\/v2\/types\/page"}],"author":[{"embeddable":true,"href":"https:\/\/bradescobank.com\/es\/wp-json\/wp\/v2\/users\/2"}],"replies":[{"embeddable":true,"href":"https:\/\/bradescobank.com\/es\/wp-json\/wp\/v2\/comments?post=9088"}],"version-history":[{"count":14,"href":"https:\/\/bradescobank.com\/es\/wp-json\/wp\/v2\/pages\/9088\/revisions"}],"predecessor-version":[{"id":13559,"href":"https:\/\/bradescobank.com\/es\/wp-json\/wp\/v2\/pages\/9088\/revisions\/13559"}],"wp:attachment":[{"href":"https:\/\/bradescobank.com\/es\/wp-json\/wp\/v2\/media?parent=9088"}],"curies":[{"name":"wp","href":"https:\/\/api.w.org\/{rel}","templated":true}]}}