{"id":9102,"date":"2024-06-12T15:07:09","date_gmt":"2024-06-12T18:07:09","guid":{"rendered":"https:\/\/bradescobank.com\/about-us\/"},"modified":"2026-03-25T16:42:48","modified_gmt":"2026-03-25T19:42:48","slug":"sobre-nosotros","status":"publish","type":"page","link":"https:\/\/bradescobank.com\/es\/sobre-nosotros\/","title":{"rendered":"Sobre nosotros"},"content":{"rendered":"\t\t<div data-elementor-type=\"wp-page\" data-elementor-id=\"9102\" class=\"elementor elementor-9102 elementor-2212\" data-elementor-post-type=\"page\">\n\t\t\t\t<div class=\"elementor-element elementor-element-eb18198 e-con-full e-flex e-con e-parent\" data-id=\"eb18198\" data-element_type=\"container\" data-settings=\"{&quot;background_background&quot;:&quot;classic&quot;}\">\n\t\t<div class=\"elementor-element elementor-element-a2edb14 e-con-full e-flex e-con e-child\" data-id=\"a2edb14\" data-element_type=\"container\" data-settings=\"{&quot;background_background&quot;:&quot;classic&quot;}\">\n\t\t\t\t<div class=\"elementor-element elementor-element-3f10c2e titulo-header2 elementor-widget elementor-widget-text-editor\" data-id=\"3f10c2e\" data-element_type=\"widget\" data-widget_type=\"text-editor.default\">\n\t\t\t\t<div class=\"elementor-widget-container\">\n\t\t\t\t\t\t\t\t\t<h1 style=\"text-align: left;\">Tu soluci\u00f3n bancaria en los EE. UU.<\/h1>\n\t\t\t\t\t\t\t\t<\/div>\n\t\t\t\t<\/div>\n\t\t\t\t<\/div>\n\t\t\t\t<\/div>\n\t\t<div class=\"elementor-element elementor-element-1e5579e e-con-full e-flex e-con e-parent\" data-id=\"1e5579e\" data-element_type=\"container\" data-settings=\"{&quot;background_background&quot;:&quot;classic&quot;}\">\n\t\t\t\t<\/div>\n\t\t<div class=\"elementor-element elementor-element-4d27485 e-flex e-con-boxed e-con e-parent\" data-id=\"4d27485\" data-element_type=\"container\" data-settings=\"{&quot;background_background&quot;:&quot;classic&quot;}\">\n\t\t\t\t\t<div class=\"e-con-inner\">\n\t\t\t\t<div class=\"elementor-element elementor-element-e6335aa tam-seg-titulo elementor-widget elementor-widget-text-editor\" data-id=\"e6335aa\" data-element_type=\"widget\" data-widget_type=\"text-editor.default\">\n\t\t\t\t<div class=\"elementor-widget-container\">\n\t\t\t\t\t\t\t\t\t<p>Bradesco Bank<\/p>\n\t\t\t\t\t\t\t\t<\/div>\n\t\t\t\t<\/div>\n\t\t\t\t<div class=\"elementor-element elementor-element-f1c01d2 subtitulo-br elementor-widget elementor-widget-text-editor\" data-id=\"f1c01d2\" data-element_type=\"widget\" data-widget_type=\"text-editor.default\">\n\t\t\t\t<div class=\"elementor-widget-container\">\n\t\t\t\t\t\t\t\t\t<p>Con m\u00e1s de medio siglo de experiencia operando desde Miami, Florida, Bradesco Bank es la filial en EE. UU. de Banco Bradesco, que atiende a residentes y clientes no residentes a trav\u00e9s de una gran variedad de productos y servicios financieros para satisfacer las necesidades de individuos y empresas.<\/p>\n\t\t\t\t\t\t\t\t<\/div>\n\t\t\t\t<\/div>\n\t\t\t\t\t<\/div>\n\t\t\t\t<\/div>\n\t\t<div class=\"elementor-element elementor-element-bb22c62 e-flex e-con-boxed e-con e-parent\" data-id=\"bb22c62\" data-element_type=\"container\" data-settings=\"{&quot;background_background&quot;:&quot;classic&quot;}\">\n\t\t\t\t\t<div class=\"e-con-inner\">\n\t\t\t\t\t<\/div>\n\t\t\t\t<\/div>\n\t\t<div class=\"elementor-element elementor-element-adbc8f3 e-flex e-con-boxed e-con e-parent\" data-id=\"adbc8f3\" data-element_type=\"container\" data-settings=\"{&quot;background_background&quot;:&quot;classic&quot;}\">\n\t\t\t\t\t<div class=\"e-con-inner\">\n\t\t\t\t<div class=\"elementor-element elementor-element-a67b587 tam-seg-titulo elementor-widget elementor-widget-text-editor\" data-id=\"a67b587\" data-element_type=\"widget\" data-widget_type=\"text-editor.default\">\n\t\t\t\t<div class=\"elementor-widget-container\">\n\t\t\t\t\t\t\t\t\t<p>Banco Bradesco SA<\/p>\n\t\t\t\t\t\t\t\t<\/div>\n\t\t\t\t<\/div>\n\t\t\t\t<div class=\"elementor-element elementor-element-2279805 subtitulo-br elementor-widget__width-initial elementor-widget elementor-widget-text-editor\" data-id=\"2279805\" data-element_type=\"widget\" data-widget_type=\"text-editor.default\">\n\t\t\t\t<div class=\"elementor-widget-container\">\n\t\t\t\t\t\t\t\t\t<p>Con 80 a\u00f1os de experiencia, Banco Bradesco es uno de los grupos financieros m\u00e1s grandes de Am\u00e9rica Latina.<\/p>\n\t\t\t\t\t\t\t\t<\/div>\n\t\t\t\t<\/div>\n\t\t\t\t<div class=\"elementor-element elementor-element-04074ab subtitulo-br elementor-widget elementor-widget-text-editor\" data-id=\"04074ab\" data-element_type=\"widget\" data-widget_type=\"text-editor.default\">\n\t\t\t\t<div class=\"elementor-widget-container\">\n\t\t\t\t\t\t\t\t\t<a href=\"#bradesco-bank\" rel=\"noopener\"><span style=\"text-decoration: underline;\"><span style=\"font-weight: 400;\">Conoce m\u00e1s sobre Banco Bradesco<\/span><\/span><\/a>\t\t\t\t\t\t\t\t<\/div>\n\t\t\t\t<\/div>\n\t\t\t\t\t<\/div>\n\t\t\t\t<\/div>\n\t\t<div class=\"elementor-element elementor-element-14cf9d6 e-flex e-con-boxed e-con e-parent\" data-id=\"14cf9d6\" data-element_type=\"container\" data-settings=\"{&quot;background_background&quot;:&quot;classic&quot;}\">\n\t\t\t\t\t<div class=\"e-con-inner\">\n\t\t<div class=\"elementor-element elementor-element-40032d1 e-con-full degrade-box e-flex e-con e-child\" data-id=\"40032d1\" data-element_type=\"container\" data-settings=\"{&quot;background_background&quot;:&quot;classic&quot;}\">\n\t\t<div class=\"elementor-element elementor-element-6d60227 e-flex e-con-boxed e-con e-child\" data-id=\"6d60227\" data-element_type=\"container\">\n\t\t\t\t\t<div class=\"e-con-inner\">\n\t\t\t\t<div class=\"elementor-element elementor-element-cac215c elementor-widget elementor-widget-image\" data-id=\"cac215c\" data-element_type=\"widget\" data-widget_type=\"image.default\">\n\t\t\t\t<div class=\"elementor-widget-container\">\n\t\t\t\t\t\t\t\t\t\t\t\t\t\t\t<img decoding=\"async\" width=\"49\" height=\"49\" src=\"https:\/\/bradescobank.com\/wp-content\/uploads\/2024\/06\/icon-bradesco-1.png\" class=\"attachment-full size-full wp-image-9104\" alt=\"Icon bradesco\" loading=\"eager\" \/>\t\t\t\t\t\t\t\t\t\t\t\t\t\t\t<\/div>\n\t\t\t\t<\/div>\n\t\t\t\t\t<\/div>\n\t\t\t\t<\/div>\n\t\t<div class=\"elementor-element elementor-element-1832457 e-flex e-con-boxed e-con e-child\" data-id=\"1832457\" data-element_type=\"container\">\n\t\t\t\t\t<div class=\"e-con-inner\">\n\t\t\t\t<div class=\"elementor-element elementor-element-a9e4e26 elementor-widget elementor-widget-text-editor\" data-id=\"a9e4e26\" data-element_type=\"widget\" data-widget_type=\"text-editor.default\">\n\t\t\t\t<div class=\"elementor-widget-container\">\n\t\t\t\t\t\t\t\t\t<p>72.7 millones de clientes<\/p>\t\t\t\t\t\t\t\t<\/div>\n\t\t\t\t<\/div>\n\t\t\t\t\t<\/div>\n\t\t\t\t<\/div>\n\t\t\t\t<\/div>\n\t\t<div class=\"elementor-element elementor-element-2af02b8 e-con-full degrade-box e-flex e-con e-child\" data-id=\"2af02b8\" data-element_type=\"container\" data-settings=\"{&quot;background_background&quot;:&quot;classic&quot;}\">\n\t\t<div class=\"elementor-element elementor-element-290da98 e-flex e-con-boxed e-con e-child\" data-id=\"290da98\" data-element_type=\"container\">\n\t\t\t\t\t<div class=\"e-con-inner\">\n\t\t\t\t<div class=\"elementor-element elementor-element-395dae7 elementor-widget elementor-widget-image\" data-id=\"395dae7\" data-element_type=\"widget\" data-widget_type=\"image.default\">\n\t\t\t\t<div class=\"elementor-widget-container\">\n\t\t\t\t\t\t\t\t\t\t\t\t\t\t\t<img decoding=\"async\" width=\"49\" height=\"49\" src=\"https:\/\/bradescobank.com\/wp-content\/uploads\/2024\/06\/icon-bradesco-2.png\" class=\"attachment-full size-full wp-image-9106\" alt=\"Icon bradesco\" loading=\"eager\" \/>\t\t\t\t\t\t\t\t\t\t\t\t\t\t\t<\/div>\n\t\t\t\t<\/div>\n\t\t\t\t\t<\/div>\n\t\t\t\t<\/div>\n\t\t<div class=\"elementor-element elementor-element-b41021e e-flex e-con-boxed e-con e-child\" data-id=\"b41021e\" data-element_type=\"container\">\n\t\t\t\t\t<div class=\"e-con-inner\">\n\t\t\t\t<div class=\"elementor-element elementor-element-45f6b24 elementor-widget elementor-widget-text-editor\" data-id=\"45f6b24\" data-element_type=\"widget\" data-widget_type=\"text-editor.default\">\n\t\t\t\t<div class=\"elementor-widget-container\">\n\t\t\t\t\t\t\t\t\t<p>$414+ mil millones<br \/>en activos totales<\/p>\t\t\t\t\t\t\t\t<\/div>\n\t\t\t\t<\/div>\n\t\t\t\t\t<\/div>\n\t\t\t\t<\/div>\n\t\t\t\t<\/div>\n\t\t<div class=\"elementor-element elementor-element-e245722 e-con-full degrade-box e-flex e-con e-child\" data-id=\"e245722\" data-element_type=\"container\" data-settings=\"{&quot;background_background&quot;:&quot;classic&quot;}\">\n\t\t<div class=\"elementor-element elementor-element-f37d2aa e-flex e-con-boxed e-con e-child\" data-id=\"f37d2aa\" data-element_type=\"container\">\n\t\t\t\t\t<div class=\"e-con-inner\">\n\t\t\t\t<div class=\"elementor-element elementor-element-49ec1eb elementor-widget elementor-widget-image\" data-id=\"49ec1eb\" data-element_type=\"widget\" data-widget_type=\"image.default\">\n\t\t\t\t<div class=\"elementor-widget-container\">\n\t\t\t\t\t\t\t\t\t\t\t\t\t\t\t<img decoding=\"async\" width=\"49\" height=\"49\" src=\"https:\/\/bradescobank.com\/wp-content\/uploads\/2024\/06\/icon-bradesco-3.png\" class=\"attachment-full size-full wp-image-9107\" alt=\"Icon bradesco\" loading=\"eager\" \/>\t\t\t\t\t\t\t\t\t\t\t\t\t\t\t<\/div>\n\t\t\t\t<\/div>\n\t\t\t\t\t<\/div>\n\t\t\t\t<\/div>\n\t\t<div class=\"elementor-element elementor-element-70a68d9 e-flex e-con-boxed e-con e-child\" data-id=\"70a68d9\" data-element_type=\"container\">\n\t\t\t\t\t<div class=\"e-con-inner\">\n\t\t\t\t<div class=\"elementor-element elementor-element-423024c elementor-widget elementor-widget-text-editor\" data-id=\"423024c\" data-element_type=\"widget\" data-widget_type=\"text-editor.default\">\n\t\t\t\t<div class=\"elementor-widget-container\">\n\t\t\t\t\t\t\t\t\t<p>$167 mil millones<br \/>en cartera de pr\u00e9stamos<\/p>\n\t\t\t\t\t\t\t\t<\/div>\n\t\t\t\t<\/div>\n\t\t\t\t\t<\/div>\n\t\t\t\t<\/div>\n\t\t\t\t<\/div>\n\t\t<div class=\"elementor-element elementor-element-d49a665 e-con-full degrade-box e-flex e-con e-child\" data-id=\"d49a665\" data-element_type=\"container\" data-settings=\"{&quot;background_background&quot;:&quot;classic&quot;}\">\n\t\t<div class=\"elementor-element elementor-element-3510634 e-flex e-con-boxed e-con e-child\" data-id=\"3510634\" data-element_type=\"container\">\n\t\t\t\t\t<div class=\"e-con-inner\">\n\t\t\t\t<div class=\"elementor-element elementor-element-b7b3e6a elementor-widget elementor-widget-image\" data-id=\"b7b3e6a\" data-element_type=\"widget\" data-widget_type=\"image.default\">\n\t\t\t\t<div class=\"elementor-widget-container\">\n\t\t\t\t\t\t\t\t\t\t\t\t\t\t\t<img decoding=\"async\" width=\"65\" height=\"49\" src=\"https:\/\/bradescobank.com\/wp-content\/uploads\/2024\/06\/icon-bradesco-4.png\" class=\"attachment-full size-full wp-image-9108\" alt=\"Icon bradesco\" loading=\"eager\" \/>\t\t\t\t\t\t\t\t\t\t\t\t\t\t\t<\/div>\n\t\t\t\t<\/div>\n\t\t\t\t\t<\/div>\n\t\t\t\t<\/div>\n\t\t<div class=\"elementor-element elementor-element-a186244 e-flex e-con-boxed e-con e-child\" data-id=\"a186244\" data-element_type=\"container\">\n\t\t\t\t\t<div class=\"e-con-inner\">\n\t\t<div class=\"elementor-element elementor-element-7a9648d e-flex e-con-boxed e-con e-child\" data-id=\"7a9648d\" data-element_type=\"container\">\n\t\t\t\t\t<div class=\"e-con-inner\">\n\t\t\t\t<div class=\"elementor-element elementor-element-931f9fc elementor-widget elementor-widget-text-editor\" data-id=\"931f9fc\" data-element_type=\"widget\" data-widget_type=\"text-editor.default\">\n\t\t\t\t<div class=\"elementor-widget-container\">\n\t\t\t\t\t\t\t\t\t<p>86,000+<br \/>empleados<\/p>\t\t\t\t\t\t\t\t<\/div>\n\t\t\t\t<\/div>\n\t\t\t\t\t<\/div>\n\t\t\t\t<\/div>\n\t\t\t\t\t<\/div>\n\t\t\t\t<\/div>\n\t\t\t\t<\/div>\n\t\t\t\t\t<\/div>\n\t\t\t\t<\/div>\n\t\t<div class=\"elementor-element elementor-element-da8a040 e-flex e-con-boxed e-con e-parent\" data-id=\"da8a040\" data-element_type=\"container\">\n\t\t\t\t\t<div class=\"e-con-inner\">\n\t\t\t\t<div class=\"elementor-element elementor-element-60aa67d elementor-widget elementor-widget-text-editor\" data-id=\"60aa67d\" data-element_type=\"widget\" data-widget_type=\"text-editor.default\">\n\t\t\t\t<div class=\"elementor-widget-container\">\n\t\t\t\t\t\t\t\t\t<p><span style=\"font-weight: 400;\">En d\u00f3lares estadounidenses, del 2\u00ba trimestre de 2026.<\/span><\/p>\t\t\t\t\t\t\t\t<\/div>\n\t\t\t\t<\/div>\n\t\t\t\t\t<\/div>\n\t\t\t\t<\/div>\n\t\t<div class=\"elementor-element elementor-element-ae64ee6 e-flex e-con-boxed e-con e-parent\" data-id=\"ae64ee6\" data-element_type=\"container\" data-settings=\"{&quot;background_background&quot;:&quot;classic&quot;}\">\n\t\t\t\t\t<div class=\"e-con-inner\">\n\t\t\t\t<div class=\"elementor-element elementor-element-5c7c86e subtitulo-br elementor-widget__width-initial elementor-widget elementor-widget-text-editor\" data-id=\"5c7c86e\" data-element_type=\"widget\" data-widget_type=\"text-editor.default\">\n\t\t\t\t<div class=\"elementor-widget-container\">\n\t\t\t\t\t\t\t\t\t<p>Presencia internacional en 6 pa\u00edses adem\u00e1s de Brasil:<\/p><p>Estados Unidos, M\u00e9xico, Argentina, China (Hong Kong), Luxemburgo, Reino Unido, junto con las Islas Caim\u00e1n.<\/p>\t\t\t\t\t\t\t\t<\/div>\n\t\t\t\t<\/div>\n\t\t\t\t\t<\/div>\n\t\t\t\t<\/div>\n\t\t<div class=\"elementor-element elementor-element-8adb588 e-con-full elementor-hidden-tablet_extra elementor-hidden-tablet elementor-hidden-mobile e-flex e-con e-parent\" data-id=\"8adb588\" data-element_type=\"container\">\n\t\t\t\t<div class=\"elementor-element elementor-element-5e1a70a elementor-widget elementor-widget-image\" data-id=\"5e1a70a\" data-element_type=\"widget\" data-widget_type=\"image.default\">\n\t\t\t\t<div class=\"elementor-widget-container\">\n\t\t\t\t\t\t\t\t\t\t\t\t\t\t\t<img fetchpriority=\"high\" decoding=\"async\" width=\"1239\" height=\"565\" src=\"https:\/\/bradescobank.com\/wp-content\/uploads\/2024\/06\/mapa-desk-2.jpg\" class=\"attachment-full size-full wp-image-9113\" alt=\"Mapa desk\" srcset=\"https:\/\/bradescobank.com\/wp-content\/uploads\/2024\/06\/mapa-desk-2.jpg 1239w, https:\/\/bradescobank.com\/wp-content\/uploads\/2024\/06\/mapa-desk-2-300x137.jpg 300w, https:\/\/bradescobank.com\/wp-content\/uploads\/2024\/06\/mapa-desk-2-1024x467.jpg 1024w, https:\/\/bradescobank.com\/wp-content\/uploads\/2024\/06\/mapa-desk-2-768x350.jpg 768w\" sizes=\"(max-width: 1239px) 100vw, 1239px\" loading=\"eager\" \/>\t\t\t\t\t\t\t\t\t\t\t\t\t\t\t<\/div>\n\t\t\t\t<\/div>\n\t\t\t\t<\/div>\n\t\t<div class=\"elementor-element elementor-element-7a9b899 e-con-full elementor-hidden-desktop elementor-hidden-mobile e-flex e-con e-parent\" data-id=\"7a9b899\" data-element_type=\"container\">\n\t\t\t\t<div class=\"elementor-element elementor-element-c8a02e0 elementor-widget elementor-widget-image\" data-id=\"c8a02e0\" data-element_type=\"widget\" data-widget_type=\"image.default\">\n\t\t\t\t<div class=\"elementor-widget-container\">\n\t\t\t\t\t\t\t\t\t\t\t\t\t\t\t<img decoding=\"async\" width=\"725\" height=\"441\" src=\"https:\/\/bradescobank.com\/wp-content\/uploads\/2024\/06\/mapa-tablet-2.jpg\" class=\"attachment-full size-full wp-image-9112\" alt=\"Mapa tablet\" srcset=\"https:\/\/bradescobank.com\/wp-content\/uploads\/2024\/06\/mapa-tablet-2.jpg 725w, https:\/\/bradescobank.com\/wp-content\/uploads\/2024\/06\/mapa-tablet-2-300x182.jpg 300w\" sizes=\"(max-width: 725px) 100vw, 725px\" loading=\"eager\" \/>\t\t\t\t\t\t\t\t\t\t\t\t\t\t\t<\/div>\n\t\t\t\t<\/div>\n\t\t\t\t<\/div>\n\t\t<div class=\"elementor-element elementor-element-f9ffc0c e-con-full elementor-hidden-desktop elementor-hidden-tablet_extra elementor-hidden-tablet e-flex e-con e-parent\" data-id=\"f9ffc0c\" data-element_type=\"container\">\n\t\t\t\t<div class=\"elementor-element elementor-element-7dba945 elementor-widget elementor-widget-image\" data-id=\"7dba945\" data-element_type=\"widget\" data-widget_type=\"image.default\">\n\t\t\t\t<div class=\"elementor-widget-container\">\n\t\t\t\t\t\t\t\t\t\t\t\t\t\t\t<img decoding=\"async\" width=\"408\" height=\"456\" src=\"https:\/\/bradescobank.com\/wp-content\/uploads\/2024\/06\/mapa-mobile-2.jpg\" class=\"attachment-large size-large wp-image-9114\" alt=\"Mapa mobile\" srcset=\"https:\/\/bradescobank.com\/wp-content\/uploads\/2024\/06\/mapa-mobile-2.jpg 408w, https:\/\/bradescobank.com\/wp-content\/uploads\/2024\/06\/mapa-mobile-2-268x300.jpg 268w\" sizes=\"(max-width: 408px) 100vw, 408px\" loading=\"eager\" \/>\t\t\t\t\t\t\t\t\t\t\t\t\t\t\t<\/div>\n\t\t\t\t<\/div>\n\t\t\t\t<\/div>\n\t\t\t\t<\/div>\n\t\t","protected":false},"excerpt":{"rendered":"<p>Tu soluci\u00f3n bancaria en los EE. UU. Bradesco Bank Con m\u00e1s de medio siglo de experiencia operando desde Miami, Florida, Bradesco Bank es la filial en EE. UU. de Banco Bradesco, que atiende a residentes y clientes no residentes a trav\u00e9s de una gran variedad de productos y servicios financieros para satisfacer las necesidades de [&hellip;]<\/p>\n","protected":false},"author":3,"featured_media":0,"parent":0,"menu_order":0,"comment_status":"closed","ping_status":"closed","template":"","meta":{"_acf_changed":false,"slim_seo":{"title":"Sobre nosotros - Bradesco Bank","description":"Tu soluci\u00f3n bancaria en los EE. UU. Bradesco Bank Con m\u00e1s de medio siglo de experiencia operando desde Miami, Florida, Bradesco Bank es la filial en EE. UU. de"},"footnotes":""},"class_list":["post-9102","page","type-page","status-publish","hentry"],"blocksy_meta":[],"acf":[],"_links":{"self":[{"href":"https:\/\/bradescobank.com\/es\/wp-json\/wp\/v2\/pages\/9102","targetHints":{"allow":["GET"]}}],"collection":[{"href":"https:\/\/bradescobank.com\/es\/wp-json\/wp\/v2\/pages"}],"about":[{"href":"https:\/\/bradescobank.com\/es\/wp-json\/wp\/v2\/types\/page"}],"author":[{"embeddable":true,"href":"https:\/\/bradescobank.com\/es\/wp-json\/wp\/v2\/users\/3"}],"replies":[{"embeddable":true,"href":"https:\/\/bradescobank.com\/es\/wp-json\/wp\/v2\/comments?post=9102"}],"version-history":[{"count":17,"href":"https:\/\/bradescobank.com\/es\/wp-json\/wp\/v2\/pages\/9102\/revisions"}],"predecessor-version":[{"id":17032,"href":"https:\/\/bradescobank.com\/es\/wp-json\/wp\/v2\/pages\/9102\/revisions\/17032"}],"wp:attachment":[{"href":"https:\/\/bradescobank.com\/es\/wp-json\/wp\/v2\/media?parent=9102"}],"curies":[{"name":"wp","href":"https:\/\/api.w.org\/{rel}","templated":true}]}}