{"id":9124,"date":"2024-06-17T15:16:22","date_gmt":"2024-06-17T18:16:22","guid":{"rendered":"https:\/\/bradescobank.com\/certificate-of-deposit-bradesco\/"},"modified":"2025-12-11T14:35:24","modified_gmt":"2025-12-11T17:35:24","slug":"certificate-of-deposit-bradesco","status":"publish","type":"page","link":"https:\/\/bradescobank.com\/es\/certificate-of-deposit-bradesco\/","title":{"rendered":"CDB"},"content":{"rendered":"\t\t<div data-elementor-type=\"wp-page\" data-elementor-id=\"9124\" class=\"elementor elementor-9124 elementor-3099\" data-elementor-post-type=\"page\">\n\t\t\t\t<div class=\"elementor-element elementor-element-59c64c7 e-con-full elementor-hidden-tablet elementor-hidden-mobile e-flex e-con e-parent\" data-id=\"59c64c7\" data-element_type=\"container\" data-settings=\"{&quot;background_background&quot;:&quot;classic&quot;}\">\n\t\t<div class=\"elementor-element elementor-element-7f9b34c e-flex e-con-boxed e-con e-child\" data-id=\"7f9b34c\" data-element_type=\"container\">\n\t\t\t\t\t<div class=\"e-con-inner\">\n\t\t<div class=\"elementor-element elementor-element-8090f46 e-con-full e-flex e-con e-child\" data-id=\"8090f46\" data-element_type=\"container\">\n\t\t\t\t<div class=\"elementor-element elementor-element-a694ef4 elementor-widget elementor-widget-image\" data-id=\"a694ef4\" data-element_type=\"widget\" data-widget_type=\"image.default\">\n\t\t\t\t<div class=\"elementor-widget-container\">\n\t\t\t\t\t\t\t\t\t\t\t\t\t\t\t<img decoding=\"async\" width=\"212\" height=\"118\" src=\"https:\/\/bradescobank.com\/wp-content\/uploads\/2024\/06\/imagem-2.png\" class=\"attachment-full size-full wp-image-9126\" alt=\"Imagem\" loading=\"eager\" \/>\t\t\t\t\t\t\t\t\t\t\t\t\t\t\t<\/div>\n\t\t\t\t<\/div>\n\t\t\t\t<\/div>\n\t\t<div class=\"elementor-element elementor-element-e48bd06 e-flex e-con-boxed e-con e-child\" data-id=\"e48bd06\" data-element_type=\"container\">\n\t\t\t\t\t<div class=\"e-con-inner\">\n\t\t\t\t<div class=\"elementor-element elementor-element-06c678a elementor-widget elementor-widget-text-editor\" data-id=\"06c678a\" data-element_type=\"widget\" data-widget_type=\"text-editor.default\">\n\t\t\t\t<div class=\"elementor-widget-container\">\n\t\t\t\t\t\t\t\t\t<h1>Certificado de<br \/>Dep\u00f3sito Bradesco<\/h1>\n\t\t\t\t\t\t\t\t<\/div>\n\t\t\t\t<\/div>\n\t\t\t\t\t<\/div>\n\t\t\t\t<\/div>\n\t\t\t\t\t<\/div>\n\t\t\t\t<\/div>\n\t\t\t\t<\/div>\n\t\t<div class=\"elementor-element elementor-element-60b46a9 e-con-full elementor-hidden-desktop elementor-hidden-laptop elementor-hidden-tablet_extra e-flex e-con e-parent\" data-id=\"60b46a9\" data-element_type=\"container\" data-settings=\"{&quot;background_background&quot;:&quot;classic&quot;}\">\n\t\t<div class=\"elementor-element elementor-element-19a8588 e-con-full e-flex e-con e-child\" data-id=\"19a8588\" data-element_type=\"container\">\n\t\t<div class=\"elementor-element elementor-element-c8005d6 e-con-full e-flex e-con e-child\" data-id=\"c8005d6\" data-element_type=\"container\">\n\t\t\t\t<div class=\"elementor-element elementor-element-5e06891 elementor-widget-mobile__width-initial elementor-widget elementor-widget-image\" data-id=\"5e06891\" data-element_type=\"widget\" data-widget_type=\"image.default\">\n\t\t\t\t<div class=\"elementor-widget-container\">\n\t\t\t\t\t\t\t\t\t\t\t\t\t\t\t<img decoding=\"async\" width=\"212\" height=\"118\" src=\"https:\/\/bradescobank.com\/wp-content\/uploads\/2024\/06\/imagem-2.png\" class=\"attachment-full size-full wp-image-9126\" alt=\"Imagem\" loading=\"eager\" \/>\t\t\t\t\t\t\t\t\t\t\t\t\t\t\t<\/div>\n\t\t\t\t<\/div>\n\t\t\t\t<\/div>\n\t\t<div class=\"elementor-element elementor-element-708363c e-flex e-con-boxed e-con e-child\" data-id=\"708363c\" data-element_type=\"container\">\n\t\t\t\t\t<div class=\"e-con-inner\">\n\t\t\t\t<div class=\"elementor-element elementor-element-191b6a6 elementor-widget elementor-widget-text-editor\" data-id=\"191b6a6\" data-element_type=\"widget\" data-widget_type=\"text-editor.default\">\n\t\t\t\t<div class=\"elementor-widget-container\">\n\t\t\t\t\t\t\t\t\t<h1>Certificado de<br \/>Dep\u00f3sito Bradesco<\/h1>\n\t\t\t\t\t\t\t\t<\/div>\n\t\t\t\t<\/div>\n\t\t\t\t\t<\/div>\n\t\t\t\t<\/div>\n\t\t\t\t<\/div>\n\t\t\t\t<\/div>\n\t\t<div class=\"elementor-element elementor-element-00989d5 e-con-full e-flex e-con e-parent\" data-id=\"00989d5\" data-element_type=\"container\" data-settings=\"{&quot;background_background&quot;:&quot;classic&quot;}\">\n\t\t\t\t<\/div>\n\t\t<div class=\"elementor-element elementor-element-36e3fe9 e-flex e-con-boxed e-con e-parent\" data-id=\"36e3fe9\" data-element_type=\"container\" data-settings=\"{&quot;background_background&quot;:&quot;classic&quot;}\">\n\t\t\t\t\t<div class=\"e-con-inner\">\n\t\t\t\t<div class=\"elementor-element elementor-element-80af168 elementor-widget elementor-widget-heading\" data-id=\"80af168\" data-element_type=\"widget\" data-widget_type=\"heading.default\">\n\t\t\t\t<div class=\"elementor-widget-container\">\n\t\t\t\t\t<h2 class=\"elementor-heading-title elementor-size-default\">\u00bfQu\u00e9 es un CD?<\/h2>\t\t\t\t<\/div>\n\t\t\t\t<\/div>\n\t\t\t\t<div class=\"elementor-element elementor-element-c2b4942 elementor-widget__width-initial elementor-widget elementor-widget-text-editor\" data-id=\"c2b4942\" data-element_type=\"widget\" data-widget_type=\"text-editor.default\">\n\t\t\t\t<div class=\"elementor-widget-container\">\n\t\t\t\t\t\t\t\t\t<p>Un certificado de dep\u00f3sito (CD) es un tipo de cuenta de ahorros que genera una tasa de inter\u00e9s fija por un per\u00edodo de tiempo predeterminado<\/p><p>Descubre nuestra variedad de plazos de CD, dise\u00f1ados para cumplir con tus objetivos financieros a corto y largo plazo<\/p>\t\t\t\t\t\t\t\t<\/div>\n\t\t\t\t<\/div>\n\t\t\t\t\t<\/div>\n\t\t\t\t<\/div>\n\t\t<div class=\"elementor-element elementor-element-1068bbf e-con-full e-flex e-con e-parent\" data-id=\"1068bbf\" data-element_type=\"container\" data-settings=\"{&quot;background_background&quot;:&quot;classic&quot;}\">\n\t\t\t\t<div class=\"elementor-element elementor-element-7a28ee8 elementor-widget__width-initial elementor-widget elementor-widget-text-editor\" data-id=\"7a28ee8\" data-element_type=\"widget\" data-widget_type=\"text-editor.default\">\n\t\t\t\t<div class=\"elementor-widget-container\">\n\t\t\t\t\t\t\t\t\t<p>Gana hasta un 3.50% de Rendimiento Anual Porcentual (APY) en un CD a 12 meses<\/p>\t\t\t\t\t\t\t\t<\/div>\n\t\t\t\t<\/div>\n\t\t\t\t<div class=\"elementor-element elementor-element-28b7cf7 elementor-widget__width-initial elementor-widget elementor-widget-text-editor\" data-id=\"28b7cf7\" data-element_type=\"widget\" aria-label=\"Ver detalles del certificado en una ventana emergente\" data-widget_type=\"text-editor.default\">\n\t\t\t\t<div class=\"elementor-widget-container\">\n\t\t\t\t\t\t\t\t\t<p><a href=\"#popup-certificate\"><span style=\"text-decoration: underline; color: white;\">Haz clic aqu\u00ed para m\u00e1s informaci\u00f3n.<\/span><\/a><\/p>\t\t\t\t\t\t\t\t<\/div>\n\t\t\t\t<\/div>\n\t\t\t\t<\/div>\n\t\t<div class=\"elementor-element elementor-element-062be19 e-flex e-con-boxed e-con e-parent\" data-id=\"062be19\" data-element_type=\"container\" data-settings=\"{&quot;background_background&quot;:&quot;classic&quot;}\">\n\t\t\t\t\t<div class=\"e-con-inner\">\n\t\t<div class=\"elementor-element elementor-element-674285a e-flex e-con-boxed e-con e-child\" data-id=\"674285a\" data-element_type=\"container\">\n\t\t\t\t\t<div class=\"e-con-inner\">\n\t\t\t\t<div class=\"elementor-element elementor-element-6abbc11 elementor-widget elementor-widget-heading\" data-id=\"6abbc11\" data-element_type=\"widget\" data-widget_type=\"heading.default\">\n\t\t\t\t<div class=\"elementor-widget-container\">\n\t\t\t\t\t<h3 class=\"elementor-heading-title elementor-size-default\">Detalles<\/h3>\t\t\t\t<\/div>\n\t\t\t\t<\/div>\n\t\t\t\t\t<\/div>\n\t\t\t\t<\/div>\n\t\t<a class=\"elementor-element elementor-element-23d123f e-flex e-con-boxed e-con e-child\" data-id=\"23d123f\" data-element_type=\"container\" data-settings=\"{&quot;background_background&quot;:&quot;classic&quot;}\">\n\t\t\t\t\t<div class=\"e-con-inner\">\n\t\t\t\t<div class=\"elementor-element elementor-element-68c3390 elementor-widget elementor-widget-text-editor\" data-id=\"68c3390\" data-element_type=\"widget\" data-widget_type=\"text-editor.default\">\n\t\t\t\t<div class=\"elementor-widget-container\">\n\t\t\t\t\t\t\t\t\t<p>Plazos de<br \/>1 mes a 5 a\u00f1os<\/p>\t\t\t\t\t\t\t\t<\/div>\n\t\t\t\t<\/div>\n\t\t\t\t\t<\/div>\n\t\t\t\t<\/a>\n\t\t<a class=\"elementor-element elementor-element-dc4e1fe e-flex e-con-boxed e-con e-child\" data-id=\"dc4e1fe\" data-element_type=\"container\" data-settings=\"{&quot;background_background&quot;:&quot;classic&quot;}\">\n\t\t\t\t\t<div class=\"e-con-inner\">\n\t\t\t\t<div class=\"elementor-element elementor-element-65831df elementor-widget elementor-widget-text-editor\" data-id=\"65831df\" data-element_type=\"widget\" data-widget_type=\"text-editor.default\">\n\t\t\t\t<div class=\"elementor-widget-container\">\n\t\t\t\t\t\t\t\t\t<p>Tasas competitivas<\/p>\t\t\t\t\t\t\t\t<\/div>\n\t\t\t\t<\/div>\n\t\t\t\t\t<\/div>\n\t\t\t\t<\/a>\n\t\t<a class=\"elementor-element elementor-element-b41ef7e e-flex e-con-boxed e-con e-child\" data-id=\"b41ef7e\" data-element_type=\"container\" data-settings=\"{&quot;background_background&quot;:&quot;classic&quot;}\">\n\t\t\t\t\t<div class=\"e-con-inner\">\n\t\t\t\t<div class=\"elementor-element elementor-element-3b5be74 elementor-widget elementor-widget-text-editor\" data-id=\"3b5be74\" data-element_type=\"widget\" data-widget_type=\"text-editor.default\">\n\t\t\t\t<div class=\"elementor-widget-container\">\n\t\t\t\t\t\t\t\t\t<p>Sin cuota de servicio mensual<\/p>\n\t\t\t\t\t\t\t\t<\/div>\n\t\t\t\t<\/div>\n\t\t\t\t\t<\/div>\n\t\t\t\t<\/a>\n\t\t\t\t\t<\/div>\n\t\t\t\t<\/div>\n\t\t<div class=\"elementor-element elementor-element-0babd61 e-flex e-con-boxed e-con e-parent\" data-id=\"0babd61\" data-element_type=\"container\" data-settings=\"{&quot;background_background&quot;:&quot;classic&quot;}\">\n\t\t\t\t\t<div class=\"e-con-inner\">\n\t\t\t\t<div class=\"elementor-element elementor-element-02b3a04 elementor-align-center elementor-mobile-align-left elementor-widget elementor-widget-button\" data-id=\"02b3a04\" data-element_type=\"widget\" aria-label=\"ver la ventana emergente de tasas de inter\u00e9s\" data-widget_type=\"button.default\">\n\t\t\t\t<div class=\"elementor-widget-container\">\n\t\t\t\t\t\t\t\t\t<div class=\"elementor-button-wrapper\">\n\t\t\t\t\t<a class=\"elementor-button elementor-button-link elementor-size-sm\" href=\"#elementor-action%3Aaction%3Dpopup%3Aopen%26settings%3DeyJpZCI6MTAxODIsInRvZ2dsZSI6ZmFsc2V9\" target=\"_blank\">\n\t\t\t\t\t\t<span class=\"elementor-button-content-wrapper\">\n\t\t\t\t\t\t\t\t\t<span class=\"elementor-button-text\">Ver tasas de inter\u00e9s<\/span>\n\t\t\t\t\t<\/span>\n\t\t\t\t\t<\/a>\n\t\t\t\t<\/div>\n\t\t\t\t\t\t\t\t<\/div>\n\t\t\t\t<\/div>\n\t\t\t\t\t<\/div>\n\t\t\t\t<\/div>\n\t\t<div class=\"elementor-element elementor-element-b878909 e-flex e-con-boxed e-con e-parent\" data-id=\"b878909\" data-element_type=\"container\">\n\t\t\t\t\t<div class=\"e-con-inner\">\n\t\t\t\t<div class=\"elementor-element elementor-element-ac6bcaf elementor-widget elementor-widget-heading\" data-id=\"ac6bcaf\" data-element_type=\"widget\" data-widget_type=\"heading.default\">\n\t\t\t\t<div class=\"elementor-widget-container\">\n\t\t\t\t\t<h3 class=\"elementor-heading-title elementor-size-default\">Beneficios<\/h3>\t\t\t\t<\/div>\n\t\t\t\t<\/div>\n\t\t\t\t\t<\/div>\n\t\t\t\t<\/div>\n\t\t<div class=\"elementor-element elementor-element-b8dc142 e-flex e-con-boxed e-con e-parent\" data-id=\"b8dc142\" data-element_type=\"container\" data-settings=\"{&quot;background_background&quot;:&quot;classic&quot;}\">\n\t\t\t\t\t<div class=\"e-con-inner\">\n\t\t<div class=\"elementor-element elementor-element-3530212 e-flex e-con-boxed e-con e-child\" data-id=\"3530212\" data-element_type=\"container\" data-settings=\"{&quot;background_background&quot;:&quot;classic&quot;}\">\n\t\t\t\t\t<div class=\"e-con-inner\">\n\t\t\t\t<div class=\"elementor-element elementor-element-bf12946 elementor-widget elementor-widget-image\" data-id=\"bf12946\" data-element_type=\"widget\" data-widget_type=\"image.default\">\n\t\t\t\t<div class=\"elementor-widget-container\">\n\t\t\t\t\t\t\t\t\t\t\t\t\t\t\t<img decoding=\"async\" width=\"41\" height=\"41\" src=\"https:\/\/bradescobank.com\/wp-content\/uploads\/2024\/06\/money-dollar-copiar.png\" class=\"attachment-full size-full wp-image-9127\" alt=\"Money Dollar copiar\" loading=\"eager\" \/>\t\t\t\t\t\t\t\t\t\t\t\t\t\t\t<\/div>\n\t\t\t\t<\/div>\n\t\t\t\t<div class=\"elementor-element elementor-element-8db168b elementor-widget elementor-widget-text-editor\" data-id=\"8db168b\" data-element_type=\"widget\" data-widget_type=\"text-editor.default\">\n\t\t\t\t<div class=\"elementor-widget-container\">\n\t\t\t\t\t\t\t\t\t<h2>Tasas de inter\u00e9s fijas<\/h2>\t\t\t\t\t\t\t\t<\/div>\n\t\t\t\t<\/div>\n\t\t\t\t<div class=\"elementor-element elementor-element-b8d1703 elementor-widget__width-initial elementor-widget-tablet__width-initial elementor-widget elementor-widget-text-editor\" data-id=\"b8d1703\" data-element_type=\"widget\" data-widget_type=\"text-editor.default\">\n\t\t\t\t<div class=\"elementor-widget-container\">\n\t\t\t\t\t\t\t\t\t<p>Sabr\u00e1 exactamente cu\u00e1nto ganar\u00e1 al asegurar una tasa fija<\/p>\t\t\t\t\t\t\t\t<\/div>\n\t\t\t\t<\/div>\n\t\t\t\t\t<\/div>\n\t\t\t\t<\/div>\n\t\t<div class=\"elementor-element elementor-element-501f9dd e-flex e-con-boxed e-con e-child\" data-id=\"501f9dd\" data-element_type=\"container\" data-settings=\"{&quot;background_background&quot;:&quot;classic&quot;}\">\n\t\t\t\t\t<div class=\"e-con-inner\">\n\t\t\t\t<div class=\"elementor-element elementor-element-2a86e69 elementor-widget elementor-widget-image\" data-id=\"2a86e69\" data-element_type=\"widget\" data-widget_type=\"image.default\">\n\t\t\t\t<div class=\"elementor-widget-container\">\n\t\t\t\t\t\t\t\t\t\t\t\t\t\t\t<img decoding=\"async\" width=\"45\" height=\"41\" src=\"https:\/\/bradescobank.com\/wp-content\/uploads\/2024\/06\/settings-1-copiar.png\" class=\"attachment-full size-full wp-image-9128\" alt=\"Settings 1 copiar\" loading=\"eager\" \/>\t\t\t\t\t\t\t\t\t\t\t\t\t\t\t<\/div>\n\t\t\t\t<\/div>\n\t\t\t\t<div class=\"elementor-element elementor-element-d09acdc elementor-widget elementor-widget-text-editor\" data-id=\"d09acdc\" data-element_type=\"widget\" data-widget_type=\"text-editor.default\">\n\t\t\t\t<div class=\"elementor-widget-container\">\n\t\t\t\t\t\t\t\t\t<h2><span style=\"font-weight: 400;\">Flexibilidad<\/span><\/h2>\t\t\t\t\t\t\t\t<\/div>\n\t\t\t\t<\/div>\n\t\t\t\t<div class=\"elementor-element elementor-element-5e7ecd4 elementor-widget__width-initial elementor-widget-tablet__width-initial elementor-widget elementor-widget-text-editor\" data-id=\"5e7ecd4\" data-element_type=\"widget\" data-widget_type=\"text-editor.default\">\n\t\t\t\t<div class=\"elementor-widget-container\">\n\t\t\t\t\t\t\t\t\t<p>Puede seleccionar el plazo que sea adecuado para usted, de 1 mes a 5 a\u00f1os<\/p>\t\t\t\t\t\t\t\t<\/div>\n\t\t\t\t<\/div>\n\t\t\t\t\t<\/div>\n\t\t\t\t<\/div>\n\t\t<div class=\"elementor-element elementor-element-58d1930 e-flex e-con-boxed e-con e-child\" data-id=\"58d1930\" data-element_type=\"container\" data-settings=\"{&quot;background_background&quot;:&quot;classic&quot;}\">\n\t\t\t\t\t<div class=\"e-con-inner\">\n\t\t\t\t<div class=\"elementor-element elementor-element-352cc1d elementor-widget elementor-widget-image\" data-id=\"352cc1d\" data-element_type=\"widget\" data-widget_type=\"image.default\">\n\t\t\t\t<div class=\"elementor-widget-container\">\n\t\t\t\t\t\t\t\t\t\t\t\t\t\t\t<img decoding=\"async\" width=\"44\" height=\"48\" src=\"https:\/\/bradescobank.com\/wp-content\/uploads\/2024\/06\/lock-copiar.png\" class=\"attachment-full size-full wp-image-9129\" alt=\"Lock copiar\" loading=\"eager\" \/>\t\t\t\t\t\t\t\t\t\t\t\t\t\t\t<\/div>\n\t\t\t\t<\/div>\n\t\t\t\t<div class=\"elementor-element elementor-element-a85f484 elementor-widget elementor-widget-text-editor\" data-id=\"a85f484\" data-element_type=\"widget\" data-widget_type=\"text-editor.default\">\n\t\t\t\t<div class=\"elementor-widget-container\">\n\t\t\t\t\t\t\t\t\t<h2>Protecci\u00f3n<\/h2>\t\t\t\t\t\t\t\t<\/div>\n\t\t\t\t<\/div>\n\t\t\t\t<div class=\"elementor-element elementor-element-d463d73 elementor-widget__width-initial elementor-widget-tablet__width-initial elementor-widget elementor-widget-text-editor\" data-id=\"d463d73\" data-element_type=\"widget\" data-widget_type=\"text-editor.default\">\n\t\t\t\t<div class=\"elementor-widget-container\">\n\t\t\t\t\t\t\t\t\t<p>Sus dep\u00f3sitos est\u00e1n asegurados por la FDIC hasta el m\u00e1ximo permitido por la ley<\/p>\t\t\t\t\t\t\t\t<\/div>\n\t\t\t\t<\/div>\n\t\t\t\t\t<\/div>\n\t\t\t\t<\/div>\n\t\t\t\t\t<\/div>\n\t\t\t\t<\/div>\n\t\t<div class=\"elementor-element elementor-element-099237d elementor-hidden-desktop elementor-hidden-laptop elementor-hidden-tablet_extra elementor-hidden-tablet elementor-hidden-mobile e-flex e-con-boxed e-con e-parent\" data-id=\"099237d\" data-element_type=\"container\">\n\t\t\t\t\t<div class=\"e-con-inner\">\n\t\t\t\t<div class=\"elementor-element elementor-element-98861e5 elementor-widget__width-initial elementor-widget elementor-widget-text-editor\" data-id=\"98861e5\" data-element_type=\"widget\" data-widget_type=\"text-editor.default\">\n\t\t\t\t<div class=\"elementor-widget-container\">\n\t\t\t\t\t\t\t\t\t<p>\u00b9 The APY is based upon the maximum term of deposit for each maturity range. Penalties may apply to withdrawals made prior to maturity. Fees could reduce account earnings.  <\/p>\n<p>\u00b2 CD require a minimum deposit of $250,000 for the term of 12 months. Annual Percentage Yield (APY) is accurate as of 05\/14\/2024 and subject to change without notice at any time at the discretion of Bradesco Bank.<br \/>Fees may reduce earnings.  <\/p>\n\t\t\t\t\t\t\t\t<\/div>\n\t\t\t\t<\/div>\n\t\t\t\t\t<\/div>\n\t\t\t\t<\/div>\n\t\t\t\t<\/div>\n\t\t","protected":false},"excerpt":{"rendered":"<p>Certificado deDep\u00f3sito Bradesco Certificado deDep\u00f3sito Bradesco \u00bfQu\u00e9 es un CD? Un certificado de dep\u00f3sito (CD) es un tipo de cuenta de ahorros que genera una tasa de inter\u00e9s fija por un per\u00edodo de tiempo predeterminado Descubre nuestra variedad de plazos de CD, dise\u00f1ados para cumplir con tus objetivos financieros a corto y largo plazo Gana [&hellip;]<\/p>\n","protected":false},"author":2,"featured_media":0,"parent":0,"menu_order":0,"comment_status":"closed","ping_status":"closed","template":"","meta":{"_acf_changed":false,"slim_seo":{"title":"CDB - Bradesco Bank","description":"Certificado de Dep\u00f3sito Bradesco Certificado de Dep\u00f3sito Bradesco \u00bfQu\u00e9 es un CD? Un certificado de dep\u00f3sito (CD) es un tipo de cuenta de ahorros que genera una"},"footnotes":""},"class_list":["post-9124","page","type-page","status-publish","hentry"],"blocksy_meta":[],"acf":[],"_links":{"self":[{"href":"https:\/\/bradescobank.com\/es\/wp-json\/wp\/v2\/pages\/9124","targetHints":{"allow":["GET"]}}],"collection":[{"href":"https:\/\/bradescobank.com\/es\/wp-json\/wp\/v2\/pages"}],"about":[{"href":"https:\/\/bradescobank.com\/es\/wp-json\/wp\/v2\/types\/page"}],"author":[{"embeddable":true,"href":"https:\/\/bradescobank.com\/es\/wp-json\/wp\/v2\/users\/2"}],"replies":[{"embeddable":true,"href":"https:\/\/bradescobank.com\/es\/wp-json\/wp\/v2\/comments?post=9124"}],"version-history":[{"count":49,"href":"https:\/\/bradescobank.com\/es\/wp-json\/wp\/v2\/pages\/9124\/revisions"}],"predecessor-version":[{"id":16031,"href":"https:\/\/bradescobank.com\/es\/wp-json\/wp\/v2\/pages\/9124\/revisions\/16031"}],"wp:attachment":[{"href":"https:\/\/bradescobank.com\/es\/wp-json\/wp\/v2\/media?parent=9124"}],"curies":[{"name":"wp","href":"https:\/\/api.w.org\/{rel}","templated":true}]}}