{"id":9704,"date":"2024-06-13T02:31:25","date_gmt":"2024-06-13T05:31:25","guid":{"rendered":"https:\/\/bradescobank.com\/bradesco-lounge2\/"},"modified":"2025-11-27T14:47:45","modified_gmt":"2025-11-27T17:47:45","slug":"bradesco-lounge2","status":"publish","type":"page","link":"https:\/\/bradescobank.com\/es\/bradesco-lounge2\/","title":{"rendered":"Bradesco Lounge"},"content":{"rendered":"\t\t<div data-elementor-type=\"wp-page\" data-elementor-id=\"9704\" class=\"elementor elementor-9704 elementor-2391\" data-elementor-post-type=\"page\">\n\t\t\t\t<div class=\"elementor-element elementor-element-2ac1894 e-con-full e-flex e-con e-parent\" data-id=\"2ac1894\" data-element_type=\"container\" data-settings=\"{&quot;background_background&quot;:&quot;classic&quot;}\">\n\t\t\t\t<div class=\"elementor-element elementor-element-e273129 elementor-widget elementor-widget-text-editor\" data-id=\"e273129\" data-element_type=\"widget\" data-widget_type=\"text-editor.default\">\n\t\t\t\t<div class=\"elementor-widget-container\">\n\t\t\t\t\t\t\t\t\t<h1>Sal\u00f3n Bradesco<\/h1>\t\t\t\t\t\t\t\t<\/div>\n\t\t\t\t<\/div>\n\t\t\t\t<\/div>\n\t\t<div class=\"elementor-element elementor-element-ac2d5c1 e-con-full e-flex e-con e-parent\" data-id=\"ac2d5c1\" data-element_type=\"container\" data-settings=\"{&quot;background_background&quot;:&quot;classic&quot;}\">\n\t\t\t\t<\/div>\n\t\t<div class=\"elementor-element elementor-element-bd525e6 lounge e-flex e-con-boxed e-con e-parent\" data-id=\"bd525e6\" data-element_type=\"container\">\n\t\t\t\t\t<div class=\"e-con-inner\">\n\t\t<div class=\"elementor-element elementor-element-34d1b05 protect-account e-flex e-con-boxed e-con e-child\" data-id=\"34d1b05\" data-element_type=\"container\">\n\t\t\t\t\t<div class=\"e-con-inner\">\n\t\t<div class=\"elementor-element elementor-element-7840e56 e-con-full e-flex e-con e-child\" data-id=\"7840e56\" data-element_type=\"container\">\n\t\t\t\t<div class=\"elementor-element elementor-element-3ad3376 elementor-widget__width-initial elementor-widget elementor-widget-text-editor\" data-id=\"3ad3376\" data-element_type=\"widget\" data-widget_type=\"text-editor.default\">\n\t\t\t\t<div class=\"elementor-widget-container\">\n\t\t\t\t\t\t\t\t\t<h3>Aeropuerto Internacional de Guarulhos, en S\u00e3o Paulo:<\/h3>\t\t\t\t\t\t\t\t<\/div>\n\t\t\t\t<\/div>\n\t\t\t\t<\/div>\n\t\t<div class=\"elementor-element elementor-element-926db92 e-con-full lounge e-flex e-con e-child\" data-id=\"926db92\" data-element_type=\"container\">\n\t\t\t\t<div class=\"elementor-element elementor-element-be4bb97 elementor-widget__width-initial elementor-widget elementor-widget-text-editor\" data-id=\"be4bb97\" data-element_type=\"widget\" data-widget_type=\"text-editor.default\">\n\t\t\t\t<div class=\"elementor-widget-container\">\n\t\t\t\t\t\t\t\t\t<ul><li>Terminal 3, internacional, despu\u00e9s del control de seguridad,<br \/>1er piso. 24 horas.<br \/><br \/><\/li><li>Terminal 2, nacional, 1er piso, despu\u00e9s del control de seguridad.<br \/>De 6 am a 11 pm.<\/li><\/ul>\t\t\t\t\t\t\t\t<\/div>\n\t\t\t\t<\/div>\n\t\t\t\t<\/div>\n\t\t\t\t\t<\/div>\n\t\t\t\t<\/div>\n\t\t<div class=\"elementor-element elementor-element-f682351 protect-account e-flex e-con-boxed e-con e-child\" data-id=\"f682351\" data-element_type=\"container\">\n\t\t\t\t\t<div class=\"e-con-inner\">\n\t\t<div class=\"elementor-element elementor-element-b1ea8b5 e-con-full e-flex e-con e-child\" data-id=\"b1ea8b5\" data-element_type=\"container\">\n\t\t\t\t<div class=\"elementor-element elementor-element-9193d7a elementor-widget__width-initial elementor-widget elementor-widget-text-editor\" data-id=\"9193d7a\" data-element_type=\"widget\" data-widget_type=\"text-editor.default\">\n\t\t\t\t<div class=\"elementor-widget-container\">\n\t\t\t\t\t\t\t\t\t<h3>Aeropuerto de Congonhas, em S\u00e3o Paulo:<\/h3>\t\t\t\t\t\t\t\t<\/div>\n\t\t\t\t<\/div>\n\t\t\t\t<\/div>\n\t\t<div class=\"elementor-element elementor-element-1c59807 e-con-full lounge e-flex e-con e-child\" data-id=\"1c59807\" data-element_type=\"container\">\n\t\t\t\t<div class=\"elementor-element elementor-element-90baaa3 elementor-widget__width-initial elementor-widget elementor-widget-text-editor\" data-id=\"90baaa3\" data-element_type=\"widget\" data-widget_type=\"text-editor.default\">\n\t\t\t\t<div class=\"elementor-widget-container\">\n\t\t\t\t\t\t\t\t\t<ul><li>Puerta 5, despu\u00e9s del control de seguridad. De 4 am a 11 pm.<\/li><\/ul>\t\t\t\t\t\t\t\t<\/div>\n\t\t\t\t<\/div>\n\t\t\t\t<\/div>\n\t\t\t\t\t<\/div>\n\t\t\t\t<\/div>\n\t\t<div class=\"elementor-element elementor-element-ab9a306 protect-account e-flex e-con-boxed e-con e-child\" data-id=\"ab9a306\" data-element_type=\"container\">\n\t\t\t\t\t<div class=\"e-con-inner\">\n\t\t<div class=\"elementor-element elementor-element-6500a78 e-con-full e-flex e-con e-child\" data-id=\"6500a78\" data-element_type=\"container\">\n\t\t\t\t<div class=\"elementor-element elementor-element-0145db9 elementor-widget__width-initial elementor-widget elementor-widget-text-editor\" data-id=\"0145db9\" data-element_type=\"widget\" data-widget_type=\"text-editor.default\">\n\t\t\t\t<div class=\"elementor-widget-container\">\n\t\t\t\t\t\t\t\t\t<h3>Aeropuerto Santos Dumont, en R\u00edo de Janeiro:<\/h3>\t\t\t\t\t\t\t\t<\/div>\n\t\t\t\t<\/div>\n\t\t\t\t<\/div>\n\t\t<div class=\"elementor-element elementor-element-d8fd5f7 e-con-full lounge e-flex e-con e-child\" data-id=\"d8fd5f7\" data-element_type=\"container\">\n\t\t\t\t<div class=\"elementor-element elementor-element-8aae7aa elementor-widget__width-initial elementor-widget elementor-widget-text-editor\" data-id=\"8aae7aa\" data-element_type=\"widget\" data-widget_type=\"text-editor.default\">\n\t\t\t\t<div class=\"elementor-widget-container\">\n\t\t\t\t\t\t\t\t\t<ul><li>1er piso, antes del control de seguridad. De 5:30 am a 10:30 pm.<\/li><\/ul>\t\t\t\t\t\t\t\t<\/div>\n\t\t\t\t<\/div>\n\t\t\t\t<\/div>\n\t\t\t\t\t<\/div>\n\t\t\t\t<\/div>\n\t\t<div class=\"elementor-element elementor-element-d42c7f6 protect-account e-flex e-con-boxed e-con e-child\" data-id=\"d42c7f6\" data-element_type=\"container\">\n\t\t\t\t\t<div class=\"e-con-inner\">\n\t\t<div class=\"elementor-element elementor-element-6afa06a e-con-full e-flex e-con e-child\" data-id=\"6afa06a\" data-element_type=\"container\">\n\t\t\t\t<div class=\"elementor-element elementor-element-0db3196 elementor-widget__width-initial elementor-widget elementor-widget-text-editor\" data-id=\"0db3196\" data-element_type=\"widget\" data-widget_type=\"text-editor.default\">\n\t\t\t\t<div class=\"elementor-widget-container\">\n\t\t\t\t\t\t\t\t\t<h3>Aeropuerto de Curitiba, en Paran\u00e1:<\/h3>\t\t\t\t\t\t\t\t<\/div>\n\t\t\t\t<\/div>\n\t\t\t\t<\/div>\n\t\t<div class=\"elementor-element elementor-element-f49ef92 e-con-full lounge e-flex e-con e-child\" data-id=\"f49ef92\" data-element_type=\"container\">\n\t\t\t\t<div class=\"elementor-element elementor-element-02b193f elementor-widget__width-initial elementor-widget elementor-widget-text-editor\" data-id=\"02b193f\" data-element_type=\"widget\" data-widget_type=\"text-editor.default\">\n\t\t\t\t<div class=\"elementor-widget-container\">\n\t\t\t\t\t\t\t\t\t<ul><li>Terminal nacional, despu\u00e9s del control de seguridad.<br \/>De 5:30 am a 10:30 pm.<\/li><\/ul>\t\t\t\t\t\t\t\t<\/div>\n\t\t\t\t<\/div>\n\t\t\t\t<\/div>\n\t\t\t\t\t<\/div>\n\t\t\t\t<\/div>\n\t\t<div class=\"elementor-element elementor-element-5b4b355 protect-account e-flex e-con-boxed e-con e-child\" data-id=\"5b4b355\" data-element_type=\"container\">\n\t\t\t\t\t<div class=\"e-con-inner\">\n\t\t<div class=\"elementor-element elementor-element-ce56e4c e-con-full e-flex e-con e-child\" data-id=\"ce56e4c\" data-element_type=\"container\">\n\t\t\t\t<div class=\"elementor-element elementor-element-2891557 elementor-widget__width-initial elementor-widget elementor-widget-text-editor\" data-id=\"2891557\" data-element_type=\"widget\" data-widget_type=\"text-editor.default\">\n\t\t\t\t<div class=\"elementor-widget-container\">\n\t\t\t\t\t\t\t\t\t<h3>Aeropuerto Internacional de Brasilia:<\/h3>\t\t\t\t\t\t\t\t<\/div>\n\t\t\t\t<\/div>\n\t\t\t\t<\/div>\n\t\t<div class=\"elementor-element elementor-element-fd4e1c3 e-con-full lounge e-flex e-con e-child\" data-id=\"fd4e1c3\" data-element_type=\"container\">\n\t\t\t\t<div class=\"elementor-element elementor-element-1d07579 elementor-widget__width-initial elementor-widget elementor-widget-text-editor\" data-id=\"1d07579\" data-element_type=\"widget\" data-widget_type=\"text-editor.default\">\n\t\t\t\t<div class=\"elementor-widget-container\">\n\t\t\t\t\t\t\t\t\t<ul>\n \t<li>Club VIP Nacional: despu\u00e9s del control de seguridad, 2do piso. 24 horas.<\/li> <br>\n \t<li>Club VIP South Express: despu\u00e9s del control de seguridad, cerca de la puerta 21. De 6 am a 10 pm.<\/li> <br>\n \t<li>Club VIP North Express: despu\u00e9s del control de seguridad, muelle norte, cerca de la puerta 09. De 6 am a 10 pm.<\/li> <br>\n \t<li>Club VIP Internacional: despu\u00e9s del control de seguridad, planta baja \u2013 piso debajo de rayos X. Operaci\u00f3n seg\u00fan vuelos internacionales.<\/li>\n<\/ul>\t\t\t\t\t\t\t\t<\/div>\n\t\t\t\t<\/div>\n\t\t\t\t<\/div>\n\t\t\t\t\t<\/div>\n\t\t\t\t<\/div>\n\t\t<div class=\"elementor-element elementor-element-d03e569 protect-account e-flex e-con-boxed e-con e-child\" data-id=\"d03e569\" data-element_type=\"container\">\n\t\t\t\t\t<div class=\"e-con-inner\">\n\t\t<div class=\"elementor-element elementor-element-c84cf13 e-con-full e-flex e-con e-child\" data-id=\"c84cf13\" data-element_type=\"container\">\n\t\t\t\t<div class=\"elementor-element elementor-element-f4f35dd elementor-widget__width-initial elementor-widget elementor-widget-text-editor\" data-id=\"f4f35dd\" data-element_type=\"widget\" data-widget_type=\"text-editor.default\">\n\t\t\t\t<div class=\"elementor-widget-container\">\n\t\t\t\t\t\t\t\t\t<h3>Aeropuerto Internacional de Belo Horizonte, en Confins:<\/h3>\t\t\t\t\t\t\t\t<\/div>\n\t\t\t\t<\/div>\n\t\t\t\t<\/div>\n\t\t<div class=\"elementor-element elementor-element-5831d8c e-con-full lounge e-flex e-con e-child\" data-id=\"5831d8c\" data-element_type=\"container\">\n\t\t\t\t<div class=\"elementor-element elementor-element-60692d9 elementor-widget__width-initial elementor-widget elementor-widget-text-editor\" data-id=\"60692d9\" data-element_type=\"widget\" data-widget_type=\"text-editor.default\">\n\t\t\t\t<div class=\"elementor-widget-container\">\n\t\t\t\t\t\t\t\t\t<ul>\n \t<li>Ambaar Lounge Nacional: Ubicado despu\u00e9s de los rayos x y con acceso por escaleras, cerca de la puerta de embarque 7 y embarque remoto. De 4:30 am a 11 pm.<\/li> <br>\n \t<li>Ambaar Lounge Internacional: Terminal 2, despu\u00e9s de la verificaci\u00f3n de pasaporte, cerca de la puerta 60. Operaci\u00f3n seg\u00fan vuelos internacionales.<\/li> <br>\n \t<li>Ambaar\u00a0Lounge\u00a0Internacional: Terminal 2, despu\u00e9s de la verificaci\u00f3n de pasaporte, cerca de la puerta 60. Operaci\u00f3n seg\u00fan vuelos internacionales.<\/li>\n<\/ul>\t\t\t\t\t\t\t\t<\/div>\n\t\t\t\t<\/div>\n\t\t\t\t<\/div>\n\t\t\t\t\t<\/div>\n\t\t\t\t<\/div>\n\t\t<div class=\"elementor-element elementor-element-3f06e5a protect-account e-flex e-con-boxed e-con e-child\" data-id=\"3f06e5a\" data-element_type=\"container\">\n\t\t\t\t\t<div class=\"e-con-inner\">\n\t\t<div class=\"elementor-element elementor-element-9403fe4 e-con-full e-flex e-con e-child\" data-id=\"9403fe4\" data-element_type=\"container\">\n\t\t\t\t<div class=\"elementor-element elementor-element-a4ed1e1 elementor-widget__width-initial elementor-widget elementor-widget-text-editor\" data-id=\"a4ed1e1\" data-element_type=\"widget\" data-widget_type=\"text-editor.default\">\n\t\t\t\t<div class=\"elementor-widget-container\">\n\t\t\t\t\t\t\t\t\t<h3>Aeropuerto Internacional de Fortaleza, Pinto Martins:<\/h3>\t\t\t\t\t\t\t\t<\/div>\n\t\t\t\t<\/div>\n\t\t\t\t<\/div>\n\t\t<div class=\"elementor-element elementor-element-8b5dcb7 e-con-full lounge e-flex e-con e-child\" data-id=\"8b5dcb7\" data-element_type=\"container\">\n\t\t\t\t<div class=\"elementor-element elementor-element-0137fc5 elementor-widget__width-initial elementor-widget elementor-widget-text-editor\" data-id=\"0137fc5\" data-element_type=\"widget\" data-widget_type=\"text-editor.default\">\n\t\t\t\t<div class=\"elementor-widget-container\">\n\t\t\t\t\t\t\t\t\t<ul>\n \t<li>Ambaar Club Nacional: Despu\u00e9s del control de seguridad, terminal 1, cerca de la puerta 08. 24 horas.<\/li> <br>\n \t<li>Ambaar Club Internacional: \u00c1rea internacional, despu\u00e9s del control de pasaportes, frente a la puerta 3. Operaci\u00f3n seg\u00fan vuelos internacionales.<\/li>\n<\/ul>\t\t\t\t\t\t\t\t<\/div>\n\t\t\t\t<\/div>\n\t\t\t\t<\/div>\n\t\t\t\t\t<\/div>\n\t\t\t\t<\/div>\n\t\t<div class=\"elementor-element elementor-element-b419f19 protect-account e-flex e-con-boxed e-con e-child\" data-id=\"b419f19\" data-element_type=\"container\">\n\t\t\t\t\t<div class=\"e-con-inner\">\n\t\t<div class=\"elementor-element elementor-element-ac3728c e-con-full e-flex e-con e-child\" data-id=\"ac3728c\" data-element_type=\"container\">\n\t\t\t\t<div class=\"elementor-element elementor-element-f3fae7d elementor-widget__width-initial elementor-widget elementor-widget-text-editor\" data-id=\"f3fae7d\" data-element_type=\"widget\" data-widget_type=\"text-editor.default\">\n\t\t\t\t<div class=\"elementor-widget-container\">\n\t\t\t\t\t\t\t\t\t<h3>Aeropuerto Internacional Salgado Filho de Porto Alegre:<\/h3>\t\t\t\t\t\t\t\t<\/div>\n\t\t\t\t<\/div>\n\t\t\t\t<\/div>\n\t\t<div class=\"elementor-element elementor-element-ec59856 e-con-full lounge e-flex e-con e-child\" data-id=\"ec59856\" data-element_type=\"container\">\n\t\t\t\t<div class=\"elementor-element elementor-element-29d21c6 elementor-widget__width-initial elementor-widget elementor-widget-text-editor\" data-id=\"29d21c6\" data-element_type=\"widget\" data-widget_type=\"text-editor.default\">\n\t\t\t\t<div class=\"elementor-widget-container\">\n\t\t\t\t\t\t\t\t\t<ul>\n \t<li>Ambaar Club Nacional: Despu\u00e9s del control de seguridad, cerca de las puertas 117 y 118 (piso entrepiso). 24 horas.<\/li> <br>\n \t<li>Ambaar Club Internacional: Despu\u00e9s del control de seguridad, terminal internacional, 2do piso, cerca de las puertas 101 y 102. 24 horas.<\/li>\n<\/ul>\t\t\t\t\t\t\t\t<\/div>\n\t\t\t\t<\/div>\n\t\t\t\t<\/div>\n\t\t\t\t\t<\/div>\n\t\t\t\t<\/div>\n\t\t<div class=\"elementor-element elementor-element-6b0a72c protect-account e-flex e-con-boxed e-con e-child\" data-id=\"6b0a72c\" data-element_type=\"container\">\n\t\t\t\t\t<div class=\"e-con-inner\">\n\t\t<div class=\"elementor-element elementor-element-81fac39 e-con-full e-flex e-con e-child\" data-id=\"81fac39\" data-element_type=\"container\">\n\t\t\t\t<div class=\"elementor-element elementor-element-9e4620e elementor-widget__width-initial elementor-widget elementor-widget-text-editor\" data-id=\"9e4620e\" data-element_type=\"widget\" data-widget_type=\"text-editor.default\">\n\t\t\t\t<div class=\"elementor-widget-container\">\n\t\t\t\t\t\t\t\t\t<h3>Aeropuerto Internacional de Salvador:<\/h3>\t\t\t\t\t\t\t\t<\/div>\n\t\t\t\t<\/div>\n\t\t\t\t<\/div>\n\t\t<div class=\"elementor-element elementor-element-0c3d642 e-con-full lounge e-flex e-con e-child\" data-id=\"0c3d642\" data-element_type=\"container\">\n\t\t\t\t<div class=\"elementor-element elementor-element-16a7f10 elementor-widget__width-initial elementor-widget elementor-widget-text-editor\" data-id=\"16a7f10\" data-element_type=\"widget\" data-widget_type=\"text-editor.default\">\n\t\t\t\t<div class=\"elementor-widget-container\">\n\t\t\t\t\t\t\t\t\t<ul>\n \t<li>Ambaar Club: Antes del control de seguridad y rayos X, cerca del \u00e1rea de acceso a las puertas de embarque, a la derecha. De 7 am a 7 pm.<\/li> <br>\n \t<li>Ambaar Club: Despu\u00e9s del control de seguridad y rayos X, saliendo de la tienda Dufry, a la derecha, hacia las puertas de embarque 18-23. 24 horas.<\/li>\n<\/ul>\t\t\t\t\t\t\t\t<\/div>\n\t\t\t\t<\/div>\n\t\t\t\t<\/div>\n\t\t\t\t\t<\/div>\n\t\t\t\t<\/div>\n\t\t<div class=\"elementor-element elementor-element-55c1b13 protect-account e-flex e-con-boxed e-con e-child\" data-id=\"55c1b13\" data-element_type=\"container\">\n\t\t\t\t\t<div class=\"e-con-inner\">\n\t\t<div class=\"elementor-element elementor-element-bd243c6 e-con-full e-flex e-con e-child\" data-id=\"bd243c6\" data-element_type=\"container\">\n\t\t\t\t<div class=\"elementor-element elementor-element-853650d elementor-widget__width-initial elementor-widget elementor-widget-text-editor\" data-id=\"853650d\" data-element_type=\"widget\" data-widget_type=\"text-editor.default\">\n\t\t\t\t<div class=\"elementor-widget-container\">\n\t\t\t\t\t\t\t\t\t<h3>Aeropuerto Internacional de Viracopos:<\/h3>\t\t\t\t\t\t\t\t<\/div>\n\t\t\t\t<\/div>\n\t\t\t\t<\/div>\n\t\t<div class=\"elementor-element elementor-element-c4d137f e-con-full lounge e-flex e-con e-child\" data-id=\"c4d137f\" data-element_type=\"container\">\n\t\t\t\t<div class=\"elementor-element elementor-element-8168778 elementor-widget__width-initial elementor-widget elementor-widget-text-editor\" data-id=\"8168778\" data-element_type=\"widget\" data-widget_type=\"text-editor.default\">\n\t\t\t\t<div class=\"elementor-widget-container\">\n\t\t\t\t\t\t\t\t\t<ul><li><p>Ambaar Club \u2013 Despu\u00e9s del control de seguridad, cerca del corredor de acceso a las puertas de embarque. 24 horas.<\/p><\/li><\/ul>\t\t\t\t\t\t\t\t<\/div>\n\t\t\t\t<\/div>\n\t\t\t\t<\/div>\n\t\t\t\t\t<\/div>\n\t\t\t\t<\/div>\n\t\t\t\t\t<\/div>\n\t\t\t\t<\/div>\n\t\t<div class=\"elementor-element elementor-element-036a7a2 e-flex e-con-boxed e-con e-parent\" data-id=\"036a7a2\" data-element_type=\"container\">\n\t\t\t\t\t<div class=\"e-con-inner\">\n\t\t\t\t<div class=\"elementor-element elementor-element-3f0b64c elementor-widget__width-initial elementor-widget elementor-widget-text-editor\" data-id=\"3f0b64c\" data-element_type=\"widget\" data-widget_type=\"text-editor.default\">\n\t\t\t\t<div class=\"elementor-widget-container\">\n\t\t\t\t\t\t\t\t\tLos titulares de la tarjeta Visa Signature del Banco Bradesco tienen acceso gratuito e ilimitado a las salas VIP de Bradesco, con acceso a 1 (un) acompa\u00f1ante y ni\u00f1os de hasta 16 a\u00f1os. Para consultar todos los detalles y los T\u00e9rminos y Condiciones, visita <span style=\"text-decoration: underline;\"><a href=\"#lounge-vip\">banco.bradesco\/salavip<\/a><\/span>.\t\t\t\t\t\t\t\t<\/div>\n\t\t\t\t<\/div>\n\t\t\t\t\t<\/div>\n\t\t\t\t<\/div>\n\t\t\t\t<\/div>\n\t\t","protected":false},"excerpt":{"rendered":"<p>Sal\u00f3n Bradesco Aeropuerto Internacional de Guarulhos, en S\u00e3o Paulo: Terminal 3, internacional, despu\u00e9s del control de seguridad,1er piso. 24 horas. Terminal 2, nacional, 1er piso, despu\u00e9s del control de seguridad.De 6 am a 11 pm. Aeropuerto de Congonhas, em S\u00e3o Paulo: Puerta 5, despu\u00e9s del control de seguridad. De 4 am a 11 pm. Aeropuerto [&hellip;]<\/p>\n","protected":false},"author":2,"featured_media":0,"parent":0,"menu_order":0,"comment_status":"closed","ping_status":"closed","template":"","meta":{"_acf_changed":false,"slim_seo":{"title":"Bradesco Lounge - Bradesco Bank","description":"Sal\u00f3n Bradesco Aeropuerto Internacional de Guarulhos, en S\u00e3o Paulo: Terminal 3, internacional, despu\u00e9s del control de seguridad, 1er piso. 24 horas. Terminal 2,"},"footnotes":""},"class_list":["post-9704","page","type-page","status-publish","hentry"],"blocksy_meta":[],"acf":[],"_links":{"self":[{"href":"https:\/\/bradescobank.com\/es\/wp-json\/wp\/v2\/pages\/9704","targetHints":{"allow":["GET"]}}],"collection":[{"href":"https:\/\/bradescobank.com\/es\/wp-json\/wp\/v2\/pages"}],"about":[{"href":"https:\/\/bradescobank.com\/es\/wp-json\/wp\/v2\/types\/page"}],"author":[{"embeddable":true,"href":"https:\/\/bradescobank.com\/es\/wp-json\/wp\/v2\/users\/2"}],"replies":[{"embeddable":true,"href":"https:\/\/bradescobank.com\/es\/wp-json\/wp\/v2\/comments?post=9704"}],"version-history":[{"count":28,"href":"https:\/\/bradescobank.com\/es\/wp-json\/wp\/v2\/pages\/9704\/revisions"}],"predecessor-version":[{"id":14556,"href":"https:\/\/bradescobank.com\/es\/wp-json\/wp\/v2\/pages\/9704\/revisions\/14556"}],"wp:attachment":[{"href":"https:\/\/bradescobank.com\/es\/wp-json\/wp\/v2\/media?parent=9704"}],"curies":[{"name":"wp","href":"https:\/\/api.w.org\/{rel}","templated":true}]}}