{"id":9795,"date":"2024-06-10T07:15:06","date_gmt":"2024-06-10T10:15:06","guid":{"rendered":"https:\/\/bradescobank.com\/ayuda\/"},"modified":"2025-12-15T10:47:49","modified_gmt":"2025-12-15T13:47:49","slug":"ayuda","status":"publish","type":"page","link":"https:\/\/bradescobank.com\/es\/ayuda\/","title":{"rendered":"Help"},"content":{"rendered":"\t\t<div data-elementor-type=\"wp-page\" data-elementor-id=\"9795\" class=\"elementor elementor-9795 elementor-1481\" data-elementor-post-type=\"page\">\n\t\t\t\t<div class=\"elementor-element elementor-element-93efab2 e-con-full e-flex e-con e-parent\" data-id=\"93efab2\" data-element_type=\"container\" data-settings=\"{&quot;background_background&quot;:&quot;classic&quot;}\">\n\t\t\t\t<div class=\"elementor-element elementor-element-b066e68 elementor-widget elementor-widget-text-editor\" data-id=\"b066e68\" data-element_type=\"widget\" data-widget_type=\"text-editor.default\">\n\t\t\t\t<div class=\"elementor-widget-container\">\n\t\t\t\t\t\t\t\t\t<h1>\u00bfC\u00f3mo podemos ayudarte?<\/h1>\t\t\t\t\t\t\t\t<\/div>\n\t\t\t\t<\/div>\n\t\t\t\t<\/div>\n\t\t<div class=\"elementor-element elementor-element-0b35093 e-con-full e-flex e-con e-parent\" data-id=\"0b35093\" data-element_type=\"container\" data-settings=\"{&quot;background_background&quot;:&quot;classic&quot;}\">\n\t\t\t\t<\/div>\n\t\t<div class=\"elementor-element elementor-element-3012ebd e-flex e-con-boxed e-con e-parent\" data-id=\"3012ebd\" data-element_type=\"container\" data-settings=\"{&quot;background_background&quot;:&quot;classic&quot;}\">\n\t\t\t\t\t<div class=\"e-con-inner\">\n\t\t\t\t<div class=\"elementor-element elementor-element-36f6f2d elementor-widget elementor-widget-text-editor\" data-id=\"36f6f2d\" data-element_type=\"widget\" data-widget_type=\"text-editor.default\">\n\t\t\t\t<div class=\"elementor-widget-container\">\n\t\t\t\t\t\t\t\t\t<p>Nuestra Informaci\u00f3n de contacto<\/p>\t\t\t\t\t\t\t\t<\/div>\n\t\t\t\t<\/div>\n\t\t\t\t\t<\/div>\n\t\t\t\t<\/div>\n\t\t<div class=\"elementor-element elementor-element-81ae845 e-con-full e-flex e-con e-parent\" data-id=\"81ae845\" data-element_type=\"container\" data-settings=\"{&quot;background_background&quot;:&quot;classic&quot;}\">\n\t\t<div class=\"elementor-element elementor-element-2edea40 e-con-full elementor-hidden-mobile e-flex e-con e-child\" data-id=\"2edea40\" data-element_type=\"container\" data-settings=\"{&quot;background_background&quot;:&quot;classic&quot;}\">\n\t\t\t\t<\/div>\n\t\t<div class=\"elementor-element elementor-element-a6f4f61 e-flex e-con-boxed e-con e-child\" data-id=\"a6f4f61\" data-element_type=\"container\">\n\t\t\t\t\t<div class=\"e-con-inner\">\n\t\t<div class=\"elementor-element elementor-element-a7cc2c5 e-con-full e-flex e-con e-child\" data-id=\"a7cc2c5\" data-element_type=\"container\">\n\t\t<div class=\"elementor-element elementor-element-523e5aa e-con-full e-flex e-con e-child\" data-id=\"523e5aa\" data-element_type=\"container\">\n\t\t\t\t<div class=\"elementor-element elementor-element-cddbf87 ticker-calendar elementor-widget elementor-widget-text-editor\" data-id=\"cddbf87\" data-element_type=\"widget\" data-widget_type=\"text-editor.default\">\n\t\t\t\t<div class=\"elementor-widget-container\">\n\t\t\t\t\t\t\t\t\t<h3>OFICINA COMERCIAL<\/h3>\t\t\t\t\t\t\t\t<\/div>\n\t\t\t\t<\/div>\n\t\t<div class=\"elementor-element elementor-element-757aa3d e-con-full e-flex e-con e-child\" data-id=\"757aa3d\" data-element_type=\"container\">\n\t\t\t\t<div class=\"elementor-element elementor-element-34d2531 elementor-widget elementor-widget-text-editor\" data-id=\"34d2531\" data-element_type=\"widget\" data-widget_type=\"text-editor.default\">\n\t\t\t\t<div class=\"elementor-widget-container\">\n\t\t\t\t\t\t\t\t\t<p>Lunes a Jueves<\/p>\t\t\t\t\t\t\t\t<\/div>\n\t\t\t\t<\/div>\n\t\t\t\t<div class=\"elementor-element elementor-element-f3aac56 elementor-widget elementor-widget-text-editor\" data-id=\"f3aac56\" data-element_type=\"widget\" data-widget_type=\"text-editor.default\">\n\t\t\t\t<div class=\"elementor-widget-container\">\n\t\t\t\t\t\t\t\t\t<p>9am a 4pm hora del Este<\/p>\t\t\t\t\t\t\t\t<\/div>\n\t\t\t\t<\/div>\n\t\t\t\t<\/div>\n\t\t<div class=\"elementor-element elementor-element-213353c e-con-full e-flex e-con e-child\" data-id=\"213353c\" data-element_type=\"container\">\n\t\t\t\t<div class=\"elementor-element elementor-element-3c7a9dd elementor-widget elementor-widget-text-editor\" data-id=\"3c7a9dd\" data-element_type=\"widget\" data-widget_type=\"text-editor.default\">\n\t\t\t\t<div class=\"elementor-widget-container\">\n\t\t\t\t\t\t\t\t\t<p>VIERNES<\/p>\t\t\t\t\t\t\t\t<\/div>\n\t\t\t\t<\/div>\n\t\t\t\t<div class=\"elementor-element elementor-element-c8adf9a elementor-widget elementor-widget-text-editor\" data-id=\"c8adf9a\" data-element_type=\"widget\" data-widget_type=\"text-editor.default\">\n\t\t\t\t<div class=\"elementor-widget-container\">\n\t\t\t\t\t\t\t\t\t<p>9am a 5pm hora del Este<\/p>\t\t\t\t\t\t\t\t<\/div>\n\t\t\t\t<\/div>\n\t\t\t\t<\/div>\n\t\t<div class=\"elementor-element elementor-element-1ca5f1d e-con-full e-flex e-con e-child\" data-id=\"1ca5f1d\" data-element_type=\"container\">\n\t\t<div class=\"elementor-element elementor-element-84b554a e-con-full e-flex e-con e-child\" data-id=\"84b554a\" data-element_type=\"container\">\n\t\t\t\t<div class=\"elementor-element elementor-element-f5ad4cd ticker-calendar elementor-widget elementor-widget-text-editor\" data-id=\"f5ad4cd\" data-element_type=\"widget\" data-widget_type=\"text-editor.default\">\n\t\t\t\t<div class=\"elementor-widget-container\">\n\t\t\t\t\t\t\t\t\t<p><strong>SEDE<\/strong><\/p>\t\t\t\t\t\t\t\t<\/div>\n\t\t\t\t<\/div>\n\t\t\t\t<div class=\"elementor-element elementor-element-1b29e8d elementor-widget elementor-widget-text-editor\" data-id=\"1b29e8d\" data-element_type=\"widget\" data-widget_type=\"text-editor.default\">\n\t\t\t\t<div class=\"elementor-widget-container\">\n\t\t\t\t\t\t\t\t\t<p><span style=\"font-weight: 500;\">305-789-7000 <img loading=\"lazy\" loading=\"lazy\" decoding=\"async\" class=\"alignnone size-full wp-image-4440\" src=\"http:\/\/bradescobank.com\/wp-content\/uploads\/2024\/06\/us.svg\" alt=\"Us\" width=\"18\" height=\"12\" \/><\/span><\/p>\t\t\t\t\t\t\t\t<\/div>\n\t\t\t\t<\/div>\n\t\t\t\t<div class=\"elementor-element elementor-element-7f2d912 elementor-widget elementor-widget-text-editor\" data-id=\"7f2d912\" data-element_type=\"widget\" data-widget_type=\"text-editor.default\">\n\t\t\t\t<div class=\"elementor-widget-container\">\n\t\t\t\t\t\t\t\t\t<p>LUNES A VIERNES<br \/>9:00 am a 5:00 pm hora del Este<\/p>\t\t\t\t\t\t\t\t<\/div>\n\t\t\t\t<\/div>\n\t\t\t\t<div class=\"elementor-element elementor-element-e356090 ticker-calendar elementor-widget elementor-widget-text-editor\" data-id=\"e356090\" data-element_type=\"widget\" data-widget_type=\"text-editor.default\">\n\t\t\t\t<div class=\"elementor-widget-container\">\n\t\t\t\t\t\t\t\t\t<h3><strong>SERVICIO AL CLIENTE<\/strong><\/h3>\t\t\t\t\t\t\t\t<\/div>\n\t\t\t\t<\/div>\n\t\t\t\t<div class=\"elementor-element elementor-element-47ae5db elementor-widget elementor-widget-text-editor\" data-id=\"47ae5db\" data-element_type=\"widget\" data-widget_type=\"text-editor.default\">\n\t\t\t\t<div class=\"elementor-widget-container\">\n\t\t\t\t\t\t\t\t\t<p>305-789-8077  <img loading=\"lazy\" loading=\"lazy\" decoding=\"async\" class=\"alignnone size-full wp-image-4440\" src=\"http:\/\/bradescobank.com\/wp-content\/uploads\/2024\/06\/us.svg\" alt=\"Us\" width=\"18\" height=\"12\"><\/p>\n\t\t\t\t\t\t\t\t<\/div>\n\t\t\t\t<\/div>\n\t\t\t\t<div class=\"elementor-element elementor-element-3490b12 elementor-widget elementor-widget-text-editor\" data-id=\"3490b12\" data-element_type=\"widget\" data-widget_type=\"text-editor.default\">\n\t\t\t\t<div class=\"elementor-widget-container\">\n\t\t\t\t\t\t\t\t\t<p>LUNES A VIERNES<br \/>8:30am\u00a0a 5:30pm hora del Este<\/p>\t\t\t\t\t\t\t\t<\/div>\n\t\t\t\t<\/div>\n\t\t\t\t<div class=\"elementor-element elementor-element-7099be0 elementor-widget elementor-widget-text-editor\" data-id=\"7099be0\" data-element_type=\"widget\" data-widget_type=\"text-editor.default\">\n\t\t\t\t<div class=\"elementor-widget-container\">\n\t\t\t\t\t\t\t\t\t<p>o<\/p>\t\t\t\t\t\t\t\t<\/div>\n\t\t\t\t<\/div>\n\t\t\t\t<div class=\"elementor-element elementor-element-a52549c elementor-widget elementor-widget-text-editor\" data-id=\"a52549c\" data-element_type=\"widget\" data-widget_type=\"text-editor.default\">\n\t\t\t\t<div class=\"elementor-widget-container\">\n\t\t\t\t\t\t\t\t\t<p>844-445-5784 <img loading=\"lazy\" loading=\"lazy\" decoding=\"async\" class=\"alignnone size-full wp-image-4440\" src=\"http:\/\/bradescobank.com\/wp-content\/uploads\/2024\/06\/us.svg\" alt=\"Us\" width=\"18\" height=\"12\" \/><br \/>0800-771-2723 <img loading=\"lazy\" loading=\"lazy\" decoding=\"async\" class=\"alignnone size-medium wp-image-5376\" src=\"http:\/\/bradescobank.com\/wp-content\/uploads\/2024\/07\/br-flag-2.png\" alt=\"Br Flag 2\" width=\"18\" height=\"12\" \/><\/p>\t\t\t\t\t\t\t\t<\/div>\n\t\t\t\t<\/div>\n\t\t\t\t<div class=\"elementor-element elementor-element-6d2db77 elementor-widget elementor-widget-text-editor\" data-id=\"6d2db77\" data-element_type=\"widget\" data-widget_type=\"text-editor.default\">\n\t\t\t\t<div class=\"elementor-widget-container\">\n\t\t\t\t\t\t\t\t\t<p>LUNES A DOMINGO<br \/>6am\u00a0a 10 pm hora del Este<\/p>\t\t\t\t\t\t\t\t<\/div>\n\t\t\t\t<\/div>\n\t\t\t\t<\/div>\n\t\t\t\t<\/div>\n\t\t\t\t<\/div>\n\t\t<div class=\"elementor-element elementor-element-399209e e-con-full e-flex e-con e-child\" data-id=\"399209e\" data-element_type=\"container\">\n\t\t<div class=\"elementor-element elementor-element-5a5f1c1 e-con-full e-flex e-con e-child\" data-id=\"5a5f1c1\" data-element_type=\"container\">\n\t\t<div class=\"elementor-element elementor-element-b3cf9fa e-con-full e-flex e-con e-child\" data-id=\"b3cf9fa\" data-element_type=\"container\">\n\t\t<div class=\"elementor-element elementor-element-2ef5218 e-con-full e-flex e-con e-child\" data-id=\"2ef5218\" data-element_type=\"container\">\n\t\t\t\t<div class=\"elementor-element elementor-element-6413d7f ticker-calendar elementor-widget elementor-widget-text-editor\" data-id=\"6413d7f\" data-element_type=\"widget\" data-widget_type=\"text-editor.default\">\n\t\t\t\t<div class=\"elementor-widget-container\">\n\t\t\t\t\t\t\t\t\t<h3><strong>CORREO ELECTR\u00d3NICO<\/strong><\/h3>\t\t\t\t\t\t\t\t<\/div>\n\t\t\t\t<\/div>\n\t\t\t\t<div class=\"elementor-element elementor-element-aec51dc elementor-widget elementor-widget-text-editor\" data-id=\"aec51dc\" data-element_type=\"widget\" data-widget_type=\"text-editor.default\">\n\t\t\t\t<div class=\"elementor-widget-container\">\n\t\t\t\t\t\t\t\t\t<p><strong>Para consultas generales:<\/strong><br \/><a href=\"mailto:contacto@bradescobank.com\">contact@bradescobank.com<\/a><\/p>\t\t\t\t\t\t\t\t<\/div>\n\t\t\t\t<\/div>\n\t\t\t\t<div class=\"elementor-element elementor-element-3f3b3be elementor-widget elementor-widget-text-editor\" data-id=\"3f3b3be\" data-element_type=\"widget\" data-widget_type=\"text-editor.default\">\n\t\t\t\t<div class=\"elementor-widget-container\">\n\t\t\t\t\t\t\t\t\t<p><strong>Para consultas de inversi\u00f3n:<\/strong><br \/>investments@bradescobank.com<\/p>\t\t\t\t\t\t\t\t<\/div>\n\t\t\t\t<\/div>\n\t\t\t\t<\/div>\n\t\t\t\t<\/div>\n\t\t\t\t<\/div>\n\t\t\t\t<\/div>\n\t\t\t\t<\/div>\n\t\t<div class=\"elementor-element elementor-element-0d9ea73 e-con-full e-flex e-con e-child\" data-id=\"0d9ea73\" data-element_type=\"container\">\n\t\t<div class=\"elementor-element elementor-element-6aca6cb e-con-full protect-account elementor-hidden-mobile e-flex e-con e-child\" data-id=\"6aca6cb\" data-element_type=\"container\">\n\t\t\t\t<div class=\"elementor-element elementor-element-c6cbdb4 elementor-widget elementor-widget-text-editor\" data-id=\"c6cbdb4\" data-element_type=\"widget\" data-widget_type=\"text-editor.default\">\n\t\t\t\t<div class=\"elementor-widget-container\">\n\t\t\t\t\t\t\t\t\t<p>Nota:<br \/>Para su protecci\u00f3n, cuando se comunique con nosotros por correo electr\u00f3nico, NO incluya ninguna informaci\u00f3n confidencial.<\/p>\t\t\t\t\t\t\t\t<\/div>\n\t\t\t\t<\/div>\n\t\t\t\t<\/div>\n\t\t\t\t<\/div>\n\t\t\t\t\t<\/div>\n\t\t\t\t<\/div>\n\t\t\t\t<\/div>\n\t\t<div class=\"elementor-element elementor-element-ca348c2 elementor-hidden-desktop elementor-hidden-tablet_extra elementor-hidden-tablet e-con-full elementor-hidden-laptop e-flex e-con e-parent\" data-id=\"ca348c2\" data-element_type=\"container\" data-settings=\"{&quot;background_background&quot;:&quot;classic&quot;}\">\n\t\t<div class=\"elementor-element elementor-element-9d1c0bc e-con-full e-flex e-con e-child\" data-id=\"9d1c0bc\" data-element_type=\"container\">\n\t\t<div class=\"elementor-element elementor-element-688df45 e-con-full protect-account e-flex e-con e-child\" data-id=\"688df45\" data-element_type=\"container\">\n\t\t\t\t<div class=\"elementor-element elementor-element-941bb04 elementor-widget elementor-widget-text-editor\" data-id=\"941bb04\" data-element_type=\"widget\" data-widget_type=\"text-editor.default\">\n\t\t\t\t<div class=\"elementor-widget-container\">\n\t\t\t\t\t\t\t\t\t<p>Nota:<br \/>Para su protecci\u00f3n, cuando se comunique con nosotros por correo electr\u00f3nico, NO incluya ninguna informaci\u00f3n confidencial.<\/p>\t\t\t\t\t\t\t\t<\/div>\n\t\t\t\t<\/div>\n\t\t\t\t<\/div>\n\t\t\t\t<div class=\"elementor-element elementor-element-e43b7b2 elementor-widget elementor-widget-text-editor\" data-id=\"e43b7b2\" data-element_type=\"widget\" data-widget_type=\"text-editor.default\">\n\t\t\t\t<div class=\"elementor-widget-container\">\n\t\t\t\t\t\t\t\t\t<p><img loading=\"lazy\" loading=\"lazy\" decoding=\"async\" class=\"img-repeat\" src=\"https:\/\/bradescobank.com\/wp-content\/uploads\/2024\/06\/repeticao-de-grade-1.png\" alt=\"\" width=\"9\" height=\"9\"> Bradesco Bank<br \/><img loading=\"lazy\" loading=\"lazy\" decoding=\"async\" class=\"img-repeat\" src=\"https:\/\/bradescobank.com\/wp-content\/uploads\/2024\/06\/repeticao-de-grade-1.png\" alt=\"\" width=\"9\" height=\"9\"> 3011 Ponce de Leon Blvd, PH1, Coral Gables, FL 33134<\/p>\n\t\t\t\t\t\t\t\t<\/div>\n\t\t\t\t<\/div>\n\t\t\t\t<\/div>\n\t\t\t\t<\/div>\n\t\t<div class=\"elementor-element elementor-element-58cd61f elementor-hidden-mobile e-flex e-con-boxed e-con e-parent\" data-id=\"58cd61f\" data-element_type=\"container\" data-settings=\"{&quot;background_background&quot;:&quot;classic&quot;}\">\n\t\t\t\t\t<div class=\"e-con-inner\">\n\t\t\t\t<div class=\"elementor-element elementor-element-865d32d elementor-widget elementor-widget-text-editor\" data-id=\"865d32d\" data-element_type=\"widget\" data-widget_type=\"text-editor.default\">\n\t\t\t\t<div class=\"elementor-widget-container\">\n\t\t\t\t\t\t\t\t\t<p>Bradesco Bank <img loading=\"lazy\" loading=\"lazy\" decoding=\"async\" class=\"img-repeat\" src=\"https:\/\/bradescobank.com\/wp-content\/uploads\/2024\/06\/repeticao-de-grade-1.png\" alt=\"\" width=\"9\" height=\"9\"> 3011 Ponce de Leon Blvd, PH1, Coral Gables, FL 33134<\/p>\n\t\t\t\t\t\t\t\t<\/div>\n\t\t\t\t<\/div>\n\t\t\t\t\t<\/div>\n\t\t\t\t<\/div>\n\t\t\t\t<\/div>\n\t\t","protected":false},"excerpt":{"rendered":"<p>\u00bfC\u00f3mo podemos ayudarte? Nuestra Informaci\u00f3n de contacto OFICINA COMERCIAL Lunes a Jueves 9am a 4pm hora del Este VIERNES 9am a 5pm hora del Este SEDE 305-789-7000 LUNES A VIERNES9:00 am a 5:00 pm hora del Este SERVICIO AL CLIENTE 305-789-8077 LUNES A VIERNES8:30am\u00a0a 5:30pm hora del Este o 844-445-5784 0800-771-2723 LUNES A DOMINGO6am\u00a0a 10 [&hellip;]<\/p>\n","protected":false},"author":2,"featured_media":0,"parent":0,"menu_order":0,"comment_status":"closed","ping_status":"closed","template":"","meta":{"_acf_changed":false,"slim_seo":{"description":"\u00bfC\u00f3mo podemos ayudarte? Nuestra Informaci\u00f3n de contacto OFICINA COMERCIAL Lunes a Jueves 9am a 4pm hora del Este VIERNES 9am a 5pm hora del Este SEDE 305-789-70","title":"Help - Bradesco Bank"},"footnotes":""},"class_list":["post-9795","page","type-page","status-publish","hentry"],"blocksy_meta":[],"acf":[],"_links":{"self":[{"href":"https:\/\/bradescobank.com\/es\/wp-json\/wp\/v2\/pages\/9795","targetHints":{"allow":["GET"]}}],"collection":[{"href":"https:\/\/bradescobank.com\/es\/wp-json\/wp\/v2\/pages"}],"about":[{"href":"https:\/\/bradescobank.com\/es\/wp-json\/wp\/v2\/types\/page"}],"author":[{"embeddable":true,"href":"https:\/\/bradescobank.com\/es\/wp-json\/wp\/v2\/users\/2"}],"replies":[{"embeddable":true,"href":"https:\/\/bradescobank.com\/es\/wp-json\/wp\/v2\/comments?post=9795"}],"version-history":[{"count":37,"href":"https:\/\/bradescobank.com\/es\/wp-json\/wp\/v2\/pages\/9795\/revisions"}],"predecessor-version":[{"id":16286,"href":"https:\/\/bradescobank.com\/es\/wp-json\/wp\/v2\/pages\/9795\/revisions\/16286"}],"wp:attachment":[{"href":"https:\/\/bradescobank.com\/es\/wp-json\/wp\/v2\/media?parent=9795"}],"curies":[{"name":"wp","href":"https:\/\/api.w.org\/{rel}","templated":true}]}}