{"id":9974,"date":"2024-10-02T15:20:18","date_gmt":"2024-10-02T18:20:18","guid":{"rendered":"https:\/\/bradescobank.com\/careers\/"},"modified":"2026-03-24T10:51:52","modified_gmt":"2026-03-24T13:51:52","slug":"carreras","status":"publish","type":"page","link":"https:\/\/bradescobank.com\/es\/carreras\/","title":{"rendered":"Carreras"},"content":{"rendered":"\t\t<div data-elementor-type=\"wp-page\" data-elementor-id=\"9974\" class=\"elementor elementor-9974 elementor-6573\" data-elementor-post-type=\"page\">\n\t\t\t\t<div class=\"elementor-element elementor-element-eb18198 e-con-full e-flex e-con e-parent\" data-id=\"eb18198\" data-element_type=\"container\" data-settings=\"{&quot;background_background&quot;:&quot;classic&quot;}\">\n\t\t<div class=\"elementor-element elementor-element-a2edb14 e-con-full e-flex e-con e-child\" data-id=\"a2edb14\" data-element_type=\"container\" data-settings=\"{&quot;background_background&quot;:&quot;classic&quot;}\">\n\t\t\t\t<div class=\"elementor-element elementor-element-3f10c2e titulo-header2 elementor-widget elementor-widget-text-editor\" data-id=\"3f10c2e\" data-element_type=\"widget\" data-widget_type=\"text-editor.default\">\n\t\t\t\t<div class=\"elementor-widget-container\">\n\t\t\t\t\t\t\t\t\t<h1 style=\"text-align: left;\">\u00danase a un equipo multidisciplinario y diverso<\/h1>\n\t\t\t\t\t\t\t\t<\/div>\n\t\t\t\t<\/div>\n\t\t\t\t<\/div>\n\t\t\t\t<\/div>\n\t\t<div class=\"elementor-element elementor-element-1e5579e e-con-full e-flex e-con e-parent\" data-id=\"1e5579e\" data-element_type=\"container\" data-settings=\"{&quot;background_background&quot;:&quot;classic&quot;}\">\n\t\t\t\t<\/div>\n\t\t<div class=\"elementor-element elementor-element-4d27485 e-flex e-con-boxed e-con e-parent\" data-id=\"4d27485\" data-element_type=\"container\" data-settings=\"{&quot;background_background&quot;:&quot;classic&quot;}\">\n\t\t\t\t\t<div class=\"e-con-inner\">\n\t\t\t\t<div class=\"elementor-element elementor-element-f1c01d2 subtitulo-br elementor-widget elementor-widget-text-editor\" data-id=\"f1c01d2\" data-element_type=\"widget\" data-widget_type=\"text-editor.default\">\n\t\t\t\t<div class=\"elementor-widget-container\">\n\t\t\t\t\t\t\t\t\t<p>Bradesco Bank ofrece un entorno diverso, con un equipo multicultural de profesionales que representan 27 nacionalidades diferentes y un 50 % de mujeres en puestos de liderazgo.<\/p>\n<p>\u00a1Sea parte de Bradesco Bank!<\/p>\n\t\t\t\t\t\t\t\t<\/div>\n\t\t\t\t<\/div>\n\t\t\t\t\t<\/div>\n\t\t\t\t<\/div>\n\t\t<div class=\"elementor-element elementor-element-adbc8f3 e-flex e-con-boxed e-con e-parent\" data-id=\"adbc8f3\" data-element_type=\"container\" data-settings=\"{&quot;background_background&quot;:&quot;classic&quot;}\">\n\t\t\t\t\t<div class=\"e-con-inner\">\n\t\t\t\t<div class=\"elementor-element elementor-element-7d21005 elementor-absolute elementor-widget elementor-widget-image\" data-id=\"7d21005\" data-element_type=\"widget\" data-settings=\"{&quot;_position&quot;:&quot;absolute&quot;}\" data-widget_type=\"image.default\">\n\t\t\t\t<div class=\"elementor-widget-container\">\n\t\t\t\t\t\t\t\t\t\t\t\t\t\t\t<img decoding=\"async\" width=\"123\" height=\"167\" src=\"https:\/\/bradescobank.com\/wp-content\/uploads\/2024\/10\/detail-carrers-1.png\" class=\"attachment-large size-large wp-image-9975\" alt=\"Detail carrers\" loading=\"eager\" \/>\t\t\t\t\t\t\t\t\t\t\t\t\t\t\t<\/div>\n\t\t\t\t<\/div>\n\t\t\t\t<div class=\"elementor-element elementor-element-a67b587 tam-seg-titulo elementor-widget elementor-widget-text-editor\" data-id=\"a67b587\" data-element_type=\"widget\" data-widget_type=\"text-editor.default\">\n\t\t\t\t<div class=\"elementor-widget-container\">\n\t\t\t\t\t\t\t\t\t<p>Consulte nuestras vacantes disponibles<\/p>\t\t\t\t\t\t\t\t<\/div>\n\t\t\t\t<\/div>\n\t\t\t\t\t<\/div>\n\t\t\t\t<\/div>\n\t\t<div class=\"elementor-element elementor-element-8ee303e e-flex e-con-boxed e-con e-parent\" data-id=\"8ee303e\" data-element_type=\"container\" data-settings=\"{&quot;background_background&quot;:&quot;classic&quot;}\">\n\t\t\t\t\t<div class=\"e-con-inner\">\n\t\t<div class=\"elementor-element elementor-element-aa21ff2 e-con-full e-flex e-con e-child\" data-id=\"aa21ff2\" data-element_type=\"container\">\n\t\t<div class=\"elementor-element elementor-element-7b6552b e-con-full degrade-box e-flex e-con e-child\" data-id=\"7b6552b\" data-element_type=\"container\" data-settings=\"{&quot;background_background&quot;:&quot;classic&quot;}\">\n\t\t<div class=\"elementor-element elementor-element-03b34fa e-flex e-con-boxed e-con e-child\" data-id=\"03b34fa\" data-element_type=\"container\">\n\t\t\t\t\t<div class=\"e-con-inner\">\n\t\t\t\t<div class=\"elementor-element elementor-element-4805e26 elementor-widget elementor-widget-text-editor\" data-id=\"4805e26\" data-element_type=\"widget\" data-widget_type=\"text-editor.default\">\n\t\t\t\t<div class=\"elementor-widget-container\">\n\t\t\t\t\t\t\t\t\t<p>23\/3\/2026<\/p>\t\t\t\t\t\t\t\t<\/div>\n\t\t\t\t<\/div>\n\t\t\t\t<div class=\"elementor-element elementor-element-06d0be9 elementor-widget elementor-widget-text-editor\" data-id=\"06d0be9\" data-element_type=\"widget\" data-widget_type=\"text-editor.default\">\n\t\t\t\t<div class=\"elementor-widget-container\">\n\t\t\t\t\t\t\t\t\t<p>Transformation Office Team Lead\u00a0<\/p>\t\t\t\t\t\t\t\t<\/div>\n\t\t\t\t<\/div>\n\t\t\t\t<div class=\"elementor-element elementor-element-a0943dd elementor-widget elementor-widget-text-editor\" data-id=\"a0943dd\" data-element_type=\"widget\" data-widget_type=\"text-editor.default\">\n\t\t\t\t<div class=\"elementor-widget-container\">\n\t\t\t\t\t\t\t\t\t<p>Coral Gables, FL<\/p>\n\t\t\t\t\t\t\t\t<\/div>\n\t\t\t\t<\/div>\n\t\t\t\t<div class=\"elementor-element elementor-element-e71742c elementor-align-left elementor-widget elementor-widget-button\" data-id=\"e71742c\" data-element_type=\"widget\" data-widget_type=\"button.default\">\n\t\t\t\t<div class=\"elementor-widget-container\">\n\t\t\t\t\t\t\t\t\t<div class=\"elementor-button-wrapper\">\n\t\t\t\t\t<a class=\"elementor-button elementor-button-link elementor-size-sm\" href=\"https:\/\/bradescobank.com\/es\/carreras\/chief-information-officer\/\">\n\t\t\t\t\t\t<span class=\"elementor-button-content-wrapper\">\n\t\t\t\t\t\t\t\t\t<span class=\"elementor-button-text\">VER M\u00c1S<\/span>\n\t\t\t\t\t<\/span>\n\t\t\t\t\t<\/a>\n\t\t\t\t<\/div>\n\t\t\t\t\t\t\t\t<\/div>\n\t\t\t\t<\/div>\n\t\t\t\t\t<\/div>\n\t\t\t\t<\/div>\n\t\t\t\t<\/div>\n\t\t\t\t<\/div>\n\t\t\t\t<div class=\"elementor-element elementor-element-518eae6 tam-seg-titulo elementor-widget elementor-widget-text-editor\" data-id=\"518eae6\" data-element_type=\"widget\" data-widget_type=\"text-editor.default\">\n\t\t\t\t<div class=\"elementor-widget-container\">\n\t\t\t\t\t\t\t\t\t<p style=\"text-align: center;\">Para consultar y solicitar puestos vacantes,<br \/><a style=\"text-decoration: none; font-weight: bold;\" href=\"#linkedin\"><span style=\"text-decoration: underline;\">visite nuestro LinkedIn<\/span><\/a><\/p><p>\u00a0<\/p>\t\t\t\t\t\t\t\t<\/div>\n\t\t\t\t<\/div>\n\t\t<div class=\"elementor-element elementor-element-630723a e-con-full e-flex e-con e-child\" data-id=\"630723a\" data-element_type=\"container\" data-settings=\"{&quot;background_background&quot;:&quot;classic&quot;}\">\n\t\t\t\t<div class=\"elementor-element elementor-element-ce392b2 elementor-widget elementor-widget-text-editor\" data-id=\"ce392b2\" data-element_type=\"widget\" data-widget_type=\"text-editor.default\">\n\t\t\t\t<div class=\"elementor-widget-container\">\n\t\t\t\t\t\t\t\t\t<p>Bradesco Bank es un empleador que ofrece igualdad de oportunidades y est\u00e1 comprometido con la diversidad y la inclusi\u00f3n en el lugar de trabajo. Prohibimos la discriminaci\u00f3n y el acoso de cualquier tipo por motivos de raza, color, sexo, religi\u00f3n, orientaci\u00f3n sexual, origen nacional, discapacidad, informaci\u00f3n gen\u00e9tica, embarazo o cualquier otra caracter\u00edstica protegida seg\u00fan lo establecido por las leyes federales, estatales o locales. <\/p>\n<p>Esta pol\u00edtica se aplica a todas las pr\u00e1cticas de empleo dentro de nuestra organizaci\u00f3n, incluidas la contrataci\u00f3n, el reclutamiento, la promoci\u00f3n, el despido, el despido, el regreso, la licencia por ausencia, la compensaci\u00f3n, los beneficios y la capacitaci\u00f3n. Bradesco Bank toma decisiones de contrataci\u00f3n bas\u00e1ndose \u00fanicamente en las calificaciones, el m\u00e9rito y las necesidades comerciales del momento. <\/p>\n\t\t\t\t\t\t\t\t<\/div>\n\t\t\t\t<\/div>\n\t\t\t\t<\/div>\n\t\t\t\t\t<\/div>\n\t\t\t\t<\/div>\n\t\t\t\t<\/div>\n\t\t","protected":false},"excerpt":{"rendered":"<p>\u00danase a un equipo multidisciplinario y diverso Bradesco Bank ofrece un entorno diverso, con un equipo multicultural de profesionales que representan 27 nacionalidades diferentes y un 50 % de mujeres en puestos de liderazgo. \u00a1Sea parte de Bradesco Bank! Consulte nuestras vacantes disponibles 23\/3\/2026 Transformation Office Team Lead\u00a0 Coral Gables, FL VER M\u00c1S Para consultar [&hellip;]<\/p>\n","protected":false},"author":3,"featured_media":0,"parent":0,"menu_order":0,"comment_status":"closed","ping_status":"closed","template":"","meta":{"_acf_changed":false,"slim_seo":{"title":"Carreras - Bradesco Bank","description":"\u00danase a un equipo multidisciplinario y diverso Bradesco Bank ofrece un entorno diverso, con un equipo multicultural de profesionales que representan 27 nacional"},"footnotes":""},"class_list":["post-9974","page","type-page","status-publish","hentry"],"blocksy_meta":[],"acf":[],"_links":{"self":[{"href":"https:\/\/bradescobank.com\/es\/wp-json\/wp\/v2\/pages\/9974","targetHints":{"allow":["GET"]}}],"collection":[{"href":"https:\/\/bradescobank.com\/es\/wp-json\/wp\/v2\/pages"}],"about":[{"href":"https:\/\/bradescobank.com\/es\/wp-json\/wp\/v2\/types\/page"}],"author":[{"embeddable":true,"href":"https:\/\/bradescobank.com\/es\/wp-json\/wp\/v2\/users\/3"}],"replies":[{"embeddable":true,"href":"https:\/\/bradescobank.com\/es\/wp-json\/wp\/v2\/comments?post=9974"}],"version-history":[{"count":21,"href":"https:\/\/bradescobank.com\/es\/wp-json\/wp\/v2\/pages\/9974\/revisions"}],"predecessor-version":[{"id":17002,"href":"https:\/\/bradescobank.com\/es\/wp-json\/wp\/v2\/pages\/9974\/revisions\/17002"}],"wp:attachment":[{"href":"https:\/\/bradescobank.com\/es\/wp-json\/wp\/v2\/media?parent=9974"}],"curies":[{"name":"wp","href":"https:\/\/api.w.org\/{rel}","templated":true}]}}