{"id":10312,"date":"2024-10-29T09:29:53","date_gmt":"2024-10-29T12:29:53","guid":{"rendered":"https:\/\/bradescobank.com\/articles-archive\/"},"modified":"2024-12-16T11:32:01","modified_gmt":"2024-12-16T14:32:01","slug":"articles-archive","status":"publish","type":"page","link":"https:\/\/bradescobank.com\/pt\/articles-archive\/","title":{"rendered":"Articles Archive"},"content":{"rendered":"\t\t<div data-elementor-type=\"wp-page\" data-elementor-id=\"10312\" class=\"elementor elementor-10312 elementor-8560\" data-elementor-post-type=\"page\">\n\t\t\t\t<div class=\"elementor-element elementor-element-0a2dd9b e-con-full e-flex e-con e-parent\" data-id=\"0a2dd9b\" data-element_type=\"container\" data-settings=\"{&quot;background_background&quot;:&quot;classic&quot;}\">\n\t\t\t\t<div class=\"elementor-element elementor-element-56f81de elementor-widget elementor-widget-heading\" data-id=\"56f81de\" data-element_type=\"widget\" data-widget_type=\"heading.default\">\n\t\t\t\t<div class=\"elementor-widget-container\">\n\t\t\t\t\t<h2 class=\"elementor-heading-title elementor-size-default\">Articles<\/h2>\t\t\t\t<\/div>\n\t\t\t\t<\/div>\n\t\t\t\t<\/div>\n\t\t<div class=\"elementor-element elementor-element-cf4cd2b e-con-full e-flex e-con e-parent\" data-id=\"cf4cd2b\" data-element_type=\"container\" data-settings=\"{&quot;background_background&quot;:&quot;classic&quot;}\">\n\t\t\t\t<\/div>\n\t\t<div class=\"elementor-element elementor-element-18b7df7 e-flex e-con-boxed e-con e-parent\" data-id=\"18b7df7\" data-element_type=\"container\">\n\t\t\t\t\t<div class=\"e-con-inner\">\n\t\t<div class=\"elementor-element elementor-element-fb9765d e-con-full e-flex e-con e-child\" data-id=\"fb9765d\" data-element_type=\"container\">\n\t\t\t\t<div class=\"elementor-element elementor-element-5f0fbb7 elementor-grid-tablet-1 elementor-widget__width-inherit elementor-grid-1 elementor-grid-mobile-1 elementor-widget elementor-widget-loop-grid\" data-id=\"5f0fbb7\" data-element_type=\"widget\" data-settings=\"{&quot;template_id&quot;:9209,&quot;columns_tablet&quot;:1,&quot;columns&quot;:1,&quot;pagination_type&quot;:&quot;numbers&quot;,&quot;_skin&quot;:&quot;post&quot;,&quot;columns_mobile&quot;:&quot;1&quot;,&quot;edit_handle_selector&quot;:&quot;[data-elementor-type=\\&quot;loop-item\\&quot;]&quot;,&quot;pagination_load_type&quot;:&quot;page_reload&quot;,&quot;row_gap&quot;:{&quot;unit&quot;:&quot;px&quot;,&quot;size&quot;:&quot;&quot;,&quot;sizes&quot;:[]},&quot;row_gap_laptop&quot;:{&quot;unit&quot;:&quot;px&quot;,&quot;size&quot;:&quot;&quot;,&quot;sizes&quot;:[]},&quot;row_gap_tablet_extra&quot;:{&quot;unit&quot;:&quot;px&quot;,&quot;size&quot;:&quot;&quot;,&quot;sizes&quot;:[]},&quot;row_gap_tablet&quot;:{&quot;unit&quot;:&quot;px&quot;,&quot;size&quot;:&quot;&quot;,&quot;sizes&quot;:[]},&quot;row_gap_mobile&quot;:{&quot;unit&quot;:&quot;px&quot;,&quot;size&quot;:&quot;&quot;,&quot;sizes&quot;:[]}}\" data-widget_type=\"loop-grid.post\">\n\t\t\t\t<div class=\"elementor-widget-container\">\n\t\t\t\t\t\t\t<div class=\"elementor-loop-container elementor-grid\" role=\"list\">\n\t\t<style id=\"loop-dynamic-9209\">.e-loop-item-17101 .elementor-element.elementor-element-b0cf567:not(.elementor-motion-effects-element-type-background), .e-loop-item-17101 .elementor-element.elementor-element-b0cf567 > .elementor-motion-effects-container > .elementor-motion-effects-layer{background-image:url(\"https:\/\/bradescobank.com\/wp-content\/uploads\/2026\/04\/Asset-Allocation-Imagem-de-Capa.jpg?wsr\");}<\/style><style id=\"loop-9209\">.elementor-9209 .elementor-element.elementor-element-dabf083{--display:flex;--flex-direction:column;--container-widget-width:100%;--container-widget-height:initial;--container-widget-flex-grow:0;--container-widget-align-self:initial;--flex-wrap-mobile:wrap;}.elementor-9209 .elementor-element.elementor-element-7ab2838{--display:flex;--flex-direction:row;--container-widget-width:initial;--container-widget-height:100%;--container-widget-flex-grow:1;--container-widget-align-self:stretch;--flex-wrap-mobile:wrap;--gap:0px 0px;--row-gap:0px;--column-gap:0px;box-shadow:2px 4px 10px -4px rgba(0,0,0,0.5);--margin-top:0px;--margin-bottom:0px;--margin-left:0px;--margin-right:0px;--padding-top:0px;--padding-bottom:0px;--padding-left:0px;--padding-right:0px;}.elementor-9209 .elementor-element.elementor-element-b0cf567{--display:flex;--min-height:263px;--flex-direction:column;--container-widget-width:100%;--container-widget-height:initial;--container-widget-flex-grow:0;--container-widget-align-self:initial;--flex-wrap-mobile:wrap;--gap:0px 0px;--row-gap:0px;--column-gap:0px;--margin-top:0px;--margin-bottom:0px;--margin-left:0px;--margin-right:0px;--padding-top:0px;--padding-bottom:0px;--padding-left:0px;--padding-right:0px;}.elementor-9209 .elementor-element.elementor-element-b0cf567:not(.elementor-motion-effects-element-type-background), .elementor-9209 .elementor-element.elementor-element-b0cf567 > .elementor-motion-effects-container > .elementor-motion-effects-layer{background-position:center center;background-repeat:no-repeat;background-size:cover;}.elementor-9209 .elementor-element.elementor-element-d5b3d23{--display:flex;--flex-direction:column;--container-widget-width:100%;--container-widget-height:initial;--container-widget-flex-grow:0;--container-widget-align-self:initial;--flex-wrap-mobile:wrap;--justify-content:center;--gap:0px 0px;--row-gap:0px;--column-gap:0px;--margin-top:0px;--margin-bottom:0px;--margin-left:0px;--margin-right:0px;--padding-top:0px;--padding-bottom:0px;--padding-left:0px;--padding-right:0px;}.elementor-9209 .elementor-element.elementor-element-eacdf88{--display:flex;--min-height:18px;--gap:0px 0px;--row-gap:0px;--column-gap:0px;--margin-top:40px;--margin-bottom:0px;--margin-left:0px;--margin-right:0px;--z-index:5;}.elementor-9209 .elementor-element.elementor-element-05a409f > .elementor-widget-container{margin:-8px 0px -8px 0px;padding:0px 0px 0px 0px;}.elementor-9209 .elementor-element.elementor-element-05a409f{text-align:center;font-size:14px;font-weight:400;text-transform:uppercase;line-height:30px;letter-spacing:3px;color:#FFFFFF;}.elementor-9209 .elementor-element.elementor-element-1dbf6a2{width:var( --container-widget-width, 80% );max-width:80%;--container-widget-width:80%;--container-widget-flex-grow:0;text-align:start;font-size:26px;font-weight:400;line-height:30px;color:var( --e-global-color-accent );}.elementor-9209 .elementor-element.elementor-element-1dbf6a2 > .elementor-widget-container{margin:45px 0px 0px 30px;}.elementor-9209 .elementor-element.elementor-element-7ff285d{width:var( --container-widget-width, 80% );max-width:80%;--container-widget-width:80%;--container-widget-flex-grow:0;text-align:start;font-size:16px;font-weight:400;text-transform:uppercase;line-height:30px;color:var( --e-global-color-accent );}.elementor-9209 .elementor-element.elementor-element-7ff285d > .elementor-widget-container{margin:40px 0px 0px 30px;}.elementor-9209 .elementor-element.elementor-element-844c650{width:var( --container-widget-width, 95% );max-width:95%;--container-widget-width:95%;--container-widget-flex-grow:0;text-align:end;font-size:16px;font-weight:400;line-height:30px;color:var( --e-global-color-accent );}.elementor-9209 .elementor-element.elementor-element-844c650 > .elementor-widget-container{margin:15px 0px 15px 15px;padding:0px 0px 0px 0px;}@media(max-width:1380px){.elementor-9209 .elementor-element.elementor-element-eacdf88{--margin-top:40px;--margin-bottom:0px;--margin-left:0px;--margin-right:0px;}}@media(min-width:768px){.elementor-9209 .elementor-element.elementor-element-7ab2838{--width:100%;}.elementor-9209 .elementor-element.elementor-element-b0cf567{--width:50%;}.elementor-9209 .elementor-element.elementor-element-d5b3d23{--width:50%;}.elementor-9209 .elementor-element.elementor-element-eacdf88{--width:40%;}}@media(max-width:1080px) and (min-width:768px){.elementor-9209 .elementor-element.elementor-element-eacdf88{--width:150px;}}@media(max-width:1080px){.elementor-9209 .elementor-element.elementor-element-b0cf567{--min-height:172px;}.elementor-9209 .elementor-element.elementor-element-d5b3d23{--justify-content:center;}.elementor-9209 .elementor-element.elementor-element-eacdf88{--margin-top:25px;--margin-bottom:0px;--margin-left:0px;--margin-right:0px;}.elementor-9209 .elementor-element.elementor-element-05a409f{font-size:14px;}.elementor-9209 .elementor-element.elementor-element-1dbf6a2 > .elementor-widget-container{margin:25px 0px 0px 25px;}.elementor-9209 .elementor-element.elementor-element-1dbf6a2{--container-widget-width:100%;--container-widget-flex-grow:0;width:var( --container-widget-width, 100% );max-width:100%;font-size:20px;}.elementor-9209 .elementor-element.elementor-element-7ff285d > .elementor-widget-container{margin:25px 0px 0px 25px;}.elementor-9209 .elementor-element.elementor-element-844c650{font-size:14px;}}@media(max-width:767px){.elementor-9209 .elementor-element.elementor-element-b0cf567{--min-height:133px;}.elementor-9209 .elementor-element.elementor-element-eacdf88{--width:60%;--min-height:33px;--justify-content:center;--margin-top:-133px;--margin-bottom:114px;--margin-left:0px;--margin-right:0px;}.elementor-9209 .elementor-element.elementor-element-05a409f{font-size:18px;line-height:24px;}.elementor-9209 .elementor-element.elementor-element-1dbf6a2 > .elementor-widget-container{margin:0px 0px 0px 20px;}.elementor-9209 .elementor-element.elementor-element-1dbf6a2{--container-widget-width:100%;--container-widget-flex-grow:0;width:var( --container-widget-width, 100% );max-width:100%;font-size:20px;line-height:24px;}.elementor-9209 .elementor-element.elementor-element-7ff285d > .elementor-widget-container{margin:15px 0px 0px 20px;}.elementor-9209 .elementor-element.elementor-element-7ff285d{--container-widget-width:100%;--container-widget-flex-grow:0;width:var( --container-widget-width, 100% );max-width:100%;font-size:15px;line-height:24px;}.elementor-9209 .elementor-element.elementor-element-844c650 > .elementor-widget-container{margin:10px 18px 10px 0px;}.elementor-9209 .elementor-element.elementor-element-844c650{--container-widget-width:100%;--container-widget-flex-grow:0;width:var( --container-widget-width, 100% );max-width:100%;font-size:14px;line-height:24px;}}\/* Start custom CSS for text-editor, class: .elementor-element-05a409f *\/.elementor-element-05a409f .elementor-widget-container span.article-category {\r\n    color: #535353;\r\n}\/* End custom CSS *\/<\/style>\t\t<div data-elementor-type=\"loop-item\" data-elementor-id=\"9209\" class=\"elementor elementor-9209 elementor-8574 e-loop-item e-loop-item-17101 post-17101 post type-post status-publish format-standard has-post-thumbnail hentry category-investimentos\" data-elementor-post-type=\"elementor_library\" data-custom-edit-handle=\"1\">\n\t\t\t<div class=\"elementor-element elementor-element-dabf083 e-flex e-con-boxed e-con e-parent\" data-id=\"dabf083\" data-element_type=\"container\">\n\t\t\t\t\t<div class=\"e-con-inner\">\n\t\t\t\t<div class=\"elementor-element elementor-element-f1fe7e8 elementor-widget elementor-widget-html\" data-id=\"f1fe7e8\" data-element_type=\"widget\" data-widget_type=\"html.default\">\n\t\t\t\t<div class=\"elementor-widget-container\">\n\t\t\t\t\t<script>document.addEventListener('DOMContentLoaded', function() {\n    const categorySpans = document.querySelectorAll('.elementor-element-05a409f .elementor-widget-container span');\n    \n    categorySpans.forEach(function(span) {\n        if (span.textContent.trim() === 'ARTICLE') {\n            span.classList.add('article-category');\n        }\n    });\n});\n<\/script>\t\t\t\t<\/div>\n\t\t\t\t<\/div>\n\t\t\t\t\t<\/div>\n\t\t\t\t<\/div>\n\t\t<a class=\"elementor-element elementor-element-7ab2838 e-con-full e-flex e-con e-parent\" data-id=\"7ab2838\" data-element_type=\"container\" href=\"https:\/\/bradescobank.com\/?p=17098\">\n\t\t<div class=\"elementor-element elementor-element-b0cf567 e-con-full e-flex e-con e-child\" data-id=\"b0cf567\" data-element_type=\"container\" data-settings=\"{&quot;background_background&quot;:&quot;classic&quot;}\">\n\t\t\t\t<\/div>\n\t\t<div class=\"elementor-element elementor-element-d5b3d23 e-con-full e-flex e-con e-child\" data-id=\"d5b3d23\" data-element_type=\"container\">\n\t\t<div class=\"elementor-element elementor-element-eacdf88 e-con-full e-flex e-con e-child\" data-id=\"eacdf88\" data-element_type=\"container\" data-settings=\"{&quot;background_background&quot;:&quot;classic&quot;}\">\n\t\t\t\t<div class=\"elementor-element elementor-element-05a409f elementor-widget elementor-widget-text-editor\" data-id=\"05a409f\" data-element_type=\"widget\" data-widget_type=\"text-editor.default\">\n\t\t\t\t<div class=\"elementor-widget-container\">\n\t\t\t\t\t\t\t\t\t<span>Investimentos<\/span>\t\t\t\t\t\t\t\t<\/div>\n\t\t\t\t<\/div>\n\t\t\t\t<\/div>\n\t\t\t\t<div class=\"elementor-element elementor-element-1dbf6a2 elementor-widget__width-initial elementor-widget elementor-widget-text-editor\" data-id=\"1dbf6a2\" data-element_type=\"widget\" data-widget_type=\"text-editor.default\">\n\t\t\t\t<div class=\"elementor-widget-container\">\n\t\t\t\t\t\t\t\t\tO que s\u00e3o asset allocation e diversifica\u00e7\u00e3o?\t\t\t\t\t\t\t\t<\/div>\n\t\t\t\t<\/div>\n\t\t\t\t<div class=\"elementor-element elementor-element-7ff285d elementor-widget__width-initial elementor-widget elementor-widget-text-editor\" data-id=\"7ff285d\" data-element_type=\"widget\" data-widget_type=\"text-editor.default\">\n\t\t\t\t<div class=\"elementor-widget-container\">\n\t\t\t\t\t\t\t\t\tPOR Admin\t\t\t\t\t\t\t\t<\/div>\n\t\t\t\t<\/div>\n\t\t\t\t<\/div>\n\t\t\t\t<\/a>\n\t\t\t\t<\/div>\n\t\t<style id=\"loop-dynamic-9209\">.e-loop-item-16942 .elementor-element.elementor-element-b0cf567:not(.elementor-motion-effects-element-type-background), .e-loop-item-16942 .elementor-element.elementor-element-b0cf567 > .elementor-motion-effects-container > .elementor-motion-effects-layer{background-image:url(\"https:\/\/bradescobank.com\/wp-content\/uploads\/2026\/03\/USA-Stocks-Image.jpg?wsr\");}<\/style>\t\t<div data-elementor-type=\"loop-item\" data-elementor-id=\"9209\" class=\"elementor elementor-9209 elementor-8574 e-loop-item e-loop-item-16942 post-16942 post type-post status-publish format-standard has-post-thumbnail hentry category-investimentos\" data-elementor-post-type=\"elementor_library\" data-custom-edit-handle=\"1\">\n\t\t\t<div class=\"elementor-element elementor-element-dabf083 e-flex e-con-boxed e-con e-parent\" data-id=\"dabf083\" data-element_type=\"container\">\n\t\t\t\t\t<div class=\"e-con-inner\">\n\t\t\t\t<div class=\"elementor-element elementor-element-f1fe7e8 elementor-widget elementor-widget-html\" data-id=\"f1fe7e8\" data-element_type=\"widget\" data-widget_type=\"html.default\">\n\t\t\t\t<div class=\"elementor-widget-container\">\n\t\t\t\t\t<script>document.addEventListener('DOMContentLoaded', function() {\n    const categorySpans = document.querySelectorAll('.elementor-element-05a409f .elementor-widget-container span');\n    \n    categorySpans.forEach(function(span) {\n        if (span.textContent.trim() === 'ARTICLE') {\n            span.classList.add('article-category');\n        }\n    });\n});\n<\/script>\t\t\t\t<\/div>\n\t\t\t\t<\/div>\n\t\t\t\t\t<\/div>\n\t\t\t\t<\/div>\n\t\t<a class=\"elementor-element elementor-element-7ab2838 e-con-full e-flex e-con e-parent\" data-id=\"7ab2838\" data-element_type=\"container\" href=\"https:\/\/bradescobank.com\/?p=16938\">\n\t\t<div class=\"elementor-element elementor-element-b0cf567 e-con-full e-flex e-con e-child\" data-id=\"b0cf567\" data-element_type=\"container\" data-settings=\"{&quot;background_background&quot;:&quot;classic&quot;}\">\n\t\t\t\t<\/div>\n\t\t<div class=\"elementor-element elementor-element-d5b3d23 e-con-full e-flex e-con e-child\" data-id=\"d5b3d23\" data-element_type=\"container\">\n\t\t<div class=\"elementor-element elementor-element-eacdf88 e-con-full e-flex e-con e-child\" data-id=\"eacdf88\" data-element_type=\"container\" data-settings=\"{&quot;background_background&quot;:&quot;classic&quot;}\">\n\t\t\t\t<div class=\"elementor-element elementor-element-05a409f elementor-widget elementor-widget-text-editor\" data-id=\"05a409f\" data-element_type=\"widget\" data-widget_type=\"text-editor.default\">\n\t\t\t\t<div class=\"elementor-widget-container\">\n\t\t\t\t\t\t\t\t\t<span>Investimentos<\/span>\t\t\t\t\t\t\t\t<\/div>\n\t\t\t\t<\/div>\n\t\t\t\t<\/div>\n\t\t\t\t<div class=\"elementor-element elementor-element-1dbf6a2 elementor-widget__width-initial elementor-widget elementor-widget-text-editor\" data-id=\"1dbf6a2\" data-element_type=\"widget\" data-widget_type=\"text-editor.default\">\n\t\t\t\t<div class=\"elementor-widget-container\">\n\t\t\t\t\t\t\t\t\tA\u00e7\u00f5es nos EUA\t\t\t\t\t\t\t\t<\/div>\n\t\t\t\t<\/div>\n\t\t\t\t<div class=\"elementor-element elementor-element-7ff285d elementor-widget__width-initial elementor-widget elementor-widget-text-editor\" data-id=\"7ff285d\" data-element_type=\"widget\" data-widget_type=\"text-editor.default\">\n\t\t\t\t<div class=\"elementor-widget-container\">\n\t\t\t\t\t\t\t\t\tPOR Admin\t\t\t\t\t\t\t\t<\/div>\n\t\t\t\t<\/div>\n\t\t\t\t<\/div>\n\t\t\t\t<\/a>\n\t\t\t\t<\/div>\n\t\t<style id=\"loop-dynamic-9209\">.e-loop-item-16925 .elementor-element.elementor-element-b0cf567:not(.elementor-motion-effects-element-type-background), .e-loop-item-16925 .elementor-element.elementor-element-b0cf567 > .elementor-motion-effects-container > .elementor-motion-effects-layer{background-image:url(\"https:\/\/bradescobank.com\/wp-content\/uploads\/2026\/02\/Imagens-Blog-ETFs.jpg?wsr\");}<\/style>\t\t<div data-elementor-type=\"loop-item\" data-elementor-id=\"9209\" class=\"elementor elementor-9209 elementor-8574 e-loop-item e-loop-item-16925 post-16925 post type-post status-publish format-standard has-post-thumbnail hentry category-investimentos tag-highlights1-pt\" data-elementor-post-type=\"elementor_library\" data-custom-edit-handle=\"1\">\n\t\t\t<div class=\"elementor-element elementor-element-dabf083 e-flex e-con-boxed e-con e-parent\" data-id=\"dabf083\" data-element_type=\"container\">\n\t\t\t\t\t<div class=\"e-con-inner\">\n\t\t\t\t<div class=\"elementor-element elementor-element-f1fe7e8 elementor-widget elementor-widget-html\" data-id=\"f1fe7e8\" data-element_type=\"widget\" data-widget_type=\"html.default\">\n\t\t\t\t<div class=\"elementor-widget-container\">\n\t\t\t\t\t<script>document.addEventListener('DOMContentLoaded', function() {\n    const categorySpans = document.querySelectorAll('.elementor-element-05a409f .elementor-widget-container span');\n    \n    categorySpans.forEach(function(span) {\n        if (span.textContent.trim() === 'ARTICLE') {\n            span.classList.add('article-category');\n        }\n    });\n});\n<\/script>\t\t\t\t<\/div>\n\t\t\t\t<\/div>\n\t\t\t\t\t<\/div>\n\t\t\t\t<\/div>\n\t\t<a class=\"elementor-element elementor-element-7ab2838 e-con-full e-flex e-con e-parent\" data-id=\"7ab2838\" data-element_type=\"container\" href=\"https:\/\/bradescobank.com\/?p=16925\">\n\t\t<div class=\"elementor-element elementor-element-b0cf567 e-con-full e-flex e-con e-child\" data-id=\"b0cf567\" data-element_type=\"container\" data-settings=\"{&quot;background_background&quot;:&quot;classic&quot;}\">\n\t\t\t\t<\/div>\n\t\t<div class=\"elementor-element elementor-element-d5b3d23 e-con-full e-flex e-con e-child\" data-id=\"d5b3d23\" data-element_type=\"container\">\n\t\t<div class=\"elementor-element elementor-element-eacdf88 e-con-full e-flex e-con e-child\" data-id=\"eacdf88\" data-element_type=\"container\" data-settings=\"{&quot;background_background&quot;:&quot;classic&quot;}\">\n\t\t\t\t<div class=\"elementor-element elementor-element-05a409f elementor-widget elementor-widget-text-editor\" data-id=\"05a409f\" data-element_type=\"widget\" data-widget_type=\"text-editor.default\">\n\t\t\t\t<div class=\"elementor-widget-container\">\n\t\t\t\t\t\t\t\t\t<span>Investimentos<\/span>\t\t\t\t\t\t\t\t<\/div>\n\t\t\t\t<\/div>\n\t\t\t\t<\/div>\n\t\t\t\t<div class=\"elementor-element elementor-element-1dbf6a2 elementor-widget__width-initial elementor-widget elementor-widget-text-editor\" data-id=\"1dbf6a2\" data-element_type=\"widget\" data-widget_type=\"text-editor.default\">\n\t\t\t\t<div class=\"elementor-widget-container\">\n\t\t\t\t\t\t\t\t\tETFs Tem\u00e1ticos\t\t\t\t\t\t\t\t<\/div>\n\t\t\t\t<\/div>\n\t\t\t\t<div class=\"elementor-element elementor-element-7ff285d elementor-widget__width-initial elementor-widget elementor-widget-text-editor\" data-id=\"7ff285d\" data-element_type=\"widget\" data-widget_type=\"text-editor.default\">\n\t\t\t\t<div class=\"elementor-widget-container\">\n\t\t\t\t\t\t\t\t\tPOR Admin\t\t\t\t\t\t\t\t<\/div>\n\t\t\t\t<\/div>\n\t\t\t\t<\/div>\n\t\t\t\t<\/a>\n\t\t\t\t<\/div>\n\t\t\t\t<\/div>\n\t\t\n\t\t\t\t<div class=\"e-load-more-anchor\" data-page=\"1\" data-max-page=\"4\" data-next-page=\"https:\/\/bradescobank.com\/pt\/wp-json\/wp\/v2\/pages\/10312\/page\/2\/\"><\/div>\n\t\t\t\t<nav class=\"elementor-pagination\" aria-label=\"Pagination\">\n\t\t\t<span aria-current=\"page\" class=\"page-numbers current\"><span class=\"elementor-screen-only\">Page<\/span>1<\/span>\r\n<a class=\"page-numbers\" href=\"https:\/\/bradescobank.com\/pt\/wp-json\/wp\/v2\/pages\/10312\/page\/2\/\"><span class=\"elementor-screen-only\">Page<\/span>2<\/a>\r\n<a class=\"page-numbers\" href=\"https:\/\/bradescobank.com\/pt\/wp-json\/wp\/v2\/pages\/10312\/page\/3\/\"><span class=\"elementor-screen-only\">Page<\/span>3<\/a>\t\t<\/nav>\n\t\t\t\t\t\t<\/div>\n\t\t\t\t<\/div>\n\t\t\t\t<\/div>\n\t\t\t\t\t<\/div>\n\t\t\t\t<\/div>\n\t\t\t\t<\/div>\n\t\t","protected":false},"excerpt":{"rendered":"<p>Articles<\/p>\n","protected":false},"author":9,"featured_media":0,"parent":0,"menu_order":0,"comment_status":"closed","ping_status":"closed","template":"","meta":{"_acf_changed":false,"slim_seo":{"title":"ETFs Tem\u00e1ticos - Bradesco Bank","description":"O que s\u00e3o, como funcionam e porque eles atraem investidores?"},"footnotes":""},"class_list":["post-10312","page","type-page","status-publish","hentry"],"blocksy_meta":[],"acf":[],"_links":{"self":[{"href":"https:\/\/bradescobank.com\/pt\/wp-json\/wp\/v2\/pages\/10312","targetHints":{"allow":["GET"]}}],"collection":[{"href":"https:\/\/bradescobank.com\/pt\/wp-json\/wp\/v2\/pages"}],"about":[{"href":"https:\/\/bradescobank.com\/pt\/wp-json\/wp\/v2\/types\/page"}],"author":[{"embeddable":true,"href":"https:\/\/bradescobank.com\/pt\/wp-json\/wp\/v2\/users\/9"}],"replies":[{"embeddable":true,"href":"https:\/\/bradescobank.com\/pt\/wp-json\/wp\/v2\/comments?post=10312"}],"version-history":[{"count":1,"href":"https:\/\/bradescobank.com\/pt\/wp-json\/wp\/v2\/pages\/10312\/revisions"}],"predecessor-version":[{"id":10313,"href":"https:\/\/bradescobank.com\/pt\/wp-json\/wp\/v2\/pages\/10312\/revisions\/10313"}],"wp:attachment":[{"href":"https:\/\/bradescobank.com\/pt\/wp-json\/wp\/v2\/media?parent=10312"}],"curies":[{"name":"wp","href":"https:\/\/api.w.org\/{rel}","templated":true}]}}