{"id":12984,"date":"2025-05-11T08:52:47","date_gmt":"2025-05-11T11:52:47","guid":{"rendered":"https:\/\/bradescobank.com\/bradesco-investments-app\/"},"modified":"2026-01-30T13:53:37","modified_gmt":"2026-01-30T16:53:37","slug":"bradesco-investments-app","status":"publish","type":"page","link":"https:\/\/bradescobank.com\/pt\/conteudos-de-investimento\/bradesco-investments-app\/","title":{"rendered":"Bradesco Investments App"},"content":{"rendered":"\t\t<div data-elementor-type=\"wp-post\" data-elementor-id=\"12984\" class=\"elementor elementor-12984 elementor-12803\" data-elementor-post-type=\"page\">\n\t\t\t\t<div class=\"elementor-element elementor-element-72971f4 e-flex e-con-boxed e-con e-parent\" data-id=\"72971f4\" data-element_type=\"container\" data-settings=\"{&quot;background_background&quot;:&quot;classic&quot;}\">\n\t\t\t\t\t<div class=\"e-con-inner\">\n\t\t<div class=\"elementor-element elementor-element-8e63965 e-con-full e-flex e-con e-child\" data-id=\"8e63965\" data-element_type=\"container\">\n\t\t\t\t<div class=\"elementor-element elementor-element-b251ef1 elementor-widget elementor-widget-text-editor\" data-id=\"b251ef1\" data-element_type=\"widget\" data-widget_type=\"text-editor.default\">\n\t\t\t\t<div class=\"elementor-widget-container\">\n\t\t\t\t\t\t\t\t\t<p>Seu Portal para Investimentos Globais<\/p>\t\t\t\t\t\t\t\t<\/div>\n\t\t\t\t<\/div>\n\t\t\t\t<div class=\"elementor-element elementor-element-a9b7ad3 elementor-widget elementor-widget-text-editor\" data-id=\"a9b7ad3\" data-element_type=\"widget\" data-widget_type=\"text-editor.default\">\n\t\t\t\t<div class=\"elementor-widget-container\">\n\t\t\t\t\t\t\t\t\t<p>100% Digital, <br \/>100% Seu<\/p>\t\t\t\t\t\t\t\t<\/div>\n\t\t\t\t<\/div>\n\t\t\t\t<\/div>\n\t\t<div class=\"elementor-element elementor-element-b09c609 elementor-hidden-tablet elementor-hidden-mobile e-flex e-con-boxed e-con e-child\" data-id=\"b09c609\" data-element_type=\"container\">\n\t\t\t\t\t<div class=\"e-con-inner\">\n\t\t\t\t\t<\/div>\n\t\t\t\t<\/div>\n\t\t\t\t\t<\/div>\n\t\t\t\t<\/div>\n\t\t<div class=\"elementor-element elementor-element-64988fd e-flex e-con-boxed e-con e-parent\" data-id=\"64988fd\" data-element_type=\"container\">\n\t\t\t\t\t<div class=\"e-con-inner\">\n\t\t\t\t<div class=\"elementor-element elementor-element-0bde5ea elementor-widget__width-initial elementor-widget elementor-widget-text-editor\" data-id=\"0bde5ea\" data-element_type=\"widget\" data-widget_type=\"text-editor.default\">\n\t\t\t\t<div class=\"elementor-widget-container\">\n\t\t\t\t\t\t\t\t\t<p>O Bradesco Investments App torna o investimento global simples e seguro. Desenvolvido exclusivamente para clientes eleg\u00edveis do Bradesco Bank, nossa plataforma oferece acesso direto aos mercados internacionais \u2014 incluindo a\u00e7\u00f5es nas bolsas dos Estados Unidos e outros ativos globais<\/p>\t\t\t\t\t\t\t\t<\/div>\n\t\t\t\t<\/div>\n\t\t\t\t\t<\/div>\n\t\t\t\t<\/div>\n\t\t<div class=\"elementor-element elementor-element-cb9b4cd e-flex e-con-boxed e-con e-parent\" data-id=\"cb9b4cd\" data-element_type=\"container\" data-settings=\"{&quot;background_background&quot;:&quot;classic&quot;}\">\n\t\t\t\t\t<div class=\"e-con-inner\">\n\t\t<div class=\"elementor-element elementor-element-3832d02 e-con-full e-flex e-con e-child\" data-id=\"3832d02\" data-element_type=\"container\">\n\t\t\t\t<div class=\"elementor-element elementor-element-71d92f6 elementor-widget elementor-widget-text-editor\" data-id=\"71d92f6\" data-element_type=\"widget\" data-widget_type=\"text-editor.default\">\n\t\t\t\t<div class=\"elementor-widget-container\">\n\t\t\t\t\t\t\t\t\t<p>Porque investir com Bradesco Investments?<\/p>\t\t\t\t\t\t\t\t<\/div>\n\t\t\t\t<\/div>\n\t\t\t\t<\/div>\n\t\t\t\t\t<\/div>\n\t\t\t\t<\/div>\n\t\t<div class=\"elementor-element elementor-element-66369c7 e-flex e-con-boxed e-con e-parent\" data-id=\"66369c7\" data-element_type=\"container\" data-settings=\"{&quot;background_background&quot;:&quot;classic&quot;}\">\n\t\t\t\t\t<div class=\"e-con-inner\">\n\t\t<div class=\"elementor-element elementor-element-c981e59 e-con-full e-flex e-con e-child\" data-id=\"c981e59\" data-element_type=\"container\">\n\t\t\t\t<div class=\"elementor-element elementor-element-053515e elementor-widget elementor-widget-image\" data-id=\"053515e\" data-element_type=\"widget\" data-widget_type=\"image.default\">\n\t\t\t\t<div class=\"elementor-widget-container\">\n\t\t\t\t\t\t\t\t\t\t\t\t\t\t\t<img fetchpriority=\"high\" decoding=\"async\" width=\"931\" height=\"1024\" src=\"https:\/\/bradescobank.com\/wp-content\/uploads\/2025\/05\/Mockup-App-931x1024.webp\" class=\"attachment-large size-large wp-image-13649\" alt=\"Mockup App\" srcset=\"https:\/\/bradescobank.com\/wp-content\/uploads\/2025\/05\/Mockup-App-931x1024.webp 931w, https:\/\/bradescobank.com\/wp-content\/uploads\/2025\/05\/Mockup-App-273x300.webp 273w, https:\/\/bradescobank.com\/wp-content\/uploads\/2025\/05\/Mockup-App-768x845.webp 768w, https:\/\/bradescobank.com\/wp-content\/uploads\/2025\/05\/Mockup-App.webp 982w\" sizes=\"(max-width: 931px) 100vw, 931px\" loading=\"eager\" \/>\t\t\t\t\t\t\t\t\t\t\t\t\t\t\t<\/div>\n\t\t\t\t<\/div>\n\t\t\t\t<\/div>\n\t\t<div class=\"elementor-element elementor-element-fd074aa e-con-full e-flex e-con e-child\" data-id=\"fd074aa\" data-element_type=\"container\">\n\t\t\t\t<div class=\"elementor-element elementor-element-a833381 elementor-widget elementor-widget-text-editor\" data-id=\"a833381\" data-element_type=\"widget\" data-widget_type=\"text-editor.default\">\n\t\t\t\t<div class=\"elementor-widget-container\">\n\t\t\t\t\t\t\t\t\t<p>O Bradesco que voc\u00ea j\u00e1 conhece<\/p>\t\t\t\t\t\t\t\t<\/div>\n\t\t\t\t<\/div>\n\t\t\t\t<div class=\"elementor-element elementor-element-9c532c1 elementor-widget elementor-widget-text-editor\" data-id=\"9c532c1\" data-element_type=\"widget\" data-widget_type=\"text-editor.default\">\n\t\t\t\t<div class=\"elementor-widget-container\">\n\t\t\t\t\t\t\t\t\t<p>Abertura de conta simplificada, dep\u00f3sitos instant\u00e2neos e transfer\u00eancias r\u00e1pidas \u2014 com a seguran\u00e7a e confian\u00e7a de sempre<\/p>\t\t\t\t\t\t\t\t<\/div>\n\t\t\t\t<\/div>\n\t\t\t\t<div class=\"elementor-element elementor-element-4359590 elementor-widget elementor-widget-text-editor\" data-id=\"4359590\" data-element_type=\"widget\" data-widget_type=\"text-editor.default\">\n\t\t\t\t<div class=\"elementor-widget-container\">\n\t\t\t\t\t\t\t\t\t<p>Investimentos a partir de US$100<\/p>\t\t\t\t\t\t\t\t<\/div>\n\t\t\t\t<\/div>\n\t\t\t\t<div class=\"elementor-element elementor-element-00bab12 elementor-widget elementor-widget-text-editor\" data-id=\"00bab12\" data-element_type=\"widget\" data-widget_type=\"text-editor.default\">\n\t\t\t\t<div class=\"elementor-widget-container\">\n\t\t\t\t\t\t\t\t\t<p>Inicie sua jornada de investimentos e descubra como \u00e9 f\u00e1cil construir seu portf\u00f3lio com o Bradesco Investments<\/p>\t\t\t\t\t\t\t\t<\/div>\n\t\t\t\t<\/div>\n\t\t\t\t<div class=\"elementor-element elementor-element-83b57aa elementor-widget elementor-widget-text-editor\" data-id=\"83b57aa\" data-element_type=\"widget\" data-widget_type=\"text-editor.default\">\n\t\t\t\t<div class=\"elementor-widget-container\">\n\t\t\t\t\t\t\t\t\t<p>Diversidade de produtos<\/p>\t\t\t\t\t\t\t\t<\/div>\n\t\t\t\t<\/div>\n\t\t\t\t<div class=\"elementor-element elementor-element-26fd054 elementor-widget elementor-widget-text-editor\" data-id=\"26fd054\" data-element_type=\"widget\" data-widget_type=\"text-editor.default\">\n\t\t\t\t<div class=\"elementor-widget-container\">\n\t\t\t\t\t\t\t\t\t<p>Escolha investimentos no mercado de a\u00e7\u00f5es e ETFs, incluindo REITs e ADRs<\/p>\t\t\t\t\t\t\t\t<\/div>\n\t\t\t\t<\/div>\n\t\t\t\t<div class=\"elementor-element elementor-element-bb2affb elementor-widget elementor-widget-text-editor\" data-id=\"bb2affb\" data-element_type=\"widget\" data-widget_type=\"text-editor.default\">\n\t\t\t\t<div class=\"elementor-widget-container\">\n\t\t\t\t\t\t\t\t\t<p>Monte e acompanhe seu portf\u00f3lio em tempo real<\/p>\t\t\t\t\t\t\t\t<\/div>\n\t\t\t\t<\/div>\n\t\t\t\t<div class=\"elementor-element elementor-element-80141c0 elementor-widget elementor-widget-text-editor\" data-id=\"80141c0\" data-element_type=\"widget\" data-widget_type=\"text-editor.default\">\n\t\t\t\t<div class=\"elementor-widget-container\">\n\t\t\t\t\t\t\t\t\t<p>Busque por investimentos atrav\u00e9s de filtros interativos, e acompanhe a vis\u00e3o da evolu\u00e7\u00e3o da sua carteira de investimentos<\/p>\t\t\t\t\t\t\t\t<\/div>\n\t\t\t\t<\/div>\n\t\t\t\t<\/div>\n\t\t\t\t\t<\/div>\n\t\t\t\t<\/div>\n\t\t<div class=\"elementor-element elementor-element-130823e e-flex e-con-boxed e-con e-parent\" data-id=\"130823e\" data-element_type=\"container\" id=\"produtos\" data-settings=\"{&quot;background_background&quot;:&quot;classic&quot;}\">\n\t\t\t\t\t<div class=\"e-con-inner\">\n\t\t\t\t<div class=\"elementor-element elementor-element-1e5d76e elementor-widget elementor-widget-text-editor\" data-id=\"1e5d76e\" data-element_type=\"widget\" data-widget_type=\"text-editor.default\">\n\t\t\t\t<div class=\"elementor-widget-container\">\n\t\t\t\t\t\t\t\t\t<p>Produtos<\/p>\t\t\t\t\t\t\t\t<\/div>\n\t\t\t\t<\/div>\n\t\t\t\t\t<\/div>\n\t\t\t\t<\/div>\n\t\t<div class=\"elementor-element elementor-element-5edeb97 e-flex e-con-boxed e-con e-parent\" data-id=\"5edeb97\" data-element_type=\"container\">\n\t\t\t\t\t<div class=\"e-con-inner\">\n\t\t<div class=\"elementor-element elementor-element-931ab26 e-con-full e-flex e-con e-child\" data-id=\"931ab26\" data-element_type=\"container\" data-settings=\"{&quot;background_background&quot;:&quot;classic&quot;}\">\n\t\t\t\t<div class=\"elementor-element elementor-element-9a2235f elementor-widget elementor-widget-image\" data-id=\"9a2235f\" data-element_type=\"widget\" data-widget_type=\"image.default\">\n\t\t\t\t<div class=\"elementor-widget-container\">\n\t\t\t\t\t\t\t\t\t\t\t\t\t\t\t<img decoding=\"async\" width=\"54\" height=\"54\" src=\"https:\/\/bradescobank.com\/wp-content\/uploads\/2024\/10\/usa.webp\" class=\"attachment-large size-large wp-image-6964\" alt=\"Usa\" loading=\"eager\" \/>\t\t\t\t\t\t\t\t\t\t\t\t\t\t\t<\/div>\n\t\t\t\t<\/div>\n\t\t\t\t<div class=\"elementor-element elementor-element-db06659 elementor-widget elementor-widget-text-editor\" data-id=\"db06659\" data-element_type=\"widget\" data-widget_type=\"text-editor.default\">\n\t\t\t\t<div class=\"elementor-widget-container\">\n\t\t\t\t\t\t\t\t\t<p>A\u00e7\u00f5es<\/p>\t\t\t\t\t\t\t\t<\/div>\n\t\t\t\t<\/div>\n\t\t\t\t<div class=\"elementor-element elementor-element-dc3009e elementor-widget elementor-widget-text-editor\" data-id=\"dc3009e\" data-element_type=\"widget\" data-widget_type=\"text-editor.default\">\n\t\t\t\t<div class=\"elementor-widget-container\">\n\t\t\t\t\t\t\t\t\t<p>Invista em ativos negociados nas principais bolsas dos EUA, incluindo ADRs de empresas estrangeiras e REITs focados no setor imobili\u00e1rio<\/p>\t\t\t\t\t\t\t\t<\/div>\n\t\t\t\t<\/div>\n\t\t\t\t<\/div>\n\t\t<div class=\"elementor-element elementor-element-7799e68 e-con-full e-flex e-con e-child\" data-id=\"7799e68\" data-element_type=\"container\" data-settings=\"{&quot;background_background&quot;:&quot;classic&quot;}\">\n\t\t\t\t<div class=\"elementor-element elementor-element-954f768 elementor-widget elementor-widget-image\" data-id=\"954f768\" data-element_type=\"widget\" data-widget_type=\"image.default\">\n\t\t\t\t<div class=\"elementor-widget-container\">\n\t\t\t\t\t\t\t\t\t\t\t\t\t\t\t<img decoding=\"async\" width=\"54\" height=\"54\" src=\"https:\/\/bradescobank.com\/wp-content\/uploads\/2024\/10\/worldgrid_80392.webp\" class=\"attachment-large size-large wp-image-6966\" alt=\"Worldgrid\" loading=\"eager\" \/>\t\t\t\t\t\t\t\t\t\t\t\t\t\t\t<\/div>\n\t\t\t\t<\/div>\n\t\t\t\t<div class=\"elementor-element elementor-element-ebb54e1 elementor-widget elementor-widget-text-editor\" data-id=\"ebb54e1\" data-element_type=\"widget\" data-widget_type=\"text-editor.default\">\n\t\t\t\t<div class=\"elementor-widget-container\">\n\t\t\t\t\t\t\t\t\t<p>ETFs<\/p>\n\t\t\t\t\t\t\t\t<\/div>\n\t\t\t\t<\/div>\n\t\t\t\t<div class=\"elementor-element elementor-element-f274471 elementor-widget elementor-widget-text-editor\" data-id=\"f274471\" data-element_type=\"widget\" data-widget_type=\"text-editor.default\">\n\t\t\t\t<div class=\"elementor-widget-container\">\n\t\t\t\t\t\t\t\t\t<p>Tenha acesso a fundos que acompanham os principais \u00edndices globais e combinam diferentes tipos<br \/>de ativos<\/p>\t\t\t\t\t\t\t\t<\/div>\n\t\t\t\t<\/div>\n\t\t\t\t<\/div>\n\t\t<div class=\"elementor-element elementor-element-ef299b5 e-con-full e-flex e-con e-child\" data-id=\"ef299b5\" data-element_type=\"container\" data-settings=\"{&quot;background_background&quot;:&quot;classic&quot;}\">\n\t\t\t\t<div class=\"elementor-element elementor-element-50dbb41 elementor-widget elementor-widget-image\" data-id=\"50dbb41\" data-element_type=\"widget\" data-widget_type=\"image.default\">\n\t\t\t\t<div class=\"elementor-widget-container\">\n\t\t\t\t\t\t\t\t\t\t\t\t\t\t\t<img decoding=\"async\" width=\"54\" height=\"54\" src=\"https:\/\/bradescobank.com\/wp-content\/uploads\/2024\/10\/Settings-1-1.webp\" class=\"attachment-large size-large wp-image-6975\" alt=\"Settings 1\" loading=\"eager\" \/>\t\t\t\t\t\t\t\t\t\t\t\t\t\t\t<\/div>\n\t\t\t\t<\/div>\n\t\t\t\t<div class=\"elementor-element elementor-element-7a4fd18 elementor-widget elementor-widget-text-editor\" data-id=\"7a4fd18\" data-element_type=\"widget\" data-widget_type=\"text-editor.default\">\n\t\t\t\t<div class=\"elementor-widget-container\">\n\t\t\t\t\t\t\t\t\t<p>Fundos M\u00fatuos<\/p>\t\t\t\t\t\t\t\t<\/div>\n\t\t\t\t<\/div>\n\t\t\t\t<div class=\"elementor-element elementor-element-a0c825f elementor-widget elementor-widget-text-editor\" data-id=\"a0c825f\" data-element_type=\"widget\" data-widget_type=\"text-editor.default\">\n\t\t\t\t<div class=\"elementor-widget-container\">\n\t\t\t\t\t\t\t\t\t<p>\u00a0<\/p><p>Descubra e invista em fundos globais gerenciados, com acesso a uma ampla variedade de estrat\u00e9gias de mercado<\/p>\t\t\t\t\t\t\t\t<\/div>\n\t\t\t\t<\/div>\n\t\t\t\t<\/div>\n\t\t<div class=\"elementor-element elementor-element-e08c055 e-con-full e-flex e-con e-child\" data-id=\"e08c055\" data-element_type=\"container\" data-settings=\"{&quot;background_background&quot;:&quot;classic&quot;}\">\n\t\t\t\t<div class=\"elementor-element elementor-element-86856f1 elementor-widget elementor-widget-image\" data-id=\"86856f1\" data-element_type=\"widget\" data-widget_type=\"image.default\">\n\t\t\t\t<div class=\"elementor-widget-container\">\n\t\t\t\t\t\t\t\t\t\t\t\t\t\t\t<img decoding=\"async\" width=\"54\" height=\"54\" src=\"https:\/\/bradescobank.com\/wp-content\/uploads\/2024\/10\/Chart-Statistic-2-copiar.webp\" class=\"attachment-large size-large wp-image-6973\" alt=\"Chart Statistic 2 copiar\" loading=\"eager\" \/>\t\t\t\t\t\t\t\t\t\t\t\t\t\t\t<\/div>\n\t\t\t\t<\/div>\n\t\t\t\t<div class=\"elementor-element elementor-element-7758442 elementor-widget elementor-widget-text-editor\" data-id=\"7758442\" data-element_type=\"widget\" data-widget_type=\"text-editor.default\">\n\t\t\t\t<div class=\"elementor-widget-container\">\n\t\t\t\t\t\t\t\t\t<p>Renda Fixa<\/p>\t\t\t\t\t\t\t\t<\/div>\n\t\t\t\t<\/div>\n\t\t\t\t<div class=\"elementor-element elementor-element-5cd19e5 elementor-widget elementor-widget-text-editor\" data-id=\"5cd19e5\" data-element_type=\"widget\" data-widget_type=\"text-editor.default\">\n\t\t\t\t<div class=\"elementor-widget-container\">\n\t\t\t\t\t\t\t\t\t<p>(em breve)<\/p>\t\t\t\t\t\t\t\t<\/div>\n\t\t\t\t<\/div>\n\t\t\t\t<div class=\"elementor-element elementor-element-2cf13fb elementor-widget elementor-widget-text-editor\" data-id=\"2cf13fb\" data-element_type=\"widget\" data-widget_type=\"text-editor.default\">\n\t\t\t\t<div class=\"elementor-widget-container\">\n\t\t\t\t\t\t\t\t\t<p>Explore oportunidades de investimento que podem oferecer maior previsibilidade nos retornos<\/p>\t\t\t\t\t\t\t\t<\/div>\n\t\t\t\t<\/div>\n\t\t\t\t<\/div>\n\t\t\t\t\t<\/div>\n\t\t\t\t<\/div>\n\t\t\t\t<\/div>\n\t\t","protected":false},"excerpt":{"rendered":"<p>Seu Portal para Investimentos Globais 100% Digital, 100% Seu O Bradesco Investments App torna o investimento global simples e seguro. Desenvolvido exclusivamente para clientes eleg\u00edveis do Bradesco Bank, nossa plataforma oferece acesso direto aos mercados internacionais \u2014 incluindo a\u00e7\u00f5es nas bolsas dos Estados Unidos e outros ativos globais Porque investir com Bradesco Investments? O Bradesco [&hellip;]<\/p>\n","protected":false},"author":3,"featured_media":13640,"parent":13203,"menu_order":0,"comment_status":"closed","ping_status":"closed","template":"elementor_header_footer","meta":{"_acf_changed":false,"slim_seo":{"title":"Bradesco Investments App - Bradesco Bank","description":"Seu Portal para Investimentos Globais 100% Digital, 100% Seu O Bradesco Investments App torna o investimento global simples e seguro. Desenvolvido exclusivament"},"footnotes":""},"class_list":["post-12984","page","type-page","status-publish","has-post-thumbnail","hentry"],"blocksy_meta":[],"acf":[],"_links":{"self":[{"href":"https:\/\/bradescobank.com\/pt\/wp-json\/wp\/v2\/pages\/12984","targetHints":{"allow":["GET"]}}],"collection":[{"href":"https:\/\/bradescobank.com\/pt\/wp-json\/wp\/v2\/pages"}],"about":[{"href":"https:\/\/bradescobank.com\/pt\/wp-json\/wp\/v2\/types\/page"}],"author":[{"embeddable":true,"href":"https:\/\/bradescobank.com\/pt\/wp-json\/wp\/v2\/users\/3"}],"replies":[{"embeddable":true,"href":"https:\/\/bradescobank.com\/pt\/wp-json\/wp\/v2\/comments?post=12984"}],"version-history":[{"count":61,"href":"https:\/\/bradescobank.com\/pt\/wp-json\/wp\/v2\/pages\/12984\/revisions"}],"predecessor-version":[{"id":16832,"href":"https:\/\/bradescobank.com\/pt\/wp-json\/wp\/v2\/pages\/12984\/revisions\/16832"}],"up":[{"embeddable":true,"href":"https:\/\/bradescobank.com\/pt\/wp-json\/wp\/v2\/pages\/13203"}],"wp:featuredmedia":[{"embeddable":true,"href":"https:\/\/bradescobank.com\/pt\/wp-json\/wp\/v2\/media\/13640"}],"wp:attachment":[{"href":"https:\/\/bradescobank.com\/pt\/wp-json\/wp\/v2\/media?parent=12984"}],"curies":[{"name":"wp","href":"https:\/\/api.w.org\/{rel}","templated":true}]}}