{"id":3991,"date":"2024-06-12T15:07:09","date_gmt":"2024-06-12T18:07:09","guid":{"rendered":"https:\/\/bradescobank.com\/sobre-nos\/"},"modified":"2026-03-25T16:39:17","modified_gmt":"2026-03-25T19:39:17","slug":"sobre-nos","status":"publish","type":"page","link":"https:\/\/bradescobank.com\/pt\/sobre-nos\/","title":{"rendered":"Sobre n\u00f3s"},"content":{"rendered":"\t\t<div data-elementor-type=\"wp-page\" data-elementor-id=\"3991\" class=\"elementor elementor-3991 elementor-2212\" data-elementor-post-type=\"page\">\n\t\t\t\t<div class=\"elementor-element elementor-element-eb18198 e-con-full e-flex e-con e-parent\" data-id=\"eb18198\" data-element_type=\"container\" data-settings=\"{&quot;background_background&quot;:&quot;classic&quot;}\">\n\t\t<div class=\"elementor-element elementor-element-a2edb14 e-flex e-con-boxed e-con e-child\" data-id=\"a2edb14\" data-element_type=\"container\" data-settings=\"{&quot;background_background&quot;:&quot;classic&quot;}\">\n\t\t\t\t\t<div class=\"e-con-inner\">\n\t\t\t\t<div class=\"elementor-element elementor-element-3f10c2e titulo-header2 elementor-widget elementor-widget-text-editor\" data-id=\"3f10c2e\" data-element_type=\"widget\" data-widget_type=\"text-editor.default\">\n\t\t\t\t<div class=\"elementor-widget-container\">\n\t\t\t\t\t\t\t\t\t<h1 style=\"text-align: left;\">Sua plataforma financeira completa nos EUA<\/h1>\t\t\t\t\t\t\t\t<\/div>\n\t\t\t\t<\/div>\n\t\t\t\t\t<\/div>\n\t\t\t\t<\/div>\n\t\t\t\t<\/div>\n\t\t<div class=\"elementor-element elementor-element-1e5579e e-con-full e-flex e-con e-parent\" data-id=\"1e5579e\" data-element_type=\"container\" data-settings=\"{&quot;background_background&quot;:&quot;classic&quot;}\">\n\t\t\t\t<\/div>\n\t\t<div class=\"elementor-element elementor-element-4d27485 e-flex e-con-boxed e-con e-parent\" data-id=\"4d27485\" data-element_type=\"container\" data-settings=\"{&quot;background_background&quot;:&quot;classic&quot;}\">\n\t\t\t\t\t<div class=\"e-con-inner\">\n\t\t\t\t<div class=\"elementor-element elementor-element-e6335aa tam-seg-titulo elementor-widget elementor-widget-text-editor\" data-id=\"e6335aa\" data-element_type=\"widget\" data-widget_type=\"text-editor.default\">\n\t\t\t\t<div class=\"elementor-widget-container\">\n\t\t\t\t\t\t\t\t\t<p>Bradesco Bank<\/p>\t\t\t\t\t\t\t\t<\/div>\n\t\t\t\t<\/div>\n\t\t\t\t<div class=\"elementor-element elementor-element-f1c01d2 subtitulo-br elementor-widget elementor-widget-text-editor\" data-id=\"f1c01d2\" data-element_type=\"widget\" data-widget_type=\"text-editor.default\">\n\t\t\t\t<div class=\"elementor-widget-container\">\n\t\t\t\t\t\t\t\t\t<p>Com mais de meio s\u00e9culo de experi\u00eancia operando em Miami, Fl\u00f3rida, o Bradesco Bank \u00e9 uma subsidi\u00e1ria do Banco Bradesco nos EUA, atendendo clientes residentes e n\u00e3o residentes com uma oferta completa de produtos e servi\u00e7os para pessoas f\u00edsicas e jur\u00eddicas<\/p>\n\t\t\t\t\t\t\t\t<\/div>\n\t\t\t\t<\/div>\n\t\t\t\t\t<\/div>\n\t\t\t\t<\/div>\n\t\t<div class=\"elementor-element elementor-element-bb22c62 e-flex e-con-boxed e-con e-parent\" data-id=\"bb22c62\" data-element_type=\"container\" data-settings=\"{&quot;background_background&quot;:&quot;classic&quot;}\">\n\t\t\t\t\t<div class=\"e-con-inner\">\n\t\t\t\t\t<\/div>\n\t\t\t\t<\/div>\n\t\t<div class=\"elementor-element elementor-element-adbc8f3 e-flex e-con-boxed e-con e-parent\" data-id=\"adbc8f3\" data-element_type=\"container\" data-settings=\"{&quot;background_background&quot;:&quot;classic&quot;}\">\n\t\t\t\t\t<div class=\"e-con-inner\">\n\t\t\t\t<div class=\"elementor-element elementor-element-a67b587 tam-seg-titulo elementor-widget elementor-widget-text-editor\" data-id=\"a67b587\" data-element_type=\"widget\" data-widget_type=\"text-editor.default\">\n\t\t\t\t<div class=\"elementor-widget-container\">\n\t\t\t\t\t\t\t\t\t<p>Banco Bradesco SA<\/p>\n\t\t\t\t\t\t\t\t<\/div>\n\t\t\t\t<\/div>\n\t\t\t\t<div class=\"elementor-element elementor-element-2279805 subtitulo-br elementor-widget__width-initial elementor-widget elementor-widget-text-editor\" data-id=\"2279805\" data-element_type=\"widget\" data-widget_type=\"text-editor.default\">\n\t\t\t\t<div class=\"elementor-widget-container\">\n\t\t\t\t\t\t\t\t\t<p>80 anos | Um dos maiores grupos financeiros da Am\u00e9rica Latina<\/p>\t\t\t\t\t\t\t\t<\/div>\n\t\t\t\t<\/div>\n\t\t\t\t<div class=\"elementor-element elementor-element-e1b89e2 subtitulo-br elementor-widget__width-initial elementor-widget elementor-widget-text-editor\" data-id=\"e1b89e2\" data-element_type=\"widget\" data-widget_type=\"text-editor.default\">\n\t\t\t\t<div class=\"elementor-widget-container\">\n\t\t\t\t\t\t\t\t\t<a href=\"#bradesco-bank\" rel=\"noopener\"><span style=\"text-decoration: underline;\"><span style=\"font-weight: 400;\">Saiba mais sobre o Banco Bradesco<\/span><\/span><\/a>\t\t\t\t\t\t\t\t<\/div>\n\t\t\t\t<\/div>\n\t\t\t\t\t<\/div>\n\t\t\t\t<\/div>\n\t\t<div class=\"elementor-element elementor-element-14cf9d6 e-flex e-con-boxed e-con e-parent\" data-id=\"14cf9d6\" data-element_type=\"container\" data-settings=\"{&quot;background_background&quot;:&quot;classic&quot;}\">\n\t\t\t\t\t<div class=\"e-con-inner\">\n\t\t<div class=\"elementor-element elementor-element-40032d1 e-con-full degrade-box e-flex e-con e-child\" data-id=\"40032d1\" data-element_type=\"container\" data-settings=\"{&quot;background_background&quot;:&quot;classic&quot;}\">\n\t\t<div class=\"elementor-element elementor-element-6d60227 e-flex e-con-boxed e-con e-child\" data-id=\"6d60227\" data-element_type=\"container\">\n\t\t\t\t\t<div class=\"e-con-inner\">\n\t\t\t\t<div class=\"elementor-element elementor-element-cac215c elementor-widget elementor-widget-image\" data-id=\"cac215c\" data-element_type=\"widget\" data-widget_type=\"image.default\">\n\t\t\t\t<div class=\"elementor-widget-container\">\n\t\t\t\t\t\t\t\t\t\t\t\t\t\t\t<img decoding=\"async\" width=\"49\" height=\"49\" src=\"https:\/\/bradescobank.com\/wp-content\/uploads\/2024\/06\/icon-bradesco-1.png\" class=\"attachment-full size-full wp-image-3993\" alt=\"Icon bradesco\" loading=\"eager\" \/>\t\t\t\t\t\t\t\t\t\t\t\t\t\t\t<\/div>\n\t\t\t\t<\/div>\n\t\t\t\t\t<\/div>\n\t\t\t\t<\/div>\n\t\t<div class=\"elementor-element elementor-element-1832457 e-flex e-con-boxed e-con e-child\" data-id=\"1832457\" data-element_type=\"container\">\n\t\t\t\t\t<div class=\"e-con-inner\">\n\t\t\t\t<div class=\"elementor-element elementor-element-a9e4e26 elementor-widget elementor-widget-text-editor\" data-id=\"a9e4e26\" data-element_type=\"widget\" data-widget_type=\"text-editor.default\">\n\t\t\t\t<div class=\"elementor-widget-container\">\n\t\t\t\t\t\t\t\t\t<p>72.7 milh\u00f5es de clientes<\/p>\t\t\t\t\t\t\t\t<\/div>\n\t\t\t\t<\/div>\n\t\t\t\t\t<\/div>\n\t\t\t\t<\/div>\n\t\t\t\t<\/div>\n\t\t<div class=\"elementor-element elementor-element-2af02b8 e-con-full degrade-box e-flex e-con e-child\" data-id=\"2af02b8\" data-element_type=\"container\" data-settings=\"{&quot;background_background&quot;:&quot;classic&quot;}\">\n\t\t<div class=\"elementor-element elementor-element-290da98 e-flex e-con-boxed e-con e-child\" data-id=\"290da98\" data-element_type=\"container\">\n\t\t\t\t\t<div class=\"e-con-inner\">\n\t\t\t\t<div class=\"elementor-element elementor-element-395dae7 elementor-widget elementor-widget-image\" data-id=\"395dae7\" data-element_type=\"widget\" data-widget_type=\"image.default\">\n\t\t\t\t<div class=\"elementor-widget-container\">\n\t\t\t\t\t\t\t\t\t\t\t\t\t\t\t<img decoding=\"async\" width=\"49\" height=\"49\" src=\"https:\/\/bradescobank.com\/wp-content\/uploads\/2024\/06\/icon-bradesco-2.png\" class=\"attachment-full size-full wp-image-3995\" alt=\"Icon bradesco\" loading=\"eager\" \/>\t\t\t\t\t\t\t\t\t\t\t\t\t\t\t<\/div>\n\t\t\t\t<\/div>\n\t\t\t\t\t<\/div>\n\t\t\t\t<\/div>\n\t\t<div class=\"elementor-element elementor-element-b41021e e-flex e-con-boxed e-con e-child\" data-id=\"b41021e\" data-element_type=\"container\">\n\t\t\t\t\t<div class=\"e-con-inner\">\n\t\t\t\t<div class=\"elementor-element elementor-element-45f6b24 elementor-widget elementor-widget-text-editor\" data-id=\"45f6b24\" data-element_type=\"widget\" data-widget_type=\"text-editor.default\">\n\t\t\t\t<div class=\"elementor-widget-container\">\n\t\t\t\t\t\t\t\t\t<p>US$ 414+ bilh\u00f5es<br \/>Total de ativos<\/p>\t\t\t\t\t\t\t\t<\/div>\n\t\t\t\t<\/div>\n\t\t\t\t\t<\/div>\n\t\t\t\t<\/div>\n\t\t\t\t<\/div>\n\t\t<div class=\"elementor-element elementor-element-e245722 e-con-full degrade-box e-flex e-con e-child\" data-id=\"e245722\" data-element_type=\"container\" data-settings=\"{&quot;background_background&quot;:&quot;classic&quot;}\">\n\t\t<div class=\"elementor-element elementor-element-f37d2aa e-flex e-con-boxed e-con e-child\" data-id=\"f37d2aa\" data-element_type=\"container\">\n\t\t\t\t\t<div class=\"e-con-inner\">\n\t\t\t\t<div class=\"elementor-element elementor-element-49ec1eb elementor-widget elementor-widget-image\" data-id=\"49ec1eb\" data-element_type=\"widget\" data-widget_type=\"image.default\">\n\t\t\t\t<div class=\"elementor-widget-container\">\n\t\t\t\t\t\t\t\t\t\t\t\t\t\t\t<img decoding=\"async\" width=\"49\" height=\"49\" src=\"https:\/\/bradescobank.com\/wp-content\/uploads\/2024\/06\/icon-bradesco-3.png\" class=\"attachment-full size-full wp-image-3996\" alt=\"Icon bradesco\" loading=\"eager\" \/>\t\t\t\t\t\t\t\t\t\t\t\t\t\t\t<\/div>\n\t\t\t\t<\/div>\n\t\t\t\t\t<\/div>\n\t\t\t\t<\/div>\n\t\t<div class=\"elementor-element elementor-element-70a68d9 e-flex e-con-boxed e-con e-child\" data-id=\"70a68d9\" data-element_type=\"container\">\n\t\t\t\t\t<div class=\"e-con-inner\">\n\t\t\t\t<div class=\"elementor-element elementor-element-423024c elementor-widget elementor-widget-text-editor\" data-id=\"423024c\" data-element_type=\"widget\" data-widget_type=\"text-editor.default\">\n\t\t\t\t<div class=\"elementor-widget-container\">\n\t\t\t\t\t\t\t\t\t<p>US$ 167 bilh\u00f5es<br \/>Carteira de empr\u00e9stimos<\/p>\t\t\t\t\t\t\t\t<\/div>\n\t\t\t\t<\/div>\n\t\t\t\t\t<\/div>\n\t\t\t\t<\/div>\n\t\t\t\t<\/div>\n\t\t<div class=\"elementor-element elementor-element-d49a665 e-con-full degrade-box e-flex e-con e-child\" data-id=\"d49a665\" data-element_type=\"container\" data-settings=\"{&quot;background_background&quot;:&quot;classic&quot;}\">\n\t\t<div class=\"elementor-element elementor-element-3510634 e-flex e-con-boxed e-con e-child\" data-id=\"3510634\" data-element_type=\"container\">\n\t\t\t\t\t<div class=\"e-con-inner\">\n\t\t\t\t<div class=\"elementor-element elementor-element-b7b3e6a elementor-widget elementor-widget-image\" data-id=\"b7b3e6a\" data-element_type=\"widget\" data-widget_type=\"image.default\">\n\t\t\t\t<div class=\"elementor-widget-container\">\n\t\t\t\t\t\t\t\t\t\t\t\t\t\t\t<img decoding=\"async\" width=\"65\" height=\"49\" src=\"https:\/\/bradescobank.com\/wp-content\/uploads\/2024\/06\/icon-bradesco-4.png\" class=\"attachment-full size-full wp-image-3997\" alt=\"Icon bradesco\" loading=\"eager\" \/>\t\t\t\t\t\t\t\t\t\t\t\t\t\t\t<\/div>\n\t\t\t\t<\/div>\n\t\t\t\t\t<\/div>\n\t\t\t\t<\/div>\n\t\t<div class=\"elementor-element elementor-element-a186244 e-flex e-con-boxed e-con e-child\" data-id=\"a186244\" data-element_type=\"container\">\n\t\t\t\t\t<div class=\"e-con-inner\">\n\t\t<div class=\"elementor-element elementor-element-7a9648d e-flex e-con-boxed e-con e-child\" data-id=\"7a9648d\" data-element_type=\"container\">\n\t\t\t\t\t<div class=\"e-con-inner\">\n\t\t\t\t<div class=\"elementor-element elementor-element-931f9fc elementor-widget elementor-widget-text-editor\" data-id=\"931f9fc\" data-element_type=\"widget\" data-widget_type=\"text-editor.default\">\n\t\t\t\t<div class=\"elementor-widget-container\">\n\t\t\t\t\t\t\t\t\t<p>86,000+<br \/>Funcion\u00e1rios<\/p>\t\t\t\t\t\t\t\t<\/div>\n\t\t\t\t<\/div>\n\t\t\t\t\t<\/div>\n\t\t\t\t<\/div>\n\t\t\t\t\t<\/div>\n\t\t\t\t<\/div>\n\t\t\t\t<\/div>\n\t\t\t\t\t<\/div>\n\t\t\t\t<\/div>\n\t\t<div class=\"elementor-element elementor-element-da8a040 e-flex e-con-boxed e-con e-parent\" data-id=\"da8a040\" data-element_type=\"container\">\n\t\t\t\t\t<div class=\"e-con-inner\">\n\t\t\t\t<div class=\"elementor-element elementor-element-60aa67d elementor-widget elementor-widget-text-editor\" data-id=\"60aa67d\" data-element_type=\"widget\" data-widget_type=\"text-editor.default\">\n\t\t\t\t<div class=\"elementor-widget-container\">\n\t\t\t\t\t\t\t\t\t<p>Em d\u00f3lares americanos no fechamento do segundo trimestre de 2026.<\/p>\t\t\t\t\t\t\t\t<\/div>\n\t\t\t\t<\/div>\n\t\t\t\t\t<\/div>\n\t\t\t\t<\/div>\n\t\t<div class=\"elementor-element elementor-element-ae64ee6 e-flex e-con-boxed e-con e-parent\" data-id=\"ae64ee6\" data-element_type=\"container\" data-settings=\"{&quot;background_background&quot;:&quot;classic&quot;}\">\n\t\t\t\t\t<div class=\"e-con-inner\">\n\t\t\t\t<div class=\"elementor-element elementor-element-5c7c86e subtitulo-br elementor-widget__width-initial elementor-widget elementor-widget-text-editor\" data-id=\"5c7c86e\" data-element_type=\"widget\" data-widget_type=\"text-editor.default\">\n\t\t\t\t<div class=\"elementor-widget-container\">\n\t\t\t\t\t\t\t\t\t<p>Presen\u00e7a internacional em 6 pa\u00edses al\u00e9m do Brasil:<\/p><p>Estados Unidos, M\u00e9xico, Argentina, China (Hong Kong), Luxemburgo, Reino Unido &#8211; juntamente com as Ilhas Cayman.<\/p>\t\t\t\t\t\t\t\t<\/div>\n\t\t\t\t<\/div>\n\t\t\t\t\t<\/div>\n\t\t\t\t<\/div>\n\t\t<div class=\"elementor-element elementor-element-8adb588 e-con-full elementor-hidden-tablet_extra elementor-hidden-tablet elementor-hidden-mobile e-flex e-con e-parent\" data-id=\"8adb588\" data-element_type=\"container\">\n\t\t\t\t<div class=\"elementor-element elementor-element-5e1a70a elementor-widget elementor-widget-image\" data-id=\"5e1a70a\" data-element_type=\"widget\" data-widget_type=\"image.default\">\n\t\t\t\t<div class=\"elementor-widget-container\">\n\t\t\t\t\t\t\t\t\t\t\t\t\t\t\t<img fetchpriority=\"high\" decoding=\"async\" width=\"1786\" height=\"814\" src=\"https:\/\/bradescobank.com\/wp-content\/uploads\/2024\/06\/mapa-pt-n1.jpg\" class=\"attachment-full size-full wp-image-4423\" alt=\"Mapa pt n1\" srcset=\"https:\/\/bradescobank.com\/wp-content\/uploads\/2024\/06\/mapa-pt-n1.jpg 1786w, https:\/\/bradescobank.com\/wp-content\/uploads\/2024\/06\/mapa-pt-n1-300x137.jpg 300w, https:\/\/bradescobank.com\/wp-content\/uploads\/2024\/06\/mapa-pt-n1-1024x467.jpg 1024w, https:\/\/bradescobank.com\/wp-content\/uploads\/2024\/06\/mapa-pt-n1-768x350.jpg 768w, https:\/\/bradescobank.com\/wp-content\/uploads\/2024\/06\/mapa-pt-n1-1536x700.jpg 1536w\" sizes=\"(max-width: 1786px) 100vw, 1786px\" loading=\"eager\" \/>\t\t\t\t\t\t\t\t\t\t\t\t\t\t\t<\/div>\n\t\t\t\t<\/div>\n\t\t\t\t<\/div>\n\t\t<div class=\"elementor-element elementor-element-7a9b899 e-con-full elementor-hidden-desktop elementor-hidden-mobile elementor-hidden-laptop e-flex e-con e-parent\" data-id=\"7a9b899\" data-element_type=\"container\">\n\t\t\t\t<div class=\"elementor-element elementor-element-c8a02e0 elementor-widget elementor-widget-image\" data-id=\"c8a02e0\" data-element_type=\"widget\" data-widget_type=\"image.default\">\n\t\t\t\t<div class=\"elementor-widget-container\">\n\t\t\t\t\t\t\t\t\t\t\t\t\t\t\t<img decoding=\"async\" width=\"1051\" height=\"636\" src=\"https:\/\/bradescobank.com\/wp-content\/uploads\/2024\/06\/mapa-pt-n2.jpg\" class=\"attachment-full size-full wp-image-4421\" alt=\"Mapa pt n2\" srcset=\"https:\/\/bradescobank.com\/wp-content\/uploads\/2024\/06\/mapa-pt-n2.jpg 1051w, https:\/\/bradescobank.com\/wp-content\/uploads\/2024\/06\/mapa-pt-n2-300x182.jpg 300w, https:\/\/bradescobank.com\/wp-content\/uploads\/2024\/06\/mapa-pt-n2-1024x620.jpg 1024w, https:\/\/bradescobank.com\/wp-content\/uploads\/2024\/06\/mapa-pt-n2-768x465.jpg 768w\" sizes=\"(max-width: 1051px) 100vw, 1051px\" loading=\"eager\" \/>\t\t\t\t\t\t\t\t\t\t\t\t\t\t\t<\/div>\n\t\t\t\t<\/div>\n\t\t\t\t<\/div>\n\t\t<div class=\"elementor-element elementor-element-f9ffc0c e-con-full elementor-hidden-desktop elementor-hidden-tablet_extra elementor-hidden-tablet elementor-hidden-laptop e-flex e-con e-parent\" data-id=\"f9ffc0c\" data-element_type=\"container\">\n\t\t\t\t<div class=\"elementor-element elementor-element-7dba945 elementor-widget elementor-widget-image\" data-id=\"7dba945\" data-element_type=\"widget\" data-widget_type=\"image.default\">\n\t\t\t\t<div class=\"elementor-widget-container\">\n\t\t\t\t\t\t\t\t\t\t\t\t\t\t\t<img decoding=\"async\" width=\"572\" height=\"627\" src=\"https:\/\/bradescobank.com\/wp-content\/uploads\/2024\/06\/mapa-pt-n4.jpg\" class=\"attachment-large size-large wp-image-4432\" alt=\"Mapa pt n4\" srcset=\"https:\/\/bradescobank.com\/wp-content\/uploads\/2024\/06\/mapa-pt-n4.jpg 572w, https:\/\/bradescobank.com\/wp-content\/uploads\/2024\/06\/mapa-pt-n4-274x300.jpg 274w\" sizes=\"(max-width: 572px) 100vw, 572px\" loading=\"eager\" \/>\t\t\t\t\t\t\t\t\t\t\t\t\t\t\t<\/div>\n\t\t\t\t<\/div>\n\t\t\t\t<\/div>\n\t\t\t\t<\/div>\n\t\t","protected":false},"excerpt":{"rendered":"<p>Sua plataforma financeira completa nos EUA Bradesco Bank Com mais de meio s\u00e9culo de experi\u00eancia operando em Miami, Fl\u00f3rida, o Bradesco Bank \u00e9 uma subsidi\u00e1ria do Banco Bradesco nos EUA, atendendo clientes residentes e n\u00e3o residentes com uma oferta completa de produtos e servi\u00e7os para pessoas f\u00edsicas e jur\u00eddicas Banco Bradesco SA 80 anos | [&hellip;]<\/p>\n","protected":false},"author":3,"featured_media":0,"parent":0,"menu_order":0,"comment_status":"closed","ping_status":"closed","template":"","meta":{"_acf_changed":false,"slim_seo":{"title":"Sobre n\u00f3s - Bradesco Bank","description":"Sua plataforma financeira completa nos EUA Bradesco Bank Com mais de meio s\u00e9culo de experi\u00eancia operando em Miami, Fl\u00f3rida, o Bradesco Bank \u00e9 uma subsidi\u00e1ria do"},"footnotes":""},"class_list":["post-3991","page","type-page","status-publish","hentry"],"blocksy_meta":[],"acf":[],"_links":{"self":[{"href":"https:\/\/bradescobank.com\/pt\/wp-json\/wp\/v2\/pages\/3991","targetHints":{"allow":["GET"]}}],"collection":[{"href":"https:\/\/bradescobank.com\/pt\/wp-json\/wp\/v2\/pages"}],"about":[{"href":"https:\/\/bradescobank.com\/pt\/wp-json\/wp\/v2\/types\/page"}],"author":[{"embeddable":true,"href":"https:\/\/bradescobank.com\/pt\/wp-json\/wp\/v2\/users\/3"}],"replies":[{"embeddable":true,"href":"https:\/\/bradescobank.com\/pt\/wp-json\/wp\/v2\/comments?post=3991"}],"version-history":[{"count":74,"href":"https:\/\/bradescobank.com\/pt\/wp-json\/wp\/v2\/pages\/3991\/revisions"}],"predecessor-version":[{"id":17029,"href":"https:\/\/bradescobank.com\/pt\/wp-json\/wp\/v2\/pages\/3991\/revisions\/17029"}],"wp:attachment":[{"href":"https:\/\/bradescobank.com\/pt\/wp-json\/wp\/v2\/media?parent=3991"}],"curies":[{"name":"wp","href":"https:\/\/api.w.org\/{rel}","templated":true}]}}