{"id":4374,"date":"2024-06-17T15:16:22","date_gmt":"2024-06-17T18:16:22","guid":{"rendered":"https:\/\/bradescobank.com\/certificado-de-deposito-bradesco\/"},"modified":"2025-12-11T14:32:54","modified_gmt":"2025-12-11T17:32:54","slug":"certificado-de-deposito-bradesco","status":"publish","type":"page","link":"https:\/\/bradescobank.com\/pt\/certificado-de-deposito-bradesco\/","title":{"rendered":"CDB"},"content":{"rendered":"\t\t<div data-elementor-type=\"wp-page\" data-elementor-id=\"4374\" class=\"elementor elementor-4374 elementor-3099\" data-elementor-post-type=\"page\">\n\t\t\t\t<div class=\"elementor-element elementor-element-59c64c7 e-con-full elementor-hidden-tablet elementor-hidden-mobile e-flex e-con e-parent\" data-id=\"59c64c7\" data-element_type=\"container\" data-settings=\"{&quot;background_background&quot;:&quot;classic&quot;}\">\n\t\t<div class=\"elementor-element elementor-element-7f9b34c e-flex e-con-boxed e-con e-child\" data-id=\"7f9b34c\" data-element_type=\"container\">\n\t\t\t\t\t<div class=\"e-con-inner\">\n\t\t<div class=\"elementor-element elementor-element-8090f46 e-con-full e-flex e-con e-child\" data-id=\"8090f46\" data-element_type=\"container\">\n\t\t\t\t<div class=\"elementor-element elementor-element-a694ef4 elementor-widget elementor-widget-image\" data-id=\"a694ef4\" data-element_type=\"widget\" data-widget_type=\"image.default\">\n\t\t\t\t<div class=\"elementor-widget-container\">\n\t\t\t\t\t\t\t\t\t\t\t\t\t\t\t<img decoding=\"async\" width=\"212\" height=\"118\" src=\"https:\/\/bradescobank.com\/wp-content\/uploads\/2024\/06\/imagem-2.png\" class=\"attachment-full size-full wp-image-4376\" alt=\"Imagem\" loading=\"eager\" \/>\t\t\t\t\t\t\t\t\t\t\t\t\t\t\t<\/div>\n\t\t\t\t<\/div>\n\t\t\t\t<\/div>\n\t\t<div class=\"elementor-element elementor-element-e48bd06 e-flex e-con-boxed e-con e-child\" data-id=\"e48bd06\" data-element_type=\"container\">\n\t\t\t\t\t<div class=\"e-con-inner\">\n\t\t\t\t<div class=\"elementor-element elementor-element-06c678a elementor-widget elementor-widget-text-editor\" data-id=\"06c678a\" data-element_type=\"widget\" data-widget_type=\"text-editor.default\">\n\t\t\t\t<div class=\"elementor-widget-container\">\n\t\t\t\t\t\t\t\t\t<h1>Certificado de<br \/>Dep\u00f3sito Bradesco<\/h1>\n\t\t\t\t\t\t\t\t<\/div>\n\t\t\t\t<\/div>\n\t\t\t\t\t<\/div>\n\t\t\t\t<\/div>\n\t\t\t\t\t<\/div>\n\t\t\t\t<\/div>\n\t\t\t\t<\/div>\n\t\t<div class=\"elementor-element elementor-element-60b46a9 e-con-full elementor-hidden-desktop elementor-hidden-laptop elementor-hidden-tablet_extra e-flex e-con e-parent\" data-id=\"60b46a9\" data-element_type=\"container\" data-settings=\"{&quot;background_background&quot;:&quot;classic&quot;}\">\n\t\t<div class=\"elementor-element elementor-element-19a8588 e-con-full e-flex e-con e-child\" data-id=\"19a8588\" data-element_type=\"container\">\n\t\t<div class=\"elementor-element elementor-element-c8005d6 e-con-full e-flex e-con e-child\" data-id=\"c8005d6\" data-element_type=\"container\">\n\t\t\t\t<div class=\"elementor-element elementor-element-5e06891 elementor-widget-mobile__width-initial elementor-widget elementor-widget-image\" data-id=\"5e06891\" data-element_type=\"widget\" data-widget_type=\"image.default\">\n\t\t\t\t<div class=\"elementor-widget-container\">\n\t\t\t\t\t\t\t\t\t\t\t\t\t\t\t<img decoding=\"async\" width=\"212\" height=\"118\" src=\"https:\/\/bradescobank.com\/wp-content\/uploads\/2024\/06\/imagem-2.png\" class=\"attachment-full size-full wp-image-4376\" alt=\"Imagem\" loading=\"eager\" \/>\t\t\t\t\t\t\t\t\t\t\t\t\t\t\t<\/div>\n\t\t\t\t<\/div>\n\t\t\t\t<\/div>\n\t\t<div class=\"elementor-element elementor-element-708363c e-flex e-con-boxed e-con e-child\" data-id=\"708363c\" data-element_type=\"container\">\n\t\t\t\t\t<div class=\"e-con-inner\">\n\t\t\t\t<div class=\"elementor-element elementor-element-191b6a6 elementor-widget elementor-widget-text-editor\" data-id=\"191b6a6\" data-element_type=\"widget\" data-widget_type=\"text-editor.default\">\n\t\t\t\t<div class=\"elementor-widget-container\">\n\t\t\t\t\t\t\t\t\t<h1>Certificado de<br \/>Dep\u00f3sito Bradesco<\/h1>\n\t\t\t\t\t\t\t\t<\/div>\n\t\t\t\t<\/div>\n\t\t\t\t\t<\/div>\n\t\t\t\t<\/div>\n\t\t\t\t<\/div>\n\t\t\t\t<\/div>\n\t\t<div class=\"elementor-element elementor-element-00989d5 e-con-full e-flex e-con e-parent\" data-id=\"00989d5\" data-element_type=\"container\" data-settings=\"{&quot;background_background&quot;:&quot;classic&quot;}\">\n\t\t\t\t<\/div>\n\t\t<div class=\"elementor-element elementor-element-36e3fe9 e-flex e-con-boxed e-con e-parent\" data-id=\"36e3fe9\" data-element_type=\"container\" data-settings=\"{&quot;background_background&quot;:&quot;classic&quot;}\">\n\t\t\t\t\t<div class=\"e-con-inner\">\n\t\t\t\t<div class=\"elementor-element elementor-element-80af168 elementor-widget elementor-widget-heading\" data-id=\"80af168\" data-element_type=\"widget\" data-widget_type=\"heading.default\">\n\t\t\t\t<div class=\"elementor-widget-container\">\n\t\t\t\t\t<h2 class=\"elementor-heading-title elementor-size-default\">O que \u00e9 um CD?<\/h2>\t\t\t\t<\/div>\n\t\t\t\t<\/div>\n\t\t\t\t<div class=\"elementor-element elementor-element-c2b4942 elementor-widget__width-initial elementor-widget elementor-widget-text-editor\" data-id=\"c2b4942\" data-element_type=\"widget\" data-widget_type=\"text-editor.default\">\n\t\t\t\t<div class=\"elementor-widget-container\">\n\t\t\t\t\t\t\t\t\t<p>Um Certificado de Dep\u00f3sito (CD) \u00e9 um tipo de conta remunerada que oferece uma taxa de juros fixa durante um per\u00edodo de tempo espec\u00edfico<\/p><p>Confira nossa variedade de prazos de CD, criados para atender aos seus objetivos financeiros de curto e longo prazo<\/p>\t\t\t\t\t\t\t\t<\/div>\n\t\t\t\t<\/div>\n\t\t\t\t\t<\/div>\n\t\t\t\t<\/div>\n\t\t<div class=\"elementor-element elementor-element-1068bbf e-con-full e-flex e-con e-parent\" data-id=\"1068bbf\" data-element_type=\"container\" data-settings=\"{&quot;background_background&quot;:&quot;classic&quot;}\">\n\t\t\t\t<div class=\"elementor-element elementor-element-7a28ee8 elementor-widget__width-initial elementor-widget elementor-widget-text-editor\" data-id=\"7a28ee8\" data-element_type=\"widget\" data-widget_type=\"text-editor.default\">\n\t\t\t\t<div class=\"elementor-widget-container\">\n\t\t\t\t\t\t\t\t\t<p><span style=\"font-weight: 400;\">Ganhe at\u00e9 3,50% de rendimento anual (APY) em um CD de 12 meses<\/span><\/p>\t\t\t\t\t\t\t\t<\/div>\n\t\t\t\t<\/div>\n\t\t\t\t<div class=\"elementor-element elementor-element-b4a7990 elementor-widget__width-initial elementor-widget elementor-widget-text-editor\" data-id=\"b4a7990\" data-element_type=\"widget\" aria-label=\"Exibir detalhes do certificado em uma janela pop-up\" data-widget_type=\"text-editor.default\">\n\t\t\t\t<div class=\"elementor-widget-container\">\n\t\t\t\t\t\t\t\t\t<p><a href=\"#popup-certificate\"><span style=\"text-decoration: underline; color: white;\">Clique aqui para mais informa\u00e7\u00f5es<br \/><\/span><\/a><\/p>\t\t\t\t\t\t\t\t<\/div>\n\t\t\t\t<\/div>\n\t\t\t\t<\/div>\n\t\t<div class=\"elementor-element elementor-element-062be19 e-flex e-con-boxed e-con e-parent\" data-id=\"062be19\" data-element_type=\"container\" data-settings=\"{&quot;background_background&quot;:&quot;classic&quot;}\">\n\t\t\t\t\t<div class=\"e-con-inner\">\n\t\t<div class=\"elementor-element elementor-element-674285a e-flex e-con-boxed e-con e-child\" data-id=\"674285a\" data-element_type=\"container\">\n\t\t\t\t\t<div class=\"e-con-inner\">\n\t\t\t\t<div class=\"elementor-element elementor-element-6abbc11 elementor-widget elementor-widget-heading\" data-id=\"6abbc11\" data-element_type=\"widget\" data-widget_type=\"heading.default\">\n\t\t\t\t<div class=\"elementor-widget-container\">\n\t\t\t\t\t<h3 class=\"elementor-heading-title elementor-size-default\">Detalhes<\/h3>\t\t\t\t<\/div>\n\t\t\t\t<\/div>\n\t\t\t\t\t<\/div>\n\t\t\t\t<\/div>\n\t\t<a class=\"elementor-element elementor-element-23d123f e-flex e-con-boxed e-con e-child\" data-id=\"23d123f\" data-element_type=\"container\" data-settings=\"{&quot;background_background&quot;:&quot;classic&quot;}\">\n\t\t\t\t\t<div class=\"e-con-inner\">\n\t\t\t\t<div class=\"elementor-element elementor-element-68c3390 elementor-widget elementor-widget-text-editor\" data-id=\"68c3390\" data-element_type=\"widget\" data-widget_type=\"text-editor.default\">\n\t\t\t\t<div class=\"elementor-widget-container\">\n\t\t\t\t\t\t\t\t\t<p>Prazos de<br \/>vencimento entre 1 m\u00eas e 5 anos<\/p>\t\t\t\t\t\t\t\t<\/div>\n\t\t\t\t<\/div>\n\t\t\t\t\t<\/div>\n\t\t\t\t<\/a>\n\t\t<a class=\"elementor-element elementor-element-dc4e1fe e-flex e-con-boxed e-con e-child\" data-id=\"dc4e1fe\" data-element_type=\"container\" data-settings=\"{&quot;background_background&quot;:&quot;classic&quot;}\">\n\t\t\t\t\t<div class=\"e-con-inner\">\n\t\t\t\t<div class=\"elementor-element elementor-element-65831df elementor-widget elementor-widget-text-editor\" data-id=\"65831df\" data-element_type=\"widget\" data-widget_type=\"text-editor.default\">\n\t\t\t\t<div class=\"elementor-widget-container\">\n\t\t\t\t\t\t\t\t\t<p>Taxas competitivas<\/p>\n\t\t\t\t\t\t\t\t<\/div>\n\t\t\t\t<\/div>\n\t\t\t\t\t<\/div>\n\t\t\t\t<\/a>\n\t\t<a class=\"elementor-element elementor-element-b41ef7e e-flex e-con-boxed e-con e-child\" data-id=\"b41ef7e\" data-element_type=\"container\" data-settings=\"{&quot;background_background&quot;:&quot;classic&quot;}\">\n\t\t\t\t\t<div class=\"e-con-inner\">\n\t\t\t\t<div class=\"elementor-element elementor-element-3b5be74 elementor-widget elementor-widget-text-editor\" data-id=\"3b5be74\" data-element_type=\"widget\" data-widget_type=\"text-editor.default\">\n\t\t\t\t<div class=\"elementor-widget-container\">\n\t\t\t\t\t\t\t\t\t<p>Sem taxa de manuten\u00e7\u00e3o mensal<\/p>\n\t\t\t\t\t\t\t\t<\/div>\n\t\t\t\t<\/div>\n\t\t\t\t\t<\/div>\n\t\t\t\t<\/a>\n\t\t\t\t\t<\/div>\n\t\t\t\t<\/div>\n\t\t<div class=\"elementor-element elementor-element-0babd61 e-flex e-con-boxed e-con e-parent\" data-id=\"0babd61\" data-element_type=\"container\" data-settings=\"{&quot;background_background&quot;:&quot;classic&quot;}\">\n\t\t\t\t\t<div class=\"e-con-inner\">\n\t\t\t\t<div class=\"elementor-element elementor-element-02b3a04 elementor-align-center elementor-mobile-align-left elementor-widget elementor-widget-button\" data-id=\"02b3a04\" data-element_type=\"widget\" aria-label=\"janela pop-up para visualizar taxas de juros\" data-widget_type=\"button.default\">\n\t\t\t\t<div class=\"elementor-widget-container\">\n\t\t\t\t\t\t\t\t\t<div class=\"elementor-button-wrapper\">\n\t\t\t\t\t<a class=\"elementor-button elementor-button-link elementor-size-sm\" href=\"#elementor-action%3Aaction%3Dpopup%3Aopen%26settings%3DeyJpZCI6NDM4MSwidG9nZ2xlIjpmYWxzZX0%3D\" target=\"_blank\">\n\t\t\t\t\t\t<span class=\"elementor-button-content-wrapper\">\n\t\t\t\t\t\t\t\t\t<span class=\"elementor-button-text\">Consulte as taxas de juros<\/span>\n\t\t\t\t\t<\/span>\n\t\t\t\t\t<\/a>\n\t\t\t\t<\/div>\n\t\t\t\t\t\t\t\t<\/div>\n\t\t\t\t<\/div>\n\t\t\t\t\t<\/div>\n\t\t\t\t<\/div>\n\t\t<div class=\"elementor-element elementor-element-b878909 e-flex e-con-boxed e-con e-parent\" data-id=\"b878909\" data-element_type=\"container\">\n\t\t\t\t\t<div class=\"e-con-inner\">\n\t\t\t\t<div class=\"elementor-element elementor-element-ac6bcaf elementor-widget elementor-widget-heading\" data-id=\"ac6bcaf\" data-element_type=\"widget\" data-widget_type=\"heading.default\">\n\t\t\t\t<div class=\"elementor-widget-container\">\n\t\t\t\t\t<h3 class=\"elementor-heading-title elementor-size-default\">Benef\u00edcios<\/h3>\t\t\t\t<\/div>\n\t\t\t\t<\/div>\n\t\t\t\t\t<\/div>\n\t\t\t\t<\/div>\n\t\t<div class=\"elementor-element elementor-element-b8dc142 e-flex e-con-boxed e-con e-parent\" data-id=\"b8dc142\" data-element_type=\"container\" data-settings=\"{&quot;background_background&quot;:&quot;classic&quot;}\">\n\t\t\t\t\t<div class=\"e-con-inner\">\n\t\t<div class=\"elementor-element elementor-element-3530212 e-flex e-con-boxed e-con e-child\" data-id=\"3530212\" data-element_type=\"container\" data-settings=\"{&quot;background_background&quot;:&quot;classic&quot;}\">\n\t\t\t\t\t<div class=\"e-con-inner\">\n\t\t\t\t<div class=\"elementor-element elementor-element-bf12946 elementor-widget elementor-widget-image\" data-id=\"bf12946\" data-element_type=\"widget\" data-widget_type=\"image.default\">\n\t\t\t\t<div class=\"elementor-widget-container\">\n\t\t\t\t\t\t\t\t\t\t\t\t\t\t\t<img decoding=\"async\" width=\"41\" height=\"41\" src=\"https:\/\/bradescobank.com\/wp-content\/uploads\/2024\/06\/money-dollar-copiar.png\" class=\"attachment-full size-full wp-image-4377\" alt=\"Money Dollar copiar\" loading=\"eager\" \/>\t\t\t\t\t\t\t\t\t\t\t\t\t\t\t<\/div>\n\t\t\t\t<\/div>\n\t\t\t\t<div class=\"elementor-element elementor-element-8db168b elementor-widget elementor-widget-text-editor\" data-id=\"8db168b\" data-element_type=\"widget\" data-widget_type=\"text-editor.default\">\n\t\t\t\t<div class=\"elementor-widget-container\">\n\t\t\t\t\t\t\t\t\t<h2>Taxas de juros pr\u00e9-fixadas<\/h2>\t\t\t\t\t\t\t\t<\/div>\n\t\t\t\t<\/div>\n\t\t\t\t<div class=\"elementor-element elementor-element-b8d1703 elementor-widget__width-initial elementor-widget-tablet__width-initial elementor-widget elementor-widget-text-editor\" data-id=\"b8d1703\" data-element_type=\"widget\" data-widget_type=\"text-editor.default\">\n\t\t\t\t<div class=\"elementor-widget-container\">\n\t\t\t\t\t\t\t\t\t<p>Saiba quanto voc\u00ea vai ganhar com uma rentabilidade pr\u00e9-definida<\/p>\n\t\t\t\t\t\t\t\t<\/div>\n\t\t\t\t<\/div>\n\t\t\t\t\t<\/div>\n\t\t\t\t<\/div>\n\t\t<div class=\"elementor-element elementor-element-501f9dd e-flex e-con-boxed e-con e-child\" data-id=\"501f9dd\" data-element_type=\"container\" data-settings=\"{&quot;background_background&quot;:&quot;classic&quot;}\">\n\t\t\t\t\t<div class=\"e-con-inner\">\n\t\t\t\t<div class=\"elementor-element elementor-element-2a86e69 elementor-widget elementor-widget-image\" data-id=\"2a86e69\" data-element_type=\"widget\" data-widget_type=\"image.default\">\n\t\t\t\t<div class=\"elementor-widget-container\">\n\t\t\t\t\t\t\t\t\t\t\t\t\t\t\t<img decoding=\"async\" width=\"45\" height=\"41\" src=\"https:\/\/bradescobank.com\/wp-content\/uploads\/2024\/06\/settings-1-copiar.png\" class=\"attachment-full size-full wp-image-4378\" alt=\"Settings 1 copiar\" loading=\"eager\" \/>\t\t\t\t\t\t\t\t\t\t\t\t\t\t\t<\/div>\n\t\t\t\t<\/div>\n\t\t\t\t<div class=\"elementor-element elementor-element-d09acdc elementor-widget elementor-widget-text-editor\" data-id=\"d09acdc\" data-element_type=\"widget\" data-widget_type=\"text-editor.default\">\n\t\t\t\t<div class=\"elementor-widget-container\">\n\t\t\t\t\t\t\t\t\t<h2>Flexibilidade<\/h2>\t\t\t\t\t\t\t\t<\/div>\n\t\t\t\t<\/div>\n\t\t\t\t<div class=\"elementor-element elementor-element-5e7ecd4 elementor-widget__width-initial elementor-widget-tablet__width-initial elementor-widget elementor-widget-text-editor\" data-id=\"5e7ecd4\" data-element_type=\"widget\" data-widget_type=\"text-editor.default\">\n\t\t\t\t<div class=\"elementor-widget-container\">\n\t\t\t\t\t\t\t\t\t<p>Escolha o prazo ideal para voc\u00ea, de 1 m\u00eas a 5 anos<\/p>\t\t\t\t\t\t\t\t<\/div>\n\t\t\t\t<\/div>\n\t\t\t\t\t<\/div>\n\t\t\t\t<\/div>\n\t\t<div class=\"elementor-element elementor-element-58d1930 e-flex e-con-boxed e-con e-child\" data-id=\"58d1930\" data-element_type=\"container\" data-settings=\"{&quot;background_background&quot;:&quot;classic&quot;}\">\n\t\t\t\t\t<div class=\"e-con-inner\">\n\t\t\t\t<div class=\"elementor-element elementor-element-352cc1d elementor-widget elementor-widget-image\" data-id=\"352cc1d\" data-element_type=\"widget\" data-widget_type=\"image.default\">\n\t\t\t\t<div class=\"elementor-widget-container\">\n\t\t\t\t\t\t\t\t\t\t\t\t\t\t\t<img decoding=\"async\" width=\"44\" height=\"48\" src=\"https:\/\/bradescobank.com\/wp-content\/uploads\/2024\/06\/lock-copiar.png\" class=\"attachment-full size-full wp-image-4379\" alt=\"Lock copiar\" loading=\"eager\" \/>\t\t\t\t\t\t\t\t\t\t\t\t\t\t\t<\/div>\n\t\t\t\t<\/div>\n\t\t\t\t<div class=\"elementor-element elementor-element-a85f484 elementor-widget elementor-widget-text-editor\" data-id=\"a85f484\" data-element_type=\"widget\" data-widget_type=\"text-editor.default\">\n\t\t\t\t<div class=\"elementor-widget-container\">\n\t\t\t\t\t\t\t\t\t<h2>Prote\u00e7\u00e3o<\/h2>\t\t\t\t\t\t\t\t<\/div>\n\t\t\t\t<\/div>\n\t\t\t\t<div class=\"elementor-element elementor-element-d463d73 elementor-widget__width-initial elementor-widget-tablet__width-initial elementor-widget elementor-widget-text-editor\" data-id=\"d463d73\" data-element_type=\"widget\" data-widget_type=\"text-editor.default\">\n\t\t\t\t<div class=\"elementor-widget-container\">\n\t\t\t\t\t\t\t\t\t<p>Seus dep\u00f3sitos s\u00e3o segurados pelo FDIC at\u00e9 o m\u00e1ximo permitido por lei<\/p>\t\t\t\t\t\t\t\t<\/div>\n\t\t\t\t<\/div>\n\t\t\t\t\t<\/div>\n\t\t\t\t<\/div>\n\t\t\t\t\t<\/div>\n\t\t\t\t<\/div>\n\t\t<div class=\"elementor-element elementor-element-099237d elementor-hidden-desktop elementor-hidden-laptop elementor-hidden-tablet_extra elementor-hidden-tablet elementor-hidden-mobile e-flex e-con-boxed e-con e-parent\" data-id=\"099237d\" data-element_type=\"container\">\n\t\t\t\t\t<div class=\"e-con-inner\">\n\t\t\t\t<div class=\"elementor-element elementor-element-98861e5 elementor-widget__width-initial elementor-widget elementor-widget-text-editor\" data-id=\"98861e5\" data-element_type=\"widget\" data-widget_type=\"text-editor.default\">\n\t\t\t\t<div class=\"elementor-widget-container\">\n\t\t\t\t\t\t\t\t\t<p>O APY \u00e9 baseada no prazo m\u00e1ximo de dep\u00f3sito para cada per\u00edodo de vencimento. Penalidades podem ser aplicadas a retiradas feitas antes do vencimento. Tarifas podem reduzir os ganhos de rendimentos na conta.<\/p>\n<p>Requer um dep\u00f3sito m\u00ednimo de US$ 250.000 para o prazo de 12 meses. Percentual de Rendimento Anual (APY) \u00e9 vigente a partir de 14\/05\/2024 e est\u00e1 sujeito a altera\u00e7\u00f5es a qualquer momento, a crit\u00e9rio do Bradesco Bank.<br \/>Tarifas podem reduzir os valores de rendimentos na conta. <\/p>\n\t\t\t\t\t\t\t\t<\/div>\n\t\t\t\t<\/div>\n\t\t\t\t\t<\/div>\n\t\t\t\t<\/div>\n\t\t\t\t<\/div>\n\t\t","protected":false},"excerpt":{"rendered":"<p>Certificado deDep\u00f3sito Bradesco Certificado deDep\u00f3sito Bradesco O que \u00e9 um CD? Um Certificado de Dep\u00f3sito (CD) \u00e9 um tipo de conta remunerada que oferece uma taxa de juros fixa durante um per\u00edodo de tempo espec\u00edfico Confira nossa variedade de prazos de CD, criados para atender aos seus objetivos financeiros de curto e longo prazo Ganhe [&hellip;]<\/p>\n","protected":false},"author":2,"featured_media":0,"parent":0,"menu_order":0,"comment_status":"closed","ping_status":"closed","template":"","meta":{"_acf_changed":false,"slim_seo":{"title":"CDB - Bradesco Bank","description":"Certificado de Dep\u00f3sito Bradesco Certificado de Dep\u00f3sito Bradesco O que \u00e9 um CD? Um Certificado de Dep\u00f3sito (CD) \u00e9 um tipo de conta remunerada que oferece uma t"},"footnotes":""},"class_list":["post-4374","page","type-page","status-publish","hentry"],"blocksy_meta":[],"acf":[],"_links":{"self":[{"href":"https:\/\/bradescobank.com\/pt\/wp-json\/wp\/v2\/pages\/4374","targetHints":{"allow":["GET"]}}],"collection":[{"href":"https:\/\/bradescobank.com\/pt\/wp-json\/wp\/v2\/pages"}],"about":[{"href":"https:\/\/bradescobank.com\/pt\/wp-json\/wp\/v2\/types\/page"}],"author":[{"embeddable":true,"href":"https:\/\/bradescobank.com\/pt\/wp-json\/wp\/v2\/users\/2"}],"replies":[{"embeddable":true,"href":"https:\/\/bradescobank.com\/pt\/wp-json\/wp\/v2\/comments?post=4374"}],"version-history":[{"count":94,"href":"https:\/\/bradescobank.com\/pt\/wp-json\/wp\/v2\/pages\/4374\/revisions"}],"predecessor-version":[{"id":16028,"href":"https:\/\/bradescobank.com\/pt\/wp-json\/wp\/v2\/pages\/4374\/revisions\/16028"}],"wp:attachment":[{"href":"https:\/\/bradescobank.com\/pt\/wp-json\/wp\/v2\/media?parent=4374"}],"curies":[{"name":"wp","href":"https:\/\/api.w.org\/{rel}","templated":true}]}}