{"id":4393,"date":"2024-06-10T07:15:06","date_gmt":"2024-06-10T10:15:06","guid":{"rendered":"https:\/\/bradescobank.com\/ajuda\/"},"modified":"2025-12-12T11:48:10","modified_gmt":"2025-12-12T14:48:10","slug":"ajuda","status":"publish","type":"page","link":"https:\/\/bradescobank.com\/pt\/ajuda\/","title":{"rendered":"Ajuda"},"content":{"rendered":"\t\t<div data-elementor-type=\"wp-page\" data-elementor-id=\"4393\" class=\"elementor elementor-4393 elementor-1481\" data-elementor-post-type=\"page\">\n\t\t\t\t<div class=\"elementor-element elementor-element-93efab2 e-con-full e-flex e-con e-parent\" data-id=\"93efab2\" data-element_type=\"container\" data-settings=\"{&quot;background_background&quot;:&quot;classic&quot;}\">\n\t\t\t\t<div class=\"elementor-element elementor-element-b066e68 elementor-widget elementor-widget-text-editor\" data-id=\"b066e68\" data-element_type=\"widget\" data-widget_type=\"text-editor.default\">\n\t\t\t\t<div class=\"elementor-widget-container\">\n\t\t\t\t\t\t\t\t\t<h1>Como Podemos Ajudar?<\/h1>\n\t\t\t\t\t\t\t\t<\/div>\n\t\t\t\t<\/div>\n\t\t\t\t<\/div>\n\t\t<div class=\"elementor-element elementor-element-0b35093 e-con-full e-flex e-con e-parent\" data-id=\"0b35093\" data-element_type=\"container\" data-settings=\"{&quot;background_background&quot;:&quot;classic&quot;}\">\n\t\t\t\t<\/div>\n\t\t<div class=\"elementor-element elementor-element-3012ebd e-flex e-con-boxed e-con e-parent\" data-id=\"3012ebd\" data-element_type=\"container\" data-settings=\"{&quot;background_background&quot;:&quot;classic&quot;}\">\n\t\t\t\t\t<div class=\"e-con-inner\">\n\t\t\t\t<div class=\"elementor-element elementor-element-36f6f2d elementor-widget elementor-widget-text-editor\" data-id=\"36f6f2d\" data-element_type=\"widget\" data-widget_type=\"text-editor.default\">\n\t\t\t\t<div class=\"elementor-widget-container\">\n\t\t\t\t\t\t\t\t\t<h2>Nossos Contatos<\/h2>\n\t\t\t\t\t\t\t\t<\/div>\n\t\t\t\t<\/div>\n\t\t\t\t\t<\/div>\n\t\t\t\t<\/div>\n\t\t<div class=\"elementor-element elementor-element-66b5ada e-con-full e-flex e-con e-parent\" data-id=\"66b5ada\" data-element_type=\"container\" data-settings=\"{&quot;background_background&quot;:&quot;classic&quot;}\">\n\t\t<div class=\"elementor-element elementor-element-0d415b6 e-con-full elementor-hidden-mobile e-flex e-con e-child\" data-id=\"0d415b6\" data-element_type=\"container\" data-settings=\"{&quot;background_background&quot;:&quot;classic&quot;}\">\n\t\t\t\t<\/div>\n\t\t<div class=\"elementor-element elementor-element-aa225fa e-flex e-con-boxed e-con e-child\" data-id=\"aa225fa\" data-element_type=\"container\">\n\t\t\t\t\t<div class=\"e-con-inner\">\n\t\t<div class=\"elementor-element elementor-element-d397bb8 e-con-full e-flex e-con e-child\" data-id=\"d397bb8\" data-element_type=\"container\">\n\t\t<div class=\"elementor-element elementor-element-bee0810 e-con-full e-flex e-con e-child\" data-id=\"bee0810\" data-element_type=\"container\">\n\t\t\t\t<div class=\"elementor-element elementor-element-c8570bf ticker-calendar elementor-widget elementor-widget-text-editor\" data-id=\"c8570bf\" data-element_type=\"widget\" data-widget_type=\"text-editor.default\">\n\t\t\t\t<div class=\"elementor-widget-container\">\n\t\t\t\t\t\t\t\t\t<h3>Ag\u00eancia<\/h3>\t\t\t\t\t\t\t\t<\/div>\n\t\t\t\t<\/div>\n\t\t<div class=\"elementor-element elementor-element-4ff842b e-con-full e-flex e-con e-child\" data-id=\"4ff842b\" data-element_type=\"container\">\n\t\t\t\t<div class=\"elementor-element elementor-element-d544445 elementor-widget elementor-widget-text-editor\" data-id=\"d544445\" data-element_type=\"widget\" data-widget_type=\"text-editor.default\">\n\t\t\t\t<div class=\"elementor-widget-container\">\n\t\t\t\t\t\t\t\t\t<p>SEGUNDA A QUINTA-FEIRA <\/p>\n\t\t\t\t\t\t\t\t<\/div>\n\t\t\t\t<\/div>\n\t\t\t\t<div class=\"elementor-element elementor-element-068a520 elementor-widget elementor-widget-text-editor\" data-id=\"068a520\" data-element_type=\"widget\" data-widget_type=\"text-editor.default\">\n\t\t\t\t<div class=\"elementor-widget-container\">\n\t\t\t\t\t\t\t\t\t<p>9h \u00e0s 16h (Hor\u00e1rio de Miami)<\/p>\n\t\t\t\t\t\t\t\t<\/div>\n\t\t\t\t<\/div>\n\t\t\t\t<\/div>\n\t\t<div class=\"elementor-element elementor-element-adc3e1b e-con-full e-flex e-con e-child\" data-id=\"adc3e1b\" data-element_type=\"container\">\n\t\t\t\t<div class=\"elementor-element elementor-element-cfb4a65 elementor-widget elementor-widget-text-editor\" data-id=\"cfb4a65\" data-element_type=\"widget\" data-widget_type=\"text-editor.default\">\n\t\t\t\t<div class=\"elementor-widget-container\">\n\t\t\t\t\t\t\t\t\t<p>SEXTA-FEIRA<\/p>\n\t\t\t\t\t\t\t\t<\/div>\n\t\t\t\t<\/div>\n\t\t\t\t<div class=\"elementor-element elementor-element-ddeb177 elementor-widget elementor-widget-text-editor\" data-id=\"ddeb177\" data-element_type=\"widget\" data-widget_type=\"text-editor.default\">\n\t\t\t\t<div class=\"elementor-widget-container\">\n\t\t\t\t\t\t\t\t\t<p>9h \u00e0s 17h (Hor\u00e1rio de Miami)<\/p>\t\t\t\t\t\t\t\t<\/div>\n\t\t\t\t<\/div>\n\t\t\t\t<\/div>\n\t\t<div class=\"elementor-element elementor-element-38f9b3f e-con-full e-flex e-con e-child\" data-id=\"38f9b3f\" data-element_type=\"container\">\n\t\t<div class=\"elementor-element elementor-element-aa62bcc e-con-full e-flex e-con e-child\" data-id=\"aa62bcc\" data-element_type=\"container\">\n\t\t\t\t<div class=\"elementor-element elementor-element-8c0de59 ticker-calendar elementor-widget elementor-widget-text-editor\" data-id=\"8c0de59\" data-element_type=\"widget\" data-widget_type=\"text-editor.default\">\n\t\t\t\t<div class=\"elementor-widget-container\">\n\t\t\t\t\t\t\t\t\t<h3><span style=\"font-weight: 600;\">HEADQUARTER<\/span><\/h3>\t\t\t\t\t\t\t\t<\/div>\n\t\t\t\t<\/div>\n\t\t\t\t<div class=\"elementor-element elementor-element-3274c21 elementor-widget elementor-widget-text-editor\" data-id=\"3274c21\" data-element_type=\"widget\" data-widget_type=\"text-editor.default\">\n\t\t\t\t<div class=\"elementor-widget-container\">\n\t\t\t\t\t\t\t\t\t<span style=\"font-weight: 500;\">+1 305-789-7000\u00a0<img loading=\"lazy\" loading=\"lazy\" decoding=\"async\" class=\"alignnone size-full wp-image-4440\" src=\"https:\/\/bradescobank.com\/wp-content\/uploads\/2024\/06\/us.svg\" alt=\"Us\" width=\"18\" height=\"12\" \/><\/span>\t\t\t\t\t\t\t\t<\/div>\n\t\t\t\t<\/div>\n\t\t\t\t<div class=\"elementor-element elementor-element-a242aae elementor-widget elementor-widget-text-editor\" data-id=\"a242aae\" data-element_type=\"widget\" data-widget_type=\"text-editor.default\">\n\t\t\t\t<div class=\"elementor-widget-container\">\n\t\t\t\t\t\t\t\t\t<p><span style=\"letter-spacing: 2px;\">SEGUNDA A SEXTA-FEIRA<\/span><br \/>9:00h \u00e0s 17:00h (Hor\u00e1rio de Miami)<\/p>\t\t\t\t\t\t\t\t<\/div>\n\t\t\t\t<\/div>\n\t\t\t\t<div class=\"elementor-element elementor-element-2d643c2 ticker-calendar elementor-widget elementor-widget-text-editor\" data-id=\"2d643c2\" data-element_type=\"widget\" data-widget_type=\"text-editor.default\">\n\t\t\t\t<div class=\"elementor-widget-container\">\n\t\t\t\t\t\t\t\t\t<h3><span style=\"font-weight: 600;\">ATENDIMENTO AO CLIENTE<\/span><\/h3>\t\t\t\t\t\t\t\t<\/div>\n\t\t\t\t<\/div>\n\t\t\t\t<div class=\"elementor-element elementor-element-8fc0394 elementor-widget elementor-widget-text-editor\" data-id=\"8fc0394\" data-element_type=\"widget\" data-widget_type=\"text-editor.default\">\n\t\t\t\t<div class=\"elementor-widget-container\">\n\t\t\t\t\t\t\t\t\t<span style=\"font-weight: 500;\">+1 305-789-8077 <img loading=\"lazy\" loading=\"lazy\" decoding=\"async\" class=\"alignnone size-full wp-image-4440\" src=\"https:\/\/bradescobank.com\/wp-content\/uploads\/2024\/06\/us.svg\" alt=\"Us\" width=\"18\" height=\"12\" \/><\/span>\t\t\t\t\t\t\t\t<\/div>\n\t\t\t\t<\/div>\n\t\t\t\t<div class=\"elementor-element elementor-element-b54028a elementor-widget elementor-widget-text-editor\" data-id=\"b54028a\" data-element_type=\"widget\" data-widget_type=\"text-editor.default\">\n\t\t\t\t<div class=\"elementor-widget-container\">\n\t\t\t\t\t\t\t\t\t<p><span style=\"letter-spacing: 2px;\">SEGUNDA A SEXTA-FEIRA<\/span><br \/>8:30h \u00e0s 17:30h (Hor\u00e1rio de Miami)<\/p>\t\t\t\t\t\t\t\t<\/div>\n\t\t\t\t<\/div>\n\t\t\t\t<div class=\"elementor-element elementor-element-6d0eaac elementor-widget elementor-widget-text-editor\" data-id=\"6d0eaac\" data-element_type=\"widget\" data-widget_type=\"text-editor.default\">\n\t\t\t\t<div class=\"elementor-widget-container\">\n\t\t\t\t\t\t\t\t\t<p>ou<\/p>\t\t\t\t\t\t\t\t<\/div>\n\t\t\t\t<\/div>\n\t\t\t\t<div class=\"elementor-element elementor-element-2eadd33 elementor-widget elementor-widget-text-editor\" data-id=\"2eadd33\" data-element_type=\"widget\" data-widget_type=\"text-editor.default\">\n\t\t\t\t<div class=\"elementor-widget-container\">\n\t\t\t\t\t\t\t\t\t+1 844-445-5784 <img loading=\"lazy\" loading=\"lazy\" decoding=\"async\" class=\"alignnone size-full wp-image-4440\" src=\"https:\/\/bradescobank.com\/wp-content\/uploads\/2024\/06\/us.svg\" alt=\"Us\" width=\"18\" height=\"12\" \/>\n0800-771-2723 <img loading=\"lazy\" loading=\"lazy\" decoding=\"async\" class=\"alignnone size-medium wp-image-5376\" src=\"https:\/\/bradescobank.com\/wp-content\/uploads\/2024\/07\/br-flag-2.png\" alt=\"Br Flag 2\" width=\"18\" height=\"12\" \/>\t\t\t\t\t\t\t\t<\/div>\n\t\t\t\t<\/div>\n\t\t\t\t<div class=\"elementor-element elementor-element-094ff27 elementor-widget elementor-widget-text-editor\" data-id=\"094ff27\" data-element_type=\"widget\" data-widget_type=\"text-editor.default\">\n\t\t\t\t<div class=\"elementor-widget-container\">\n\t\t\t\t\t\t\t\t\t<span style=\"letter-spacing: 2px;\">SEGUNDA A DOMINGO<\/span><br>\n6h \u00e0s 22h (Hor\u00e1rio de Miami)\t\t\t\t\t\t\t\t<\/div>\n\t\t\t\t<\/div>\n\t\t\t\t<\/div>\n\t\t\t\t<\/div>\n\t\t\t\t<\/div>\n\t\t<div class=\"elementor-element elementor-element-270f941 e-con-full e-flex e-con e-child\" data-id=\"270f941\" data-element_type=\"container\">\n\t\t<div class=\"elementor-element elementor-element-f07907f e-con-full e-flex e-con e-child\" data-id=\"f07907f\" data-element_type=\"container\">\n\t\t<div class=\"elementor-element elementor-element-dcf874f e-con-full e-flex e-con e-child\" data-id=\"dcf874f\" data-element_type=\"container\">\n\t\t<div class=\"elementor-element elementor-element-d7616b4 e-con-full e-flex e-con e-child\" data-id=\"d7616b4\" data-element_type=\"container\">\n\t\t\t\t<div class=\"elementor-element elementor-element-e649b9d ticker-calendar elementor-widget elementor-widget-text-editor\" data-id=\"e649b9d\" data-element_type=\"widget\" data-widget_type=\"text-editor.default\">\n\t\t\t\t<div class=\"elementor-widget-container\">\n\t\t\t\t\t\t\t\t\t<h3><strong>E-MAIL<\/strong><\/h3>\t\t\t\t\t\t\t\t<\/div>\n\t\t\t\t<\/div>\n\t\t\t\t<div class=\"elementor-element elementor-element-38a5a01 elementor-widget elementor-widget-text-editor\" data-id=\"38a5a01\" data-element_type=\"widget\" data-widget_type=\"text-editor.default\">\n\t\t\t\t<div class=\"elementor-widget-container\">\n\t\t\t\t\t\t\t\t\t<p><strong>Para informa\u00e7\u00f5es gerais<\/strong><br \/><a href=\"mailto:contact@bradescobank.com\">contact@bradescobank.com<\/a><\/p>\t\t\t\t\t\t\t\t<\/div>\n\t\t\t\t<\/div>\n\t\t\t\t<div class=\"elementor-element elementor-element-49b0672 elementor-widget elementor-widget-text-editor\" data-id=\"49b0672\" data-element_type=\"widget\" data-widget_type=\"text-editor.default\">\n\t\t\t\t<div class=\"elementor-widget-container\">\n\t\t\t\t\t\t\t\t\t<p><strong>Para informa\u00e7\u00f5es sobre investimentos<\/strong><br \/><a href=\"mailto:investments@bradescobank.com\">investments@bradescobank.com<\/a><\/p>\t\t\t\t\t\t\t\t<\/div>\n\t\t\t\t<\/div>\n\t\t\t\t<\/div>\n\t\t\t\t<\/div>\n\t\t\t\t<\/div>\n\t\t\t\t<\/div>\n\t\t\t\t<\/div>\n\t\t<div class=\"elementor-element elementor-element-0cbfc19 e-con-full e-flex e-con e-child\" data-id=\"0cbfc19\" data-element_type=\"container\">\n\t\t<div class=\"elementor-element elementor-element-b7d7a71 e-con-full protect-account elementor-hidden-mobile e-flex e-con e-child\" data-id=\"b7d7a71\" data-element_type=\"container\">\n\t\t\t\t<div class=\"elementor-element elementor-element-8d1932d elementor-widget elementor-widget-text-editor\" data-id=\"8d1932d\" data-element_type=\"widget\" data-widget_type=\"text-editor.default\">\n\t\t\t\t<div class=\"elementor-widget-container\">\n\t\t\t\t\t\t\t\t\t<p>Aten\u00e7\u00e3o<br \/>Para sua prote\u00e7\u00e3o, ao se comunicar conosco por e-mail, N\u00c3O inclua nenhuma informa\u00e7\u00e3o confidencial.<\/p>\n\t\t\t\t\t\t\t\t<\/div>\n\t\t\t\t<\/div>\n\t\t\t\t<\/div>\n\t\t\t\t<\/div>\n\t\t\t\t\t<\/div>\n\t\t\t\t<\/div>\n\t\t\t\t<\/div>\n\t\t<div class=\"elementor-element elementor-element-ca348c2 elementor-hidden-desktop elementor-hidden-tablet_extra elementor-hidden-tablet e-con-full e-flex e-con e-parent\" data-id=\"ca348c2\" data-element_type=\"container\" data-settings=\"{&quot;background_background&quot;:&quot;classic&quot;}\">\n\t\t<div class=\"elementor-element elementor-element-9d1c0bc e-con-full e-flex e-con e-child\" data-id=\"9d1c0bc\" data-element_type=\"container\">\n\t\t<div class=\"elementor-element elementor-element-688df45 e-con-full protect-account e-flex e-con e-child\" data-id=\"688df45\" data-element_type=\"container\">\n\t\t\t\t<div class=\"elementor-element elementor-element-941bb04 elementor-widget elementor-widget-text-editor\" data-id=\"941bb04\" data-element_type=\"widget\" data-widget_type=\"text-editor.default\">\n\t\t\t\t<div class=\"elementor-widget-container\">\n\t\t\t\t\t\t\t\t\t<p>Aten\u00e7\u00e3o<br \/>Para sua prote\u00e7\u00e3o, ao se comunicar conosco por e-mail, N\u00c3O inclua nenhuma informa\u00e7\u00e3o confidencial.<\/p>\n\t\t\t\t\t\t\t\t<\/div>\n\t\t\t\t<\/div>\n\t\t\t\t<\/div>\n\t\t\t\t<div class=\"elementor-element elementor-element-e43b7b2 elementor-widget elementor-widget-text-editor\" data-id=\"e43b7b2\" data-element_type=\"widget\" data-widget_type=\"text-editor.default\">\n\t\t\t\t<div class=\"elementor-widget-container\">\n\t\t\t\t\t\t\t\t\t<p><img loading=\"lazy\" loading=\"lazy\" decoding=\"async\" class=\"img-repeat\" src=\"https:\/\/bradescobank.com\/wp-content\/uploads\/2024\/06\/repeticao-de-grade-1.png\" alt=\"\" width=\"9\" height=\"9\"> Bradesco Bank<br \/><img loading=\"lazy\" loading=\"lazy\" decoding=\"async\" class=\"img-repeat\" src=\"https:\/\/bradescobank.com\/wp-content\/uploads\/2024\/06\/repeticao-de-grade-1.png\" alt=\"\" width=\"9\" height=\"9\"> 3011 Ponce de Leon Blvd, PH1, Coral Gables, FL 33134<\/p>\n\t\t\t\t\t\t\t\t<\/div>\n\t\t\t\t<\/div>\n\t\t\t\t<\/div>\n\t\t\t\t<\/div>\n\t\t<div class=\"elementor-element elementor-element-58cd61f elementor-hidden-mobile e-flex e-con-boxed e-con e-parent\" data-id=\"58cd61f\" data-element_type=\"container\" data-settings=\"{&quot;background_background&quot;:&quot;classic&quot;}\">\n\t\t\t\t\t<div class=\"e-con-inner\">\n\t\t\t\t<div class=\"elementor-element elementor-element-865d32d elementor-widget elementor-widget-text-editor\" data-id=\"865d32d\" data-element_type=\"widget\" data-widget_type=\"text-editor.default\">\n\t\t\t\t<div class=\"elementor-widget-container\">\n\t\t\t\t\t\t\t\t\t<p>Bradesco Bank <img loading=\"lazy\" loading=\"lazy\" decoding=\"async\" class=\"img-repeat\" src=\"https:\/\/bradescobank.com\/wp-content\/uploads\/2024\/06\/repeticao-de-grade-1.png\" alt=\"\" width=\"9\" height=\"9\"> 3011 Ponce de Leon Blvd, PH1, Coral Gables, FL 33134<\/p>\n\t\t\t\t\t\t\t\t<\/div>\n\t\t\t\t<\/div>\n\t\t\t\t\t<\/div>\n\t\t\t\t<\/div>\n\t\t\t\t<\/div>\n\t\t","protected":false},"excerpt":{"rendered":"<p>Como Podemos Ajudar? Nossos Contatos Ag\u00eancia SEGUNDA A QUINTA-FEIRA 9h \u00e0s 16h (Hor\u00e1rio de Miami) SEXTA-FEIRA 9h \u00e0s 17h (Hor\u00e1rio de Miami) HEADQUARTER +1 305-789-7000\u00a0 SEGUNDA A SEXTA-FEIRA9:00h \u00e0s 17:00h (Hor\u00e1rio de Miami) ATENDIMENTO AO CLIENTE +1 305-789-8077 SEGUNDA A SEXTA-FEIRA8:30h \u00e0s 17:30h (Hor\u00e1rio de Miami) ou +1 844-445-5784 0800-771-2723 SEGUNDA A DOMINGO 6h \u00e0s [&hellip;]<\/p>\n","protected":false},"author":2,"featured_media":0,"parent":0,"menu_order":0,"comment_status":"closed","ping_status":"closed","template":"","meta":{"_acf_changed":false,"slim_seo":{"title":"Ajuda - Bradesco Bank","description":"Como Podemos Ajudar? Nossos Contatos Ag\u00eancia SEGUNDA A QUINTA-FEIRA 9h \u00e0s 16h (Hor\u00e1rio de Miami) SEXTA-FEIRA 9h \u00e0s 17h (Hor\u00e1rio de Miami) HEADQUARTER +1 305-789"},"footnotes":""},"class_list":["post-4393","page","type-page","status-publish","hentry"],"blocksy_meta":[],"acf":[],"_links":{"self":[{"href":"https:\/\/bradescobank.com\/pt\/wp-json\/wp\/v2\/pages\/4393","targetHints":{"allow":["GET"]}}],"collection":[{"href":"https:\/\/bradescobank.com\/pt\/wp-json\/wp\/v2\/pages"}],"about":[{"href":"https:\/\/bradescobank.com\/pt\/wp-json\/wp\/v2\/types\/page"}],"author":[{"embeddable":true,"href":"https:\/\/bradescobank.com\/pt\/wp-json\/wp\/v2\/users\/2"}],"replies":[{"embeddable":true,"href":"https:\/\/bradescobank.com\/pt\/wp-json\/wp\/v2\/comments?post=4393"}],"version-history":[{"count":123,"href":"https:\/\/bradescobank.com\/pt\/wp-json\/wp\/v2\/pages\/4393\/revisions"}],"predecessor-version":[{"id":16189,"href":"https:\/\/bradescobank.com\/pt\/wp-json\/wp\/v2\/pages\/4393\/revisions\/16189"}],"wp:attachment":[{"href":"https:\/\/bradescobank.com\/pt\/wp-json\/wp\/v2\/media?parent=4393"}],"curies":[{"name":"wp","href":"https:\/\/api.w.org\/{rel}","templated":true}]}}