{"id":4396,"date":"2024-06-09T19:46:36","date_gmt":"2024-06-09T22:46:36","guid":{"rendered":"https:\/\/bradescobank.com\/feriados-bancarios\/"},"modified":"2025-12-30T12:32:39","modified_gmt":"2025-12-30T15:32:39","slug":"feriados-bancarios","status":"publish","type":"page","link":"https:\/\/bradescobank.com\/pt\/feriados-bancarios\/","title":{"rendered":"Feriados Banc\u00e1rios"},"content":{"rendered":"\t\t<div data-elementor-type=\"wp-page\" data-elementor-id=\"4396\" class=\"elementor elementor-4396 elementor-1401\" data-elementor-post-type=\"page\">\n\t\t\t\t<div class=\"elementor-element elementor-element-1c4cdd8 e-con-full e-flex e-con e-parent\" data-id=\"1c4cdd8\" data-element_type=\"container\" data-settings=\"{&quot;background_background&quot;:&quot;classic&quot;}\">\n\t\t\t\t<div class=\"elementor-element elementor-element-ec5c102 elementor-widget elementor-widget-text-editor\" data-id=\"ec5c102\" data-element_type=\"widget\" data-widget_type=\"text-editor.default\">\n\t\t\t\t<div class=\"elementor-widget-container\">\n\t\t\t\t\t\t\t\t\t<h1>Feriados Banc\u00e1rios<\/h1>\n\t\t\t\t\t\t\t\t<\/div>\n\t\t\t\t<\/div>\n\t\t\t\t<\/div>\n\t\t<div class=\"elementor-element elementor-element-9e3b5c9 e-con-full e-flex e-con e-parent\" data-id=\"9e3b5c9\" data-element_type=\"container\" data-settings=\"{&quot;background_background&quot;:&quot;classic&quot;}\">\n\t\t\t\t<\/div>\n\t\t<div class=\"elementor-element elementor-element-7e22b77 elementor-hidden-desktop elementor-hidden-laptop elementor-hidden-tablet_extra elementor-hidden-tablet elementor-hidden-mobile e-flex e-con-boxed e-con e-parent\" data-id=\"7e22b77\" data-element_type=\"container\" data-settings=\"{&quot;background_background&quot;:&quot;classic&quot;}\">\n\t\t\t\t\t<div class=\"e-con-inner\">\n\t\t\t\t<div class=\"elementor-element elementor-element-3e73bfd elementor-widget elementor-widget-text-editor\" data-id=\"3e73bfd\" data-element_type=\"widget\" data-widget_type=\"text-editor.default\">\n\t\t\t\t<div class=\"elementor-widget-container\">\n\t\t\t\t\t\t\t\t\t<h2>Hor\u00e1rio de Funcionamento<\/h2>\n\t\t\t\t\t\t\t\t<\/div>\n\t\t\t\t<\/div>\n\t\t\t\t\t<\/div>\n\t\t\t\t<\/div>\n\t\t<div class=\"elementor-element elementor-element-779aa3e e-con-full elementor-hidden-desktop elementor-hidden-laptop elementor-hidden-tablet_extra elementor-hidden-tablet elementor-hidden-mobile e-flex e-con e-parent\" data-id=\"779aa3e\" data-element_type=\"container\" data-settings=\"{&quot;background_background&quot;:&quot;classic&quot;}\">\n\t\t<div class=\"elementor-element elementor-element-89f4894 e-con-full e-flex e-con e-child\" data-id=\"89f4894\" data-element_type=\"container\" data-settings=\"{&quot;background_background&quot;:&quot;classic&quot;}\">\n\t\t\t\t<\/div>\n\t\t<div class=\"elementor-element elementor-element-c68f972 e-con-full elementor-hidden-mobile e-flex e-con e-child\" data-id=\"c68f972\" data-element_type=\"container\">\n\t\t\t\t<div class=\"elementor-element elementor-element-508c4de elementor-widget elementor-widget-text-editor\" data-id=\"508c4de\" data-element_type=\"widget\" data-widget_type=\"text-editor.default\">\n\t\t\t\t<div class=\"elementor-widget-container\">\n\t\t\t\t\t\t\t\t\t<p>Nome do Feriado<\/p>\n\t\t\t\t\t\t\t\t<\/div>\n\t\t\t\t<\/div>\n\t\t<div class=\"elementor-element elementor-element-7431093 e-con-full e-flex e-con e-child\" data-id=\"7431093\" data-element_type=\"container\">\n\t\t<div class=\"elementor-element elementor-element-064b5d2 e-con-full e-flex e-con e-child\" data-id=\"064b5d2\" data-element_type=\"container\">\n\t\t<div class=\"elementor-element elementor-element-17e4dd5 e-flex e-con-boxed e-con e-child\" data-id=\"17e4dd5\" data-element_type=\"container\">\n\t\t\t\t\t<div class=\"e-con-inner\">\n\t\t\t\t<div class=\"elementor-element elementor-element-ff13b28 elementor-widget elementor-widget-text-editor\" data-id=\"ff13b28\" data-element_type=\"widget\" data-widget_type=\"text-editor.default\">\n\t\t\t\t<div class=\"elementor-widget-container\">\n\t\t\t\t\t\t\t\t\t<p>Processamento de<br \/>Solicita\u00e7\u00f5es:<\/p>\n\t\t\t\t\t\t\t\t<\/div>\n\t\t\t\t<\/div>\n\t\t\t\t\t<\/div>\n\t\t\t\t<\/div>\n\t\t<div class=\"elementor-element elementor-element-b469664 e-flex e-con-boxed e-con e-child\" data-id=\"b469664\" data-element_type=\"container\">\n\t\t\t\t\t<div class=\"e-con-inner\">\n\t\t\t\t<div class=\"elementor-element elementor-element-48d30bf elementor-widget elementor-widget-text-editor\" data-id=\"48d30bf\" data-element_type=\"widget\" data-widget_type=\"text-editor.default\">\n\t\t\t\t<div class=\"elementor-widget-container\">\n\t\t\t\t\t\t\t\t\t<p>XX pm<\/p>\n\t\t\t\t\t\t\t\t<\/div>\n\t\t\t\t<\/div>\n\t\t\t\t\t<\/div>\n\t\t\t\t<\/div>\n\t\t\t\t<\/div>\n\t\t<div class=\"elementor-element elementor-element-8fbe1b5 e-con-full e-flex e-con e-child\" data-id=\"8fbe1b5\" data-element_type=\"container\">\n\t\t<div class=\"elementor-element elementor-element-92873ec e-flex e-con-boxed e-con e-child\" data-id=\"92873ec\" data-element_type=\"container\">\n\t\t\t\t\t<div class=\"e-con-inner\">\n\t\t\t\t<div class=\"elementor-element elementor-element-f5f883d elementor-widget elementor-widget-text-editor\" data-id=\"f5f883d\" data-element_type=\"widget\" data-widget_type=\"text-editor.default\">\n\t\t\t\t<div class=\"elementor-widget-container\">\n\t\t\t\t\t\t\t\t\t<p>Ag\u00eancia:<\/p>\n\t\t\t\t\t\t\t\t<\/div>\n\t\t\t\t<\/div>\n\t\t\t\t\t<\/div>\n\t\t\t\t<\/div>\n\t\t<div class=\"elementor-element elementor-element-1f062cf e-flex e-con-boxed e-con e-child\" data-id=\"1f062cf\" data-element_type=\"container\">\n\t\t\t\t\t<div class=\"e-con-inner\">\n\t\t\t\t<div class=\"elementor-element elementor-element-7bd9c32 elementor-widget elementor-widget-text-editor\" data-id=\"7bd9c32\" data-element_type=\"widget\" data-widget_type=\"text-editor.default\">\n\t\t\t\t<div class=\"elementor-widget-container\">\n\t\t\t\t\t\t\t\t\t<p>XX pm<\/p>\n\t\t\t\t\t\t\t\t<\/div>\n\t\t\t\t<\/div>\n\t\t\t\t\t<\/div>\n\t\t\t\t<\/div>\n\t\t\t\t<\/div>\n\t\t<div class=\"elementor-element elementor-element-295ca41 e-con-full e-flex e-con e-child\" data-id=\"295ca41\" data-element_type=\"container\">\n\t\t<div class=\"elementor-element elementor-element-4ab1567 e-flex e-con-boxed e-con e-child\" data-id=\"4ab1567\" data-element_type=\"container\">\n\t\t\t\t\t<div class=\"e-con-inner\">\n\t\t\t\t<div class=\"elementor-element elementor-element-b047b3a elementor-widget elementor-widget-text-editor\" data-id=\"b047b3a\" data-element_type=\"widget\" data-widget_type=\"text-editor.default\">\n\t\t\t\t<div class=\"elementor-widget-container\">\n\t\t\t\t\t\t\t\t\t<p>Corretora &#8211;<br \/>Pershing:<\/p>\n\t\t\t\t\t\t\t\t<\/div>\n\t\t\t\t<\/div>\n\t\t\t\t\t<\/div>\n\t\t\t\t<\/div>\n\t\t<div class=\"elementor-element elementor-element-4c481f6 e-flex e-con-boxed e-con e-child\" data-id=\"4c481f6\" data-element_type=\"container\">\n\t\t\t\t\t<div class=\"e-con-inner\">\n\t\t\t\t<div class=\"elementor-element elementor-element-5e29114 elementor-widget elementor-widget-text-editor\" data-id=\"5e29114\" data-element_type=\"widget\" data-widget_type=\"text-editor.default\">\n\t\t\t\t<div class=\"elementor-widget-container\">\n\t\t\t\t\t\t\t\t\t<p>XX pm<\/p>\n\t\t\t\t\t\t\t\t<\/div>\n\t\t\t\t<\/div>\n\t\t\t\t\t<\/div>\n\t\t\t\t<\/div>\n\t\t\t\t<\/div>\n\t\t\t\t<\/div>\n\t\t\t\t<\/div>\n\t\t<div class=\"elementor-element elementor-element-b210b0a e-con-full elementor-hidden-desktop elementor-hidden-tablet_extra elementor-hidden-tablet e-flex e-con e-child\" data-id=\"b210b0a\" data-element_type=\"container\" data-settings=\"{&quot;background_background&quot;:&quot;classic&quot;}\">\n\t\t\t\t<div class=\"elementor-element elementor-element-3fed876 elementor-widget elementor-widget-text-editor\" data-id=\"3fed876\" data-element_type=\"widget\" data-widget_type=\"text-editor.default\">\n\t\t\t\t<div class=\"elementor-widget-container\">\n\t\t\t\t\t\t\t\t\t<p>Nome do Feriado<\/p>\n\t\t\t\t\t\t\t\t<\/div>\n\t\t\t\t<\/div>\n\t\t<div class=\"elementor-element elementor-element-1da2d12 e-con-full e-flex e-con e-child\" data-id=\"1da2d12\" data-element_type=\"container\">\n\t\t<div class=\"elementor-element elementor-element-3c58563 e-con-full e-flex e-con e-child\" data-id=\"3c58563\" data-element_type=\"container\">\n\t\t<div class=\"elementor-element elementor-element-ca2097d e-flex e-con-boxed e-con e-child\" data-id=\"ca2097d\" data-element_type=\"container\">\n\t\t\t\t\t<div class=\"e-con-inner\">\n\t\t\t\t<div class=\"elementor-element elementor-element-e5a2002 elementor-widget elementor-widget-text-editor\" data-id=\"e5a2002\" data-element_type=\"widget\" data-widget_type=\"text-editor.default\">\n\t\t\t\t<div class=\"elementor-widget-container\">\n\t\t\t\t\t\t\t\t\t<p>Processamento de Solicita\u00e7\u00f5es:<\/p>\n\t\t\t\t\t\t\t\t<\/div>\n\t\t\t\t<\/div>\n\t\t\t\t<div class=\"elementor-element elementor-element-b3d18a0 elementor-widget elementor-widget-text-editor\" data-id=\"b3d18a0\" data-element_type=\"widget\" data-widget_type=\"text-editor.default\">\n\t\t\t\t<div class=\"elementor-widget-container\">\n\t\t\t\t\t\t\t\t\t<p>XX pm<\/p>\n\t\t\t\t\t\t\t\t<\/div>\n\t\t\t\t<\/div>\n\t\t\t\t\t<\/div>\n\t\t\t\t<\/div>\n\t\t<div class=\"elementor-element elementor-element-be08714 e-flex e-con-boxed e-con e-child\" data-id=\"be08714\" data-element_type=\"container\">\n\t\t\t\t\t<div class=\"e-con-inner\">\n\t\t\t\t<div class=\"elementor-element elementor-element-d07e248 elementor-widget elementor-widget-text-editor\" data-id=\"d07e248\" data-element_type=\"widget\" data-widget_type=\"text-editor.default\">\n\t\t\t\t<div class=\"elementor-widget-container\">\n\t\t\t\t\t\t\t\t\t<p>Ag\u00eancia:<\/p>\n\t\t\t\t\t\t\t\t<\/div>\n\t\t\t\t<\/div>\n\t\t\t\t<div class=\"elementor-element elementor-element-1801dee elementor-widget elementor-widget-text-editor\" data-id=\"1801dee\" data-element_type=\"widget\" data-widget_type=\"text-editor.default\">\n\t\t\t\t<div class=\"elementor-widget-container\">\n\t\t\t\t\t\t\t\t\t<p>XX pm<\/p>\n\t\t\t\t\t\t\t\t<\/div>\n\t\t\t\t<\/div>\n\t\t\t\t\t<\/div>\n\t\t\t\t<\/div>\n\t\t<div class=\"elementor-element elementor-element-e634840 e-flex e-con-boxed e-con e-child\" data-id=\"e634840\" data-element_type=\"container\">\n\t\t\t\t\t<div class=\"e-con-inner\">\n\t\t\t\t<div class=\"elementor-element elementor-element-a72c9de elementor-widget elementor-widget-text-editor\" data-id=\"a72c9de\" data-element_type=\"widget\" data-widget_type=\"text-editor.default\">\n\t\t\t\t<div class=\"elementor-widget-container\">\n\t\t\t\t\t\t\t\t\t<p>Corretora &#8211; Pershing:<\/p>\n\t\t\t\t\t\t\t\t<\/div>\n\t\t\t\t<\/div>\n\t\t\t\t<div class=\"elementor-element elementor-element-33e6a8e elementor-widget elementor-widget-text-editor\" data-id=\"33e6a8e\" data-element_type=\"widget\" data-widget_type=\"text-editor.default\">\n\t\t\t\t<div class=\"elementor-widget-container\">\n\t\t\t\t\t\t\t\t\t<p>XX pm<\/p>\n\t\t\t\t\t\t\t\t<\/div>\n\t\t\t\t<\/div>\n\t\t\t\t\t<\/div>\n\t\t\t\t<\/div>\n\t\t\t\t<\/div>\n\t\t\t\t<\/div>\n\t\t\t\t<\/div>\n\t\t\t\t<\/div>\n\t\t<div class=\"elementor-element elementor-element-6ad11e8 e-con-full elementor-hidden-desktop elementor-hidden-laptop elementor-hidden-tablet_extra elementor-hidden-tablet elementor-hidden-mobile e-flex e-con e-parent\" data-id=\"6ad11e8\" data-element_type=\"container\" data-settings=\"{&quot;background_background&quot;:&quot;classic&quot;}\">\n\t\t\t\t<\/div>\n\t\t<div class=\"elementor-element elementor-element-ba583de e-flex e-con-boxed e-con e-parent\" data-id=\"ba583de\" data-element_type=\"container\" data-settings=\"{&quot;background_background&quot;:&quot;classic&quot;}\">\n\t\t\t\t\t<div class=\"e-con-inner\">\n\t\t\t\t<div class=\"elementor-element elementor-element-4264604 elementor-widget elementor-widget-text-editor\" data-id=\"4264604\" data-element_type=\"widget\" data-widget_type=\"text-editor.default\">\n\t\t\t\t<div class=\"elementor-widget-container\">\n\t\t\t\t\t\t\t\t\t<h2>Calend\u00e1rio de Feriados Banc\u00e1rios de 2026<\/h2>\t\t\t\t\t\t\t\t<\/div>\n\t\t\t\t<\/div>\n\t\t\t\t\t<\/div>\n\t\t\t\t<\/div>\n\t\t<div class=\"elementor-element elementor-element-c5bea59 e-flex e-con-boxed e-con e-parent\" data-id=\"c5bea59\" data-element_type=\"container\" data-settings=\"{&quot;background_background&quot;:&quot;classic&quot;}\">\n\t\t\t\t\t<div class=\"e-con-inner\">\n\t\t<div class=\"elementor-element elementor-element-7f5d2f5 e-con-full e-flex e-con e-child\" data-id=\"7f5d2f5\" data-element_type=\"container\" data-settings=\"{&quot;background_background&quot;:&quot;classic&quot;}\">\n\t\t<div class=\"elementor-element elementor-element-19c2d74 e-con-full e-flex e-con e-child\" data-id=\"19c2d74\" data-element_type=\"container\">\n\t\t<div class=\"elementor-element elementor-element-1460ddb e-flex e-con-boxed e-con e-child\" data-id=\"1460ddb\" data-element_type=\"container\">\n\t\t\t\t\t<div class=\"e-con-inner\">\n\t\t\t\t<div class=\"elementor-element elementor-element-87ac190 ticker-calendar elementor-widget elementor-widget-text-editor\" data-id=\"87ac190\" data-element_type=\"widget\" data-widget_type=\"text-editor.default\">\n\t\t\t\t<div class=\"elementor-widget-container\">\n\t\t\t\t\t\t\t\t\t<h3>Quinta-feira, 1 de Janeiro<br \/><span style=\"font-weight: 500;\">Ano Novo<\/span><\/h3>\t\t\t\t\t\t\t\t<\/div>\n\t\t\t\t<\/div>\n\t\t\t\t\t<\/div>\n\t\t\t\t<\/div>\n\t\t<div class=\"elementor-element elementor-element-5add95d e-flex e-con-boxed e-con e-child\" data-id=\"5add95d\" data-element_type=\"container\">\n\t\t\t\t\t<div class=\"e-con-inner\">\n\t\t\t\t<div class=\"elementor-element elementor-element-b099efd ticker-calendar elementor-widget elementor-widget-text-editor\" data-id=\"b099efd\" data-element_type=\"widget\" data-widget_type=\"text-editor.default\">\n\t\t\t\t<div class=\"elementor-widget-container\">\n\t\t\t\t\t\t\t\t\t<h3>Segunda-feira, 19 de Janeiro<br \/><span style=\"font-weight: 500;\">Anivers\u00e1rio de Martin Luther King Jr. Day <\/span><\/h3>\t\t\t\t\t\t\t\t<\/div>\n\t\t\t\t<\/div>\n\t\t\t\t\t<\/div>\n\t\t\t\t<\/div>\n\t\t<div class=\"elementor-element elementor-element-5d669cf e-flex e-con-boxed e-con e-child\" data-id=\"5d669cf\" data-element_type=\"container\">\n\t\t\t\t\t<div class=\"e-con-inner\">\n\t\t\t\t<div class=\"elementor-element elementor-element-b6ac704 ticker-calendar elementor-widget elementor-widget-text-editor\" data-id=\"b6ac704\" data-element_type=\"widget\" data-widget_type=\"text-editor.default\">\n\t\t\t\t<div class=\"elementor-widget-container\">\n\t\t\t\t\t\t\t\t\t<h3>Segunda-feira, 16 de Fevereiro<br \/><span style=\"font-weight: 500;\">Dia do Presidente<\/span><\/h3>\t\t\t\t\t\t\t\t<\/div>\n\t\t\t\t<\/div>\n\t\t\t\t\t<\/div>\n\t\t\t\t<\/div>\n\t\t<div class=\"elementor-element elementor-element-c85ece9 e-flex e-con-boxed e-con e-child\" data-id=\"c85ece9\" data-element_type=\"container\">\n\t\t\t\t\t<div class=\"e-con-inner\">\n\t\t\t\t<div class=\"elementor-element elementor-element-e5db16e ticker-calendar elementor-widget elementor-widget-text-editor\" data-id=\"e5db16e\" data-element_type=\"widget\" data-widget_type=\"text-editor.default\">\n\t\t\t\t<div class=\"elementor-widget-container\">\n\t\t\t\t\t\t\t\t\t<h3>Segunda-feira, 25 de Maio<br \/><span style=\"font-weight: 500;\">Memorial Day<\/span><\/h3>\t\t\t\t\t\t\t\t<\/div>\n\t\t\t\t<\/div>\n\t\t\t\t\t<\/div>\n\t\t\t\t<\/div>\n\t\t<div class=\"elementor-element elementor-element-0dac050 e-flex e-con-boxed e-con e-child\" data-id=\"0dac050\" data-element_type=\"container\">\n\t\t\t\t\t<div class=\"e-con-inner\">\n\t\t\t\t<div class=\"elementor-element elementor-element-ec57b11 ticker-calendar elementor-widget elementor-widget-text-editor\" data-id=\"ec57b11\" data-element_type=\"widget\" data-widget_type=\"text-editor.default\">\n\t\t\t\t<div class=\"elementor-widget-container\">\n\t\t\t\t\t\t\t\t\t<h3>Sexta-feira, 19 de Junho<br \/><span style=\"font-weight: 500;\">Juneteenth<\/span><\/h3>\t\t\t\t\t\t\t\t<\/div>\n\t\t\t\t<\/div>\n\t\t\t\t\t<\/div>\n\t\t\t\t<\/div>\n\t\t<div class=\"elementor-element elementor-element-e2ddbd4 e-flex e-con-boxed e-con e-child\" data-id=\"e2ddbd4\" data-element_type=\"container\">\n\t\t\t\t\t<div class=\"e-con-inner\">\n\t\t\t\t<div class=\"elementor-element elementor-element-db4cb03 ticker-calendar elementor-widget elementor-widget-text-editor\" data-id=\"db4cb03\" data-element_type=\"widget\" data-widget_type=\"text-editor.default\">\n\t\t\t\t<div class=\"elementor-widget-container\">\n\t\t\t\t\t\t\t\t\t<h3>S\u00e1bado, 4 de Julho<br \/><span style=\"font-weight: 500;\">Dia da Independ\u00eancia<\/span><\/h3>\t\t\t\t\t\t\t\t<\/div>\n\t\t\t\t<\/div>\n\t\t\t\t\t<\/div>\n\t\t\t\t<\/div>\n\t\t\t\t<\/div>\n\t\t<div class=\"elementor-element elementor-element-65d8928 e-con-full e-flex e-con e-child\" data-id=\"65d8928\" data-element_type=\"container\">\n\t\t<div class=\"elementor-element elementor-element-75662fa e-flex e-con-boxed e-con e-child\" data-id=\"75662fa\" data-element_type=\"container\">\n\t\t\t\t\t<div class=\"e-con-inner\">\n\t\t\t\t<div class=\"elementor-element elementor-element-1f8c9a1 ticker-calendar elementor-widget elementor-widget-text-editor\" data-id=\"1f8c9a1\" data-element_type=\"widget\" data-widget_type=\"text-editor.default\">\n\t\t\t\t<div class=\"elementor-widget-container\">\n\t\t\t\t\t\t\t\t\t<h3>Segunda-feira, 7 de Setembro<br \/><span style=\"font-weight: 500;\">Dia do Trabalho<\/span><\/h3>\t\t\t\t\t\t\t\t<\/div>\n\t\t\t\t<\/div>\n\t\t\t\t\t<\/div>\n\t\t\t\t<\/div>\n\t\t<div class=\"elementor-element elementor-element-6123dc1 e-flex e-con-boxed e-con e-child\" data-id=\"6123dc1\" data-element_type=\"container\">\n\t\t\t\t\t<div class=\"e-con-inner\">\n\t\t\t\t<div class=\"elementor-element elementor-element-0c5d20e ticker-calendar elementor-widget elementor-widget-text-editor\" data-id=\"0c5d20e\" data-element_type=\"widget\" data-widget_type=\"text-editor.default\">\n\t\t\t\t<div class=\"elementor-widget-container\">\n\t\t\t\t\t\t\t\t\t<h3>Segunda-feira, 12 de Outubro<br \/><span style=\"font-weight: 500;\">Columbus Day<\/span><\/h3>\t\t\t\t\t\t\t\t<\/div>\n\t\t\t\t<\/div>\n\t\t\t\t\t<\/div>\n\t\t\t\t<\/div>\n\t\t<div class=\"elementor-element elementor-element-3e91f8a e-flex e-con-boxed e-con e-child\" data-id=\"3e91f8a\" data-element_type=\"container\">\n\t\t\t\t\t<div class=\"e-con-inner\">\n\t\t\t\t<div class=\"elementor-element elementor-element-f7979f8 ticker-calendar elementor-widget elementor-widget-text-editor\" data-id=\"f7979f8\" data-element_type=\"widget\" data-widget_type=\"text-editor.default\">\n\t\t\t\t<div class=\"elementor-widget-container\">\n\t\t\t\t\t\t\t\t\t<h3>Quarta-feira, 11 de Novembro<br \/><span style=\"font-weight: 500;\">Dia dos Veteranos<\/span><\/h3>\t\t\t\t\t\t\t\t<\/div>\n\t\t\t\t<\/div>\n\t\t\t\t\t<\/div>\n\t\t\t\t<\/div>\n\t\t<div class=\"elementor-element elementor-element-adbcb8c e-flex e-con-boxed e-con e-child\" data-id=\"adbcb8c\" data-element_type=\"container\">\n\t\t\t\t\t<div class=\"e-con-inner\">\n\t\t\t\t<div class=\"elementor-element elementor-element-b0cb67d ticker-calendar elementor-widget elementor-widget-text-editor\" data-id=\"b0cb67d\" data-element_type=\"widget\" data-widget_type=\"text-editor.default\">\n\t\t\t\t<div class=\"elementor-widget-container\">\n\t\t\t\t\t\t\t\t\t<h3>Quinta-feira, 26 de Novembro<br \/><span style=\"font-weight: 500;\">Dia de A\u00e7\u00e3o de Gra\u00e7as<\/span><\/h3>\t\t\t\t\t\t\t\t<\/div>\n\t\t\t\t<\/div>\n\t\t\t\t\t<\/div>\n\t\t\t\t<\/div>\n\t\t<div class=\"elementor-element elementor-element-b162495 e-flex e-con-boxed e-con e-child\" data-id=\"b162495\" data-element_type=\"container\">\n\t\t\t\t\t<div class=\"e-con-inner\">\n\t\t\t\t<div class=\"elementor-element elementor-element-b7e70f6 ticker-calendar elementor-widget elementor-widget-text-editor\" data-id=\"b7e70f6\" data-element_type=\"widget\" data-widget_type=\"text-editor.default\">\n\t\t\t\t<div class=\"elementor-widget-container\">\n\t\t\t\t\t\t\t\t\t<h3>Sexta-feira, 25 de Dezembro<br \/><span style=\"font-weight: 500;\">Natal<\/span><\/h3>\t\t\t\t\t\t\t\t<\/div>\n\t\t\t\t<\/div>\n\t\t\t\t\t<\/div>\n\t\t\t\t<\/div>\n\t\t\t\t<\/div>\n\t\t\t\t<\/div>\n\t\t\t\t\t<\/div>\n\t\t\t\t<\/div>\n\t\t<div class=\"elementor-element elementor-element-5075adb e-flex e-con-boxed e-con e-parent\" data-id=\"5075adb\" data-element_type=\"container\" data-settings=\"{&quot;background_background&quot;:&quot;classic&quot;}\">\n\t\t\t\t\t<div class=\"e-con-inner\">\n\t\t\t\t<div class=\"elementor-element elementor-element-4468544 elementor-widget elementor-widget-text-editor\" data-id=\"4468544\" data-element_type=\"widget\" data-widget_type=\"text-editor.default\">\n\t\t\t\t<div class=\"elementor-widget-container\">\n\t\t\t\t\t\t\t\t\t<p>*Calend\u00e1rio de feriados definido pelo Federal Reserve.<\/p>\n\t\t\t\t\t\t\t\t<\/div>\n\t\t\t\t<\/div>\n\t\t\t\t\t<\/div>\n\t\t\t\t<\/div>\n\t\t\t\t<\/div>\n\t\t","protected":false},"excerpt":{"rendered":"<p>Feriados Banc\u00e1rios Hor\u00e1rio de Funcionamento Nome do Feriado Processamento deSolicita\u00e7\u00f5es: XX pm Ag\u00eancia: XX pm Corretora &#8211;Pershing: XX pm Nome do Feriado Processamento de Solicita\u00e7\u00f5es: XX pm Ag\u00eancia: XX pm Corretora &#8211; Pershing: XX pm Calend\u00e1rio de Feriados Banc\u00e1rios de 2026 Quinta-feira, 1 de JaneiroAno Novo Segunda-feira, 19 de JaneiroAnivers\u00e1rio de Martin Luther King Jr. [&hellip;]<\/p>\n","protected":false},"author":2,"featured_media":0,"parent":0,"menu_order":0,"comment_status":"closed","ping_status":"closed","template":"","meta":{"_acf_changed":false,"slim_seo":{"title":"Feriados Banc\u00e1rios - Bradesco Bank","description":"Feriados Banc\u00e1rios Hor\u00e1rio de Funcionamento Nome do Feriado Processamento de Solicita\u00e7\u00f5es: XX pm Ag\u00eancia: XX pm Corretora - Pershing: XX pm Nome do Feriado Proc"},"footnotes":""},"class_list":["post-4396","page","type-page","status-publish","hentry"],"blocksy_meta":[],"acf":[],"_links":{"self":[{"href":"https:\/\/bradescobank.com\/pt\/wp-json\/wp\/v2\/pages\/4396","targetHints":{"allow":["GET"]}}],"collection":[{"href":"https:\/\/bradescobank.com\/pt\/wp-json\/wp\/v2\/pages"}],"about":[{"href":"https:\/\/bradescobank.com\/pt\/wp-json\/wp\/v2\/types\/page"}],"author":[{"embeddable":true,"href":"https:\/\/bradescobank.com\/pt\/wp-json\/wp\/v2\/users\/2"}],"replies":[{"embeddable":true,"href":"https:\/\/bradescobank.com\/pt\/wp-json\/wp\/v2\/comments?post=4396"}],"version-history":[{"count":39,"href":"https:\/\/bradescobank.com\/pt\/wp-json\/wp\/v2\/pages\/4396\/revisions"}],"predecessor-version":[{"id":16351,"href":"https:\/\/bradescobank.com\/pt\/wp-json\/wp\/v2\/pages\/4396\/revisions\/16351"}],"wp:attachment":[{"href":"https:\/\/bradescobank.com\/pt\/wp-json\/wp\/v2\/media?parent=4396"}],"curies":[{"name":"wp","href":"https:\/\/api.w.org\/{rel}","templated":true}]}}