{"id":4981,"date":"2024-06-13T02:31:25","date_gmt":"2024-06-13T05:31:25","guid":{"rendered":"https:\/\/bradescobank.com\/bradesco-lounge\/"},"modified":"2025-11-27T14:45:40","modified_gmt":"2025-11-27T17:45:40","slug":"bradesco-lounge","status":"publish","type":"page","link":"https:\/\/bradescobank.com\/pt\/bradesco-lounge\/","title":{"rendered":"Bradesco Lounge"},"content":{"rendered":"\t\t<div data-elementor-type=\"wp-page\" data-elementor-id=\"4981\" class=\"elementor elementor-4981 elementor-2391\" data-elementor-post-type=\"page\">\n\t\t\t\t<div class=\"elementor-element elementor-element-2ac1894 e-con-full e-flex e-con e-parent\" data-id=\"2ac1894\" data-element_type=\"container\" data-settings=\"{&quot;background_background&quot;:&quot;classic&quot;}\">\n\t\t\t\t<div class=\"elementor-element elementor-element-e273129 elementor-widget elementor-widget-text-editor\" data-id=\"e273129\" data-element_type=\"widget\" data-widget_type=\"text-editor.default\">\n\t\t\t\t<div class=\"elementor-widget-container\">\n\t\t\t\t\t\t\t\t\t<h1>Bradesco Lounge<\/h1>\n\t\t\t\t\t\t\t\t<\/div>\n\t\t\t\t<\/div>\n\t\t\t\t<\/div>\n\t\t<div class=\"elementor-element elementor-element-ac2d5c1 e-con-full e-flex e-con e-parent\" data-id=\"ac2d5c1\" data-element_type=\"container\" data-settings=\"{&quot;background_background&quot;:&quot;classic&quot;}\">\n\t\t\t\t<\/div>\n\t\t<div class=\"elementor-element elementor-element-bd525e6 lounge e-flex e-con-boxed e-con e-parent\" data-id=\"bd525e6\" data-element_type=\"container\">\n\t\t\t\t\t<div class=\"e-con-inner\">\n\t\t<div class=\"elementor-element elementor-element-34d1b05 protect-account e-flex e-con-boxed e-con e-child\" data-id=\"34d1b05\" data-element_type=\"container\">\n\t\t\t\t\t<div class=\"e-con-inner\">\n\t\t<div class=\"elementor-element elementor-element-7840e56 e-con-full e-flex e-con e-child\" data-id=\"7840e56\" data-element_type=\"container\">\n\t\t\t\t<div class=\"elementor-element elementor-element-3ad3376 elementor-widget__width-initial elementor-widget elementor-widget-text-editor\" data-id=\"3ad3376\" data-element_type=\"widget\" data-widget_type=\"text-editor.default\">\n\t\t\t\t<div class=\"elementor-widget-container\">\n\t\t\t\t\t\t\t\t\t<h3>Aeroporto Internacional de Guarulhos, em S\u00e3o Paulo:<\/h3>\t\t\t\t\t\t\t\t<\/div>\n\t\t\t\t<\/div>\n\t\t\t\t<\/div>\n\t\t<div class=\"elementor-element elementor-element-926db92 e-con-full lounge e-flex e-con e-child\" data-id=\"926db92\" data-element_type=\"container\">\n\t\t\t\t<div class=\"elementor-element elementor-element-be4bb97 elementor-widget__width-initial elementor-widget elementor-widget-text-editor\" data-id=\"be4bb97\" data-element_type=\"widget\" data-widget_type=\"text-editor.default\">\n\t\t\t\t<div class=\"elementor-widget-container\">\n\t\t\t\t\t\t\t\t\t<ul><li>Terminal 3, p\u00f3s-embarque internacional, 1\u00ba andar.<br \/>1\u00ba andar 24 horas. <br \/><br \/><\/li><li>Terminal 2, dom\u00e9stico, 1\u00ba andar, p\u00f3s-embarque.<br \/>Das 6h \u00e0s 23h.<\/li><\/ul>\t\t\t\t\t\t\t\t<\/div>\n\t\t\t\t<\/div>\n\t\t\t\t<\/div>\n\t\t\t\t\t<\/div>\n\t\t\t\t<\/div>\n\t\t<div class=\"elementor-element elementor-element-f682351 protect-account e-flex e-con-boxed e-con e-child\" data-id=\"f682351\" data-element_type=\"container\">\n\t\t\t\t\t<div class=\"e-con-inner\">\n\t\t<div class=\"elementor-element elementor-element-b1ea8b5 e-con-full e-flex e-con e-child\" data-id=\"b1ea8b5\" data-element_type=\"container\">\n\t\t\t\t<div class=\"elementor-element elementor-element-9193d7a elementor-widget__width-initial elementor-widget elementor-widget-text-editor\" data-id=\"9193d7a\" data-element_type=\"widget\" data-widget_type=\"text-editor.default\">\n\t\t\t\t<div class=\"elementor-widget-container\">\n\t\t\t\t\t\t\t\t\t<h3>Aeroporto de Congonhas<br \/>em S\u00e3o Paulo<\/h3>\t\t\t\t\t\t\t\t<\/div>\n\t\t\t\t<\/div>\n\t\t\t\t<\/div>\n\t\t<div class=\"elementor-element elementor-element-1c59807 e-con-full lounge e-flex e-con e-child\" data-id=\"1c59807\" data-element_type=\"container\">\n\t\t\t\t<div class=\"elementor-element elementor-element-90baaa3 elementor-widget__width-initial elementor-widget elementor-widget-text-editor\" data-id=\"90baaa3\" data-element_type=\"widget\" data-widget_type=\"text-editor.default\">\n\t\t\t\t<div class=\"elementor-widget-container\">\n\t\t\t\t\t\t\t\t\t<ul>\n<li>Em frente ao port\u00e3o 5, no p\u00f3s-embarque. Das 4h \u00e0s 23h. <\/li>\n<\/ul>\n\t\t\t\t\t\t\t\t<\/div>\n\t\t\t\t<\/div>\n\t\t\t\t<\/div>\n\t\t\t\t\t<\/div>\n\t\t\t\t<\/div>\n\t\t<div class=\"elementor-element elementor-element-ab9a306 protect-account e-flex e-con-boxed e-con e-child\" data-id=\"ab9a306\" data-element_type=\"container\">\n\t\t\t\t\t<div class=\"e-con-inner\">\n\t\t<div class=\"elementor-element elementor-element-6500a78 e-con-full e-flex e-con e-child\" data-id=\"6500a78\" data-element_type=\"container\">\n\t\t\t\t<div class=\"elementor-element elementor-element-0145db9 elementor-widget__width-initial elementor-widget elementor-widget-text-editor\" data-id=\"0145db9\" data-element_type=\"widget\" data-widget_type=\"text-editor.default\">\n\t\t\t\t<div class=\"elementor-widget-container\">\n\t\t\t\t\t\t\t\t\t<h3>Aeroporto Santos Dumont<br \/>no Rio de Janeiro<\/h3>\t\t\t\t\t\t\t\t<\/div>\n\t\t\t\t<\/div>\n\t\t\t\t<\/div>\n\t\t<div class=\"elementor-element elementor-element-d8fd5f7 e-con-full lounge e-flex e-con e-child\" data-id=\"d8fd5f7\" data-element_type=\"container\">\n\t\t\t\t<div class=\"elementor-element elementor-element-8aae7aa elementor-widget__width-initial elementor-widget elementor-widget-text-editor\" data-id=\"8aae7aa\" data-element_type=\"widget\" data-widget_type=\"text-editor.default\">\n\t\t\t\t<div class=\"elementor-widget-container\">\n\t\t\t\t\t\t\t\t\t<ul>\n<li>1\u00ba andar, pr\u00e9-embarque. Das 5h30 \u00e0s 22h30. <\/li>\n<\/ul>\n\t\t\t\t\t\t\t\t<\/div>\n\t\t\t\t<\/div>\n\t\t\t\t<\/div>\n\t\t\t\t\t<\/div>\n\t\t\t\t<\/div>\n\t\t<div class=\"elementor-element elementor-element-d42c7f6 protect-account e-flex e-con-boxed e-con e-child\" data-id=\"d42c7f6\" data-element_type=\"container\">\n\t\t\t\t\t<div class=\"e-con-inner\">\n\t\t<div class=\"elementor-element elementor-element-6afa06a e-con-full e-flex e-con e-child\" data-id=\"6afa06a\" data-element_type=\"container\">\n\t\t\t\t<div class=\"elementor-element elementor-element-0db3196 elementor-widget__width-initial elementor-widget elementor-widget-text-editor\" data-id=\"0db3196\" data-element_type=\"widget\" data-widget_type=\"text-editor.default\">\n\t\t\t\t<div class=\"elementor-widget-container\">\n\t\t\t\t\t\t\t\t\t<h3>Aeroporto de Curitiba, no Paran\u00e1<\/h3>\t\t\t\t\t\t\t\t<\/div>\n\t\t\t\t<\/div>\n\t\t\t\t<\/div>\n\t\t<div class=\"elementor-element elementor-element-f49ef92 e-con-full lounge e-flex e-con e-child\" data-id=\"f49ef92\" data-element_type=\"container\">\n\t\t\t\t<div class=\"elementor-element elementor-element-02b193f elementor-widget__width-initial elementor-widget elementor-widget-text-editor\" data-id=\"02b193f\" data-element_type=\"widget\" data-widget_type=\"text-editor.default\">\n\t\t\t\t<div class=\"elementor-widget-container\">\n\t\t\t\t\t\t\t\t\t<ul>\n<li>Terminal dom\u00e9stico, p\u00f3s-embarque.<br \/>Das 5h30 \u00e0s 22h30.<\/li>\n<\/ul>\n\t\t\t\t\t\t\t\t<\/div>\n\t\t\t\t<\/div>\n\t\t\t\t<\/div>\n\t\t\t\t\t<\/div>\n\t\t\t\t<\/div>\n\t\t<div class=\"elementor-element elementor-element-5b4b355 protect-account e-flex e-con-boxed e-con e-child\" data-id=\"5b4b355\" data-element_type=\"container\">\n\t\t\t\t\t<div class=\"e-con-inner\">\n\t\t<div class=\"elementor-element elementor-element-ce56e4c e-con-full e-flex e-con e-child\" data-id=\"ce56e4c\" data-element_type=\"container\">\n\t\t\t\t<div class=\"elementor-element elementor-element-2891557 elementor-widget__width-initial elementor-widget elementor-widget-text-editor\" data-id=\"2891557\" data-element_type=\"widget\" data-widget_type=\"text-editor.default\">\n\t\t\t\t<div class=\"elementor-widget-container\">\n\t\t\t\t\t\t\t\t\t<h3>Bras\u00edlia<br \/>Aeroporto Internacional<\/h3>\t\t\t\t\t\t\t\t<\/div>\n\t\t\t\t<\/div>\n\t\t\t\t<\/div>\n\t\t<div class=\"elementor-element elementor-element-fd4e1c3 e-con-full lounge e-flex e-con e-child\" data-id=\"fd4e1c3\" data-element_type=\"container\">\n\t\t\t\t<div class=\"elementor-element elementor-element-1d07579 elementor-widget__width-initial elementor-widget elementor-widget-text-editor\" data-id=\"1d07579\" data-element_type=\"widget\" data-widget_type=\"text-editor.default\">\n\t\t\t\t<div class=\"elementor-widget-container\">\n\t\t\t\t\t\t\t\t\t<ul><li><p>VIP Club Dom\u00e9stica: p\u00f3s-embarque, 2\u00ba andar. 24 horas. 24 hours.<\/p><\/li><li><p>VIP Club Express Sul: p\u00f3s-embarque, pr\u00f3ximo ao port\u00e3o 21. Das 06h \u00e0 22h.<\/p><\/li><li><p>VIP Club Express Norte: p\u00f3s-embarque, p\u00eder norte, pr\u00f3ximo ao port\u00e3o 09. <span style=\"font-weight: 400;\">Das 6h \u00e0s 22h<\/span><\/p><\/li><li><p>Funcionamento de acordo com os voos internacionais.<\/p><\/li><\/ul>\t\t\t\t\t\t\t\t<\/div>\n\t\t\t\t<\/div>\n\t\t\t\t<\/div>\n\t\t\t\t\t<\/div>\n\t\t\t\t<\/div>\n\t\t<div class=\"elementor-element elementor-element-d03e569 protect-account e-flex e-con-boxed e-con e-child\" data-id=\"d03e569\" data-element_type=\"container\">\n\t\t\t\t\t<div class=\"e-con-inner\">\n\t\t<div class=\"elementor-element elementor-element-c84cf13 e-con-full e-flex e-con e-child\" data-id=\"c84cf13\" data-element_type=\"container\">\n\t\t\t\t<div class=\"elementor-element elementor-element-f4f35dd elementor-widget__width-initial elementor-widget elementor-widget-text-editor\" data-id=\"f4f35dd\" data-element_type=\"widget\" data-widget_type=\"text-editor.default\">\n\t\t\t\t<div class=\"elementor-widget-container\">\n\t\t\t\t\t\t\t\t\t<h3>Aeroporto Internacional de Belo Horizonte, em Confins:<\/h3>\t\t\t\t\t\t\t\t<\/div>\n\t\t\t\t<\/div>\n\t\t\t\t<\/div>\n\t\t<div class=\"elementor-element elementor-element-5831d8c e-con-full lounge e-flex e-con e-child\" data-id=\"5831d8c\" data-element_type=\"container\">\n\t\t\t\t<div class=\"elementor-element elementor-element-60692d9 elementor-widget__width-initial elementor-widget elementor-widget-text-editor\" data-id=\"60692d9\" data-element_type=\"widget\" data-widget_type=\"text-editor.default\">\n\t\t\t\t<div class=\"elementor-widget-container\">\n\t\t\t\t\t\t\t\t\t<ul>\n \t<li>Ambaar Club Dom\u00e9stico: P\u00f3s-embarque, ap\u00f3s raio-x, pr\u00f3ximo aos port\u00f5es 117 e 118 (piso mezanino). 24 horas.<\/li>\n \t<li>Ambaar Lounge Dom\u00e9stico: P\u00f3s-embarque, ap\u00f3s o raio-x, \u00e0 esquerda, em frente ao port\u00e3o 2, ao lado da loja Dufry. Das 4h30 \u00e0s 23h.<\/li>\n \t<li>Ambaar Lounge Internacional: terminal 2, ap\u00f3s a verifica\u00e7\u00e3o de passaportes, pr\u00f3ximo do port\u00e3o 60. Funcionamento de acordo com os voos internacionais.<\/li>\n<\/ul>\t\t\t\t\t\t\t\t<\/div>\n\t\t\t\t<\/div>\n\t\t\t\t<\/div>\n\t\t\t\t\t<\/div>\n\t\t\t\t<\/div>\n\t\t<div class=\"elementor-element elementor-element-3f06e5a protect-account e-flex e-con-boxed e-con e-child\" data-id=\"3f06e5a\" data-element_type=\"container\">\n\t\t\t\t\t<div class=\"e-con-inner\">\n\t\t<div class=\"elementor-element elementor-element-9403fe4 e-con-full e-flex e-con e-child\" data-id=\"9403fe4\" data-element_type=\"container\">\n\t\t\t\t<div class=\"elementor-element elementor-element-a4ed1e1 elementor-widget__width-initial elementor-widget elementor-widget-text-editor\" data-id=\"a4ed1e1\" data-element_type=\"widget\" data-widget_type=\"text-editor.default\">\n\t\t\t\t<div class=\"elementor-widget-container\">\n\t\t\t\t\t\t\t\t\t<h3>Aeroporto Internacional de Fortaleza, Pinto Martins:<\/h3>\t\t\t\t\t\t\t\t<\/div>\n\t\t\t\t<\/div>\n\t\t\t\t<\/div>\n\t\t<div class=\"elementor-element elementor-element-8b5dcb7 e-con-full lounge e-flex e-con e-child\" data-id=\"8b5dcb7\" data-element_type=\"container\">\n\t\t\t\t<div class=\"elementor-element elementor-element-0137fc5 elementor-widget__width-initial elementor-widget elementor-widget-text-editor\" data-id=\"0137fc5\" data-element_type=\"widget\" data-widget_type=\"text-editor.default\">\n\t\t\t\t<div class=\"elementor-widget-container\">\n\t\t\t\t\t\t\t\t\t<ul>\n<li>\n<p>Ambaar Club Dom\u00e9stico: P\u00f3s-embarque, terminal 1, ap\u00f3s raio-x, pr\u00f3ximo ao port\u00e3o 08. 24 horas. <\/p>\n<\/li>\n<li>\n<p>Ambaar Club Internacional: \u00c1rea internacional, ap\u00f3s controle de passaportes, em frente ao port\u00e3o 3. Funcionamento de acordo com os voos internacionais. <\/p>\n<\/li>\n<\/ul>\n\t\t\t\t\t\t\t\t<\/div>\n\t\t\t\t<\/div>\n\t\t\t\t<\/div>\n\t\t\t\t\t<\/div>\n\t\t\t\t<\/div>\n\t\t<div class=\"elementor-element elementor-element-b419f19 protect-account e-flex e-con-boxed e-con e-child\" data-id=\"b419f19\" data-element_type=\"container\">\n\t\t\t\t\t<div class=\"e-con-inner\">\n\t\t<div class=\"elementor-element elementor-element-ac3728c e-con-full e-flex e-con e-child\" data-id=\"ac3728c\" data-element_type=\"container\">\n\t\t\t\t<div class=\"elementor-element elementor-element-f3fae7d elementor-widget__width-initial elementor-widget elementor-widget-text-editor\" data-id=\"f3fae7d\" data-element_type=\"widget\" data-widget_type=\"text-editor.default\">\n\t\t\t\t<div class=\"elementor-widget-container\">\n\t\t\t\t\t\t\t\t\t<h3>Aeroporto Internacional de Porto Alegre Salgado Filho:<\/h3>\t\t\t\t\t\t\t\t<\/div>\n\t\t\t\t<\/div>\n\t\t\t\t<\/div>\n\t\t<div class=\"elementor-element elementor-element-ec59856 e-con-full lounge e-flex e-con e-child\" data-id=\"ec59856\" data-element_type=\"container\">\n\t\t\t\t<div class=\"elementor-element elementor-element-29d21c6 elementor-widget__width-initial elementor-widget elementor-widget-text-editor\" data-id=\"29d21c6\" data-element_type=\"widget\" data-widget_type=\"text-editor.default\">\n\t\t\t\t<div class=\"elementor-widget-container\">\n\t\t\t\t\t\t\t\t\t<ul>\n<li>\n<p>Ambaar Club Dom\u00e9stico: P\u00f3s-embarque, ap\u00f3s raio-x, pr\u00f3ximo aos port\u00f5es 117 e 118 (piso mezanino). 24 horas. <\/p>\n<\/li>\n<li>\n<p>Ambaar Club Internacional: P\u00f3s-Embarque, terminal internacional, 2\u00b0 andar, pr\u00f3ximo aos port\u00f5es 101 e 102. 24 horas. <\/p>\n<\/li>\n<\/ul>\n\t\t\t\t\t\t\t\t<\/div>\n\t\t\t\t<\/div>\n\t\t\t\t<\/div>\n\t\t\t\t\t<\/div>\n\t\t\t\t<\/div>\n\t\t<div class=\"elementor-element elementor-element-6b0a72c protect-account e-flex e-con-boxed e-con e-child\" data-id=\"6b0a72c\" data-element_type=\"container\">\n\t\t\t\t\t<div class=\"e-con-inner\">\n\t\t<div class=\"elementor-element elementor-element-81fac39 e-con-full e-flex e-con e-child\" data-id=\"81fac39\" data-element_type=\"container\">\n\t\t\t\t<div class=\"elementor-element elementor-element-9e4620e elementor-widget__width-initial elementor-widget elementor-widget-text-editor\" data-id=\"9e4620e\" data-element_type=\"widget\" data-widget_type=\"text-editor.default\">\n\t\t\t\t<div class=\"elementor-widget-container\">\n\t\t\t\t\t\t\t\t\t<h3>Salvador<br \/>Aeroporto Internacional<\/h3>\t\t\t\t\t\t\t\t<\/div>\n\t\t\t\t<\/div>\n\t\t\t\t<\/div>\n\t\t<div class=\"elementor-element elementor-element-0c3d642 e-con-full lounge e-flex e-con e-child\" data-id=\"0c3d642\" data-element_type=\"container\">\n\t\t\t\t<div class=\"elementor-element elementor-element-16a7f10 elementor-widget__width-initial elementor-widget elementor-widget-text-editor\" data-id=\"16a7f10\" data-element_type=\"widget\" data-widget_type=\"text-editor.default\">\n\t\t\t\t<div class=\"elementor-widget-container\">\n\t\t\t\t\t\t\t\t\t<ul>\n<li>\n<p>Ambaar Club: Pr\u00e9-embarque, antes do raio-x, pr\u00f3ximo \u00e0 \u00e1rea de acesso aos port\u00f5es do embarque, ao lado direito. Das 07h \u00e0s 19h. <\/p>\n<\/li>\n<li>\n<p>Ambaar Club: P\u00f3s-embarque, ap\u00f3s o raio-x, saindo da loja Dufry, \u00e0 direita, sentido port\u00f5es de embarque 18-23. 24 horas. <\/p>\n<\/li>\n<\/ul>\n\t\t\t\t\t\t\t\t<\/div>\n\t\t\t\t<\/div>\n\t\t\t\t<\/div>\n\t\t\t\t\t<\/div>\n\t\t\t\t<\/div>\n\t\t<div class=\"elementor-element elementor-element-55c1b13 protect-account e-flex e-con-boxed e-con e-child\" data-id=\"55c1b13\" data-element_type=\"container\">\n\t\t\t\t\t<div class=\"e-con-inner\">\n\t\t<div class=\"elementor-element elementor-element-bd243c6 e-con-full e-flex e-con e-child\" data-id=\"bd243c6\" data-element_type=\"container\">\n\t\t\t\t<div class=\"elementor-element elementor-element-853650d elementor-widget__width-initial elementor-widget elementor-widget-text-editor\" data-id=\"853650d\" data-element_type=\"widget\" data-widget_type=\"text-editor.default\">\n\t\t\t\t<div class=\"elementor-widget-container\">\n\t\t\t\t\t\t\t\t\t<h3>Viracopos<br \/>Aeroporto Internacional<\/h3>\t\t\t\t\t\t\t\t<\/div>\n\t\t\t\t<\/div>\n\t\t\t\t<\/div>\n\t\t<div class=\"elementor-element elementor-element-c4d137f e-con-full lounge e-flex e-con e-child\" data-id=\"c4d137f\" data-element_type=\"container\">\n\t\t\t\t<div class=\"elementor-element elementor-element-8168778 elementor-widget__width-initial elementor-widget elementor-widget-text-editor\" data-id=\"8168778\" data-element_type=\"widget\" data-widget_type=\"text-editor.default\">\n\t\t\t\t<div class=\"elementor-widget-container\">\n\t\t\t\t\t\t\t\t\t<ul>\n<li>\n<p>Ambaar Club &#8211; P\u00f3s-embarque, ap\u00f3s raio-x, pr\u00f3ximo ao corredor de acesso aos port\u00f5es de embarque. 24 horas. <\/p>\n<\/li>\n<\/ul>\n\t\t\t\t\t\t\t\t<\/div>\n\t\t\t\t<\/div>\n\t\t\t\t<\/div>\n\t\t\t\t\t<\/div>\n\t\t\t\t<\/div>\n\t\t\t\t\t<\/div>\n\t\t\t\t<\/div>\n\t\t<div class=\"elementor-element elementor-element-036a7a2 e-flex e-con-boxed e-con e-parent\" data-id=\"036a7a2\" data-element_type=\"container\">\n\t\t\t\t\t<div class=\"e-con-inner\">\n\t\t\t\t<div class=\"elementor-element elementor-element-3f0b64c elementor-widget__width-initial elementor-widget elementor-widget-text-editor\" data-id=\"3f0b64c\" data-element_type=\"widget\" data-widget_type=\"text-editor.default\">\n\t\t\t\t<div class=\"elementor-widget-container\">\n\t\t\t\t\t\t\t\t\tOs portadores dos cart\u00f5es de cr\u00e9dito Bradesco Bank Visa Signature t\u00eam acesso gratuito e ilimitado \u00e0s salas VIP Bradesco Lounge e Parceiras, com direito a 1 (um) acompanhante e filhos de at\u00e9 16 anos . Para conferir todos os detalhes e os Termos e Condi\u00e7\u00f5es, acesse <span style=\"text-decoration: underline;\"><a href=\"#lounge-vip\" rel=\"noopener\">banco.bradesco\/salavip<\/a><\/span>\t\t\t\t\t\t\t\t<\/div>\n\t\t\t\t<\/div>\n\t\t\t\t\t<\/div>\n\t\t\t\t<\/div>\n\t\t\t\t<\/div>\n\t\t","protected":false},"excerpt":{"rendered":"<p>Bradesco Lounge Aeroporto Internacional de Guarulhos, em S\u00e3o Paulo: Terminal 3, p\u00f3s-embarque internacional, 1\u00ba andar.1\u00ba andar 24 horas. Terminal 2, dom\u00e9stico, 1\u00ba andar, p\u00f3s-embarque.Das 6h \u00e0s 23h. Aeroporto de Congonhasem S\u00e3o Paulo Em frente ao port\u00e3o 5, no p\u00f3s-embarque. Das 4h \u00e0s 23h. Aeroporto Santos Dumontno Rio de Janeiro 1\u00ba andar, pr\u00e9-embarque. Das 5h30 \u00e0s [&hellip;]<\/p>\n","protected":false},"author":2,"featured_media":0,"parent":0,"menu_order":0,"comment_status":"closed","ping_status":"closed","template":"","meta":{"_acf_changed":false,"slim_seo":{"title":"Bradesco Lounge - Bradesco Bank","description":"Bradesco Lounge Aeroporto Internacional de Guarulhos, em S\u00e3o Paulo: Terminal 3, p\u00f3s-embarque internacional, 1\u00ba andar. 1\u00ba andar 24 horas. Terminal 2, dom\u00e9stico,"},"footnotes":""},"class_list":["post-4981","page","type-page","status-publish","hentry"],"blocksy_meta":[],"acf":[],"_links":{"self":[{"href":"https:\/\/bradescobank.com\/pt\/wp-json\/wp\/v2\/pages\/4981","targetHints":{"allow":["GET"]}}],"collection":[{"href":"https:\/\/bradescobank.com\/pt\/wp-json\/wp\/v2\/pages"}],"about":[{"href":"https:\/\/bradescobank.com\/pt\/wp-json\/wp\/v2\/types\/page"}],"author":[{"embeddable":true,"href":"https:\/\/bradescobank.com\/pt\/wp-json\/wp\/v2\/users\/2"}],"replies":[{"embeddable":true,"href":"https:\/\/bradescobank.com\/pt\/wp-json\/wp\/v2\/comments?post=4981"}],"version-history":[{"count":28,"href":"https:\/\/bradescobank.com\/pt\/wp-json\/wp\/v2\/pages\/4981\/revisions"}],"predecessor-version":[{"id":14553,"href":"https:\/\/bradescobank.com\/pt\/wp-json\/wp\/v2\/pages\/4981\/revisions\/14553"}],"wp:attachment":[{"href":"https:\/\/bradescobank.com\/pt\/wp-json\/wp\/v2\/media?parent=4981"}],"curies":[{"name":"wp","href":"https:\/\/api.w.org\/{rel}","templated":true}]}}