{"id":5585,"date":"2024-07-10T09:55:31","date_gmt":"2024-07-10T12:55:31","guid":{"rendered":"https:\/\/bradescobank.com\/opt-out-form\/"},"modified":"2024-07-10T19:13:46","modified_gmt":"2024-07-10T22:13:46","slug":"opt-out-form","status":"publish","type":"page","link":"https:\/\/bradescobank.com\/pt\/opt-out-form\/","title":{"rendered":"Opt Out Form"},"content":{"rendered":"\t\t<div data-elementor-type=\"wp-page\" data-elementor-id=\"5585\" class=\"elementor elementor-5585 elementor-5563\" data-elementor-post-type=\"page\">\n\t\t\t\t<div class=\"elementor-element elementor-element-18be0a6 e-con-full e-flex e-con e-parent\" data-id=\"18be0a6\" data-element_type=\"container\">\n\t\t<div class=\"elementor-element elementor-element-9c389dd e-con-full e-flex e-con e-child\" data-id=\"9c389dd\" data-element_type=\"container\">\n\t\t\t\t<div class=\"elementor-element elementor-element-d8e31bf elementor-widget elementor-widget-wpforms\" data-id=\"d8e31bf\" data-element_type=\"widget\" data-widget_type=\"wpforms.default\">\n\t\t\t\t<div class=\"elementor-widget-container\">\n\t\t\t\t\t<div class=\"wpforms-container wpforms-container-full private_afluente wpforms-render-modern\" id=\"wpforms-5569\"><form id=\"wpforms-form-5569\" class=\"wpforms-validate wpforms-form wpforms-ajax-form\" data-formid=\"5569\" method=\"post\" enctype=\"multipart\/form-data\" action=\"\/pt\/wp-json\/wp\/v2\/pages\/5585\" data-token=\"6e3b8be997445808ac7df17836fb3d4c\" data-token-time=\"1776671116\"><noscript class=\"wpforms-error-noscript\">Please enable JavaScript in your browser to complete this form.<\/noscript><div id=\"wpforms-error-noscript\" style=\"display: none;\">Please enable JavaScript in your browser to complete this form.<\/div><div class=\"wpforms-field-container\"><div id=\"wpforms-5569-field_2-container\" class=\"wpforms-field wpforms-field-text\" data-field-id=\"2\"><label class=\"wpforms-field-label\" for=\"wpforms-5569-field_2\">Nome <span class=\"wpforms-required-label\" aria-hidden=\"true\">*<\/span><\/label><input type=\"text\" id=\"wpforms-5569-field_2\" class=\"wpforms-field-medium wpforms-field-required\" name=\"wpforms[fields][2]\" aria-errormessage=\"wpforms-5569-field_2-error\" required><\/div><div id=\"wpforms-5569-field_10-container\" class=\"wpforms-field wpforms-field-text\" data-field-id=\"10\"><label class=\"wpforms-field-label\" for=\"wpforms-5569-field_10\">Sobrenome <span class=\"wpforms-required-label\" aria-hidden=\"true\">*<\/span><\/label><input type=\"text\" id=\"wpforms-5569-field_10\" class=\"wpforms-field-medium wpforms-field-required\" name=\"wpforms[fields][10]\" aria-errormessage=\"wpforms-5569-field_10-error\" required><\/div><div id=\"wpforms-5569-field_11-container\" class=\"wpforms-field wpforms-field-text\" data-field-id=\"11\"><label class=\"wpforms-field-label\" for=\"wpforms-5569-field_11\">Conta <span class=\"wpforms-required-label\" aria-hidden=\"true\">*<\/span><\/label><input type=\"text\" id=\"wpforms-5569-field_11\" class=\"wpforms-field-medium wpforms-field-required\" name=\"wpforms[fields][11]\" aria-errormessage=\"wpforms-5569-field_11-error\" required><\/div><div id=\"wpforms-5569-field_3-container\" class=\"wpforms-field wpforms-field-email\" data-field-id=\"3\"><label class=\"wpforms-field-label\" for=\"wpforms-5569-field_3\">E-mail <span class=\"wpforms-required-label\" aria-hidden=\"true\">*<\/span><\/label><input type=\"email\" id=\"wpforms-5569-field_3\" class=\"wpforms-field-medium wpforms-field-required\" name=\"wpforms[fields][3]\" spellcheck=\"false\" aria-errormessage=\"wpforms-5569-field_3-error\" required><\/div><div id=\"wpforms-5569-field_8-container\" class=\"wpforms-field wpforms-field-checkbox\" data-field-id=\"8\"><fieldset><legend class=\"wpforms-field-label wpforms-label-hide\" aria-hidden=\"false\">Not Share<\/legend><ul id=\"wpforms-5569-field_8\"><li class=\"choice-0 depth-1\"><input type=\"checkbox\" id=\"wpforms-5569-field_8_0\" name=\"wpforms[fields][8][]\" value=\"N\u00e3o permita que suas afiliadas usem minhas informa\u00e7\u00f5es pessoais para me fazer marketing.\" aria-errormessage=\"wpforms-5569-field_8_0-error\"  ><label class=\"wpforms-field-label-inline\" for=\"wpforms-5569-field_8_0\">N\u00e3o permita que suas afiliadas usem minhas informa\u00e7\u00f5es pessoais para me fazer marketing.<\/label><\/li><\/ul><\/fieldset><\/div><div id=\"wpforms-5569-field_9-container\" class=\"wpforms-field wpforms-field-checkbox\" data-field-id=\"9\"><fieldset><legend class=\"wpforms-field-label wpforms-label-hide\" aria-hidden=\"false\">Allow<\/legend><ul id=\"wpforms-5569-field_9\"><li class=\"choice-1 depth-1\"><input type=\"checkbox\" id=\"wpforms-5569-field_9_1\" name=\"wpforms[fields][9][]\" value=\"N\u00e3o compartilhe informa\u00e7\u00f5es sobre minha idoneidade financeira com suas afiliadas para seus fins comerciais rotineiros.\" aria-errormessage=\"wpforms-5569-field_9_1-error\"  ><label class=\"wpforms-field-label-inline\" for=\"wpforms-5569-field_9_1\">N\u00e3o compartilhe informa\u00e7\u00f5es sobre minha idoneidade financeira com suas afiliadas para seus fins comerciais rotineiros.<\/label><\/li><\/ul><\/fieldset><\/div><\/div><!-- .wpforms-field-container --><div class=\"wpforms-submit-container\" ><input type=\"hidden\" name=\"wpforms[id]\" value=\"5569\"><input type=\"hidden\" name=\"page_title\" value=\"\"><input type=\"hidden\" name=\"page_url\" value=\"https:\/\/bradescobank.com\/pt\/wp-json\/wp\/v2\/pages\/5585\"><input type=\"hidden\" name=\"url_referer\" value=\"\"><button type=\"submit\" name=\"wpforms[submit]\" id=\"wpforms-submit-5569\" class=\"wpforms-submit\" data-alt-text=\"Enviando...\" data-submit-text=\"Enviar\" aria-live=\"assertive\" value=\"wpforms-submit\">Enviar<\/button><img loading=\"lazy\" loading=\"lazy\" decoding=\"async\" src=\"https:\/\/bradescobank.com\/wp-content\/plugins\/wpforms-lite\/assets\/images\/submit-spin.svg\" class=\"wpforms-submit-spinner\" style=\"display: none;\" width=\"26\" height=\"26\" alt=\"Loading\"><\/div><\/form><\/div>  <!-- .wpforms-container -->\t\t\t\t<\/div>\n\t\t\t\t<\/div>\n\t\t\t\t<\/div>\n\t\t<div class=\"elementor-element elementor-element-e7546a9 e-con-full elementor-hidden-mobile e-flex e-con e-child\" data-id=\"e7546a9\" data-element_type=\"container\" data-settings=\"{&quot;background_background&quot;:&quot;classic&quot;}\">\n\t\t\t\t<\/div>\n\t\t\t\t<\/div>\n\t\t\t\t<\/div>\n\t\t","protected":false},"excerpt":{"rendered":"<p>Please enable JavaScript in your browser to complete this form.Please enable JavaScript in your browser to complete this form.First Name *Last Name *Account *E-mail * Don\u00b4t share * Do not share information about my creditworthiness with your affiliates for their everyday business purposes. Don\u00b4t allow * Do not allow your affiliates to use my personal [&hellip;]<\/p>\n","protected":false},"author":3,"featured_media":0,"parent":0,"menu_order":0,"comment_status":"closed","ping_status":"closed","template":"","meta":{"_acf_changed":false,"slim_seo":{"title":"Opt Out Form - Bradesco Bank","description":"Please enable JavaScript in your browser to complete this form. Please enable JavaScript in your browser to complete this form. First Name * Last Name * Account"},"footnotes":""},"class_list":["post-5585","page","type-page","status-publish","hentry"],"blocksy_meta":[],"acf":[],"_links":{"self":[{"href":"https:\/\/bradescobank.com\/pt\/wp-json\/wp\/v2\/pages\/5585","targetHints":{"allow":["GET"]}}],"collection":[{"href":"https:\/\/bradescobank.com\/pt\/wp-json\/wp\/v2\/pages"}],"about":[{"href":"https:\/\/bradescobank.com\/pt\/wp-json\/wp\/v2\/types\/page"}],"author":[{"embeddable":true,"href":"https:\/\/bradescobank.com\/pt\/wp-json\/wp\/v2\/users\/3"}],"replies":[{"embeddable":true,"href":"https:\/\/bradescobank.com\/pt\/wp-json\/wp\/v2\/comments?post=5585"}],"version-history":[{"count":13,"href":"https:\/\/bradescobank.com\/pt\/wp-json\/wp\/v2\/pages\/5585\/revisions"}],"predecessor-version":[{"id":5840,"href":"https:\/\/bradescobank.com\/pt\/wp-json\/wp\/v2\/pages\/5585\/revisions\/5840"}],"wp:attachment":[{"href":"https:\/\/bradescobank.com\/pt\/wp-json\/wp\/v2\/media?parent=5585"}],"curies":[{"name":"wp","href":"https:\/\/api.w.org\/{rel}","templated":true}]}}