{"id":6574,"date":"2024-10-02T15:20:18","date_gmt":"2024-10-02T18:20:18","guid":{"rendered":"https:\/\/bradescobank.com\/?page_id=6574"},"modified":"2026-03-24T10:51:17","modified_gmt":"2026-03-24T13:51:17","slug":"carreiras","status":"publish","type":"page","link":"https:\/\/bradescobank.com\/pt\/carreiras\/","title":{"rendered":"Carreiras"},"content":{"rendered":"\t\t<div data-elementor-type=\"wp-page\" data-elementor-id=\"6574\" class=\"elementor elementor-6574 elementor-6573\" data-elementor-post-type=\"page\">\n\t\t\t\t<div class=\"elementor-element elementor-element-eb18198 e-con-full e-flex e-con e-parent\" data-id=\"eb18198\" data-element_type=\"container\" data-settings=\"{&quot;background_background&quot;:&quot;classic&quot;}\">\n\t\t<div class=\"elementor-element elementor-element-a2edb14 e-con-full e-flex e-con e-child\" data-id=\"a2edb14\" data-element_type=\"container\" data-settings=\"{&quot;background_background&quot;:&quot;classic&quot;}\">\n\t\t\t\t<div class=\"elementor-element elementor-element-3f10c2e titulo-header2 elementor-widget elementor-widget-text-editor\" data-id=\"3f10c2e\" data-element_type=\"widget\" data-widget_type=\"text-editor.default\">\n\t\t\t\t<div class=\"elementor-widget-container\">\n\t\t\t\t\t\t\t\t\t<h1 style=\"text-align: left;\">Junte-se a uma time multidisciplinar e diversificado<\/h1>\t\t\t\t\t\t\t\t<\/div>\n\t\t\t\t<\/div>\n\t\t\t\t<\/div>\n\t\t\t\t<\/div>\n\t\t<div class=\"elementor-element elementor-element-1e5579e e-con-full e-flex e-con e-parent\" data-id=\"1e5579e\" data-element_type=\"container\" data-settings=\"{&quot;background_background&quot;:&quot;classic&quot;}\">\n\t\t\t\t<\/div>\n\t\t<div class=\"elementor-element elementor-element-4d27485 e-flex e-con-boxed e-con e-parent\" data-id=\"4d27485\" data-element_type=\"container\" data-settings=\"{&quot;background_background&quot;:&quot;classic&quot;}\">\n\t\t\t\t\t<div class=\"e-con-inner\">\n\t\t\t\t<div class=\"elementor-element elementor-element-f1c01d2 subtitulo-br elementor-widget elementor-widget-text-editor\" data-id=\"f1c01d2\" data-element_type=\"widget\" data-widget_type=\"text-editor.default\">\n\t\t\t\t<div class=\"elementor-widget-container\">\n\t\t\t\t\t\t\t\t\t<p>O Bradesco Bank oferece um ambiente diversificado, com uma equipe multicultural composta por 50% das mulheres em cargos de lideran\u00e7a e por profissionais de 27 nacionalidades.<br \/><br \/>Fa\u00e7a parte do Bradesco Bank!<\/p>\t\t\t\t\t\t\t\t<\/div>\n\t\t\t\t<\/div>\n\t\t\t\t\t<\/div>\n\t\t\t\t<\/div>\n\t\t<div class=\"elementor-element elementor-element-adbc8f3 e-flex e-con-boxed e-con e-parent\" data-id=\"adbc8f3\" data-element_type=\"container\" data-settings=\"{&quot;background_background&quot;:&quot;classic&quot;}\">\n\t\t\t\t\t<div class=\"e-con-inner\">\n\t\t\t\t<div class=\"elementor-element elementor-element-7d21005 elementor-absolute elementor-widget elementor-widget-image\" data-id=\"7d21005\" data-element_type=\"widget\" data-settings=\"{&quot;_position&quot;:&quot;absolute&quot;}\" data-widget_type=\"image.default\">\n\t\t\t\t<div class=\"elementor-widget-container\">\n\t\t\t\t\t\t\t\t\t\t\t\t\t\t\t<img decoding=\"async\" width=\"123\" height=\"167\" src=\"https:\/\/bradescobank.com\/wp-content\/uploads\/2024\/10\/detail-carrers-1.png\" class=\"attachment-large size-large wp-image-6612\" alt=\"Detail carrers\" loading=\"eager\" \/>\t\t\t\t\t\t\t\t\t\t\t\t\t\t\t<\/div>\n\t\t\t\t<\/div>\n\t\t\t\t<div class=\"elementor-element elementor-element-a67b587 tam-seg-titulo elementor-widget elementor-widget-text-editor\" data-id=\"a67b587\" data-element_type=\"widget\" data-widget_type=\"text-editor.default\">\n\t\t\t\t<div class=\"elementor-widget-container\">\n\t\t\t\t\t\t\t\t\t<p style=\"text-align: center;\">Confira nossas vagas abertas\u00a0<\/p>\t\t\t\t\t\t\t\t<\/div>\n\t\t\t\t<\/div>\n\t\t\t\t\t<\/div>\n\t\t\t\t<\/div>\n\t\t<div class=\"elementor-element elementor-element-14cf9d6 e-flex e-con-boxed e-con e-parent\" data-id=\"14cf9d6\" data-element_type=\"container\" data-settings=\"{&quot;background_background&quot;:&quot;classic&quot;}\">\n\t\t\t\t\t<div class=\"e-con-inner\">\n\t\t<div class=\"elementor-element elementor-element-f1946af e-con-full e-flex e-con e-child\" data-id=\"f1946af\" data-element_type=\"container\">\n\t\t<div class=\"elementor-element elementor-element-d1ce808 e-con-full degrade-box e-flex e-con e-child\" data-id=\"d1ce808\" data-element_type=\"container\" data-settings=\"{&quot;background_background&quot;:&quot;classic&quot;}\">\n\t\t<div class=\"elementor-element elementor-element-8cf2dc4 e-flex e-con-boxed e-con e-child\" data-id=\"8cf2dc4\" data-element_type=\"container\">\n\t\t\t\t\t<div class=\"e-con-inner\">\n\t\t\t\t<div class=\"elementor-element elementor-element-ce60552 elementor-widget elementor-widget-text-editor\" data-id=\"ce60552\" data-element_type=\"widget\" data-widget_type=\"text-editor.default\">\n\t\t\t\t<div class=\"elementor-widget-container\">\n\t\t\t\t\t\t\t\t\t<p>23\/3\/2026<\/p>\t\t\t\t\t\t\t\t<\/div>\n\t\t\t\t<\/div>\n\t\t\t\t<div class=\"elementor-element elementor-element-1d1c9ab elementor-widget elementor-widget-text-editor\" data-id=\"1d1c9ab\" data-element_type=\"widget\" data-widget_type=\"text-editor.default\">\n\t\t\t\t<div class=\"elementor-widget-container\">\n\t\t\t\t\t\t\t\t\t<p>Transformation Office Team Lead\u00a0<\/p>\t\t\t\t\t\t\t\t<\/div>\n\t\t\t\t<\/div>\n\t\t\t\t<div class=\"elementor-element elementor-element-822ce8a elementor-widget elementor-widget-text-editor\" data-id=\"822ce8a\" data-element_type=\"widget\" data-widget_type=\"text-editor.default\">\n\t\t\t\t<div class=\"elementor-widget-container\">\n\t\t\t\t\t\t\t\t\t<p>Coral Gables, FL<\/p>\n\t\t\t\t\t\t\t\t<\/div>\n\t\t\t\t<\/div>\n\t\t\t\t<div class=\"elementor-element elementor-element-75e1f5d elementor-align-left elementor-widget elementor-widget-button\" data-id=\"75e1f5d\" data-element_type=\"widget\" data-widget_type=\"button.default\">\n\t\t\t\t<div class=\"elementor-widget-container\">\n\t\t\t\t\t\t\t\t\t<div class=\"elementor-button-wrapper\">\n\t\t\t\t\t<a class=\"elementor-button elementor-button-link elementor-size-sm\" href=\"https:\/\/bradescobank.com\/pt\/carreiras\/chief-information-officer\/\">\n\t\t\t\t\t\t<span class=\"elementor-button-content-wrapper\">\n\t\t\t\t\t\t\t\t\t<span class=\"elementor-button-text\">SAIBA MAIS<\/span>\n\t\t\t\t\t<\/span>\n\t\t\t\t\t<\/a>\n\t\t\t\t<\/div>\n\t\t\t\t\t\t\t\t<\/div>\n\t\t\t\t<\/div>\n\t\t\t\t\t<\/div>\n\t\t\t\t<\/div>\n\t\t\t\t<\/div>\n\t\t\t\t<\/div>\n\t\t\t\t<div class=\"elementor-element elementor-element-88bd589 tam-seg-titulo elementor-widget elementor-widget-text-editor\" data-id=\"88bd589\" data-element_type=\"widget\" data-widget_type=\"text-editor.default\">\n\t\t\t\t<div class=\"elementor-widget-container\">\n\t\t\t\t\t\t\t\t\t<p style=\"text-align: center;\">Para conferir e se candidatar \u00e0s vagas em aberto, <a style=\"text-decoration: none; font-weight: bold;\" href=\"#linkedin\"><span style=\"text-decoration: underline;\">acesse nosso LinkedIn<\/span><\/a><\/p><p>\u00a0<\/p>\t\t\t\t\t\t\t\t<\/div>\n\t\t\t\t<\/div>\n\t\t<div class=\"elementor-element elementor-element-304e476 e-con-full e-flex e-con e-child\" data-id=\"304e476\" data-element_type=\"container\" data-settings=\"{&quot;background_background&quot;:&quot;classic&quot;}\">\n\t\t\t\t<div class=\"elementor-element elementor-element-e9c9561 elementor-widget elementor-widget-text-editor\" data-id=\"e9c9561\" data-element_type=\"widget\" data-widget_type=\"text-editor.default\">\n\t\t\t\t<div class=\"elementor-widget-container\">\n\t\t\t\t\t\t\t\t\t<div>O Bradesco Bank \u00e9 um empregador que oferece oportunidades iguais e que est\u00e1 comprometido com a diversidade e a inclus\u00e3o no local de trabalho. Proibimos discrimina\u00e7\u00e3o e ass\u00e9dio de qualquer tipo com base em ra\u00e7a, cor, sexo, religi\u00e3o, orienta\u00e7\u00e3o sexual, nacionalidade, defici\u00eancia, informa\u00e7\u00e3o gen\u00e9tica, gravidez ou qualquer outra caracter\u00edstica protegida conforme descrito por leis federais, estaduais ou locais.<\/div><div>\u00a0<\/div><div>Esta pol\u00edtica se aplica a todas as pr\u00e1ticas de emprego dentro de nossa organiza\u00e7\u00e3o, incluindo contrata\u00e7\u00e3o, recrutamento, promo\u00e7\u00e3o, rescis\u00e3o, dispensa, recall, licen\u00e7a, remunera\u00e7\u00e3o, benef\u00edcios e treinamento. O Bradesco Bank toma decis\u00f5es de contrata\u00e7\u00e3o com base exclusivamente em qualifica\u00e7\u00f5es, m\u00e9rito e necessidades comerciais no momento.<\/div>\t\t\t\t\t\t\t\t<\/div>\n\t\t\t\t<\/div>\n\t\t\t\t<\/div>\n\t\t\t\t\t<\/div>\n\t\t\t\t<\/div>\n\t\t\t\t<\/div>\n\t\t","protected":false},"excerpt":{"rendered":"<p>Junte-se a uma time multidisciplinar e diversificado O Bradesco Bank oferece um ambiente diversificado, com uma equipe multicultural composta por 50% das mulheres em cargos de lideran\u00e7a e por profissionais de 27 nacionalidades. Fa\u00e7a parte do Bradesco Bank! Confira nossas vagas abertas\u00a0 23\/3\/2026 Transformation Office Team Lead\u00a0 Coral Gables, FL SAIBA MAIS Para conferir e [&hellip;]<\/p>\n","protected":false},"author":3,"featured_media":0,"parent":0,"menu_order":0,"comment_status":"closed","ping_status":"closed","template":"","meta":{"_acf_changed":false,"slim_seo":{"title":"Carreiras - Bradesco Bank","description":"Junte-se a uma time multidisciplinar e diversificado O Bradesco Bank oferece um ambiente diversificado, com uma equipe multicultural composta por 50% das mulher"},"footnotes":""},"class_list":["post-6574","page","type-page","status-publish","hentry"],"blocksy_meta":[],"acf":[],"_links":{"self":[{"href":"https:\/\/bradescobank.com\/pt\/wp-json\/wp\/v2\/pages\/6574","targetHints":{"allow":["GET"]}}],"collection":[{"href":"https:\/\/bradescobank.com\/pt\/wp-json\/wp\/v2\/pages"}],"about":[{"href":"https:\/\/bradescobank.com\/pt\/wp-json\/wp\/v2\/types\/page"}],"author":[{"embeddable":true,"href":"https:\/\/bradescobank.com\/pt\/wp-json\/wp\/v2\/users\/3"}],"replies":[{"embeddable":true,"href":"https:\/\/bradescobank.com\/pt\/wp-json\/wp\/v2\/comments?post=6574"}],"version-history":[{"count":52,"href":"https:\/\/bradescobank.com\/pt\/wp-json\/wp\/v2\/pages\/6574\/revisions"}],"predecessor-version":[{"id":16999,"href":"https:\/\/bradescobank.com\/pt\/wp-json\/wp\/v2\/pages\/6574\/revisions\/16999"}],"wp:attachment":[{"href":"https:\/\/bradescobank.com\/pt\/wp-json\/wp\/v2\/media?parent=6574"}],"curies":[{"name":"wp","href":"https:\/\/api.w.org\/{rel}","templated":true}]}}