{"id":6835,"date":"2024-10-11T12:17:13","date_gmt":"2024-10-11T15:17:13","guid":{"rendered":"https:\/\/bradescobank.com\/?page_id=6835"},"modified":"2024-11-18T11:47:38","modified_gmt":"2024-11-18T14:47:38","slug":"institucional","status":"publish","type":"page","link":"https:\/\/bradescobank.com\/pt\/institucional\/","title":{"rendered":"Business &#8211; Institucional"},"content":{"rendered":"\t\t<div data-elementor-type=\"wp-page\" data-elementor-id=\"6835\" class=\"elementor elementor-6835 elementor-6834\" data-elementor-post-type=\"page\">\n\t\t\t\t<div class=\"elementor-element elementor-element-cb27143 elementor-hidden-tablet elementor-hidden-mobile e-flex e-con-boxed e-con e-parent\" data-id=\"cb27143\" data-element_type=\"container\" data-settings=\"{&quot;background_background&quot;:&quot;video&quot;,&quot;background_video_link&quot;:&quot;https:\\\/\\\/vimeo.com\\\/1018721671?share=copy&quot;,&quot;background_play_on_mobile&quot;:&quot;yes&quot;}\">\n\t\t\t\t\t<div class=\"e-con-inner\">\n\t\t<div class=\"elementor-background-video-container\">\n\t\t\t\t\t\t\t<div class=\"elementor-background-video-embed\" role=\"presentation\"><\/div>\n\t\t\t\t\t\t<\/div><div class=\"elementor-element elementor-element-f3b96ea e-flex e-con-boxed e-con e-child\" data-id=\"f3b96ea\" data-element_type=\"container\">\n\t\t\t\t\t<div class=\"e-con-inner\">\n\t\t\t\t<div class=\"elementor-element elementor-element-4a2e62e elementor-widget elementor-widget-text-editor\" data-id=\"4a2e62e\" data-element_type=\"widget\" data-widget_type=\"text-editor.default\">\n\t\t\t\t<div class=\"elementor-widget-container\">\n\t\t\t\t\t\t\t\t\t<h1>Institucional<\/h1>\n\t\t\t\t\t\t\t\t<\/div>\n\t\t\t\t<\/div>\n\t\t\t\t<div class=\"elementor-element elementor-element-42f3bbc elementor-widget elementor-widget-text-editor\" data-id=\"42f3bbc\" data-element_type=\"widget\" data-widget_type=\"text-editor.default\">\n\t\t\t\t<div class=\"elementor-widget-container\">\n\t\t\t\t\t\t\t\t\t<p>O Bradesco Bank\u00a0tem expertise e credibilidade para otimizar suas opera\u00e7\u00f5es<\/p>\t\t\t\t\t\t\t\t<\/div>\n\t\t\t\t<\/div>\n\t\t\t\t\t<\/div>\n\t\t\t\t<\/div>\n\t\t<div class=\"elementor-element elementor-element-6902f7c e-con-full e-flex e-con e-child\" data-id=\"6902f7c\" data-element_type=\"container\">\n\t\t\t\t<\/div>\n\t\t\t\t\t<\/div>\n\t\t\t\t<\/div>\n\t\t<div class=\"elementor-element elementor-element-68f908e elementor-hidden-desktop elementor-hidden-laptop elementor-hidden-tablet_extra e-flex e-con-boxed e-con e-parent\" data-id=\"68f908e\" data-element_type=\"container\" data-settings=\"{&quot;background_background&quot;:&quot;video&quot;,&quot;background_video_link&quot;:&quot;https:\\\/\\\/vimeo.com\\\/1018787768?share=copy&quot;,&quot;background_play_on_mobile&quot;:&quot;yes&quot;}\">\n\t\t\t\t\t<div class=\"e-con-inner\">\n\t\t<div class=\"elementor-background-video-container\">\n\t\t\t\t\t\t\t<div class=\"elementor-background-video-embed\" role=\"presentation\"><\/div>\n\t\t\t\t\t\t<\/div><div class=\"elementor-element elementor-element-d6cb7e0 e-flex e-con-boxed e-con e-child\" data-id=\"d6cb7e0\" data-element_type=\"container\">\n\t\t\t\t\t<div class=\"e-con-inner\">\n\t\t\t\t<div class=\"elementor-element elementor-element-e5629c5 elementor-widget elementor-widget-text-editor\" data-id=\"e5629c5\" data-element_type=\"widget\" data-widget_type=\"text-editor.default\">\n\t\t\t\t<div class=\"elementor-widget-container\">\n\t\t\t\t\t\t\t\t\t<h1>Institucional<\/h1>\n\t\t\t\t\t\t\t\t<\/div>\n\t\t\t\t<\/div>\n\t\t\t\t<div class=\"elementor-element elementor-element-b16c40d elementor-widget elementor-widget-text-editor\" data-id=\"b16c40d\" data-element_type=\"widget\" data-widget_type=\"text-editor.default\">\n\t\t\t\t<div class=\"elementor-widget-container\">\n\t\t\t\t\t\t\t\t\t<p>O Bradesco Bank\u00a0tem expertise e credibilidade para otimizar suas opera\u00e7\u00f5es<\/p>\t\t\t\t\t\t\t\t<\/div>\n\t\t\t\t<\/div>\n\t\t\t\t\t<\/div>\n\t\t\t\t<\/div>\n\t\t<div class=\"elementor-element elementor-element-75c2f6b e-con-full e-flex e-con e-child\" data-id=\"75c2f6b\" data-element_type=\"container\">\n\t\t\t\t<\/div>\n\t\t\t\t\t<\/div>\n\t\t\t\t<\/div>\n\t\t<div class=\"elementor-element elementor-element-61e5698 e-con-full e-flex e-con e-parent\" data-id=\"61e5698\" data-element_type=\"container\" data-settings=\"{&quot;background_background&quot;:&quot;classic&quot;}\">\n\t\t\t\t<\/div>\n\t\t<div class=\"elementor-element elementor-element-a5e28e3 e-con-full e-flex e-con e-parent\" data-id=\"a5e28e3\" data-element_type=\"container\">\n\t\t<div class=\"elementor-element elementor-element-c1bafdb e-flex e-con-boxed e-con e-child\" data-id=\"c1bafdb\" data-element_type=\"container\">\n\t\t\t\t\t<div class=\"e-con-inner\">\n\t\t\t\t<div class=\"elementor-element elementor-element-6f712c1 elementor-absolute elementor-widget elementor-widget-image\" data-id=\"6f712c1\" data-element_type=\"widget\" data-settings=\"{&quot;_position&quot;:&quot;absolute&quot;}\" data-widget_type=\"image.default\">\n\t\t\t\t<div class=\"elementor-widget-container\">\n\t\t\t\t\t\t\t\t\t\t\t\t\t\t\t<img fetchpriority=\"high\" decoding=\"async\" width=\"215\" height=\"235\" src=\"https:\/\/bradescobank.com\/wp-content\/uploads\/2024\/06\/detalhe-corporate-1.png\" class=\"attachment-large size-large wp-image-1655\" alt=\"Detalhe corporate\" loading=\"eager\" \/>\t\t\t\t\t\t\t\t\t\t\t\t\t\t\t<\/div>\n\t\t\t\t<\/div>\n\t\t\t\t\t<\/div>\n\t\t\t\t<\/div>\n\t\t<div class=\"elementor-element elementor-element-cbfa80c e-flex e-con-boxed e-con e-child\" data-id=\"cbfa80c\" data-element_type=\"container\">\n\t\t\t\t\t<div class=\"e-con-inner\">\n\t\t<div class=\"elementor-element elementor-element-5020afe e-con-full e-flex e-con e-child\" data-id=\"5020afe\" data-element_type=\"container\">\n\t\t\t\t<div class=\"elementor-element elementor-element-e42c56f elementor-widget__width-initial elementor-widget-mobile__width-initial elementor-widget elementor-widget-heading\" data-id=\"e42c56f\" data-element_type=\"widget\" data-widget_type=\"heading.default\">\n\t\t\t\t<div class=\"elementor-widget-container\">\n\t\t\t\t\t<h2 class=\"elementor-heading-title elementor-size-default\">Vasta experi\u00eancia em neg\u00f3cios institucionais na Am\u00e9rica Latina<\/h2>\t\t\t\t<\/div>\n\t\t\t\t<\/div>\n\t\t\t\t<div class=\"elementor-element elementor-element-c0c806e elementor-widget elementor-widget-text-editor\" data-id=\"c0c806e\" data-element_type=\"widget\" data-widget_type=\"text-editor.default\">\n\t\t\t\t<div class=\"elementor-widget-container\">\n\t\t\t\t\t\t\t\t\t<p>O Bradesco Bank \u00e9 especializado em produtos e servi\u00e7os internacionais, apoiado por uma rede de bancos correspondentes internacionais:<\/p>\n\t\t\t\t\t\t\t\t<\/div>\n\t\t\t\t<\/div>\n\t\t\t\t<\/div>\n\t\t<div class=\"elementor-element elementor-element-1c42867 e-flex e-con-boxed e-con e-child\" data-id=\"1c42867\" data-element_type=\"container\">\n\t\t\t\t\t<div class=\"e-con-inner\">\n\t\t\t\t<div class=\"elementor-element elementor-element-7007295 elementor-widget elementor-widget-image\" data-id=\"7007295\" data-element_type=\"widget\" data-widget_type=\"image.default\">\n\t\t\t\t<div class=\"elementor-widget-container\">\n\t\t\t\t\t\t\t\t\t\t\t\t\t\t\t<img decoding=\"async\" width=\"524\" height=\"583\" src=\"https:\/\/bradescobank.com\/wp-content\/uploads\/2024\/06\/img-corporate-mapa-1.jpg\" class=\"attachment-full size-full wp-image-1672\" alt=\"Img corporate mapa\" srcset=\"https:\/\/bradescobank.com\/wp-content\/uploads\/2024\/06\/img-corporate-mapa-1.jpg 524w, https:\/\/bradescobank.com\/wp-content\/uploads\/2024\/06\/img-corporate-mapa-1-270x300.jpg 270w\" sizes=\"(max-width: 524px) 100vw, 524px\" loading=\"eager\" \/>\t\t\t\t\t\t\t\t\t\t\t\t\t\t\t<\/div>\n\t\t\t\t<\/div>\n\t\t\t\t\t<\/div>\n\t\t\t\t<\/div>\n\t\t\t\t\t<\/div>\n\t\t\t\t<\/div>\n\t\t<div class=\"elementor-element elementor-element-72b0fa3 e-flex e-con-boxed e-con e-child\" data-id=\"72b0fa3\" data-element_type=\"container\">\n\t\t\t\t\t<div class=\"e-con-inner\">\n\t\t\t\t<div class=\"elementor-element elementor-element-925b212 elementor-absolute elementor-widget elementor-widget-image\" data-id=\"925b212\" data-element_type=\"widget\" data-settings=\"{&quot;_position&quot;:&quot;absolute&quot;}\" data-widget_type=\"image.default\">\n\t\t\t\t<div class=\"elementor-widget-container\">\n\t\t\t\t\t\t\t\t\t\t\t\t\t\t\t<img decoding=\"async\" width=\"229\" height=\"245\" src=\"https:\/\/bradescobank.com\/wp-content\/uploads\/2024\/06\/detalhe-coroporate-2.png\" class=\"attachment-full size-full wp-image-1654\" alt=\"Detalhe coroporate\" loading=\"eager\" \/>\t\t\t\t\t\t\t\t\t\t\t\t\t\t\t<\/div>\n\t\t\t\t<\/div>\n\t\t\t\t\t<\/div>\n\t\t\t\t<\/div>\n\t\t\t\t<\/div>\n\t\t<div class=\"elementor-element elementor-element-db86ed4 e-con-full e-flex e-con e-parent\" data-id=\"db86ed4\" data-element_type=\"container\" data-settings=\"{&quot;background_background&quot;:&quot;gradient&quot;}\">\n\t\t\t\t<\/div>\n\t\t<div class=\"elementor-element elementor-element-a4630b6 e-flex e-con-boxed e-con e-parent\" data-id=\"a4630b6\" data-element_type=\"container\" data-settings=\"{&quot;background_background&quot;:&quot;classic&quot;}\">\n\t\t\t\t\t<div class=\"e-con-inner\">\n\t\t\t\t<div class=\"elementor-element elementor-element-7323a63 elementor-widget elementor-widget-heading\" data-id=\"7323a63\" data-element_type=\"widget\" data-widget_type=\"heading.default\">\n\t\t\t\t<div class=\"elementor-widget-container\">\n\t\t\t\t\t<h3 class=\"elementor-heading-title elementor-size-default\">Gest\u00e3o de Caixa<\/h3>\t\t\t\t<\/div>\n\t\t\t\t<\/div>\n\t\t\t\t<div class=\"elementor-element elementor-element-30cdfdc elementor-widget elementor-widget-text-editor\" data-id=\"30cdfdc\" data-element_type=\"widget\" data-widget_type=\"text-editor.default\">\n\t\t\t\t<div class=\"elementor-widget-container\">\n\t\t\t\t\t\t\t\t\t<p>Solu\u00e7\u00f5es personalizadas para atender \u00e0s suas necessidades banc\u00e1rias<br \/>Produtos personalizados para otimizar suas opera\u00e7\u00f5es<\/p>\n\t\t\t\t\t\t\t\t<\/div>\n\t\t\t\t<\/div>\n\t\t\t\t\t<\/div>\n\t\t\t\t<\/div>\n\t\t<div class=\"elementor-element elementor-element-5776fec e-flex e-con-boxed e-con e-parent\" data-id=\"5776fec\" data-element_type=\"container\" data-settings=\"{&quot;background_background&quot;:&quot;classic&quot;}\">\n\t\t\t\t\t<div class=\"e-con-inner\">\n\t\t<div class=\"elementor-element elementor-element-55afbe0 e-con-full e-flex e-con e-child\" data-id=\"55afbe0\" data-element_type=\"container\" data-settings=\"{&quot;background_background&quot;:&quot;classic&quot;}\">\n\t\t<div class=\"elementor-element elementor-element-5baf6ab e-flex e-con-boxed e-con e-child\" data-id=\"5baf6ab\" data-element_type=\"container\">\n\t\t\t\t\t<div class=\"e-con-inner\">\n\t\t\t\t<div class=\"elementor-element elementor-element-3f777e6 elementor-widget elementor-widget-image\" data-id=\"3f777e6\" data-element_type=\"widget\" data-widget_type=\"image.default\">\n\t\t\t\t<div class=\"elementor-widget-container\">\n\t\t\t\t\t\t\t\t\t\t\t\t\t\t\t<img decoding=\"async\" width=\"36\" height=\"36\" src=\"https:\/\/bradescobank.com\/wp-content\/uploads\/2024\/06\/icon-corporate-n1.png\" class=\"attachment-full size-full wp-image-1656\" alt=\"Icon corporate n1\" loading=\"eager\" \/>\t\t\t\t\t\t\t\t\t\t\t\t\t\t\t<\/div>\n\t\t\t\t<\/div>\n\t\t\t\t\t<\/div>\n\t\t\t\t<\/div>\n\t\t<div class=\"elementor-element elementor-element-c3efe34 e-flex e-con-boxed e-con e-child\" data-id=\"c3efe34\" data-element_type=\"container\">\n\t\t\t\t\t<div class=\"e-con-inner\">\n\t\t\t\t<div class=\"elementor-element elementor-element-7e45230 elementor-widget elementor-widget-text-editor\" data-id=\"7e45230\" data-element_type=\"widget\" data-widget_type=\"text-editor.default\">\n\t\t\t\t<div class=\"elementor-widget-container\">\n\t\t\t\t\t\t\t\t\t<p>Transfer\u00eancias internacionais e dom\u00e9sticas<\/p>\n\t\t\t\t\t\t\t\t<\/div>\n\t\t\t\t<\/div>\n\t\t\t\t\t<\/div>\n\t\t\t\t<\/div>\n\t\t\t\t<\/div>\n\t\t<div class=\"elementor-element elementor-element-383ddf0 e-con-full e-flex e-con e-child\" data-id=\"383ddf0\" data-element_type=\"container\" data-settings=\"{&quot;background_background&quot;:&quot;classic&quot;}\">\n\t\t<div class=\"elementor-element elementor-element-59c76a3 e-flex e-con-boxed e-con e-child\" data-id=\"59c76a3\" data-element_type=\"container\">\n\t\t\t\t\t<div class=\"e-con-inner\">\n\t\t\t\t<div class=\"elementor-element elementor-element-8530abc elementor-widget elementor-widget-image\" data-id=\"8530abc\" data-element_type=\"widget\" data-widget_type=\"image.default\">\n\t\t\t\t<div class=\"elementor-widget-container\">\n\t\t\t\t\t\t\t\t\t\t\t\t\t\t\t<img decoding=\"async\" width=\"37\" height=\"36\" src=\"https:\/\/bradescobank.com\/wp-content\/uploads\/2024\/06\/icon-corporate-n2.png\" class=\"attachment-full size-full wp-image-1657\" alt=\"Icon corporate n2\" loading=\"eager\" \/>\t\t\t\t\t\t\t\t\t\t\t\t\t\t\t<\/div>\n\t\t\t\t<\/div>\n\t\t\t\t\t<\/div>\n\t\t\t\t<\/div>\n\t\t<div class=\"elementor-element elementor-element-b2f1cad e-flex e-con-boxed e-con e-child\" data-id=\"b2f1cad\" data-element_type=\"container\">\n\t\t\t\t\t<div class=\"e-con-inner\">\n\t\t\t\t<div class=\"elementor-element elementor-element-76b93e8 elementor-widget elementor-widget-text-editor\" data-id=\"76b93e8\" data-element_type=\"widget\" data-widget_type=\"text-editor.default\">\n\t\t\t\t<div class=\"elementor-widget-container\">\n\t\t\t\t\t\t\t\t\t<p>Dep\u00f3sitos remunerados a taxas pr\u00e9-fixadas<\/p>\n\t\t\t\t\t\t\t\t<\/div>\n\t\t\t\t<\/div>\n\t\t\t\t\t<\/div>\n\t\t\t\t<\/div>\n\t\t\t\t<\/div>\n\t\t<div class=\"elementor-element elementor-element-6946495 e-con-full e-flex e-con e-child\" data-id=\"6946495\" data-element_type=\"container\" data-settings=\"{&quot;background_background&quot;:&quot;classic&quot;}\">\n\t\t<div class=\"elementor-element elementor-element-87ff653 e-flex e-con-boxed e-con e-child\" data-id=\"87ff653\" data-element_type=\"container\">\n\t\t\t\t\t<div class=\"e-con-inner\">\n\t\t\t\t<div class=\"elementor-element elementor-element-c7e6705 elementor-widget elementor-widget-image\" data-id=\"c7e6705\" data-element_type=\"widget\" data-widget_type=\"image.default\">\n\t\t\t\t<div class=\"elementor-widget-container\">\n\t\t\t\t\t\t\t\t\t\t\t\t\t\t\t<img decoding=\"async\" width=\"36\" height=\"36\" src=\"https:\/\/bradescobank.com\/wp-content\/uploads\/2024\/06\/icon-corporate-n3.png\" class=\"attachment-full size-full wp-image-1658\" alt=\"Icon corporate n3\" loading=\"eager\" \/>\t\t\t\t\t\t\t\t\t\t\t\t\t\t\t<\/div>\n\t\t\t\t<\/div>\n\t\t\t\t\t<\/div>\n\t\t\t\t<\/div>\n\t\t<div class=\"elementor-element elementor-element-350f1ae e-flex e-con-boxed e-con e-child\" data-id=\"350f1ae\" data-element_type=\"container\">\n\t\t\t\t\t<div class=\"e-con-inner\">\n\t\t\t\t<div class=\"elementor-element elementor-element-efe2443 elementor-widget elementor-widget-text-editor\" data-id=\"efe2443\" data-element_type=\"widget\" data-widget_type=\"text-editor.default\">\n\t\t\t\t<div class=\"elementor-widget-container\">\n\t\t\t\t\t\t\t\t\t<p>Investimentos Overnight<\/p>\n\t\t\t\t\t\t\t\t<\/div>\n\t\t\t\t<\/div>\n\t\t\t\t\t<\/div>\n\t\t\t\t<\/div>\n\t\t\t\t<\/div>\n\t\t<div class=\"elementor-element elementor-element-dbcba40 e-con-full e-flex e-con e-child\" data-id=\"dbcba40\" data-element_type=\"container\" data-settings=\"{&quot;background_background&quot;:&quot;classic&quot;}\">\n\t\t<div class=\"elementor-element elementor-element-0187886 e-flex e-con-boxed e-con e-child\" data-id=\"0187886\" data-element_type=\"container\">\n\t\t\t\t\t<div class=\"e-con-inner\">\n\t\t\t\t<div class=\"elementor-element elementor-element-e64f067 elementor-widget elementor-widget-image\" data-id=\"e64f067\" data-element_type=\"widget\" data-widget_type=\"image.default\">\n\t\t\t\t<div class=\"elementor-widget-container\">\n\t\t\t\t\t\t\t\t\t\t\t\t\t\t\t<img decoding=\"async\" width=\"36\" height=\"35\" src=\"https:\/\/bradescobank.com\/wp-content\/uploads\/2024\/06\/icon-corporate-n4.png\" class=\"attachment-full size-full wp-image-1659\" alt=\"Icon corporate n4\" loading=\"eager\" \/>\t\t\t\t\t\t\t\t\t\t\t\t\t\t\t<\/div>\n\t\t\t\t<\/div>\n\t\t\t\t\t<\/div>\n\t\t\t\t<\/div>\n\t\t<div class=\"elementor-element elementor-element-4b9fae6 e-flex e-con-boxed e-con e-child\" data-id=\"4b9fae6\" data-element_type=\"container\">\n\t\t\t\t\t<div class=\"e-con-inner\">\n\t\t\t\t<div class=\"elementor-element elementor-element-502b055 elementor-widget elementor-widget-text-editor\" data-id=\"502b055\" data-element_type=\"widget\" data-widget_type=\"text-editor.default\">\n\t\t\t\t<div class=\"elementor-widget-container\">\n\t\t\t\t\t\t\t\t\t<p>Conta Remunerada <\/p>\n\t\t\t\t\t\t\t\t<\/div>\n\t\t\t\t<\/div>\n\t\t\t\t\t<\/div>\n\t\t\t\t<\/div>\n\t\t\t\t<\/div>\n\t\t<div class=\"elementor-element elementor-element-91d5351 e-con-full e-flex e-con e-child\" data-id=\"91d5351\" data-element_type=\"container\" data-settings=\"{&quot;background_background&quot;:&quot;classic&quot;}\">\n\t\t<div class=\"elementor-element elementor-element-5edf0b3 e-flex e-con-boxed e-con e-child\" data-id=\"5edf0b3\" data-element_type=\"container\">\n\t\t\t\t\t<div class=\"e-con-inner\">\n\t\t\t\t<div class=\"elementor-element elementor-element-87dc9e9 elementor-widget elementor-widget-image\" data-id=\"87dc9e9\" data-element_type=\"widget\" data-widget_type=\"image.default\">\n\t\t\t\t<div class=\"elementor-widget-container\">\n\t\t\t\t\t\t\t\t\t\t\t\t\t\t\t<img decoding=\"async\" width=\"48\" height=\"49\" src=\"https:\/\/bradescobank.com\/wp-content\/uploads\/2024\/06\/icon-corporate-n5.png\" class=\"attachment-full size-full wp-image-1660\" alt=\"Icon corporate n5\" loading=\"eager\" \/>\t\t\t\t\t\t\t\t\t\t\t\t\t\t\t<\/div>\n\t\t\t\t<\/div>\n\t\t\t\t\t<\/div>\n\t\t\t\t<\/div>\n\t\t<div class=\"elementor-element elementor-element-0a6935a e-flex e-con-boxed e-con e-child\" data-id=\"0a6935a\" data-element_type=\"container\">\n\t\t\t\t\t<div class=\"e-con-inner\">\n\t\t\t\t<div class=\"elementor-element elementor-element-02847b1 elementor-widget elementor-widget-text-editor\" data-id=\"02847b1\" data-element_type=\"widget\" data-widget_type=\"text-editor.default\">\n\t\t\t\t<div class=\"elementor-widget-container\">\n\t\t\t\t\t\t\t\t\t<p>Credit card settlement account<\/p>\n\t\t\t\t\t\t\t\t<\/div>\n\t\t\t\t<\/div>\n\t\t\t\t\t<\/div>\n\t\t\t\t<\/div>\n\t\t\t\t<\/div>\n\t\t\t\t<div class=\"elementor-element elementor-element-2428ec5 elementor-absolute elementor-hidden-mobile elementor-widget elementor-widget-image\" data-id=\"2428ec5\" data-element_type=\"widget\" data-settings=\"{&quot;_position&quot;:&quot;absolute&quot;}\" data-widget_type=\"image.default\">\n\t\t\t\t<div class=\"elementor-widget-container\">\n\t\t\t\t\t\t\t\t\t\t\t\t\t\t\t<img decoding=\"async\" width=\"167\" height=\"145\" src=\"https:\/\/bradescobank.com\/wp-content\/uploads\/2024\/06\/caminho-12.png\" class=\"attachment-full size-full wp-image-4131\" alt=\"Caminho\" loading=\"eager\" \/>\t\t\t\t\t\t\t\t\t\t\t\t\t\t\t<\/div>\n\t\t\t\t<\/div>\n\t\t\t\t\t<\/div>\n\t\t\t\t<\/div>\n\t\t<div class=\"elementor-element elementor-element-a6c4a49 e-con-full e-flex e-con e-parent\" data-id=\"a6c4a49\" data-element_type=\"container\">\n\t\t<div class=\"elementor-element elementor-element-aeb31b8 e-con-full e-flex e-con e-child\" data-id=\"aeb31b8\" data-element_type=\"container\">\n\t\t<div class=\"elementor-element elementor-element-c03e6f9 e-con-full e-flex e-con e-child\" data-id=\"c03e6f9\" data-element_type=\"container\">\n\t\t\t\t<div class=\"elementor-element elementor-element-759ea43 elementor-widget elementor-widget-heading\" data-id=\"759ea43\" data-element_type=\"widget\" data-widget_type=\"heading.default\">\n\t\t\t\t<div class=\"elementor-widget-container\">\n\t\t\t\t\t<h3 class=\"elementor-heading-title elementor-size-default\">Solu\u00e7\u00f5es de Cr\u00e9dito<\/h3>\t\t\t\t<\/div>\n\t\t\t\t<\/div>\n\t\t\t\t<\/div>\n\t\t<div class=\"elementor-element elementor-element-d2b9acc e-con-full e-flex e-con e-child\" data-id=\"d2b9acc\" data-element_type=\"container\">\n\t\t\t\t<div class=\"elementor-element elementor-element-5c66a3f elementor-widget__width-initial elementor-widget elementor-widget-text-editor\" data-id=\"5c66a3f\" data-element_type=\"widget\" data-widget_type=\"text-editor.default\">\n\t\t\t\t<div class=\"elementor-widget-container\">\n\t\t\t\t\t\t\t\t\t<p>Oferecemos solu\u00e7\u00f5es de cr\u00e9dito para<br \/>atender \u00e0s necessidades de seu neg\u00f3cio<\/p>\n\t\t\t\t\t\t\t\t<\/div>\n\t\t\t\t<\/div>\n\t\t\t\t<\/div>\n\t\t\t\t<\/div>\n\t\t\t\t<\/div>\n\t\t<div class=\"elementor-element elementor-element-0796a69 e-con-full elementor-hidden-mobile e-flex e-con e-parent\" data-id=\"0796a69\" data-element_type=\"container\" data-settings=\"{&quot;background_background&quot;:&quot;classic&quot;}\">\n\t\t<div class=\"elementor-element elementor-element-2c90867 e-con-full e-flex e-con e-child\" data-id=\"2c90867\" data-element_type=\"container\">\n\t\t<div class=\"elementor-element elementor-element-fa4f77a e-con-full e-flex e-con e-child\" data-id=\"fa4f77a\" data-element_type=\"container\">\n\t\t\t\t<\/div>\n\t\t<div class=\"elementor-element elementor-element-38cf35d e-con-full e-flex e-con e-child\" data-id=\"38cf35d\" data-element_type=\"container\">\n\t\t\t\t<div class=\"elementor-element elementor-element-da44e43 elementor-widget elementor-widget-text-editor\" data-id=\"da44e43\" data-element_type=\"widget\" data-widget_type=\"text-editor.default\">\n\t\t\t\t<div class=\"elementor-widget-container\">\n\t\t\t\t\t\t\t\t\t<p>Servi\u00e7os Document\u00e1rios<\/p>\n\t\t\t\t\t\t\t\t<\/div>\n\t\t\t\t<\/div>\n\t\t<div class=\"elementor-element elementor-element-1980f3f e-con-full e-flex e-con e-child\" data-id=\"1980f3f\" data-element_type=\"container\">\n\t\t<div class=\"elementor-element elementor-element-a13434c bx-doc-service e-con-full e-flex e-con e-child\" data-id=\"a13434c\" data-element_type=\"container\" data-settings=\"{&quot;background_background&quot;:&quot;classic&quot;}\">\n\t\t\t\t<div class=\"elementor-element elementor-element-adaddc2 elementor-widget-mobile__width-initial elementor-widget elementor-widget-text-editor\" data-id=\"adaddc2\" data-element_type=\"widget\" data-widget_type=\"text-editor.default\">\n\t\t\t\t<div class=\"elementor-widget-container\">\n\t\t\t\t\t\t\t\t\t<p>Cobran\u00e7a de<br \/>exporta\u00e7\u00f5es<\/p>\t\t\t\t\t\t\t\t<\/div>\n\t\t\t\t<\/div>\n\t\t\t\t<\/div>\n\t\t<div class=\"elementor-element elementor-element-452ab29 bx-doc-service e-con-full e-flex e-con e-child\" data-id=\"452ab29\" data-element_type=\"container\" data-settings=\"{&quot;background_background&quot;:&quot;classic&quot;}\">\n\t\t\t\t<div class=\"elementor-element elementor-element-7e732d2 elementor-widget elementor-widget-text-editor\" data-id=\"7e732d2\" data-element_type=\"widget\" data-widget_type=\"text-editor.default\">\n\t\t\t\t<div class=\"elementor-widget-container\">\n\t\t\t\t\t\t\t\t\t<p>Servi\u00e7os document\u00e1rios comerciais V\/C<\/p>\n\t\t\t\t\t\t\t\t<\/div>\n\t\t\t\t<\/div>\n\t\t\t\t<\/div>\n\t\t<div class=\"elementor-element elementor-element-bba44f0 bx-doc-service e-con-full e-flex e-con e-child\" data-id=\"bba44f0\" data-element_type=\"container\" data-settings=\"{&quot;background_background&quot;:&quot;classic&quot;}\">\n\t\t\t\t<div class=\"elementor-element elementor-element-0b0e099 elementor-widget elementor-widget-text-editor\" data-id=\"0b0e099\" data-element_type=\"widget\" data-widget_type=\"text-editor.default\">\n\t\t\t\t<div class=\"elementor-widget-container\">\n\t\t\t\t\t\t\t\t\t<p>Emiss\u00e3o de SBLC<\/p>\n\t\t\t\t\t\t\t\t<\/div>\n\t\t\t\t<\/div>\n\t\t\t\t<\/div>\n\t\t\t\t<\/div>\n\t\t\t\t<\/div>\n\t\t\t\t<\/div>\n\t\t\t\t<\/div>\n\t\t<div class=\"elementor-element elementor-element-d66b85b e-con-full elementor-hidden-desktop elementor-hidden-laptop elementor-hidden-tablet_extra elementor-hidden-tablet e-flex e-con e-parent\" data-id=\"d66b85b\" data-element_type=\"container\">\n\t\t\t\t<div class=\"elementor-element elementor-element-4d041b3 elementor-widget elementor-widget-html\" data-id=\"4d041b3\" data-element_type=\"widget\" data-widget_type=\"html.default\">\n\t\t\t\t<div class=\"elementor-widget-container\">\n\t\t\t\t\t<div class=\"d-services\">\n    <p>Servi\u00e7os Document\u00e1rios<\/p>\n  <div class=\"services\">\n    <div class=\"service-item\">\n      <p>Cobran\u00e7a de\n<br>exporta\u00e7\u00f5es<\/p>\n    <\/div>\n    <div class=\"service-item\">\n      <p>Servi\u00e7os document\u00e1rios comerciais V\/C<\/p>\n    <\/div>\n    <div class=\"service-item\">\n      <p>SBLC<br>issuance<\/p>\n    <\/div>\n  <\/div>\n<\/div>\t\t\t\t<\/div>\n\t\t\t\t<\/div>\n\t\t\t\t<\/div>\n\t\t\t\t<\/div>\n\t\t","protected":false},"excerpt":{"rendered":"<p>Institucional O Bradesco Bank\u00a0tem expertise e credibilidade para otimizar suas opera\u00e7\u00f5es Institucional O Bradesco Bank\u00a0tem expertise e credibilidade para otimizar suas opera\u00e7\u00f5es Vasta experi\u00eancia em neg\u00f3cios institucionais na Am\u00e9rica Latina O Bradesco Bank \u00e9 especializado em produtos e servi\u00e7os internacionais, apoiado por uma rede de bancos correspondentes internacionais: Gest\u00e3o de Caixa Solu\u00e7\u00f5es personalizadas para atender [&hellip;]<\/p>\n","protected":false},"author":3,"featured_media":0,"parent":0,"menu_order":0,"comment_status":"closed","ping_status":"closed","template":"","meta":{"_acf_changed":false,"slim_seo":{"title":"Business - Institucional - Bradesco Bank","description":"Institucional O Bradesco Bank\u00a0tem expertise e credibilidade para otimizar suas opera\u00e7\u00f5es Institucional O Bradesco Bank\u00a0tem expertise e credibilidade para otimiz"},"footnotes":""},"class_list":["post-6835","page","type-page","status-publish","hentry"],"blocksy_meta":[],"acf":[],"_links":{"self":[{"href":"https:\/\/bradescobank.com\/pt\/wp-json\/wp\/v2\/pages\/6835","targetHints":{"allow":["GET"]}}],"collection":[{"href":"https:\/\/bradescobank.com\/pt\/wp-json\/wp\/v2\/pages"}],"about":[{"href":"https:\/\/bradescobank.com\/pt\/wp-json\/wp\/v2\/types\/page"}],"author":[{"embeddable":true,"href":"https:\/\/bradescobank.com\/pt\/wp-json\/wp\/v2\/users\/3"}],"replies":[{"embeddable":true,"href":"https:\/\/bradescobank.com\/pt\/wp-json\/wp\/v2\/comments?post=6835"}],"version-history":[{"count":23,"href":"https:\/\/bradescobank.com\/pt\/wp-json\/wp\/v2\/pages\/6835\/revisions"}],"predecessor-version":[{"id":8822,"href":"https:\/\/bradescobank.com\/pt\/wp-json\/wp\/v2\/pages\/6835\/revisions\/8822"}],"wp:attachment":[{"href":"https:\/\/bradescobank.com\/pt\/wp-json\/wp\/v2\/media?parent=6835"}],"curies":[{"name":"wp","href":"https:\/\/api.w.org\/{rel}","templated":true}]}}